{"id":38453,"date":"2025-09-09T17:47:58","date_gmt":"2025-09-09T13:47:58","guid":{"rendered":"https:\/\/airsystems.ge\/shop\/product\/vvkn-b-s-swirl-diffusers-swirl-ceiling-diffuser-for-efficient-and-comfortable-air-distribution\/"},"modified":"2025-09-09T17:50:48","modified_gmt":"2025-09-09T13:50:48","slug":"vvkn-b-s-swirl-diffusers-swirl-ceiling-diffuser-for-efficient-and-comfortable-air-distribution","status":"publish","type":"product","link":"https:\/\/geoclimate.ge\/fr\/produit\/vvkn-b-s-swirl-diffusers-swirl-ceiling-diffuser-for-efficient-and-comfortable-air-distribution\/","title":{"rendered":"Diffuseurs h\u00e9lico\u00efdaux VVKN-B-S Diffuseur h\u00e9lico\u00efdal de plafond pour une diffusion d&rsquo;air efficace et confortable"},"content":{"rendered":"<p><img loading=\"lazy\" decoding=\"async\" class=\"alignnone size-full wp-image-38445\" src=\"https:\/\/airsystems.ge\/shop\/wp-content\/uploads\/2025\/09\/filters_quality80-3-9.webp\" alt=\"\" width=\"1920\" height=\"960\" srcset=\"https:\/\/geoclimate.ge\/wp-content\/uploads\/2025\/09\/filters_quality80-3-9.webp 1920w, https:\/\/geoclimate.ge\/wp-content\/uploads\/2025\/09\/filters_quality80-3-9-400x200.webp 400w, https:\/\/geoclimate.ge\/wp-content\/uploads\/2025\/09\/filters_quality80-3-9-1300x650.webp 1300w, https:\/\/geoclimate.ge\/wp-content\/uploads\/2025\/09\/filters_quality80-3-9-768x384.webp 768w, https:\/\/geoclimate.ge\/wp-content\/uploads\/2025\/09\/filters_quality80-3-9-1536x768.webp 1536w, https:\/\/geoclimate.ge\/wp-content\/uploads\/2025\/09\/filters_quality80-3-9-860x430.webp 860w, https:\/\/geoclimate.ge\/wp-content\/uploads\/2025\/09\/filters_quality80-3-9-430x215.webp 430w, https:\/\/geoclimate.ge\/wp-content\/uploads\/2025\/09\/filters_quality80-3-9-700x350.webp 700w, https:\/\/geoclimate.ge\/wp-content\/uploads\/2025\/09\/filters_quality80-3-9-150x75.webp 150w\" sizes=\"auto, (max-width: 1920px) 100vw, 1920px\" \/><\/p>\n","protected":false},"excerpt":{"rendered":"<div>\n<p>Face circulaire ou carr\u00e9e<\/p>\n<p>Ailettes fixes<\/p>\n<p>Acier galvanis\u00e9<\/p>\n<p>Design esth\u00e9tique<\/p>\n<\/div>\n<div class=\"flex flex-col gap-200\">\n<div class=\"flex flex-col flex-wrap gap-100 md:flex-row md:items-center gtm-purchase-option\" data-gtm-name=\"size\" data-gtm-label=\"Size\">\n<p><label class=\"flex gap-050 md:w-700 leading-none hyphens-auto print:w-full print:max-w-2\/5 text-label-small\">Size<\/label><\/p>\n<div class=\"flex flex-1 flex-wrap gap-050\"><button class=\"select-btn select-btn-small select-btn-selected gtm-purchase-option-value\" type=\"button\" data-gtm-name=\"300\" data-gtm-label=\"300\">300<\/button><button class=\"select-btn select-btn-small select-btn-default gtm-purchase-option-value\" type=\"button\" data-gtm-name=\"400\" data-gtm-label=\"400\">400<\/button><button class=\"select-btn select-btn-small select-btn-default gtm-purchase-option-value\" type=\"button\" data-gtm-name=\"500\" data-gtm-label=\"500\">500<\/button><button class=\"select-btn select-btn-small select-btn-default gtm-purchase-option-value\" type=\"button\" data-gtm-name=\"600\" data-gtm-label=\"600\">600<\/button><button class=\"select-btn select-btn-small select-btn-default gtm-purchase-option-value\" type=\"button\" data-gtm-name=\"625\" data-gtm-label=\"625\">625<\/button><\/div>\n<\/div>\n<\/div>\n<div class=\"gtm-sku-info flex flex-col gap-y-050 text-label-tiny text-neutral-600\">\n<div class=\"flex flex-wrap items-baseline gap-x-100 gap-y-025\"><span class=\"gtm-article-name\">VVKN-B-S-300-SW<\/span><span class=\"whitespace-nowrap gtm-article-number text-base font-bold\">#217907<\/span><\/div>\n<\/div>\n","protected":false},"featured_media":38442,"template":"","meta":[],"product_brand":[],"product_cat":[1895,1931,1841],"product_tag":[],"class_list":{"0":"post-38453","1":"product","2":"type-product","3":"status-publish","4":"has-post-thumbnail","6":"product_cat-diffuseurs-diffuseurs-pour-la-ventilation","7":"product_cat-diffuseurs-tourbillonnaires","8":"product_cat-produits-de-distribution-dair","10":"first","11":"instock","12":"shipping-taxable","13":"product-type-simple"},"yoast_head":"<!-- This site is optimized with the Yoast SEO plugin v27.1.1 - https:\/\/yoast.com\/product\/yoast-seo-wordpress\/ -->\n<title>Diffuseurs h\u00e9lico\u00efdaux VVKN-B-S Diffuseur h\u00e9lico\u00efdal de plafond pour une diffusion d&#039;air efficace et confortable - GeoClimate.ge<\/title>\n<meta name=\"robots\" content=\"index, follow, max-snippet:-1, max-image-preview:large, max-video-preview:-1\" \/>\n<link rel=\"canonical\" href=\"https:\/\/geoclimate.ge\/fr\/produit\/vvkn-b-s-swirl-diffusers-swirl-ceiling-diffuser-for-efficient-and-comfortable-air-distribution\/\" \/>\n<meta property=\"og:locale\" content=\"fr_FR\" \/>\n<meta property=\"og:type\" content=\"article\" \/>\n<meta property=\"og:title\" content=\"Diffuseurs h\u00e9lico\u00efdaux VVKN-B-S Diffuseur h\u00e9lico\u00efdal de plafond pour une diffusion d&#039;air efficace et confortable - GeoClimate.ge\" \/>\n<meta property=\"og:description\" content=\"Face circulaire ou carr\u00e9e  Ailettes fixes  Acier galvanis\u00e9  Design esth\u00e9tique      Size 300400500600625    VVKN-B-S-300-SW#217907\" \/>\n<meta property=\"og:url\" content=\"https:\/\/geoclimate.ge\/fr\/produit\/vvkn-b-s-swirl-diffusers-swirl-ceiling-diffuser-for-efficient-and-comfortable-air-distribution\/\" \/>\n<meta property=\"og:site_name\" content=\"GeoClimate.ge\" \/>\n<meta property=\"article:modified_time\" content=\"2025-09-09T13:50:48+00:00\" \/>\n<meta property=\"og:image\" content=\"https:\/\/geoclimate.ge\/wp-content\/uploads\/2025\/09\/STORYBLOK_VVKN-B-S_HQ.jpg\" \/>\n\t<meta property=\"og:image:width\" content=\"384\" \/>\n\t<meta property=\"og:image:height\" content=\"288\" \/>\n\t<meta property=\"og:image:type\" content=\"image\/jpeg\" \/>\n<meta name=\"twitter:card\" content=\"summary_large_image\" \/>\n<script type=\"application\/ld+json\" class=\"yoast-schema-graph\">{\"@context\":\"https:\/\/schema.org\",\"@graph\":[{\"@type\":\"WebPage\",\"@id\":\"https:\/\/geoclimate.ge\/fr\/produit\/vvkn-b-s-swirl-diffusers-swirl-ceiling-diffuser-for-efficient-and-comfortable-air-distribution\/\",\"url\":\"https:\/\/geoclimate.ge\/fr\/produit\/vvkn-b-s-swirl-diffusers-swirl-ceiling-diffuser-for-efficient-and-comfortable-air-distribution\/\",\"name\":\"Diffuseurs h\u00e9lico\u00efdaux VVKN-B-S Diffuseur h\u00e9lico\u00efdal de plafond pour une diffusion d'air efficace et confortable - GeoClimate.ge\",\"isPartOf\":{\"@id\":\"https:\/\/geoclimate.ge\/#website\"},\"primaryImageOfPage\":{\"@id\":\"https:\/\/geoclimate.ge\/fr\/produit\/vvkn-b-s-swirl-diffusers-swirl-ceiling-diffuser-for-efficient-and-comfortable-air-distribution\/#primaryimage\"},\"image\":{\"@id\":\"https:\/\/geoclimate.ge\/fr\/produit\/vvkn-b-s-swirl-diffusers-swirl-ceiling-diffuser-for-efficient-and-comfortable-air-distribution\/#primaryimage\"},\"thumbnailUrl\":\"https:\/\/geoclimate.ge\/wp-content\/uploads\/2025\/09\/STORYBLOK_VVKN-B-S_HQ.jpg\",\"datePublished\":\"2025-09-09T13:47:58+00:00\",\"dateModified\":\"2025-09-09T13:50:48+00:00\",\"breadcrumb\":{\"@id\":\"https:\/\/geoclimate.ge\/fr\/produit\/vvkn-b-s-swirl-diffusers-swirl-ceiling-diffuser-for-efficient-and-comfortable-air-distribution\/#breadcrumb\"},\"inLanguage\":\"fr-FR\",\"potentialAction\":[{\"@type\":\"ReadAction\",\"target\":[\"https:\/\/geoclimate.ge\/fr\/produit\/vvkn-b-s-swirl-diffusers-swirl-ceiling-diffuser-for-efficient-and-comfortable-air-distribution\/\"]}]},{\"@type\":\"ImageObject\",\"inLanguage\":\"fr-FR\",\"@id\":\"https:\/\/geoclimate.ge\/fr\/produit\/vvkn-b-s-swirl-diffusers-swirl-ceiling-diffuser-for-efficient-and-comfortable-air-distribution\/#primaryimage\",\"url\":\"https:\/\/geoclimate.ge\/wp-content\/uploads\/2025\/09\/STORYBLOK_VVKN-B-S_HQ.jpg\",\"contentUrl\":\"https:\/\/geoclimate.ge\/wp-content\/uploads\/2025\/09\/STORYBLOK_VVKN-B-S_HQ.jpg\",\"width\":384,\"height\":288},{\"@type\":\"BreadcrumbList\",\"@id\":\"https:\/\/geoclimate.ge\/fr\/produit\/vvkn-b-s-swirl-diffusers-swirl-ceiling-diffuser-for-efficient-and-comfortable-air-distribution\/#breadcrumb\",\"itemListElement\":[{\"@type\":\"ListItem\",\"position\":1,\"name\":\"Home\",\"item\":\"https:\/\/geoclimate.ge\/fr\/\"},{\"@type\":\"ListItem\",\"position\":2,\"name\":\"Products\",\"item\":\"https:\/\/geoclimate.ge\/fr\/products\/\"},{\"@type\":\"ListItem\",\"position\":3,\"name\":\"Diffuseurs h\u00e9lico\u00efdaux VVKN-B-S Diffuseur h\u00e9lico\u00efdal de plafond pour une diffusion d&#8217;air efficace et confortable\"}]},{\"@type\":\"WebSite\",\"@id\":\"https:\/\/geoclimate.ge\/#website\",\"url\":\"https:\/\/geoclimate.ge\/\",\"name\":\"GeoClimate\",\"description\":\"\",\"publisher\":{\"@id\":\"https:\/\/geoclimate.ge\/#organization\"},\"potentialAction\":[{\"@type\":\"SearchAction\",\"target\":{\"@type\":\"EntryPoint\",\"urlTemplate\":\"https:\/\/geoclimate.ge\/?s={search_term_string}\"},\"query-input\":{\"@type\":\"PropertyValueSpecification\",\"valueRequired\":true,\"valueName\":\"search_term_string\"}}],\"inLanguage\":\"fr-FR\"},{\"@type\":\"Organization\",\"@id\":\"https:\/\/geoclimate.ge\/#organization\",\"name\":\"GeoClimate\",\"url\":\"https:\/\/geoclimate.ge\/\",\"logo\":{\"@type\":\"ImageObject\",\"inLanguage\":\"fr-FR\",\"@id\":\"https:\/\/geoclimate.ge\/#\/schema\/logo\/image\/\",\"url\":\"https:\/\/geoclimate.ge\/wp-content\/uploads\/2026\/03\/geoclimate-SEO.png\",\"contentUrl\":\"https:\/\/geoclimate.ge\/wp-content\/uploads\/2026\/03\/geoclimate-SEO.png\",\"width\":1536,\"height\":1024,\"caption\":\"GeoClimate\"},\"image\":{\"@id\":\"https:\/\/geoclimate.ge\/#\/schema\/logo\/image\/\"}}]}<\/script>\n<!-- \/ Yoast SEO plugin. -->","yoast_head_json":{"title":"Diffuseurs h\u00e9lico\u00efdaux VVKN-B-S Diffuseur h\u00e9lico\u00efdal de plafond pour une diffusion d'air efficace et confortable - GeoClimate.ge","robots":{"index":"index","follow":"follow","max-snippet":"max-snippet:-1","max-image-preview":"max-image-preview:large","max-video-preview":"max-video-preview:-1"},"canonical":"https:\/\/geoclimate.ge\/fr\/produit\/vvkn-b-s-swirl-diffusers-swirl-ceiling-diffuser-for-efficient-and-comfortable-air-distribution\/","og_locale":"fr_FR","og_type":"article","og_title":"Diffuseurs h\u00e9lico\u00efdaux VVKN-B-S Diffuseur h\u00e9lico\u00efdal de plafond pour une diffusion d'air efficace et confortable - GeoClimate.ge","og_description":"Face circulaire ou carr\u00e9e  Ailettes fixes  Acier galvanis\u00e9  Design esth\u00e9tique      Size 300400500600625    VVKN-B-S-300-SW#217907","og_url":"https:\/\/geoclimate.ge\/fr\/produit\/vvkn-b-s-swirl-diffusers-swirl-ceiling-diffuser-for-efficient-and-comfortable-air-distribution\/","og_site_name":"GeoClimate.ge","article_modified_time":"2025-09-09T13:50:48+00:00","og_image":[{"width":384,"height":288,"url":"https:\/\/geoclimate.ge\/wp-content\/uploads\/2025\/09\/STORYBLOK_VVKN-B-S_HQ.jpg","type":"image\/jpeg"}],"twitter_card":"summary_large_image","schema":{"@context":"https:\/\/schema.org","@graph":[{"@type":"WebPage","@id":"https:\/\/geoclimate.ge\/fr\/produit\/vvkn-b-s-swirl-diffusers-swirl-ceiling-diffuser-for-efficient-and-comfortable-air-distribution\/","url":"https:\/\/geoclimate.ge\/fr\/produit\/vvkn-b-s-swirl-diffusers-swirl-ceiling-diffuser-for-efficient-and-comfortable-air-distribution\/","name":"Diffuseurs h\u00e9lico\u00efdaux VVKN-B-S Diffuseur h\u00e9lico\u00efdal de plafond pour une diffusion d'air efficace et confortable - GeoClimate.ge","isPartOf":{"@id":"https:\/\/geoclimate.ge\/#website"},"primaryImageOfPage":{"@id":"https:\/\/geoclimate.ge\/fr\/produit\/vvkn-b-s-swirl-diffusers-swirl-ceiling-diffuser-for-efficient-and-comfortable-air-distribution\/#primaryimage"},"image":{"@id":"https:\/\/geoclimate.ge\/fr\/produit\/vvkn-b-s-swirl-diffusers-swirl-ceiling-diffuser-for-efficient-and-comfortable-air-distribution\/#primaryimage"},"thumbnailUrl":"https:\/\/geoclimate.ge\/wp-content\/uploads\/2025\/09\/STORYBLOK_VVKN-B-S_HQ.jpg","datePublished":"2025-09-09T13:47:58+00:00","dateModified":"2025-09-09T13:50:48+00:00","breadcrumb":{"@id":"https:\/\/geoclimate.ge\/fr\/produit\/vvkn-b-s-swirl-diffusers-swirl-ceiling-diffuser-for-efficient-and-comfortable-air-distribution\/#breadcrumb"},"inLanguage":"fr-FR","potentialAction":[{"@type":"ReadAction","target":["https:\/\/geoclimate.ge\/fr\/produit\/vvkn-b-s-swirl-diffusers-swirl-ceiling-diffuser-for-efficient-and-comfortable-air-distribution\/"]}]},{"@type":"ImageObject","inLanguage":"fr-FR","@id":"https:\/\/geoclimate.ge\/fr\/produit\/vvkn-b-s-swirl-diffusers-swirl-ceiling-diffuser-for-efficient-and-comfortable-air-distribution\/#primaryimage","url":"https:\/\/geoclimate.ge\/wp-content\/uploads\/2025\/09\/STORYBLOK_VVKN-B-S_HQ.jpg","contentUrl":"https:\/\/geoclimate.ge\/wp-content\/uploads\/2025\/09\/STORYBLOK_VVKN-B-S_HQ.jpg","width":384,"height":288},{"@type":"BreadcrumbList","@id":"https:\/\/geoclimate.ge\/fr\/produit\/vvkn-b-s-swirl-diffusers-swirl-ceiling-diffuser-for-efficient-and-comfortable-air-distribution\/#breadcrumb","itemListElement":[{"@type":"ListItem","position":1,"name":"Home","item":"https:\/\/geoclimate.ge\/fr\/"},{"@type":"ListItem","position":2,"name":"Products","item":"https:\/\/geoclimate.ge\/fr\/products\/"},{"@type":"ListItem","position":3,"name":"Diffuseurs h\u00e9lico\u00efdaux VVKN-B-S Diffuseur h\u00e9lico\u00efdal de plafond pour une diffusion d&#8217;air efficace et confortable"}]},{"@type":"WebSite","@id":"https:\/\/geoclimate.ge\/#website","url":"https:\/\/geoclimate.ge\/","name":"GeoClimate","description":"","publisher":{"@id":"https:\/\/geoclimate.ge\/#organization"},"potentialAction":[{"@type":"SearchAction","target":{"@type":"EntryPoint","urlTemplate":"https:\/\/geoclimate.ge\/?s={search_term_string}"},"query-input":{"@type":"PropertyValueSpecification","valueRequired":true,"valueName":"search_term_string"}}],"inLanguage":"fr-FR"},{"@type":"Organization","@id":"https:\/\/geoclimate.ge\/#organization","name":"GeoClimate","url":"https:\/\/geoclimate.ge\/","logo":{"@type":"ImageObject","inLanguage":"fr-FR","@id":"https:\/\/geoclimate.ge\/#\/schema\/logo\/image\/","url":"https:\/\/geoclimate.ge\/wp-content\/uploads\/2026\/03\/geoclimate-SEO.png","contentUrl":"https:\/\/geoclimate.ge\/wp-content\/uploads\/2026\/03\/geoclimate-SEO.png","width":1536,"height":1024,"caption":"GeoClimate"},"image":{"@id":"https:\/\/geoclimate.ge\/#\/schema\/logo\/image\/"}}]}},"_links":{"self":[{"href":"https:\/\/geoclimate.ge\/fr\/wp-json\/wp\/v2\/product\/38453","targetHints":{"allow":["GET"]}}],"collection":[{"href":"https:\/\/geoclimate.ge\/fr\/wp-json\/wp\/v2\/product"}],"about":[{"href":"https:\/\/geoclimate.ge\/fr\/wp-json\/wp\/v2\/types\/product"}],"wp:featuredmedia":[{"embeddable":true,"href":"https:\/\/geoclimate.ge\/fr\/wp-json\/wp\/v2\/media\/38442"}],"wp:attachment":[{"href":"https:\/\/geoclimate.ge\/fr\/wp-json\/wp\/v2\/media?parent=38453"}],"wp:term":[{"taxonomy":"product_brand","embeddable":true,"href":"https:\/\/geoclimate.ge\/fr\/wp-json\/wp\/v2\/product_brand?post=38453"},{"taxonomy":"product_cat","embeddable":true,"href":"https:\/\/geoclimate.ge\/fr\/wp-json\/wp\/v2\/product_cat?post=38453"},{"taxonomy":"product_tag","embeddable":true,"href":"https:\/\/geoclimate.ge\/fr\/wp-json\/wp\/v2\/product_tag?post=38453"}],"curies":[{"name":"wp","href":"https:\/\/api.w.org\/{rel}","templated":true}]}}