{"id":38606,"date":"2025-09-09T18:53:34","date_gmt":"2025-09-09T14:53:34","guid":{"rendered":"https:\/\/airsystems.ge\/shop\/product\/hella-linear-diffusers-linear-slot-diffuser-for-efficient-air-supply-in-comfort-ventilation-systems\/"},"modified":"2025-09-09T18:56:31","modified_gmt":"2025-09-09T14:56:31","slug":"hella-linear-diffusers-linear-slot-diffuser-for-efficient-air-supply-in-comfort-ventilation-systems","status":"publish","type":"product","link":"https:\/\/geoclimate.ge\/fr\/produit\/hella-linear-diffusers-linear-slot-diffuser-for-efficient-air-supply-in-comfort-ventilation-systems\/","title":{"rendered":"Diffuseurs lin\u00e9aires HELLA Diffuseur lin\u00e9aire \u00e0 fentes pour une ventilation efficace dans les syst\u00e8mes de ventilation de confort"},"content":{"rendered":"","protected":false},"excerpt":{"rendered":"<div class=\"row\">\n<div class=\"col-12 text-style-body-small\">\n<div class=\"richtext-wrap reset-margin-last\">\n<p>Installation facile<\/p>\n<p>Design fin et moderne<\/p>\n<p>R\u00e9glage par curseur<\/p>\n<p>R\u00e9glage pr\u00e9cis<\/p>\n<\/div>\n<\/div>\n<\/div>\n<div class=\"flex flex-col gap-100\">\n<div class=\"flex flex-col flex-wrap gap-100 md:flex-row md:items-center gtm-purchase-option\" data-gtm-name=\"hella\" data-gtm-label=\"HELLA diffuser\">\n<p><label class=\"flex gap-050 md:w-700 leading-none hyphens-auto print:w-full print:max-w-2\/5 text-label-small\">HELLA diffuser<\/label><\/p>\n<div class=\"flex flex-1 flex-wrap gap-050\">\n<div class=\"dropdown-wrapper dropdown-wrapper-small w-full gtm-purchase-option-value gtm-purchase-option-value-dropdown\"><select class=\"form-dropdown form-input form-dropdown-small\"><option value=\"0\" data-gtm-name=\"HELLA for non-specific installation\" data-gtm-label=\"HELLA for non-specific installation\">HELLA for non-specific installation<\/option><option value=\"1\" data-gtm-name=\"HELLA-T for installation in T-bar ceiling, raster 600 mm\" data-gtm-label=\"HELLA-T for installation in T-bar ceiling, raster 600 mm\">HELLA-T\u00a0 for installation in T-bar ceiling, raster 600 mm<\/option><\/select><\/div>\n<\/div>\n<\/div>\n<div class=\"flex flex-col flex-wrap gap-100 md:flex-row md:items-center gtm-purchase-option\" data-gtm-name=\"number_of_slots\" data-gtm-label=\"Number of slots\">\n<p><label class=\"flex gap-050 md:w-700 leading-none hyphens-auto print:w-full print:max-w-2\/5 text-label-small\">Number of slots<\/label><\/p>\n<div class=\"flex flex-1 flex-wrap gap-050\"><button class=\"select-btn select-btn-small select-btn-selected gtm-purchase-option-value\" type=\"button\" data-gtm-name=\"1\" data-gtm-label=\"1\">1<\/button><button class=\"select-btn select-btn-small select-btn-default gtm-purchase-option-value\" type=\"button\" data-gtm-name=\"2\" data-gtm-label=\"2\">2<\/button><button class=\"select-btn select-btn-small select-btn-default gtm-purchase-option-value\" type=\"button\" data-gtm-name=\"3\" data-gtm-label=\"3\">3<\/button><button class=\"select-btn select-btn-small select-btn-default gtm-purchase-option-value\" type=\"button\" data-gtm-name=\"4\" data-gtm-label=\"4\">4<\/button><\/div>\n<\/div>\n<div class=\"flex flex-col flex-wrap gap-100 md:flex-row md:items-center gtm-purchase-option\" data-gtm-name=\"diffuser_length\" data-gtm-label=\"Diffuser length L (mm)\">\n<p><label class=\"flex gap-050 md:w-700 leading-none hyphens-auto print:w-full print:max-w-2\/5 text-label-small\">Diffuser length L (mm)<\/label><\/p>\n<div class=\"flex flex-1 flex-wrap gap-050\"><button class=\"select-btn select-btn-small select-btn-selected gtm-purchase-option-value\" type=\"button\" data-gtm-name=\"500\" data-gtm-label=\"500\">500<\/button><button class=\"select-btn select-btn-small select-btn-default gtm-purchase-option-value\" type=\"button\" data-gtm-name=\"600\" data-gtm-label=\"600\">600<\/button><button class=\"select-btn select-btn-small select-btn-default gtm-purchase-option-value\" type=\"button\" data-gtm-name=\"700\" data-gtm-label=\"700\">700<\/button><button class=\"select-btn select-btn-small select-btn-default gtm-purchase-option-value\" type=\"button\" data-gtm-name=\"800\" data-gtm-label=\"800\">800<\/button><button class=\"select-btn select-btn-small select-btn-default gtm-purchase-option-value\" type=\"button\" data-gtm-name=\"900\" data-gtm-label=\"900\">900<\/button><button class=\"select-btn select-btn-small select-btn-default gtm-purchase-option-value\" type=\"button\" data-gtm-name=\"1000\" data-gtm-label=\"1000\">1000<\/button><button class=\"select-btn select-btn-small select-btn-default gtm-purchase-option-value\" type=\"button\" data-gtm-name=\"1100\" data-gtm-label=\"1100\">1100<\/button><button class=\"select-btn select-btn-small select-btn-default gtm-purchase-option-value\" type=\"button\" data-gtm-name=\"1200\" data-gtm-label=\"1200\">1200<\/button><button class=\"select-btn select-btn-small select-btn-default gtm-purchase-option-value\" type=\"button\" data-gtm-name=\"1300\" data-gtm-label=\"1300\">1300<\/button><button class=\"select-btn select-btn-small select-btn-default gtm-purchase-option-value\" type=\"button\" data-gtm-name=\"1400\" data-gtm-label=\"1400\">1400<\/button><button class=\"select-btn select-btn-small select-btn-default gtm-purchase-option-value\" type=\"button\" data-gtm-name=\"1500\" data-gtm-label=\"1500\">1500<\/button><button class=\"select-btn select-btn-small select-btn-default select-btn-disabled gtm-purchase-option-value\" type=\"button\" data-gtm-name=\"1800\" data-gtm-label=\"1800\">1800<\/button><button class=\"select-btn select-btn-small select-btn-default select-btn-disabled gtm-purchase-option-value\" type=\"button\" data-gtm-name=\"2400\" data-gtm-label=\"2400\">2400<\/button><\/div>\n<\/div>\n<div class=\"flex flex-col flex-wrap gap-100 md:flex-row md:items-center gtm-purchase-option\" data-gtm-name=\"deflector_colour\" data-gtm-label=\"Deflector colour\">\n<p><label class=\"flex gap-050 md:w-700 leading-none hyphens-auto print:w-full print:max-w-2\/5 text-label-small\">Deflector colour<\/label><\/p>\n<div class=\"flex flex-1 flex-wrap gap-050\"><button class=\"select-btn select-btn-small select-btn-selected gtm-purchase-option-value\" type=\"button\" data-gtm-name=\"Black\" data-gtm-label=\"Black\">Black<\/button><button class=\"select-btn select-btn-small select-btn-default gtm-purchase-option-value\" type=\"button\" data-gtm-name=\"Signal white\" data-gtm-label=\"Signal white\">Signal white<\/button><\/div>\n<\/div>\n<div class=\"flex flex-col flex-wrap gap-100 md:flex-row md:items-center gtm-purchase-option\" data-gtm-name=\"damper\" data-gtm-label=\"Damper\">\n<p><label class=\"flex gap-050 md:w-700 leading-none hyphens-auto print:w-full print:max-w-2\/5 text-label-small\">Damper<\/label><\/p>\n<div class=\"flex flex-1 flex-wrap gap-050\">\n<div class=\"dropdown-wrapper dropdown-wrapper-small w-full gtm-purchase-option-value gtm-purchase-option-value-dropdown\"><select class=\"form-dropdown form-input form-dropdown-small\"><option value=\"0\" data-gtm-name=\"\u201cHit &amp; miss\u201d adjustment damper\" data-gtm-label=\"\u201cHit &amp; miss\u201d adjustment damper\">\u201cHit &amp; miss\u201d adjustment damper<\/option><option value=\"1\" data-gtm-name=\"No damper\" data-gtm-label=\"No damper\">No damper<\/option><\/select><\/div>\n<\/div>\n<\/div>\n<div class=\"flex flex-col flex-wrap gap-100 md:flex-row md:items-center gtm-purchase-option\" data-gtm-name=\"diffuser_construction\" data-gtm-label=\"Diffuser construction\">\n<p><label class=\"flex gap-050 md:w-700 leading-none hyphens-auto print:w-full print:max-w-2\/5 text-label-small\">Diffuser construction<\/label><\/p>\n<div class=\"flex flex-1 flex-wrap gap-050\">\n<div class=\"dropdown-wrapper dropdown-wrapper-small w-full gtm-purchase-option-value gtm-purchase-option-value-dropdown\"><select class=\"form-dropdown form-input form-dropdown-small\"><option value=\"0\" data-gtm-name=\"Complete unit including side frame at both ends\" data-gtm-label=\"Complete unit including side frame at both ends\">Complete unit including side frame at both ends<\/option><option value=\"1\" data-gtm-name=\"End unit for linear assembly\" data-gtm-label=\"End unit for linear assembly\">End unit for linear assembly<\/option><option value=\"2\" data-gtm-name=\"Middle unit for linear assembly\" data-gtm-label=\"Middle unit for linear assembly\">Middle unit for linear assembly<\/option><\/select><\/div>\n<\/div>\n<\/div>\n<div class=\"flex flex-col flex-wrap gap-100 md:flex-row md:items-center gtm-purchase-option\" data-gtm-name=\"surface_finish\" data-gtm-label=\"Surface finish\">\n<p><label class=\"flex gap-050 md:w-700 leading-none hyphens-auto print:w-full print:max-w-2\/5 text-label-small\">Surface finish<\/label><\/p>\n<div class=\"flex flex-1 flex-wrap gap-050\">\n<div class=\"dropdown-wrapper dropdown-wrapper-small w-full gtm-purchase-option-value gtm-purchase-option-value-dropdown\"><select class=\"form-dropdown form-input form-dropdown-small\"><option value=\"0\" data-gtm-name=\"Anodized aluminium colour paint\" data-gtm-label=\"Anodized aluminium colour paint\">Anodized aluminium colour paint<\/option><option value=\"2\" data-gtm-name=\"Signal white (RAL9003)\" data-gtm-label=\"Signal white (RAL9003)\">Signal white (RAL9003)<\/option><\/select><\/div>\n<\/div>\n<\/div>\n<\/div>\n<div class=\"gtm-sku-info flex flex-col gap-y-050 text-label-tiny text-neutral-600\">\n<div class=\"flex flex-wrap items-baseline gap-x-100 gap-y-025\"><span class=\"gtm-article-name\">HELLA-1-500-B-R-0-AN<\/span><span class=\"whitespace-nowrap gtm-article-number text-base font-bold\">#140768<\/span><\/div>\n<\/div>\n","protected":false},"featured_media":38577,"template":"","meta":[],"product_brand":[],"product_cat":[1895,1925,1841],"product_tag":[],"class_list":{"0":"post-38606","1":"product","2":"type-product","3":"status-publish","4":"has-post-thumbnail","6":"product_cat-diffuseurs-diffuseurs-pour-la-ventilation","7":"product_cat-diffuseurs-lineaires","8":"product_cat-produits-de-distribution-dair","10":"first","11":"instock","12":"shipping-taxable","13":"product-type-simple"},"yoast_head":"<!-- This site is optimized with the Yoast SEO plugin v27.1.1 - https:\/\/yoast.com\/product\/yoast-seo-wordpress\/ -->\n<title>Diffuseurs lin\u00e9aires HELLA Diffuseur lin\u00e9aire \u00e0 fentes pour une ventilation efficace dans les syst\u00e8mes de ventilation de confort - GeoClimate.ge<\/title>\n<meta name=\"robots\" content=\"index, follow, max-snippet:-1, max-image-preview:large, max-video-preview:-1\" \/>\n<link rel=\"canonical\" href=\"https:\/\/geoclimate.ge\/fr\/produit\/hella-linear-diffusers-linear-slot-diffuser-for-efficient-air-supply-in-comfort-ventilation-systems\/\" \/>\n<meta property=\"og:locale\" content=\"fr_FR\" \/>\n<meta property=\"og:type\" content=\"article\" \/>\n<meta property=\"og:title\" content=\"Diffuseurs lin\u00e9aires HELLA Diffuseur lin\u00e9aire \u00e0 fentes pour une ventilation efficace dans les syst\u00e8mes de ventilation de confort - GeoClimate.ge\" \/>\n<meta property=\"og:description\" content=\"Installation facile  Design fin et moderne  R\u00e9glage par curseur  R\u00e9glage pr\u00e9cis        HELLA diffuser   HELLA for non-specific installation HELLA-T\u00a0 for installation in T-bar ceiling, raster 600 mm      Number of slots 1234    Diffuser length L (mm) 50060070080090010001100120013001400150018002400    Deflector colour BlackSignal white    Damper   \u201cHit &amp; miss\u201d adjustment damper No damper      Diffuser construction   Complete unit including side frame at both ends End unit for linear assembly Middle unit for linear assembly      Surface finish   Anodized aluminium colour paint Signal white (RAL9003)      HELLA-1-500-B-R-0-AN#140768\" \/>\n<meta property=\"og:url\" content=\"https:\/\/geoclimate.ge\/fr\/produit\/hella-linear-diffusers-linear-slot-diffuser-for-efficient-air-supply-in-comfort-ventilation-systems\/\" \/>\n<meta property=\"og:site_name\" content=\"GeoClimate.ge\" \/>\n<meta property=\"article:modified_time\" content=\"2025-09-09T14:56:31+00:00\" \/>\n<meta property=\"og:image\" content=\"https:\/\/geoclimate.ge\/wp-content\/uploads\/2025\/09\/PRODUCT-MAIN-IMAGE_HELLA.jpg\" \/>\n\t<meta property=\"og:image:width\" content=\"640\" \/>\n\t<meta property=\"og:image:height\" content=\"480\" \/>\n\t<meta property=\"og:image:type\" content=\"image\/jpeg\" \/>\n<meta name=\"twitter:card\" content=\"summary_large_image\" \/>\n<script type=\"application\/ld+json\" class=\"yoast-schema-graph\">{\"@context\":\"https:\/\/schema.org\",\"@graph\":[{\"@type\":\"WebPage\",\"@id\":\"https:\/\/geoclimate.ge\/fr\/produit\/hella-linear-diffusers-linear-slot-diffuser-for-efficient-air-supply-in-comfort-ventilation-systems\/\",\"url\":\"https:\/\/geoclimate.ge\/fr\/produit\/hella-linear-diffusers-linear-slot-diffuser-for-efficient-air-supply-in-comfort-ventilation-systems\/\",\"name\":\"Diffuseurs lin\u00e9aires HELLA Diffuseur lin\u00e9aire \u00e0 fentes pour une ventilation efficace dans les syst\u00e8mes de ventilation de confort - GeoClimate.ge\",\"isPartOf\":{\"@id\":\"https:\/\/geoclimate.ge\/#website\"},\"primaryImageOfPage\":{\"@id\":\"https:\/\/geoclimate.ge\/fr\/produit\/hella-linear-diffusers-linear-slot-diffuser-for-efficient-air-supply-in-comfort-ventilation-systems\/#primaryimage\"},\"image\":{\"@id\":\"https:\/\/geoclimate.ge\/fr\/produit\/hella-linear-diffusers-linear-slot-diffuser-for-efficient-air-supply-in-comfort-ventilation-systems\/#primaryimage\"},\"thumbnailUrl\":\"https:\/\/geoclimate.ge\/wp-content\/uploads\/2025\/09\/PRODUCT-MAIN-IMAGE_HELLA.jpg\",\"datePublished\":\"2025-09-09T14:53:34+00:00\",\"dateModified\":\"2025-09-09T14:56:31+00:00\",\"breadcrumb\":{\"@id\":\"https:\/\/geoclimate.ge\/fr\/produit\/hella-linear-diffusers-linear-slot-diffuser-for-efficient-air-supply-in-comfort-ventilation-systems\/#breadcrumb\"},\"inLanguage\":\"fr-FR\",\"potentialAction\":[{\"@type\":\"ReadAction\",\"target\":[\"https:\/\/geoclimate.ge\/fr\/produit\/hella-linear-diffusers-linear-slot-diffuser-for-efficient-air-supply-in-comfort-ventilation-systems\/\"]}]},{\"@type\":\"ImageObject\",\"inLanguage\":\"fr-FR\",\"@id\":\"https:\/\/geoclimate.ge\/fr\/produit\/hella-linear-diffusers-linear-slot-diffuser-for-efficient-air-supply-in-comfort-ventilation-systems\/#primaryimage\",\"url\":\"https:\/\/geoclimate.ge\/wp-content\/uploads\/2025\/09\/PRODUCT-MAIN-IMAGE_HELLA.jpg\",\"contentUrl\":\"https:\/\/geoclimate.ge\/wp-content\/uploads\/2025\/09\/PRODUCT-MAIN-IMAGE_HELLA.jpg\",\"width\":640,\"height\":480},{\"@type\":\"BreadcrumbList\",\"@id\":\"https:\/\/geoclimate.ge\/fr\/produit\/hella-linear-diffusers-linear-slot-diffuser-for-efficient-air-supply-in-comfort-ventilation-systems\/#breadcrumb\",\"itemListElement\":[{\"@type\":\"ListItem\",\"position\":1,\"name\":\"Home\",\"item\":\"https:\/\/geoclimate.ge\/fr\/\"},{\"@type\":\"ListItem\",\"position\":2,\"name\":\"Products\",\"item\":\"https:\/\/geoclimate.ge\/fr\/products\/\"},{\"@type\":\"ListItem\",\"position\":3,\"name\":\"Diffuseurs lin\u00e9aires HELLA Diffuseur lin\u00e9aire \u00e0 fentes pour une ventilation efficace dans les syst\u00e8mes de ventilation de confort\"}]},{\"@type\":\"WebSite\",\"@id\":\"https:\/\/geoclimate.ge\/#website\",\"url\":\"https:\/\/geoclimate.ge\/\",\"name\":\"GeoClimate\",\"description\":\"\",\"publisher\":{\"@id\":\"https:\/\/geoclimate.ge\/#organization\"},\"potentialAction\":[{\"@type\":\"SearchAction\",\"target\":{\"@type\":\"EntryPoint\",\"urlTemplate\":\"https:\/\/geoclimate.ge\/?s={search_term_string}\"},\"query-input\":{\"@type\":\"PropertyValueSpecification\",\"valueRequired\":true,\"valueName\":\"search_term_string\"}}],\"inLanguage\":\"fr-FR\"},{\"@type\":\"Organization\",\"@id\":\"https:\/\/geoclimate.ge\/#organization\",\"name\":\"GeoClimate\",\"url\":\"https:\/\/geoclimate.ge\/\",\"logo\":{\"@type\":\"ImageObject\",\"inLanguage\":\"fr-FR\",\"@id\":\"https:\/\/geoclimate.ge\/#\/schema\/logo\/image\/\",\"url\":\"https:\/\/geoclimate.ge\/wp-content\/uploads\/2026\/03\/geoclimate-SEO.png\",\"contentUrl\":\"https:\/\/geoclimate.ge\/wp-content\/uploads\/2026\/03\/geoclimate-SEO.png\",\"width\":1536,\"height\":1024,\"caption\":\"GeoClimate\"},\"image\":{\"@id\":\"https:\/\/geoclimate.ge\/#\/schema\/logo\/image\/\"}}]}<\/script>\n<!-- \/ Yoast SEO plugin. -->","yoast_head_json":{"title":"Diffuseurs lin\u00e9aires HELLA Diffuseur lin\u00e9aire \u00e0 fentes pour une ventilation efficace dans les syst\u00e8mes de ventilation de confort - GeoClimate.ge","robots":{"index":"index","follow":"follow","max-snippet":"max-snippet:-1","max-image-preview":"max-image-preview:large","max-video-preview":"max-video-preview:-1"},"canonical":"https:\/\/geoclimate.ge\/fr\/produit\/hella-linear-diffusers-linear-slot-diffuser-for-efficient-air-supply-in-comfort-ventilation-systems\/","og_locale":"fr_FR","og_type":"article","og_title":"Diffuseurs lin\u00e9aires HELLA Diffuseur lin\u00e9aire \u00e0 fentes pour une ventilation efficace dans les syst\u00e8mes de ventilation de confort - GeoClimate.ge","og_description":"Installation facile  Design fin et moderne  R\u00e9glage par curseur  R\u00e9glage pr\u00e9cis        HELLA diffuser   HELLA for non-specific installation HELLA-T\u00a0 for installation in T-bar ceiling, raster 600 mm      Number of slots 1234    Diffuser length L (mm) 50060070080090010001100120013001400150018002400    Deflector colour BlackSignal white    Damper   \u201cHit &amp; miss\u201d adjustment damper No damper      Diffuser construction   Complete unit including side frame at both ends End unit for linear assembly Middle unit for linear assembly      Surface finish   Anodized aluminium colour paint Signal white (RAL9003)      HELLA-1-500-B-R-0-AN#140768","og_url":"https:\/\/geoclimate.ge\/fr\/produit\/hella-linear-diffusers-linear-slot-diffuser-for-efficient-air-supply-in-comfort-ventilation-systems\/","og_site_name":"GeoClimate.ge","article_modified_time":"2025-09-09T14:56:31+00:00","og_image":[{"width":640,"height":480,"url":"https:\/\/geoclimate.ge\/wp-content\/uploads\/2025\/09\/PRODUCT-MAIN-IMAGE_HELLA.jpg","type":"image\/jpeg"}],"twitter_card":"summary_large_image","schema":{"@context":"https:\/\/schema.org","@graph":[{"@type":"WebPage","@id":"https:\/\/geoclimate.ge\/fr\/produit\/hella-linear-diffusers-linear-slot-diffuser-for-efficient-air-supply-in-comfort-ventilation-systems\/","url":"https:\/\/geoclimate.ge\/fr\/produit\/hella-linear-diffusers-linear-slot-diffuser-for-efficient-air-supply-in-comfort-ventilation-systems\/","name":"Diffuseurs lin\u00e9aires HELLA Diffuseur lin\u00e9aire \u00e0 fentes pour une ventilation efficace dans les syst\u00e8mes de ventilation de confort - GeoClimate.ge","isPartOf":{"@id":"https:\/\/geoclimate.ge\/#website"},"primaryImageOfPage":{"@id":"https:\/\/geoclimate.ge\/fr\/produit\/hella-linear-diffusers-linear-slot-diffuser-for-efficient-air-supply-in-comfort-ventilation-systems\/#primaryimage"},"image":{"@id":"https:\/\/geoclimate.ge\/fr\/produit\/hella-linear-diffusers-linear-slot-diffuser-for-efficient-air-supply-in-comfort-ventilation-systems\/#primaryimage"},"thumbnailUrl":"https:\/\/geoclimate.ge\/wp-content\/uploads\/2025\/09\/PRODUCT-MAIN-IMAGE_HELLA.jpg","datePublished":"2025-09-09T14:53:34+00:00","dateModified":"2025-09-09T14:56:31+00:00","breadcrumb":{"@id":"https:\/\/geoclimate.ge\/fr\/produit\/hella-linear-diffusers-linear-slot-diffuser-for-efficient-air-supply-in-comfort-ventilation-systems\/#breadcrumb"},"inLanguage":"fr-FR","potentialAction":[{"@type":"ReadAction","target":["https:\/\/geoclimate.ge\/fr\/produit\/hella-linear-diffusers-linear-slot-diffuser-for-efficient-air-supply-in-comfort-ventilation-systems\/"]}]},{"@type":"ImageObject","inLanguage":"fr-FR","@id":"https:\/\/geoclimate.ge\/fr\/produit\/hella-linear-diffusers-linear-slot-diffuser-for-efficient-air-supply-in-comfort-ventilation-systems\/#primaryimage","url":"https:\/\/geoclimate.ge\/wp-content\/uploads\/2025\/09\/PRODUCT-MAIN-IMAGE_HELLA.jpg","contentUrl":"https:\/\/geoclimate.ge\/wp-content\/uploads\/2025\/09\/PRODUCT-MAIN-IMAGE_HELLA.jpg","width":640,"height":480},{"@type":"BreadcrumbList","@id":"https:\/\/geoclimate.ge\/fr\/produit\/hella-linear-diffusers-linear-slot-diffuser-for-efficient-air-supply-in-comfort-ventilation-systems\/#breadcrumb","itemListElement":[{"@type":"ListItem","position":1,"name":"Home","item":"https:\/\/geoclimate.ge\/fr\/"},{"@type":"ListItem","position":2,"name":"Products","item":"https:\/\/geoclimate.ge\/fr\/products\/"},{"@type":"ListItem","position":3,"name":"Diffuseurs lin\u00e9aires HELLA Diffuseur lin\u00e9aire \u00e0 fentes pour une ventilation efficace dans les syst\u00e8mes de ventilation de confort"}]},{"@type":"WebSite","@id":"https:\/\/geoclimate.ge\/#website","url":"https:\/\/geoclimate.ge\/","name":"GeoClimate","description":"","publisher":{"@id":"https:\/\/geoclimate.ge\/#organization"},"potentialAction":[{"@type":"SearchAction","target":{"@type":"EntryPoint","urlTemplate":"https:\/\/geoclimate.ge\/?s={search_term_string}"},"query-input":{"@type":"PropertyValueSpecification","valueRequired":true,"valueName":"search_term_string"}}],"inLanguage":"fr-FR"},{"@type":"Organization","@id":"https:\/\/geoclimate.ge\/#organization","name":"GeoClimate","url":"https:\/\/geoclimate.ge\/","logo":{"@type":"ImageObject","inLanguage":"fr-FR","@id":"https:\/\/geoclimate.ge\/#\/schema\/logo\/image\/","url":"https:\/\/geoclimate.ge\/wp-content\/uploads\/2026\/03\/geoclimate-SEO.png","contentUrl":"https:\/\/geoclimate.ge\/wp-content\/uploads\/2026\/03\/geoclimate-SEO.png","width":1536,"height":1024,"caption":"GeoClimate"},"image":{"@id":"https:\/\/geoclimate.ge\/#\/schema\/logo\/image\/"}}]}},"_links":{"self":[{"href":"https:\/\/geoclimate.ge\/fr\/wp-json\/wp\/v2\/product\/38606","targetHints":{"allow":["GET"]}}],"collection":[{"href":"https:\/\/geoclimate.ge\/fr\/wp-json\/wp\/v2\/product"}],"about":[{"href":"https:\/\/geoclimate.ge\/fr\/wp-json\/wp\/v2\/types\/product"}],"wp:featuredmedia":[{"embeddable":true,"href":"https:\/\/geoclimate.ge\/fr\/wp-json\/wp\/v2\/media\/38577"}],"wp:attachment":[{"href":"https:\/\/geoclimate.ge\/fr\/wp-json\/wp\/v2\/media?parent=38606"}],"wp:term":[{"taxonomy":"product_brand","embeddable":true,"href":"https:\/\/geoclimate.ge\/fr\/wp-json\/wp\/v2\/product_brand?post=38606"},{"taxonomy":"product_cat","embeddable":true,"href":"https:\/\/geoclimate.ge\/fr\/wp-json\/wp\/v2\/product_cat?post=38606"},{"taxonomy":"product_tag","embeddable":true,"href":"https:\/\/geoclimate.ge\/fr\/wp-json\/wp\/v2\/product_tag?post=38606"}],"curies":[{"name":"wp","href":"https:\/\/api.w.org\/{rel}","templated":true}]}}