{"id":38631,"date":"2025-09-09T19:01:34","date_gmt":"2025-09-09T15:01:34","guid":{"rendered":"https:\/\/airsystems.ge\/shop\/product\/aqua-h-ce-linear-diffusers-slot-diffuser-corner-element\/"},"modified":"2025-09-09T19:05:16","modified_gmt":"2025-09-09T15:05:16","slug":"aqua-h-ce-linear-diffusers-slot-diffuser-corner-element","status":"publish","type":"product","link":"https:\/\/geoclimate.ge\/fr\/produit\/aqua-h-ce-linear-diffusers-slot-diffuser-corner-element\/","title":{"rendered":"Diffuseurs lin\u00e9aires AQUA-H-CE \u00c9l\u00e9ment d&rsquo;angle pour diffuseur \u00e0 fentes"},"content":{"rendered":"","protected":false},"excerpt":{"rendered":"<div class=\"row\">\n<div class=\"col-12 text-style-body-small\">\n<div class=\"richtext-wrap reset-margin-last\">\n<p>Conception robuste permettant de marcher sur le diffuseur install\u00e9<\/p>\n<p>Faible niveau sonore pour une vitesse de soufflage d&rsquo;air suffisamment \u00e9lev\u00e9e<\/p>\n<p>Design moderne, fin et compact<\/p>\n<p>\u00c9l\u00e9ment d&rsquo;alimentation en air fonctionnel<\/p>\n<p>Angles sur mesure disponibles sur demande<\/p>\n<\/div>\n<\/div>\n<\/div>\n<div>\n<div class=\"dropdown-wrapper\"><select class=\"form-dropdown form-input\"><option value=\"456484\">AQUA-H-CE-1-10-DC<\/option><option value=\"456485\">AQUA-H-CE-1-12-DC<\/option><option value=\"456483\">AQUA-H-CE-1-8-DC<\/option><option value=\"456491\">AQUA-H-CE-2-10-DC<\/option><option value=\"456492\">AQUA-H-CE-2-12-DC<\/option><option value=\"456490\">AQUA-H-CE-2-8-DC<\/option><option value=\"456494\">AQUA-H-CE-3-10-DC<\/option><option value=\"456495\">AQUA-H-CE-3-12-DC<\/option><option value=\"456493\">AQUA-H-CE-3-8-DC<\/option><option value=\"456497\">AQUA-H-CE-4-10-DC<\/option><option value=\"456498\">AQUA-H-CE-4-12-DC<\/option><option value=\"456496\">AQUA-H-CE-4-8-DC<\/option><option value=\"456505\">AQUA-H-CE-5-10-DC<\/option><option value=\"456506\">AQUA-H-CE-5-12-DC<\/option><option value=\"456499\">AQUA-H-CE-5-8-DC<\/option><option value=\"456508\">AQUA-H-CE-6-10-DC<\/option><option value=\"456509\">AQUA-H-CE-6-12-DC<\/option><option value=\"456507\">AQUA-H-CE-6-8-DC<\/option><\/select><\/div>\n<\/div>\n<div class=\"gtm-sku-info flex flex-col gap-y-050 text-label-tiny text-neutral-600\">\n<div class=\"flex flex-wrap items-baseline gap-x-100 gap-y-025\"><span class=\"gtm-article-name\">AQUA-H-CE-1-10-DC<\/span><span class=\"whitespace-nowrap gtm-article-number text-base font-bold\">#456484<\/span><\/div>\n<\/div>\n","protected":false},"featured_media":38614,"template":"","meta":[],"product_brand":[],"product_cat":[1895,1925,1841],"product_tag":[],"class_list":{"0":"post-38631","1":"product","2":"type-product","3":"status-publish","4":"has-post-thumbnail","6":"product_cat-diffuseurs-diffuseurs-pour-la-ventilation","7":"product_cat-diffuseurs-lineaires","8":"product_cat-produits-de-distribution-dair","10":"first","11":"instock","12":"shipping-taxable","13":"product-type-simple"},"yoast_head":"<!-- This site is optimized with the Yoast SEO plugin v27.1.1 - https:\/\/yoast.com\/product\/yoast-seo-wordpress\/ -->\n<title>Diffuseurs lin\u00e9aires AQUA-H-CE \u00c9l\u00e9ment d&#039;angle pour diffuseur \u00e0 fentes - GeoClimate.ge<\/title>\n<meta name=\"robots\" content=\"index, follow, max-snippet:-1, max-image-preview:large, max-video-preview:-1\" \/>\n<link rel=\"canonical\" href=\"https:\/\/geoclimate.ge\/fr\/produit\/aqua-h-ce-linear-diffusers-slot-diffuser-corner-element\/\" \/>\n<meta property=\"og:locale\" content=\"fr_FR\" \/>\n<meta property=\"og:type\" content=\"article\" \/>\n<meta property=\"og:title\" content=\"Diffuseurs lin\u00e9aires AQUA-H-CE \u00c9l\u00e9ment d&#039;angle pour diffuseur \u00e0 fentes - GeoClimate.ge\" \/>\n<meta property=\"og:description\" content=\"Conception robuste permettant de marcher sur le diffuseur install\u00e9  Faible niveau sonore pour une vitesse de soufflage d&#039;air suffisamment \u00e9lev\u00e9e  Design moderne, fin et compact  \u00c9l\u00e9ment d&#039;alimentation en air fonctionnel  Angles sur mesure disponibles sur demande       AQUA-H-CE-1-10-DC AQUA-H-CE-1-12-DC AQUA-H-CE-1-8-DC AQUA-H-CE-2-10-DC AQUA-H-CE-2-12-DC AQUA-H-CE-2-8-DC AQUA-H-CE-3-10-DC AQUA-H-CE-3-12-DC AQUA-H-CE-3-8-DC AQUA-H-CE-4-10-DC AQUA-H-CE-4-12-DC AQUA-H-CE-4-8-DC AQUA-H-CE-5-10-DC AQUA-H-CE-5-12-DC AQUA-H-CE-5-8-DC AQUA-H-CE-6-10-DC AQUA-H-CE-6-12-DC AQUA-H-CE-6-8-DC    AQUA-H-CE-1-10-DC#456484\" \/>\n<meta property=\"og:url\" content=\"https:\/\/geoclimate.ge\/fr\/produit\/aqua-h-ce-linear-diffusers-slot-diffuser-corner-element\/\" \/>\n<meta property=\"og:site_name\" content=\"GeoClimate.ge\" \/>\n<meta property=\"article:modified_time\" content=\"2025-09-09T15:05:16+00:00\" \/>\n<meta property=\"og:image\" content=\"https:\/\/geoclimate.ge\/wp-content\/uploads\/2025\/09\/AQUA-H-CE_HQ.jpg\" \/>\n\t<meta property=\"og:image:width\" content=\"384\" \/>\n\t<meta property=\"og:image:height\" content=\"266\" \/>\n\t<meta property=\"og:image:type\" content=\"image\/jpeg\" \/>\n<meta name=\"twitter:card\" content=\"summary_large_image\" \/>\n<script type=\"application\/ld+json\" class=\"yoast-schema-graph\">{\"@context\":\"https:\/\/schema.org\",\"@graph\":[{\"@type\":\"WebPage\",\"@id\":\"https:\/\/geoclimate.ge\/fr\/produit\/aqua-h-ce-linear-diffusers-slot-diffuser-corner-element\/\",\"url\":\"https:\/\/geoclimate.ge\/fr\/produit\/aqua-h-ce-linear-diffusers-slot-diffuser-corner-element\/\",\"name\":\"Diffuseurs lin\u00e9aires AQUA-H-CE \u00c9l\u00e9ment d'angle pour diffuseur \u00e0 fentes - GeoClimate.ge\",\"isPartOf\":{\"@id\":\"https:\/\/geoclimate.ge\/#website\"},\"primaryImageOfPage\":{\"@id\":\"https:\/\/geoclimate.ge\/fr\/produit\/aqua-h-ce-linear-diffusers-slot-diffuser-corner-element\/#primaryimage\"},\"image\":{\"@id\":\"https:\/\/geoclimate.ge\/fr\/produit\/aqua-h-ce-linear-diffusers-slot-diffuser-corner-element\/#primaryimage\"},\"thumbnailUrl\":\"https:\/\/geoclimate.ge\/wp-content\/uploads\/2025\/09\/AQUA-H-CE_HQ.jpg\",\"datePublished\":\"2025-09-09T15:01:34+00:00\",\"dateModified\":\"2025-09-09T15:05:16+00:00\",\"breadcrumb\":{\"@id\":\"https:\/\/geoclimate.ge\/fr\/produit\/aqua-h-ce-linear-diffusers-slot-diffuser-corner-element\/#breadcrumb\"},\"inLanguage\":\"fr-FR\",\"potentialAction\":[{\"@type\":\"ReadAction\",\"target\":[\"https:\/\/geoclimate.ge\/fr\/produit\/aqua-h-ce-linear-diffusers-slot-diffuser-corner-element\/\"]}]},{\"@type\":\"ImageObject\",\"inLanguage\":\"fr-FR\",\"@id\":\"https:\/\/geoclimate.ge\/fr\/produit\/aqua-h-ce-linear-diffusers-slot-diffuser-corner-element\/#primaryimage\",\"url\":\"https:\/\/geoclimate.ge\/wp-content\/uploads\/2025\/09\/AQUA-H-CE_HQ.jpg\",\"contentUrl\":\"https:\/\/geoclimate.ge\/wp-content\/uploads\/2025\/09\/AQUA-H-CE_HQ.jpg\",\"width\":384,\"height\":266},{\"@type\":\"BreadcrumbList\",\"@id\":\"https:\/\/geoclimate.ge\/fr\/produit\/aqua-h-ce-linear-diffusers-slot-diffuser-corner-element\/#breadcrumb\",\"itemListElement\":[{\"@type\":\"ListItem\",\"position\":1,\"name\":\"Home\",\"item\":\"https:\/\/geoclimate.ge\/fr\/\"},{\"@type\":\"ListItem\",\"position\":2,\"name\":\"Products\",\"item\":\"https:\/\/geoclimate.ge\/fr\/products\/\"},{\"@type\":\"ListItem\",\"position\":3,\"name\":\"Diffuseurs lin\u00e9aires AQUA-H-CE \u00c9l\u00e9ment d&#8217;angle pour diffuseur \u00e0 fentes\"}]},{\"@type\":\"WebSite\",\"@id\":\"https:\/\/geoclimate.ge\/#website\",\"url\":\"https:\/\/geoclimate.ge\/\",\"name\":\"GeoClimate\",\"description\":\"\",\"publisher\":{\"@id\":\"https:\/\/geoclimate.ge\/#organization\"},\"potentialAction\":[{\"@type\":\"SearchAction\",\"target\":{\"@type\":\"EntryPoint\",\"urlTemplate\":\"https:\/\/geoclimate.ge\/?s={search_term_string}\"},\"query-input\":{\"@type\":\"PropertyValueSpecification\",\"valueRequired\":true,\"valueName\":\"search_term_string\"}}],\"inLanguage\":\"fr-FR\"},{\"@type\":\"Organization\",\"@id\":\"https:\/\/geoclimate.ge\/#organization\",\"name\":\"GeoClimate\",\"url\":\"https:\/\/geoclimate.ge\/\",\"logo\":{\"@type\":\"ImageObject\",\"inLanguage\":\"fr-FR\",\"@id\":\"https:\/\/geoclimate.ge\/#\/schema\/logo\/image\/\",\"url\":\"https:\/\/geoclimate.ge\/wp-content\/uploads\/2026\/03\/geoclimate-SEO.png\",\"contentUrl\":\"https:\/\/geoclimate.ge\/wp-content\/uploads\/2026\/03\/geoclimate-SEO.png\",\"width\":1536,\"height\":1024,\"caption\":\"GeoClimate\"},\"image\":{\"@id\":\"https:\/\/geoclimate.ge\/#\/schema\/logo\/image\/\"}}]}<\/script>\n<!-- \/ Yoast SEO plugin. -->","yoast_head_json":{"title":"Diffuseurs lin\u00e9aires AQUA-H-CE \u00c9l\u00e9ment d'angle pour diffuseur \u00e0 fentes - GeoClimate.ge","robots":{"index":"index","follow":"follow","max-snippet":"max-snippet:-1","max-image-preview":"max-image-preview:large","max-video-preview":"max-video-preview:-1"},"canonical":"https:\/\/geoclimate.ge\/fr\/produit\/aqua-h-ce-linear-diffusers-slot-diffuser-corner-element\/","og_locale":"fr_FR","og_type":"article","og_title":"Diffuseurs lin\u00e9aires AQUA-H-CE \u00c9l\u00e9ment d'angle pour diffuseur \u00e0 fentes - GeoClimate.ge","og_description":"Conception robuste permettant de marcher sur le diffuseur install\u00e9  Faible niveau sonore pour une vitesse de soufflage d'air suffisamment \u00e9lev\u00e9e  Design moderne, fin et compact  \u00c9l\u00e9ment d'alimentation en air fonctionnel  Angles sur mesure disponibles sur demande       AQUA-H-CE-1-10-DC AQUA-H-CE-1-12-DC AQUA-H-CE-1-8-DC AQUA-H-CE-2-10-DC AQUA-H-CE-2-12-DC AQUA-H-CE-2-8-DC AQUA-H-CE-3-10-DC AQUA-H-CE-3-12-DC AQUA-H-CE-3-8-DC AQUA-H-CE-4-10-DC AQUA-H-CE-4-12-DC AQUA-H-CE-4-8-DC AQUA-H-CE-5-10-DC AQUA-H-CE-5-12-DC AQUA-H-CE-5-8-DC AQUA-H-CE-6-10-DC AQUA-H-CE-6-12-DC AQUA-H-CE-6-8-DC    AQUA-H-CE-1-10-DC#456484","og_url":"https:\/\/geoclimate.ge\/fr\/produit\/aqua-h-ce-linear-diffusers-slot-diffuser-corner-element\/","og_site_name":"GeoClimate.ge","article_modified_time":"2025-09-09T15:05:16+00:00","og_image":[{"width":384,"height":266,"url":"https:\/\/geoclimate.ge\/wp-content\/uploads\/2025\/09\/AQUA-H-CE_HQ.jpg","type":"image\/jpeg"}],"twitter_card":"summary_large_image","schema":{"@context":"https:\/\/schema.org","@graph":[{"@type":"WebPage","@id":"https:\/\/geoclimate.ge\/fr\/produit\/aqua-h-ce-linear-diffusers-slot-diffuser-corner-element\/","url":"https:\/\/geoclimate.ge\/fr\/produit\/aqua-h-ce-linear-diffusers-slot-diffuser-corner-element\/","name":"Diffuseurs lin\u00e9aires AQUA-H-CE \u00c9l\u00e9ment d'angle pour diffuseur \u00e0 fentes - GeoClimate.ge","isPartOf":{"@id":"https:\/\/geoclimate.ge\/#website"},"primaryImageOfPage":{"@id":"https:\/\/geoclimate.ge\/fr\/produit\/aqua-h-ce-linear-diffusers-slot-diffuser-corner-element\/#primaryimage"},"image":{"@id":"https:\/\/geoclimate.ge\/fr\/produit\/aqua-h-ce-linear-diffusers-slot-diffuser-corner-element\/#primaryimage"},"thumbnailUrl":"https:\/\/geoclimate.ge\/wp-content\/uploads\/2025\/09\/AQUA-H-CE_HQ.jpg","datePublished":"2025-09-09T15:01:34+00:00","dateModified":"2025-09-09T15:05:16+00:00","breadcrumb":{"@id":"https:\/\/geoclimate.ge\/fr\/produit\/aqua-h-ce-linear-diffusers-slot-diffuser-corner-element\/#breadcrumb"},"inLanguage":"fr-FR","potentialAction":[{"@type":"ReadAction","target":["https:\/\/geoclimate.ge\/fr\/produit\/aqua-h-ce-linear-diffusers-slot-diffuser-corner-element\/"]}]},{"@type":"ImageObject","inLanguage":"fr-FR","@id":"https:\/\/geoclimate.ge\/fr\/produit\/aqua-h-ce-linear-diffusers-slot-diffuser-corner-element\/#primaryimage","url":"https:\/\/geoclimate.ge\/wp-content\/uploads\/2025\/09\/AQUA-H-CE_HQ.jpg","contentUrl":"https:\/\/geoclimate.ge\/wp-content\/uploads\/2025\/09\/AQUA-H-CE_HQ.jpg","width":384,"height":266},{"@type":"BreadcrumbList","@id":"https:\/\/geoclimate.ge\/fr\/produit\/aqua-h-ce-linear-diffusers-slot-diffuser-corner-element\/#breadcrumb","itemListElement":[{"@type":"ListItem","position":1,"name":"Home","item":"https:\/\/geoclimate.ge\/fr\/"},{"@type":"ListItem","position":2,"name":"Products","item":"https:\/\/geoclimate.ge\/fr\/products\/"},{"@type":"ListItem","position":3,"name":"Diffuseurs lin\u00e9aires AQUA-H-CE \u00c9l\u00e9ment d&#8217;angle pour diffuseur \u00e0 fentes"}]},{"@type":"WebSite","@id":"https:\/\/geoclimate.ge\/#website","url":"https:\/\/geoclimate.ge\/","name":"GeoClimate","description":"","publisher":{"@id":"https:\/\/geoclimate.ge\/#organization"},"potentialAction":[{"@type":"SearchAction","target":{"@type":"EntryPoint","urlTemplate":"https:\/\/geoclimate.ge\/?s={search_term_string}"},"query-input":{"@type":"PropertyValueSpecification","valueRequired":true,"valueName":"search_term_string"}}],"inLanguage":"fr-FR"},{"@type":"Organization","@id":"https:\/\/geoclimate.ge\/#organization","name":"GeoClimate","url":"https:\/\/geoclimate.ge\/","logo":{"@type":"ImageObject","inLanguage":"fr-FR","@id":"https:\/\/geoclimate.ge\/#\/schema\/logo\/image\/","url":"https:\/\/geoclimate.ge\/wp-content\/uploads\/2026\/03\/geoclimate-SEO.png","contentUrl":"https:\/\/geoclimate.ge\/wp-content\/uploads\/2026\/03\/geoclimate-SEO.png","width":1536,"height":1024,"caption":"GeoClimate"},"image":{"@id":"https:\/\/geoclimate.ge\/#\/schema\/logo\/image\/"}}]}},"_links":{"self":[{"href":"https:\/\/geoclimate.ge\/fr\/wp-json\/wp\/v2\/product\/38631","targetHints":{"allow":["GET"]}}],"collection":[{"href":"https:\/\/geoclimate.ge\/fr\/wp-json\/wp\/v2\/product"}],"about":[{"href":"https:\/\/geoclimate.ge\/fr\/wp-json\/wp\/v2\/types\/product"}],"wp:featuredmedia":[{"embeddable":true,"href":"https:\/\/geoclimate.ge\/fr\/wp-json\/wp\/v2\/media\/38614"}],"wp:attachment":[{"href":"https:\/\/geoclimate.ge\/fr\/wp-json\/wp\/v2\/media?parent=38631"}],"wp:term":[{"taxonomy":"product_brand","embeddable":true,"href":"https:\/\/geoclimate.ge\/fr\/wp-json\/wp\/v2\/product_brand?post=38631"},{"taxonomy":"product_cat","embeddable":true,"href":"https:\/\/geoclimate.ge\/fr\/wp-json\/wp\/v2\/product_cat?post=38631"},{"taxonomy":"product_tag","embeddable":true,"href":"https:\/\/geoclimate.ge\/fr\/wp-json\/wp\/v2\/product_tag?post=38631"}],"curies":[{"name":"wp","href":"https:\/\/api.w.org\/{rel}","templated":true}]}}