{"id":39909,"date":"2025-09-10T19:19:17","date_gmt":"2025-09-10T15:19:17","guid":{"rendered":"https:\/\/airsystems.ge\/shop\/product\/pzals-louvres-aluminium-external-louvre-with-wide-blades-for-protection-against-rainwater-penetration\/"},"modified":"2025-09-10T19:21:55","modified_gmt":"2025-09-10T15:21:55","slug":"pzals-louvres-aluminium-external-louvre-with-wide-blades-for-protection-against-rainwater-penetration","status":"publish","type":"product","link":"https:\/\/geoclimate.ge\/fr\/produit\/pzals-louvres-aluminium-external-louvre-with-wide-blades-for-protection-against-rainwater-penetration\/","title":{"rendered":"Grilles PZALS Grille ext\u00e9rieure en aluminium \u00e0 larges lames pour une protection contre la p\u00e9n\u00e9tration des eaux de pluie"},"content":{"rendered":"","protected":false},"excerpt":{"rendered":"<div class=\"row\">\n<div class=\"col-12 text-style-body-small\">\n<div class=\"richtext-wrap reset-margin-last\">\n<p>Robuste<\/p>\n<p>Stabilit\u00e9 m\u00e9canique<\/p>\n<p>S\u00e9paration efficace des eaux de pluie<\/p>\n<p>Lames ext\u00e9rieures<\/p>\n<\/div>\n<\/div>\n<\/div>\n<div class=\"flex flex-col gap-200\">\n<div class=\"flex flex-col flex-wrap gap-100 md:flex-row md:items-center gtm-purchase-option\" data-gtm-name=\"lenght\" data-gtm-label=\"Width\">\n<p><label class=\"flex gap-050 md:w-700 leading-none hyphens-auto print:w-full print:max-w-2\/5 text-label-small\">Width<\/label><\/p>\n<div class=\"flex flex-1 flex-wrap gap-050\">\n<div class=\"dropdown-wrapper dropdown-wrapper-small w-full gtm-purchase-option-value gtm-purchase-option-value-dropdown\"><select class=\"form-dropdown form-input form-dropdown-small\"><option value=\"355\" data-gtm-name=\"355\" data-gtm-label=\"355\">355<\/option><option value=\"400\" data-gtm-name=\"400\" data-gtm-label=\"400\">400<\/option><option value=\"450\" data-gtm-name=\"450\" data-gtm-label=\"450\">450<\/option><option value=\"500\" data-gtm-name=\"500\" data-gtm-label=\"500\">500<\/option><option value=\"560\" data-gtm-name=\"560\" data-gtm-label=\"560\">560<\/option><option value=\"630\" data-gtm-name=\"630\" data-gtm-label=\"630\">630<\/option><option value=\"710\" data-gtm-name=\"710\" data-gtm-label=\"710\">710<\/option><option value=\"800\" data-gtm-name=\"800\" data-gtm-label=\"800\">800<\/option><option value=\"900\" data-gtm-name=\"900\" data-gtm-label=\"900\">900<\/option><option value=\"1000\" data-gtm-name=\"1000\" data-gtm-label=\"1000\">1000<\/option><option value=\"1120\" data-gtm-name=\"1120\" data-gtm-label=\"1120\">1120<\/option><option value=\"1250\" data-gtm-name=\"1250\" data-gtm-label=\"1250\">1250<\/option><option value=\"1400\" data-gtm-name=\"1400\" data-gtm-label=\"1400\">1400<\/option><option value=\"1500\" data-gtm-name=\"1500\" data-gtm-label=\"1500\">1500<\/option><option value=\"1600\" data-gtm-name=\"1600\" data-gtm-label=\"1600\">1600<\/option><option value=\"1700\" data-gtm-name=\"1700\" data-gtm-label=\"1700\">1700<\/option><option value=\"1800\" data-gtm-name=\"1800\" data-gtm-label=\"1800\">1800<\/option><option value=\"1900\" data-gtm-name=\"1900\" data-gtm-label=\"1900\">1900<\/option><option value=\"2000\" data-gtm-name=\"2000\" data-gtm-label=\"2000\">2000<\/option><\/select><\/div>\n<\/div>\n<\/div>\n<div class=\"flex flex-col flex-wrap gap-100 md:flex-row md:items-center gtm-purchase-option\" data-gtm-name=\"height\" data-gtm-label=\"Height\">\n<p><label class=\"flex gap-050 md:w-700 leading-none hyphens-auto print:w-full print:max-w-2\/5 text-label-small\">Height<\/label><\/p>\n<div class=\"flex flex-1 flex-wrap gap-050\">\n<div class=\"dropdown-wrapper dropdown-wrapper-small w-full gtm-purchase-option-value gtm-purchase-option-value-dropdown\"><select class=\"form-dropdown form-input form-dropdown-small\"><option value=\"355\" data-gtm-name=\"355\" data-gtm-label=\"355\">355<\/option><option value=\"400\" data-gtm-name=\"400\" data-gtm-label=\"400\">400<\/option><option value=\"450\" data-gtm-name=\"450\" data-gtm-label=\"450\">450<\/option><option value=\"500\" data-gtm-name=\"500\" data-gtm-label=\"500\">500<\/option><option value=\"560\" data-gtm-name=\"560\" data-gtm-label=\"560\">560<\/option><option value=\"630\" data-gtm-name=\"630\" data-gtm-label=\"630\">630<\/option><option value=\"710\" data-gtm-name=\"710\" data-gtm-label=\"710\">710<\/option><option value=\"800\" data-gtm-name=\"800\" data-gtm-label=\"800\">800<\/option><option value=\"900\" data-gtm-name=\"900\" data-gtm-label=\"900\">900<\/option><option value=\"1000\" data-gtm-name=\"1000\" data-gtm-label=\"1000\">1000<\/option><option value=\"1120\" data-gtm-name=\"1120\" data-gtm-label=\"1120\">1120<\/option><option value=\"1250\" data-gtm-name=\"1250\" data-gtm-label=\"1250\">1250<\/option><option value=\"1400\" data-gtm-name=\"1400\" data-gtm-label=\"1400\">1400<\/option><option value=\"1500\" data-gtm-name=\"1500\" data-gtm-label=\"1500\">1500<\/option><option value=\"1600\" data-gtm-name=\"1600\" data-gtm-label=\"1600\">1600<\/option><option value=\"1700\" data-gtm-name=\"1700\" data-gtm-label=\"1700\">1700<\/option><option value=\"1800\" data-gtm-name=\"1800\" data-gtm-label=\"1800\">1800<\/option><option value=\"1900\" data-gtm-name=\"1900\" data-gtm-label=\"1900\">1900<\/option><option value=\"2000\" data-gtm-name=\"2000\" data-gtm-label=\"2000\">2000<\/option><\/select><\/div>\n<\/div>\n<\/div>\n<div class=\"flex flex-col flex-wrap gap-100 md:flex-row md:items-center gtm-purchase-option\" data-gtm-name=\"accessories\" data-gtm-label=\"Mounting frame\">\n<p><label class=\"flex gap-050 md:w-700 leading-none hyphens-auto print:w-full print:max-w-2\/5 text-label-small\">Mounting frame<\/label><\/p>\n<div class=\"flex flex-1 flex-wrap gap-050\"><button class=\"select-btn select-btn-small select-btn-selected gtm-purchase-option-value\" type=\"button\" data-gtm-name=\"Without mounting frame\" data-gtm-label=\"Without mounting frame\">Without mounting frame<\/button><button class=\"select-btn select-btn-small select-btn-default gtm-purchase-option-value\" type=\"button\" data-gtm-name=\"Mounting frame\" data-gtm-label=\"Mounting frame\">Mounting frame<\/button><\/div>\n<\/div>\n<div class=\"flex flex-col flex-wrap gap-100 md:flex-row md:items-center gtm-purchase-option\" data-gtm-name=\"mesh_screen\" data-gtm-label=\"Welded mesh screen\">\n<p><label class=\"flex gap-050 md:w-700 leading-none hyphens-auto print:w-full print:max-w-2\/5 text-label-small\">Welded mesh screen<\/label><\/p>\n<div class=\"flex flex-1 flex-wrap gap-050\">\n<div class=\"dropdown-wrapper dropdown-wrapper-small w-full gtm-purchase-option-value gtm-purchase-option-value-dropdown\"><select class=\"form-dropdown form-input form-dropdown-small\"><option value=\"0\" data-gtm-name=\"Without welded mesh screen\" data-gtm-label=\"Without welded mesh screen\">Without welded mesh screen<\/option><option value=\"1\" data-gtm-name=\"With welded mesh screen\" data-gtm-label=\"With welded mesh screen\">With welded mesh screen<\/option><\/select><\/div>\n<\/div>\n<\/div>\n<\/div>\n<div class=\"gtm-sku-info flex flex-col gap-y-050 text-label-tiny text-neutral-600\">\n<div class=\"flex flex-wrap items-baseline gap-x-100 gap-y-025\"><span class=\"gtm-article-name\">PZALS-355&#215;355<\/span><span class=\"whitespace-nowrap gtm-article-number text-base font-bold\">#336629<\/span><\/div>\n<\/div>\n","protected":false},"featured_media":39885,"template":"","meta":[],"product_brand":[],"product_cat":[1980,1841],"product_tag":[],"class_list":{"0":"post-39909","1":"product","2":"type-product","3":"status-publish","4":"has-post-thumbnail","6":"product_cat-grilles-de-ventilation-fr","7":"product_cat-produits-de-distribution-dair","9":"first","10":"instock","11":"shipping-taxable","12":"product-type-simple"},"yoast_head":"<!-- This site is optimized with the Yoast SEO plugin v27.1.1 - https:\/\/yoast.com\/product\/yoast-seo-wordpress\/ -->\n<title>Grilles PZALS Grille ext\u00e9rieure en aluminium \u00e0 larges lames pour une protection contre la p\u00e9n\u00e9tration des eaux de pluie - GeoClimate.ge<\/title>\n<meta name=\"robots\" content=\"index, follow, max-snippet:-1, max-image-preview:large, max-video-preview:-1\" \/>\n<link rel=\"canonical\" href=\"https:\/\/geoclimate.ge\/fr\/produit\/pzals-louvres-aluminium-external-louvre-with-wide-blades-for-protection-against-rainwater-penetration\/\" \/>\n<meta property=\"og:locale\" content=\"fr_FR\" \/>\n<meta property=\"og:type\" content=\"article\" \/>\n<meta property=\"og:title\" content=\"Grilles PZALS Grille ext\u00e9rieure en aluminium \u00e0 larges lames pour une protection contre la p\u00e9n\u00e9tration des eaux de pluie - GeoClimate.ge\" \/>\n<meta property=\"og:description\" content=\"Robuste  Stabilit\u00e9 m\u00e9canique  S\u00e9paration efficace des eaux de pluie  Lames ext\u00e9rieures        Width   355 400 450 500 560 630 710 800 900 1000 1120 1250 1400 1500 1600 1700 1800 1900 2000      Height   355 400 450 500 560 630 710 800 900 1000 1120 1250 1400 1500 1600 1700 1800 1900 2000      Mounting frame Without mounting frameMounting frame    Welded mesh screen   Without welded mesh screen With welded mesh screen      PZALS-355x355#336629\" \/>\n<meta property=\"og:url\" content=\"https:\/\/geoclimate.ge\/fr\/produit\/pzals-louvres-aluminium-external-louvre-with-wide-blades-for-protection-against-rainwater-penetration\/\" \/>\n<meta property=\"og:site_name\" content=\"GeoClimate.ge\" \/>\n<meta property=\"article:modified_time\" content=\"2025-09-10T15:21:55+00:00\" \/>\n<meta property=\"og:image\" content=\"https:\/\/geoclimate.ge\/wp-content\/uploads\/2025\/09\/STORYBLOK_PZALS_HQ.jpg\" \/>\n\t<meta property=\"og:image:width\" content=\"384\" \/>\n\t<meta property=\"og:image:height\" content=\"288\" \/>\n\t<meta property=\"og:image:type\" content=\"image\/jpeg\" \/>\n<meta name=\"twitter:card\" content=\"summary_large_image\" \/>\n<script type=\"application\/ld+json\" class=\"yoast-schema-graph\">{\"@context\":\"https:\/\/schema.org\",\"@graph\":[{\"@type\":\"WebPage\",\"@id\":\"https:\/\/geoclimate.ge\/fr\/produit\/pzals-louvres-aluminium-external-louvre-with-wide-blades-for-protection-against-rainwater-penetration\/\",\"url\":\"https:\/\/geoclimate.ge\/fr\/produit\/pzals-louvres-aluminium-external-louvre-with-wide-blades-for-protection-against-rainwater-penetration\/\",\"name\":\"Grilles PZALS Grille ext\u00e9rieure en aluminium \u00e0 larges lames pour une protection contre la p\u00e9n\u00e9tration des eaux de pluie - GeoClimate.ge\",\"isPartOf\":{\"@id\":\"https:\/\/geoclimate.ge\/#website\"},\"primaryImageOfPage\":{\"@id\":\"https:\/\/geoclimate.ge\/fr\/produit\/pzals-louvres-aluminium-external-louvre-with-wide-blades-for-protection-against-rainwater-penetration\/#primaryimage\"},\"image\":{\"@id\":\"https:\/\/geoclimate.ge\/fr\/produit\/pzals-louvres-aluminium-external-louvre-with-wide-blades-for-protection-against-rainwater-penetration\/#primaryimage\"},\"thumbnailUrl\":\"https:\/\/geoclimate.ge\/wp-content\/uploads\/2025\/09\/STORYBLOK_PZALS_HQ.jpg\",\"datePublished\":\"2025-09-10T15:19:17+00:00\",\"dateModified\":\"2025-09-10T15:21:55+00:00\",\"breadcrumb\":{\"@id\":\"https:\/\/geoclimate.ge\/fr\/produit\/pzals-louvres-aluminium-external-louvre-with-wide-blades-for-protection-against-rainwater-penetration\/#breadcrumb\"},\"inLanguage\":\"fr-FR\",\"potentialAction\":[{\"@type\":\"ReadAction\",\"target\":[\"https:\/\/geoclimate.ge\/fr\/produit\/pzals-louvres-aluminium-external-louvre-with-wide-blades-for-protection-against-rainwater-penetration\/\"]}]},{\"@type\":\"ImageObject\",\"inLanguage\":\"fr-FR\",\"@id\":\"https:\/\/geoclimate.ge\/fr\/produit\/pzals-louvres-aluminium-external-louvre-with-wide-blades-for-protection-against-rainwater-penetration\/#primaryimage\",\"url\":\"https:\/\/geoclimate.ge\/wp-content\/uploads\/2025\/09\/STORYBLOK_PZALS_HQ.jpg\",\"contentUrl\":\"https:\/\/geoclimate.ge\/wp-content\/uploads\/2025\/09\/STORYBLOK_PZALS_HQ.jpg\",\"width\":384,\"height\":288},{\"@type\":\"BreadcrumbList\",\"@id\":\"https:\/\/geoclimate.ge\/fr\/produit\/pzals-louvres-aluminium-external-louvre-with-wide-blades-for-protection-against-rainwater-penetration\/#breadcrumb\",\"itemListElement\":[{\"@type\":\"ListItem\",\"position\":1,\"name\":\"Home\",\"item\":\"https:\/\/geoclimate.ge\/fr\/\"},{\"@type\":\"ListItem\",\"position\":2,\"name\":\"Products\",\"item\":\"https:\/\/geoclimate.ge\/fr\/products\/\"},{\"@type\":\"ListItem\",\"position\":3,\"name\":\"Grilles PZALS Grille ext\u00e9rieure en aluminium \u00e0 larges lames pour une protection contre la p\u00e9n\u00e9tration des eaux de pluie\"}]},{\"@type\":\"WebSite\",\"@id\":\"https:\/\/geoclimate.ge\/#website\",\"url\":\"https:\/\/geoclimate.ge\/\",\"name\":\"GeoClimate\",\"description\":\"\",\"publisher\":{\"@id\":\"https:\/\/geoclimate.ge\/#organization\"},\"potentialAction\":[{\"@type\":\"SearchAction\",\"target\":{\"@type\":\"EntryPoint\",\"urlTemplate\":\"https:\/\/geoclimate.ge\/?s={search_term_string}\"},\"query-input\":{\"@type\":\"PropertyValueSpecification\",\"valueRequired\":true,\"valueName\":\"search_term_string\"}}],\"inLanguage\":\"fr-FR\"},{\"@type\":\"Organization\",\"@id\":\"https:\/\/geoclimate.ge\/#organization\",\"name\":\"GeoClimate\",\"url\":\"https:\/\/geoclimate.ge\/\",\"logo\":{\"@type\":\"ImageObject\",\"inLanguage\":\"fr-FR\",\"@id\":\"https:\/\/geoclimate.ge\/#\/schema\/logo\/image\/\",\"url\":\"https:\/\/geoclimate.ge\/wp-content\/uploads\/2026\/03\/geoclimate-SEO.png\",\"contentUrl\":\"https:\/\/geoclimate.ge\/wp-content\/uploads\/2026\/03\/geoclimate-SEO.png\",\"width\":1536,\"height\":1024,\"caption\":\"GeoClimate\"},\"image\":{\"@id\":\"https:\/\/geoclimate.ge\/#\/schema\/logo\/image\/\"}}]}<\/script>\n<!-- \/ Yoast SEO plugin. -->","yoast_head_json":{"title":"Grilles PZALS Grille ext\u00e9rieure en aluminium \u00e0 larges lames pour une protection contre la p\u00e9n\u00e9tration des eaux de pluie - GeoClimate.ge","robots":{"index":"index","follow":"follow","max-snippet":"max-snippet:-1","max-image-preview":"max-image-preview:large","max-video-preview":"max-video-preview:-1"},"canonical":"https:\/\/geoclimate.ge\/fr\/produit\/pzals-louvres-aluminium-external-louvre-with-wide-blades-for-protection-against-rainwater-penetration\/","og_locale":"fr_FR","og_type":"article","og_title":"Grilles PZALS Grille ext\u00e9rieure en aluminium \u00e0 larges lames pour une protection contre la p\u00e9n\u00e9tration des eaux de pluie - GeoClimate.ge","og_description":"Robuste  Stabilit\u00e9 m\u00e9canique  S\u00e9paration efficace des eaux de pluie  Lames ext\u00e9rieures        Width   355 400 450 500 560 630 710 800 900 1000 1120 1250 1400 1500 1600 1700 1800 1900 2000      Height   355 400 450 500 560 630 710 800 900 1000 1120 1250 1400 1500 1600 1700 1800 1900 2000      Mounting frame Without mounting frameMounting frame    Welded mesh screen   Without welded mesh screen With welded mesh screen      PZALS-355x355#336629","og_url":"https:\/\/geoclimate.ge\/fr\/produit\/pzals-louvres-aluminium-external-louvre-with-wide-blades-for-protection-against-rainwater-penetration\/","og_site_name":"GeoClimate.ge","article_modified_time":"2025-09-10T15:21:55+00:00","og_image":[{"width":384,"height":288,"url":"https:\/\/geoclimate.ge\/wp-content\/uploads\/2025\/09\/STORYBLOK_PZALS_HQ.jpg","type":"image\/jpeg"}],"twitter_card":"summary_large_image","schema":{"@context":"https:\/\/schema.org","@graph":[{"@type":"WebPage","@id":"https:\/\/geoclimate.ge\/fr\/produit\/pzals-louvres-aluminium-external-louvre-with-wide-blades-for-protection-against-rainwater-penetration\/","url":"https:\/\/geoclimate.ge\/fr\/produit\/pzals-louvres-aluminium-external-louvre-with-wide-blades-for-protection-against-rainwater-penetration\/","name":"Grilles PZALS Grille ext\u00e9rieure en aluminium \u00e0 larges lames pour une protection contre la p\u00e9n\u00e9tration des eaux de pluie - GeoClimate.ge","isPartOf":{"@id":"https:\/\/geoclimate.ge\/#website"},"primaryImageOfPage":{"@id":"https:\/\/geoclimate.ge\/fr\/produit\/pzals-louvres-aluminium-external-louvre-with-wide-blades-for-protection-against-rainwater-penetration\/#primaryimage"},"image":{"@id":"https:\/\/geoclimate.ge\/fr\/produit\/pzals-louvres-aluminium-external-louvre-with-wide-blades-for-protection-against-rainwater-penetration\/#primaryimage"},"thumbnailUrl":"https:\/\/geoclimate.ge\/wp-content\/uploads\/2025\/09\/STORYBLOK_PZALS_HQ.jpg","datePublished":"2025-09-10T15:19:17+00:00","dateModified":"2025-09-10T15:21:55+00:00","breadcrumb":{"@id":"https:\/\/geoclimate.ge\/fr\/produit\/pzals-louvres-aluminium-external-louvre-with-wide-blades-for-protection-against-rainwater-penetration\/#breadcrumb"},"inLanguage":"fr-FR","potentialAction":[{"@type":"ReadAction","target":["https:\/\/geoclimate.ge\/fr\/produit\/pzals-louvres-aluminium-external-louvre-with-wide-blades-for-protection-against-rainwater-penetration\/"]}]},{"@type":"ImageObject","inLanguage":"fr-FR","@id":"https:\/\/geoclimate.ge\/fr\/produit\/pzals-louvres-aluminium-external-louvre-with-wide-blades-for-protection-against-rainwater-penetration\/#primaryimage","url":"https:\/\/geoclimate.ge\/wp-content\/uploads\/2025\/09\/STORYBLOK_PZALS_HQ.jpg","contentUrl":"https:\/\/geoclimate.ge\/wp-content\/uploads\/2025\/09\/STORYBLOK_PZALS_HQ.jpg","width":384,"height":288},{"@type":"BreadcrumbList","@id":"https:\/\/geoclimate.ge\/fr\/produit\/pzals-louvres-aluminium-external-louvre-with-wide-blades-for-protection-against-rainwater-penetration\/#breadcrumb","itemListElement":[{"@type":"ListItem","position":1,"name":"Home","item":"https:\/\/geoclimate.ge\/fr\/"},{"@type":"ListItem","position":2,"name":"Products","item":"https:\/\/geoclimate.ge\/fr\/products\/"},{"@type":"ListItem","position":3,"name":"Grilles PZALS Grille ext\u00e9rieure en aluminium \u00e0 larges lames pour une protection contre la p\u00e9n\u00e9tration des eaux de pluie"}]},{"@type":"WebSite","@id":"https:\/\/geoclimate.ge\/#website","url":"https:\/\/geoclimate.ge\/","name":"GeoClimate","description":"","publisher":{"@id":"https:\/\/geoclimate.ge\/#organization"},"potentialAction":[{"@type":"SearchAction","target":{"@type":"EntryPoint","urlTemplate":"https:\/\/geoclimate.ge\/?s={search_term_string}"},"query-input":{"@type":"PropertyValueSpecification","valueRequired":true,"valueName":"search_term_string"}}],"inLanguage":"fr-FR"},{"@type":"Organization","@id":"https:\/\/geoclimate.ge\/#organization","name":"GeoClimate","url":"https:\/\/geoclimate.ge\/","logo":{"@type":"ImageObject","inLanguage":"fr-FR","@id":"https:\/\/geoclimate.ge\/#\/schema\/logo\/image\/","url":"https:\/\/geoclimate.ge\/wp-content\/uploads\/2026\/03\/geoclimate-SEO.png","contentUrl":"https:\/\/geoclimate.ge\/wp-content\/uploads\/2026\/03\/geoclimate-SEO.png","width":1536,"height":1024,"caption":"GeoClimate"},"image":{"@id":"https:\/\/geoclimate.ge\/#\/schema\/logo\/image\/"}}]}},"_links":{"self":[{"href":"https:\/\/geoclimate.ge\/fr\/wp-json\/wp\/v2\/product\/39909","targetHints":{"allow":["GET"]}}],"collection":[{"href":"https:\/\/geoclimate.ge\/fr\/wp-json\/wp\/v2\/product"}],"about":[{"href":"https:\/\/geoclimate.ge\/fr\/wp-json\/wp\/v2\/types\/product"}],"wp:featuredmedia":[{"embeddable":true,"href":"https:\/\/geoclimate.ge\/fr\/wp-json\/wp\/v2\/media\/39885"}],"wp:attachment":[{"href":"https:\/\/geoclimate.ge\/fr\/wp-json\/wp\/v2\/media?parent=39909"}],"wp:term":[{"taxonomy":"product_brand","embeddable":true,"href":"https:\/\/geoclimate.ge\/fr\/wp-json\/wp\/v2\/product_brand?post=39909"},{"taxonomy":"product_cat","embeddable":true,"href":"https:\/\/geoclimate.ge\/fr\/wp-json\/wp\/v2\/product_cat?post=39909"},{"taxonomy":"product_tag","embeddable":true,"href":"https:\/\/geoclimate.ge\/fr\/wp-json\/wp\/v2\/product_tag?post=39909"}],"curies":[{"name":"wp","href":"https:\/\/api.w.org\/{rel}","templated":true}]}}