{"id":40060,"date":"2025-09-21T18:31:22","date_gmt":"2025-09-21T14:31:22","guid":{"rendered":"https:\/\/airsystems.ge\/shop\/product\/master-sp-30-60-indirect-oil-fired-heaters-air-heating-systems-with-indirect-oil-burners\/"},"modified":"2025-09-21T19:21:50","modified_gmt":"2025-09-21T15:21:50","slug":"master-sp-30-60-indirect-oil-fired-heaters-air-heating-systems-with-indirect-oil-burners","status":"publish","type":"product","link":"https:\/\/geoclimate.ge\/fr\/produit\/master-sp-30-60-indirect-oil-fired-heaters-air-heating-systems-with-indirect-oil-burners\/","title":{"rendered":"Master SP 30-60 \u2013 A\u00e9rothermes fioul indirects Syst\u00e8mes de chauffage d&rsquo;air avec br\u00fbleurs fioul indirects"},"content":{"rendered":"<section class=\"max-w-[1088px] mx-auto w-full px-5 my-10 md:my-12 lg:my-16 xl:my-20 xl:px-0\" data-block=\"bullet-list\">\n<div class=\"md:text-center\">\n<p><strong>Caract\u00e9ristiques principales<\/strong><\/p>\n<p>Grand r\u00e9servoir d&rsquo;huile int\u00e9gr\u00e9 de s\u00e9rie<br \/>\nPl\u00e9num d&rsquo;alimentation \u00e0 4 faces avec ailettes directionnelles<br \/>\nStructure tubulaire compl\u00e8te pour une grande rigidit\u00e9<br \/>\nChambre de combustion en acier inoxydable avec \u00e9changeur de chaleur \u00e0 haut rendement<br \/>\nPanneau de commande int\u00e9gr\u00e9 avec protection, voyants lumineux et s\u00e9lecteur<br \/>\nPanneaux de carrosserie renforc\u00e9s<br \/>\nVentilateur centrifuge haute pression \u00e0 double aspiration<br \/>\nCommutateur \u00e9t\u00e9\/hiver pour la ventilation seule<br \/>\nId\u00e9al pour le chauffage et la protection hors gel des garages, ateliers, entrep\u00f4ts, b\u00e2timents d&rsquo;\u00e9levage, etc.<br \/>\nFonctionne au biocarburant HVO100, au diesel ou au k\u00e9ros\u00e8ne<\/p>\n<\/div>\n<\/section>\n<section class=\"max-w-[1088px] mx-auto w-full px-5 my-10 md:my-12 lg:my-16 xl:my-20 xl:px-0\" data-block=\"product-specifications\">\n<div class=\"md:text-center\">\n<h3 class=\"text-black font-bold text-lg md:text-xl lg:text-2xl\"><strong>Product specifications<\/strong><\/h3>\n<\/div>\n<div class=\"mt-6 md:mt-10\">\n<div class=\"lg:flex flex-wrap\">\n<div class=\"lg:mr-10 relative z-[1]\">\n<ul class=\"hidden lg:block\">\n<li>\n<h4 class=\"font-bold\">Select model:<\/h4>\n<\/li>\n<li class=\"mt-2\"><a class=\"underline underline-offset-2 transition duration-300 ease-linear hover:decoration-black decoration-transparent\" href=\"https:\/\/www.danthermgroup.com\/products\/sovelor-sp-30-60#spec-sp-30\" data-spec-tab=\"\">SP\u00a030<\/a><\/li>\n<li class=\"mt-2\"><a class=\"underline underline-offset-2 transition duration-300 ease-linear hover:decoration-black decoration-black\" href=\"https:\/\/www.danthermgroup.com\/products\/sovelor-sp-30-60#spec-sp-60\" data-spec-tab=\"\">SP\u00a060<\/a><\/li>\n<\/ul>\n<div data-mount=\"ProductSpecs\">\n<table class=\"w-full table-fixed mb-0\" style=\"height: 343px;\" width=\"402\">\n<thead>\n<tr>\n<th class=\"font-bold text-base\"><span class=\"block px-4\">Specifications<\/span><\/th>\n<th class=\"font-bold text-base text-center\"><span class=\"block px-10 md:px-20\">Units<\/span><\/th>\n<th class=\"font-bold text-base text-center will-change\"><span class=\"block px-4\">SP\u00a030<\/span><\/th>\n<\/tr>\n<\/thead>\n<tbody>\n<tr class=\"bg-grey-200\/50 p-2\">\n<td colspan=\"1\"><span class=\"block px-4\">Heating power<\/span><\/td>\n<td class=\"text-center\">\n<div class=\"px-10 md:px-20 flex items-center justify-center\">kW<\/div>\n<\/td>\n<td class=\"text-center will-change\">\n<div class=\"px-10 md:px-20 flex items-center justify-center\">27.55<\/div>\n<\/td>\n<\/tr>\n<tr class=\" p-2\">\n<td colspan=\"1\"><span class=\"block px-4\">Air flow<\/span><\/td>\n<td class=\"text-center\">\n<div class=\"px-10 md:px-20 flex items-center justify-center\">m\u00b3\/h<\/div>\n<\/td>\n<td class=\"text-center will-change\">\n<div class=\"px-10 md:px-20 flex items-center justify-center\">2,700<\/div>\n<\/td>\n<\/tr>\n<tr class=\"bg-grey-200\/50 p-2\">\n<td colspan=\"1\"><span class=\"block px-4\">Performance<\/span><\/td>\n<td class=\"text-center\">\n<div class=\"px-10 md:px-20 flex items-center justify-center\">%<\/div>\n<\/td>\n<td class=\"text-center will-change\">\n<div class=\"px-10 md:px-20 flex items-center justify-center\">93.9<\/div>\n<\/td>\n<\/tr>\n<tr class=\" p-2\">\n<td colspan=\"1\"><span class=\"block px-4\">Fuel consumption<\/span><\/td>\n<td class=\"text-center\">\n<div class=\"px-10 md:px-20 flex items-center justify-center\">kg\/h<\/div>\n<\/td>\n<td class=\"text-center will-change\">\n<div class=\"px-10 md:px-20 flex items-center justify-center\">2.18<\/div>\n<\/td>\n<\/tr>\n<tr class=\"bg-grey-200\/50 p-2\">\n<td colspan=\"1\"><span class=\"block px-4\">Air pressure<\/span><\/td>\n<td class=\"text-center\">\n<div class=\"px-10 md:px-20 flex items-center justify-center\">Pa<\/div>\n<\/td>\n<td class=\"text-center will-change\">\n<div class=\"px-10 md:px-20 flex items-center justify-center\">150<\/div>\n<\/td>\n<\/tr>\n<tr class=\" p-2\">\n<td colspan=\"1\"><span class=\"block px-4\">Power supply<\/span><\/td>\n<td class=\"text-center\">\n<div class=\"px-10 md:px-20 flex items-center justify-center\">V\/Hz<\/div>\n<\/td>\n<td class=\"text-center will-change\">\n<div class=\"px-10 md:px-20 flex items-center justify-center\">230\/1ph\/50<\/div>\n<\/td>\n<\/tr>\n<tr class=\"bg-grey-200\/50 p-2\">\n<td colspan=\"1\"><span class=\"block px-4\">Electric power<\/span><\/td>\n<td class=\"text-center\">\n<div class=\"px-10 md:px-20 flex items-center justify-center\">W<\/div>\n<\/td>\n<td class=\"text-center will-change\">\n<div class=\"px-10 md:px-20 flex items-center justify-center\">690<\/div>\n<\/td>\n<\/tr>\n<tr class=\" p-2\">\n<td colspan=\"1\"><span class=\"block px-4\">Chimney connection diameter<\/span><\/td>\n<td class=\"text-center\">\n<div class=\"px-10 md:px-20 flex items-center justify-center\">\u00d8mm<\/div>\n<\/td>\n<td class=\"text-center will-change\">\n<div class=\"px-10 md:px-20 flex items-center justify-center\">153<\/div>\n<\/td>\n<\/tr>\n<tr class=\"bg-grey-200\/50 p-2\">\n<td colspan=\"1\"><span class=\"block px-4\">Product size (l x w x h)<\/span><\/td>\n<td class=\"text-center\">\n<div class=\"px-10 md:px-20 flex items-center justify-center\">mm<\/div>\n<\/td>\n<td class=\"text-center will-change\">\n<div class=\"px-10 md:px-20 flex items-center justify-center\">511 x 935 x 1605<\/div>\n<\/td>\n<\/tr>\n<tr class=\" p-2\">\n<td colspan=\"1\"><span class=\"block px-4\">Weight<\/span><\/td>\n<td class=\"text-center\">\n<div class=\"px-10 md:px-20 flex items-center justify-center\">kg<\/div>\n<\/td>\n<td class=\"text-center will-change\">\n<div class=\"px-10 md:px-20 flex items-center justify-center\">115<\/div>\n<\/td>\n<\/tr>\n<\/tbody>\n<\/table>\n<\/div>\n<\/div>\n<div class=\"lg:mt-0 md:mt-6 lg:flex-1\">\n<div id=\"spec-sp-60\" class=\"prose max-w-full md:overflow-auto\" data-spec-content=\"\">\n<div class=\"spreadsheet-container hidden md:block\">\n<table class=\"w-full table-fixed mb-0\">\n<thead>\n<tr>\n<th class=\"font-bold text-base\"><span class=\"block px-4\">Specifications<\/span><\/th>\n<th class=\"font-bold text-base text-center\"><span class=\"block px-10 md:px-20\">Units<\/span><\/th>\n<th class=\"font-bold text-base text-center will-change\"><span class=\"block px-4\">SP\u00a060<\/span><\/th>\n<\/tr>\n<\/thead>\n<tbody>\n<tr class=\"bg-grey-200\/50 p-2\">\n<td colspan=\"1\"><span class=\"block px-4\">Heating power<\/span><\/td>\n<td class=\"text-center\">\n<div class=\"px-10 md:px-20 flex items-center justify-center\">kW<\/div>\n<\/td>\n<td class=\"text-center will-change\">\n<div class=\"px-10 md:px-20 flex items-center justify-center\">59.53<\/div>\n<\/td>\n<\/tr>\n<tr class=\" p-2\">\n<td colspan=\"1\"><span class=\"block px-4\">Air flow<\/span><\/td>\n<td class=\"text-center\">\n<div class=\"px-10 md:px-20 flex items-center justify-center\">m\u00b3\/h<\/div>\n<\/td>\n<td class=\"text-center will-change\">\n<div class=\"px-10 md:px-20 flex items-center justify-center\">6,000<\/div>\n<\/td>\n<\/tr>\n<tr class=\"bg-grey-200\/50 p-2\">\n<td colspan=\"1\"><span class=\"block px-4\">Performance<\/span><\/td>\n<td class=\"text-center\">\n<div class=\"px-10 md:px-20 flex items-center justify-center\">%<\/div>\n<\/td>\n<td class=\"text-center will-change\">\n<div class=\"px-10 md:px-20 flex items-center justify-center\">93.6<\/div>\n<\/td>\n<\/tr>\n<tr class=\" p-2\">\n<td colspan=\"1\"><span class=\"block px-4\">Fuel consumption<\/span><\/td>\n<td class=\"text-center\">\n<div class=\"px-10 md:px-20 flex items-center justify-center\">kg\/h<\/div>\n<\/td>\n<td class=\"text-center will-change\">\n<div class=\"px-10 md:px-20 flex items-center justify-center\">4.7<\/div>\n<\/td>\n<\/tr>\n<tr class=\"bg-grey-200\/50 p-2\">\n<td colspan=\"1\"><span class=\"block px-4\">Air pressure<\/span><\/td>\n<td class=\"text-center\">\n<div class=\"px-10 md:px-20 flex items-center justify-center\">Pa<\/div>\n<\/td>\n<td class=\"text-center will-change\">\n<div class=\"px-10 md:px-20 flex items-center justify-center\">150<\/div>\n<\/td>\n<\/tr>\n<tr class=\" p-2\">\n<td colspan=\"1\"><span class=\"block px-4\">Power supply<\/span><\/td>\n<td class=\"text-center\">\n<div class=\"px-10 md:px-20 flex items-center justify-center\">V\/Hz<\/div>\n<\/td>\n<td class=\"text-center will-change\">\n<div class=\"px-10 md:px-20 flex items-center justify-center\">230\/1ph\/50<\/div>\n<\/td>\n<\/tr>\n<tr class=\"bg-grey-200\/50 p-2\">\n<td colspan=\"1\"><span class=\"block px-4\">Electric power<\/span><\/td>\n<td class=\"text-center\">\n<div class=\"px-10 md:px-20 flex items-center justify-center\">W<\/div>\n<\/td>\n<td class=\"text-center will-change\">\n<div class=\"px-10 md:px-20 flex items-center justify-center\">1,360<\/div>\n<\/td>\n<\/tr>\n<tr class=\" p-2\">\n<td colspan=\"1\"><span class=\"block px-4\">Chimney connection diameter<\/span><\/td>\n<td class=\"text-center\">\n<div class=\"px-10 md:px-20 flex items-center justify-center\">\u00d8mm<\/div>\n<\/td>\n<td class=\"text-center will-change\">\n<div class=\"px-10 md:px-20 flex items-center justify-center\">153<\/div>\n<\/td>\n<\/tr>\n<tr class=\"bg-grey-200\/50 p-2\">\n<td colspan=\"1\"><span class=\"block px-4\">Product size (l x w x h)<\/span><\/td>\n<td class=\"text-center\">\n<div class=\"px-10 md:px-20 flex items-center justify-center\">mm<\/div>\n<\/td>\n<td class=\"text-center will-change\">\n<div class=\"px-10 md:px-20 flex items-center justify-center\">580 x 955 x 1800<\/div>\n<\/td>\n<\/tr>\n<tr class=\" p-2\">\n<td colspan=\"1\"><span class=\"block px-4\">Weight<\/span><\/td>\n<td class=\"text-center\">\n<div class=\"px-10 md:px-20 flex items-center justify-center\">kg<\/div>\n<\/td>\n<td class=\"text-center will-change\">\n<div class=\"px-10 md:px-20 flex items-center justify-center\">153<\/div>\n<\/td>\n<\/tr>\n<\/tbody>\n<\/table>\n<p>&nbsp;<\/p>\n<\/div>\n<div class=\"md:text-center\">\n<p><strong>Adapt\u00e9 aux\u00a0:<\/strong><\/p>\n<p>B\u00e2timents commerciaux<br \/>\nIndustrie, usines et production<br \/>\nTransport et logistique<br \/>\nEntrep\u00f4ts et stockage<\/p>\n<\/div>\n<\/div>\n<\/div>\n<\/div>\n<\/div>\n<\/section>\n","protected":false},"excerpt":{"rendered":"<p>Les SP 30 et SP 60 sont des a\u00e9rothermes fixes, \u00e9quip\u00e9s de s\u00e9rie d&rsquo;un br\u00fbleur fioul pr\u00e9r\u00e9gl\u00e9 et d&rsquo;un pl\u00e9num de soufflage \u00e0 4 faces avec ailettes orientables.<\/p>\n<p>La qualit\u00e9 de leurs composants et de leurs finitions en fait des g\u00e9n\u00e9rateurs haut de gamme.<\/p>\n<p>Compacts, les SP 30 et SP 60 sont con\u00e7us pour \u00eatre raccord\u00e9s \u00e0 un r\u00e9servoir de fioul ind\u00e9pendant. Ils sont parfaitement adapt\u00e9s au chauffage ou \u00e0 la protection contre le gel des garages, ateliers, entrep\u00f4ts et b\u00e2timents d&rsquo;\u00e9levage, avec des volumes allant de 2\u00a0700 m\u00b3 (SP 30) \u00e0 6\u00a0000 m\u00b3 (SP 60).<\/p>\n<p>D\u00e9couvrez tous nos a\u00e9rothermes fioul indirects et autres types d&rsquo;a\u00e9rothermes commerciaux portables pour r\u00e9pondre \u00e0 vos besoins.<\/p>\n","protected":false},"featured_media":40042,"template":"","meta":[],"product_brand":[],"product_cat":[1986],"product_tag":[],"class_list":{"0":"post-40060","1":"product","2":"type-product","3":"status-publish","4":"has-post-thumbnail","6":"product_cat-chauffage-calorifer","8":"first","9":"instock","10":"shipping-taxable","11":"purchasable","12":"product-type-simple"},"yoast_head":"<!-- This site is optimized with the Yoast SEO plugin v27.1.1 - https:\/\/yoast.com\/product\/yoast-seo-wordpress\/ -->\n<title>Master SP 30-60 \u2013 A\u00e9rothermes fioul indirects Syst\u00e8mes de chauffage d&#039;air avec br\u00fbleurs fioul indirects - GeoClimate.ge<\/title>\n<meta name=\"robots\" content=\"index, follow, max-snippet:-1, max-image-preview:large, max-video-preview:-1\" \/>\n<link rel=\"canonical\" href=\"https:\/\/geoclimate.ge\/fr\/produit\/master-sp-30-60-indirect-oil-fired-heaters-air-heating-systems-with-indirect-oil-burners\/\" \/>\n<meta property=\"og:locale\" content=\"fr_FR\" \/>\n<meta property=\"og:type\" content=\"article\" \/>\n<meta property=\"og:title\" content=\"Master SP 30-60 \u2013 A\u00e9rothermes fioul indirects Syst\u00e8mes de chauffage d&#039;air avec br\u00fbleurs fioul indirects - GeoClimate.ge\" \/>\n<meta property=\"og:description\" content=\"Les SP 30 et SP 60 sont des a\u00e9rothermes fixes, \u00e9quip\u00e9s de s\u00e9rie d&#039;un br\u00fbleur fioul pr\u00e9r\u00e9gl\u00e9 et d&#039;un pl\u00e9num de soufflage \u00e0 4 faces avec ailettes orientables.  La qualit\u00e9 de leurs composants et de leurs finitions en fait des g\u00e9n\u00e9rateurs haut de gamme.  Compacts, les SP 30 et SP 60 sont con\u00e7us pour \u00eatre raccord\u00e9s \u00e0 un r\u00e9servoir de fioul ind\u00e9pendant. Ils sont parfaitement adapt\u00e9s au chauffage ou \u00e0 la protection contre le gel des garages, ateliers, entrep\u00f4ts et b\u00e2timents d&#039;\u00e9levage, avec des volumes allant de 2\u00a0700 m\u00b3 (SP 30) \u00e0 6\u00a0000 m\u00b3 (SP 60).  D\u00e9couvrez tous nos a\u00e9rothermes fioul indirects et autres types d&#039;a\u00e9rothermes commerciaux portables pour r\u00e9pondre \u00e0 vos besoins.\" \/>\n<meta property=\"og:url\" content=\"https:\/\/geoclimate.ge\/fr\/produit\/master-sp-30-60-indirect-oil-fired-heaters-air-heating-systems-with-indirect-oil-burners\/\" \/>\n<meta property=\"og:site_name\" content=\"GeoClimate.ge\" \/>\n<meta property=\"article:modified_time\" content=\"2025-09-21T15:21:50+00:00\" \/>\n<meta property=\"og:image\" content=\"https:\/\/geoclimate.ge\/wp-content\/uploads\/2025\/09\/Master-SP-40.jpg\" \/>\n\t<meta property=\"og:image:width\" content=\"1000\" \/>\n\t<meta property=\"og:image:height\" content=\"1000\" \/>\n\t<meta property=\"og:image:type\" content=\"image\/jpeg\" \/>\n<meta name=\"twitter:card\" content=\"summary_large_image\" \/>\n<meta name=\"twitter:label1\" content=\"Dur\u00e9e de lecture estim\u00e9e\" \/>\n\t<meta name=\"twitter:data1\" content=\"1 minute\" \/>\n<script type=\"application\/ld+json\" class=\"yoast-schema-graph\">{\"@context\":\"https:\/\/schema.org\",\"@graph\":[{\"@type\":\"WebPage\",\"@id\":\"https:\/\/geoclimate.ge\/fr\/produit\/master-sp-30-60-indirect-oil-fired-heaters-air-heating-systems-with-indirect-oil-burners\/\",\"url\":\"https:\/\/geoclimate.ge\/fr\/produit\/master-sp-30-60-indirect-oil-fired-heaters-air-heating-systems-with-indirect-oil-burners\/\",\"name\":\"Master SP 30-60 \u2013 A\u00e9rothermes fioul indirects Syst\u00e8mes de chauffage d'air avec br\u00fbleurs fioul indirects - GeoClimate.ge\",\"isPartOf\":{\"@id\":\"https:\/\/geoclimate.ge\/#website\"},\"primaryImageOfPage\":{\"@id\":\"https:\/\/geoclimate.ge\/fr\/produit\/master-sp-30-60-indirect-oil-fired-heaters-air-heating-systems-with-indirect-oil-burners\/#primaryimage\"},\"image\":{\"@id\":\"https:\/\/geoclimate.ge\/fr\/produit\/master-sp-30-60-indirect-oil-fired-heaters-air-heating-systems-with-indirect-oil-burners\/#primaryimage\"},\"thumbnailUrl\":\"https:\/\/geoclimate.ge\/wp-content\/uploads\/2025\/09\/Master-SP-40.jpg\",\"datePublished\":\"2025-09-21T14:31:22+00:00\",\"dateModified\":\"2025-09-21T15:21:50+00:00\",\"breadcrumb\":{\"@id\":\"https:\/\/geoclimate.ge\/fr\/produit\/master-sp-30-60-indirect-oil-fired-heaters-air-heating-systems-with-indirect-oil-burners\/#breadcrumb\"},\"inLanguage\":\"fr-FR\",\"potentialAction\":[{\"@type\":\"ReadAction\",\"target\":[\"https:\/\/geoclimate.ge\/fr\/produit\/master-sp-30-60-indirect-oil-fired-heaters-air-heating-systems-with-indirect-oil-burners\/\"]}]},{\"@type\":\"ImageObject\",\"inLanguage\":\"fr-FR\",\"@id\":\"https:\/\/geoclimate.ge\/fr\/produit\/master-sp-30-60-indirect-oil-fired-heaters-air-heating-systems-with-indirect-oil-burners\/#primaryimage\",\"url\":\"https:\/\/geoclimate.ge\/wp-content\/uploads\/2025\/09\/Master-SP-40.jpg\",\"contentUrl\":\"https:\/\/geoclimate.ge\/wp-content\/uploads\/2025\/09\/Master-SP-40.jpg\",\"width\":1000,\"height\":1000},{\"@type\":\"BreadcrumbList\",\"@id\":\"https:\/\/geoclimate.ge\/fr\/produit\/master-sp-30-60-indirect-oil-fired-heaters-air-heating-systems-with-indirect-oil-burners\/#breadcrumb\",\"itemListElement\":[{\"@type\":\"ListItem\",\"position\":1,\"name\":\"Home\",\"item\":\"https:\/\/geoclimate.ge\/fr\/\"},{\"@type\":\"ListItem\",\"position\":2,\"name\":\"Products\",\"item\":\"https:\/\/geoclimate.ge\/fr\/products\/\"},{\"@type\":\"ListItem\",\"position\":3,\"name\":\"Master SP 30-60 \u2013 A\u00e9rothermes fioul indirects Syst\u00e8mes de chauffage d&#8217;air avec br\u00fbleurs fioul indirects\"}]},{\"@type\":\"WebSite\",\"@id\":\"https:\/\/geoclimate.ge\/#website\",\"url\":\"https:\/\/geoclimate.ge\/\",\"name\":\"GeoClimate\",\"description\":\"\",\"publisher\":{\"@id\":\"https:\/\/geoclimate.ge\/#organization\"},\"potentialAction\":[{\"@type\":\"SearchAction\",\"target\":{\"@type\":\"EntryPoint\",\"urlTemplate\":\"https:\/\/geoclimate.ge\/?s={search_term_string}\"},\"query-input\":{\"@type\":\"PropertyValueSpecification\",\"valueRequired\":true,\"valueName\":\"search_term_string\"}}],\"inLanguage\":\"fr-FR\"},{\"@type\":\"Organization\",\"@id\":\"https:\/\/geoclimate.ge\/#organization\",\"name\":\"GeoClimate\",\"url\":\"https:\/\/geoclimate.ge\/\",\"logo\":{\"@type\":\"ImageObject\",\"inLanguage\":\"fr-FR\",\"@id\":\"https:\/\/geoclimate.ge\/#\/schema\/logo\/image\/\",\"url\":\"https:\/\/geoclimate.ge\/wp-content\/uploads\/2026\/03\/geoclimate-SEO.png\",\"contentUrl\":\"https:\/\/geoclimate.ge\/wp-content\/uploads\/2026\/03\/geoclimate-SEO.png\",\"width\":1536,\"height\":1024,\"caption\":\"GeoClimate\"},\"image\":{\"@id\":\"https:\/\/geoclimate.ge\/#\/schema\/logo\/image\/\"}}]}<\/script>\n<!-- \/ Yoast SEO plugin. -->","yoast_head_json":{"title":"Master SP 30-60 \u2013 A\u00e9rothermes fioul indirects Syst\u00e8mes de chauffage d'air avec br\u00fbleurs fioul indirects - GeoClimate.ge","robots":{"index":"index","follow":"follow","max-snippet":"max-snippet:-1","max-image-preview":"max-image-preview:large","max-video-preview":"max-video-preview:-1"},"canonical":"https:\/\/geoclimate.ge\/fr\/produit\/master-sp-30-60-indirect-oil-fired-heaters-air-heating-systems-with-indirect-oil-burners\/","og_locale":"fr_FR","og_type":"article","og_title":"Master SP 30-60 \u2013 A\u00e9rothermes fioul indirects Syst\u00e8mes de chauffage d'air avec br\u00fbleurs fioul indirects - GeoClimate.ge","og_description":"Les SP 30 et SP 60 sont des a\u00e9rothermes fixes, \u00e9quip\u00e9s de s\u00e9rie d'un br\u00fbleur fioul pr\u00e9r\u00e9gl\u00e9 et d'un pl\u00e9num de soufflage \u00e0 4 faces avec ailettes orientables.  La qualit\u00e9 de leurs composants et de leurs finitions en fait des g\u00e9n\u00e9rateurs haut de gamme.  Compacts, les SP 30 et SP 60 sont con\u00e7us pour \u00eatre raccord\u00e9s \u00e0 un r\u00e9servoir de fioul ind\u00e9pendant. Ils sont parfaitement adapt\u00e9s au chauffage ou \u00e0 la protection contre le gel des garages, ateliers, entrep\u00f4ts et b\u00e2timents d'\u00e9levage, avec des volumes allant de 2\u00a0700 m\u00b3 (SP 30) \u00e0 6\u00a0000 m\u00b3 (SP 60).  D\u00e9couvrez tous nos a\u00e9rothermes fioul indirects et autres types d'a\u00e9rothermes commerciaux portables pour r\u00e9pondre \u00e0 vos besoins.","og_url":"https:\/\/geoclimate.ge\/fr\/produit\/master-sp-30-60-indirect-oil-fired-heaters-air-heating-systems-with-indirect-oil-burners\/","og_site_name":"GeoClimate.ge","article_modified_time":"2025-09-21T15:21:50+00:00","og_image":[{"width":1000,"height":1000,"url":"https:\/\/geoclimate.ge\/wp-content\/uploads\/2025\/09\/Master-SP-40.jpg","type":"image\/jpeg"}],"twitter_card":"summary_large_image","twitter_misc":{"Dur\u00e9e de lecture estim\u00e9e":"1 minute"},"schema":{"@context":"https:\/\/schema.org","@graph":[{"@type":"WebPage","@id":"https:\/\/geoclimate.ge\/fr\/produit\/master-sp-30-60-indirect-oil-fired-heaters-air-heating-systems-with-indirect-oil-burners\/","url":"https:\/\/geoclimate.ge\/fr\/produit\/master-sp-30-60-indirect-oil-fired-heaters-air-heating-systems-with-indirect-oil-burners\/","name":"Master SP 30-60 \u2013 A\u00e9rothermes fioul indirects Syst\u00e8mes de chauffage d'air avec br\u00fbleurs fioul indirects - GeoClimate.ge","isPartOf":{"@id":"https:\/\/geoclimate.ge\/#website"},"primaryImageOfPage":{"@id":"https:\/\/geoclimate.ge\/fr\/produit\/master-sp-30-60-indirect-oil-fired-heaters-air-heating-systems-with-indirect-oil-burners\/#primaryimage"},"image":{"@id":"https:\/\/geoclimate.ge\/fr\/produit\/master-sp-30-60-indirect-oil-fired-heaters-air-heating-systems-with-indirect-oil-burners\/#primaryimage"},"thumbnailUrl":"https:\/\/geoclimate.ge\/wp-content\/uploads\/2025\/09\/Master-SP-40.jpg","datePublished":"2025-09-21T14:31:22+00:00","dateModified":"2025-09-21T15:21:50+00:00","breadcrumb":{"@id":"https:\/\/geoclimate.ge\/fr\/produit\/master-sp-30-60-indirect-oil-fired-heaters-air-heating-systems-with-indirect-oil-burners\/#breadcrumb"},"inLanguage":"fr-FR","potentialAction":[{"@type":"ReadAction","target":["https:\/\/geoclimate.ge\/fr\/produit\/master-sp-30-60-indirect-oil-fired-heaters-air-heating-systems-with-indirect-oil-burners\/"]}]},{"@type":"ImageObject","inLanguage":"fr-FR","@id":"https:\/\/geoclimate.ge\/fr\/produit\/master-sp-30-60-indirect-oil-fired-heaters-air-heating-systems-with-indirect-oil-burners\/#primaryimage","url":"https:\/\/geoclimate.ge\/wp-content\/uploads\/2025\/09\/Master-SP-40.jpg","contentUrl":"https:\/\/geoclimate.ge\/wp-content\/uploads\/2025\/09\/Master-SP-40.jpg","width":1000,"height":1000},{"@type":"BreadcrumbList","@id":"https:\/\/geoclimate.ge\/fr\/produit\/master-sp-30-60-indirect-oil-fired-heaters-air-heating-systems-with-indirect-oil-burners\/#breadcrumb","itemListElement":[{"@type":"ListItem","position":1,"name":"Home","item":"https:\/\/geoclimate.ge\/fr\/"},{"@type":"ListItem","position":2,"name":"Products","item":"https:\/\/geoclimate.ge\/fr\/products\/"},{"@type":"ListItem","position":3,"name":"Master SP 30-60 \u2013 A\u00e9rothermes fioul indirects Syst\u00e8mes de chauffage d&#8217;air avec br\u00fbleurs fioul indirects"}]},{"@type":"WebSite","@id":"https:\/\/geoclimate.ge\/#website","url":"https:\/\/geoclimate.ge\/","name":"GeoClimate","description":"","publisher":{"@id":"https:\/\/geoclimate.ge\/#organization"},"potentialAction":[{"@type":"SearchAction","target":{"@type":"EntryPoint","urlTemplate":"https:\/\/geoclimate.ge\/?s={search_term_string}"},"query-input":{"@type":"PropertyValueSpecification","valueRequired":true,"valueName":"search_term_string"}}],"inLanguage":"fr-FR"},{"@type":"Organization","@id":"https:\/\/geoclimate.ge\/#organization","name":"GeoClimate","url":"https:\/\/geoclimate.ge\/","logo":{"@type":"ImageObject","inLanguage":"fr-FR","@id":"https:\/\/geoclimate.ge\/#\/schema\/logo\/image\/","url":"https:\/\/geoclimate.ge\/wp-content\/uploads\/2026\/03\/geoclimate-SEO.png","contentUrl":"https:\/\/geoclimate.ge\/wp-content\/uploads\/2026\/03\/geoclimate-SEO.png","width":1536,"height":1024,"caption":"GeoClimate"},"image":{"@id":"https:\/\/geoclimate.ge\/#\/schema\/logo\/image\/"}}]}},"_links":{"self":[{"href":"https:\/\/geoclimate.ge\/fr\/wp-json\/wp\/v2\/product\/40060","targetHints":{"allow":["GET"]}}],"collection":[{"href":"https:\/\/geoclimate.ge\/fr\/wp-json\/wp\/v2\/product"}],"about":[{"href":"https:\/\/geoclimate.ge\/fr\/wp-json\/wp\/v2\/types\/product"}],"wp:featuredmedia":[{"embeddable":true,"href":"https:\/\/geoclimate.ge\/fr\/wp-json\/wp\/v2\/media\/40042"}],"wp:attachment":[{"href":"https:\/\/geoclimate.ge\/fr\/wp-json\/wp\/v2\/media?parent=40060"}],"wp:term":[{"taxonomy":"product_brand","embeddable":true,"href":"https:\/\/geoclimate.ge\/fr\/wp-json\/wp\/v2\/product_brand?post=40060"},{"taxonomy":"product_cat","embeddable":true,"href":"https:\/\/geoclimate.ge\/fr\/wp-json\/wp\/v2\/product_cat?post=40060"},{"taxonomy":"product_tag","embeddable":true,"href":"https:\/\/geoclimate.ge\/fr\/wp-json\/wp\/v2\/product_tag?post=40060"}],"curies":[{"name":"wp","href":"https:\/\/api.w.org\/{rel}","templated":true}]}}