{"id":40380,"date":"2025-09-22T19:45:04","date_gmt":"2025-09-22T15:45:04","guid":{"rendered":"https:\/\/airsystems.ge\/shop\/product\/master-dc-61-infrared-oil-fired-heater-infrared-oil-fired-heaters-hybrid\/"},"modified":"2025-09-22T19:51:31","modified_gmt":"2025-09-22T15:51:31","slug":"master-dc-61-infrared-oil-fired-heater-infrared-oil-fired-heaters-hybrid","status":"publish","type":"product","link":"https:\/\/geoclimate.ge\/fr\/produit\/master-dc-61-infrared-oil-fired-heater-infrared-oil-fired-heaters-hybrid\/","title":{"rendered":"Master DC 61 \u2013 Chauffage infrarouge au fioul Chauffages infrarouges au fioul \u2013 Hybrides"},"content":{"rendered":"<section class=\"max-w-[1088px] mx-auto w-full px-5 my-10 md:my-12 lg:my-16 xl:my-20 xl:px-0\" data-block=\"bullet-list\">\n<div class=\"md:text-center\">\n<p><strong>Principales caract\u00e9ristiques<\/strong><\/p>\n<p>Branchable sur secteur (110-240 V) ou utilisable sans fil avec une batterie au lithium (14 V)<br \/>\n14 V seulement\u00a0: s\u00e9curit\u00e9 \u00e9lectrique maximale<br \/>\n\u00c9quip\u00e9 d&rsquo;une batterie au lithium Master BAT6<br \/>\nAdaptateur secteur int\u00e9gr\u00e9 de 110 V \u00e0 220 V CA inclus<br \/>\nSilencieux<br \/>\nChauffage infrarouge (ondes courtes)<br \/>\nPas de flux d&rsquo;air<br \/>\nContr\u00f4le \u00e9lectronique de la flamme avec cellule photo\u00e9lectrique<br \/>\nPost-ventilation<br \/>\nIndicateur de niveau d&rsquo;huile standard<br \/>\nPrise ILME pour thermostat \u00e0 distance\u00a0: analogique ou num\u00e9rique<br \/>\nFiltre d&rsquo;aspiration et filtre d&rsquo;admission<br \/>\nTuyau d&rsquo;air<br \/>\nThermostat de surchauffe<br \/>\nInterrupteur anti-basculement<br \/>\nBatterie\u00a0: 4\u00a0heures d&rsquo;autonomie et charge compl\u00e8te en 60\u00a0minutes<\/p>\n<p>Comme le soleil, le rayonnement infrarouge \u00e0 ondes courtes chauffe les objets sans r\u00e9chauffer l&rsquo;air. Une fois que la chaleur p\u00e9n\u00e8tre dans les objets (ou les murs), elle peut \u00e9galement la r\u00e9\u00e9mettre et chauffer d&rsquo;autres objets. Le rayonnement infrarouge chauffe \u00e0 travers le brouillard ou le vent. Contrairement \u00e0 l&rsquo;air chaud qui monte, le rayonnement infrarouge se propage en ligne droite. Les radiateurs infrarouges sont une excellente solution pour\u00a0:<\/p>\n<p>Chauffer des objets, des corps ou des murs, \u00e0 l&rsquo;int\u00e9rieur comme \u00e0 l&rsquo;ext\u00e9rieur.<\/p>\n<p>S\u00e9cher des murs en pl\u00e2tre. La chaleur infrarouge p\u00e9n\u00e8tre dans le mur et \u00e9vapore l&rsquo;humidit\u00e9 de l&rsquo;int\u00e9rieur. Contrairement \u00e0 un radiateur \u00e0 flux d&rsquo;air, qui cr\u00e9e une surface s\u00e8che emprisonnant l&rsquo;humidit\u00e9 dans le mur.<\/p>\n<p>Chauffer des objets ou des espaces int\u00e9rieurs restreints. Contrairement \u00e0 d&rsquo;autres m\u00e9thodes o\u00f9 l&rsquo;air chaud est rapidement dispers\u00e9 dans la pi\u00e8ce.<\/p>\n<p>\u00c9conomies d&rsquo;\u00e9nergie, car moins d&rsquo;\u00e9nergie est n\u00e9cessaire pour obtenir le m\u00eame effet de chauffage.<\/p>\n<\/div>\n<\/section>\n<section class=\"max-w-[1088px] mx-auto w-full px-5 my-10 md:my-12 lg:my-16 xl:my-20 xl:px-0\" data-block=\"product-specifications\">\n<div class=\"md:text-center\">\n<h3 class=\"text-black font-bold text-lg md:text-xl lg:text-2xl\"><strong>Product specifications<\/strong><\/h3>\n<\/div>\n<div class=\" md:mt-10\">\n<div class=\"\">\n<div class=\"lg:mt-0 \">\n<div id=\"spec-dc-61\" class=\"prose max-w-full md:overflow-auto\" data-spec-content=\"\">\n<div class=\"spreadsheet-container hidden md:block\">\n<table class=\"w-full table-fixed mb-0\">\n<thead>\n<tr>\n<th class=\"font-bold text-base\"><span class=\"block px-4\">Specifications<\/span><\/th>\n<th class=\"font-bold text-base text-center\"><span class=\"block px-10 md:px-20\">Units<\/span><\/th>\n<th class=\"font-bold text-base text-center will-change\"><span class=\"block px-4\">DC\u00a061<\/span><\/th>\n<\/tr>\n<\/thead>\n<tbody>\n<tr class=\"bg-grey-200\/50 p-2\">\n<td colspan=\"1\"><span class=\"block px-4\">Heating power<\/span><\/td>\n<td class=\"text-center\">\n<div class=\"px-10 md:px-20 flex items-center justify-center\">kW<\/div>\n<\/td>\n<td class=\"text-center will-change\">\n<div class=\"px-10 md:px-20 flex items-center justify-center\">17<\/div>\n<\/td>\n<\/tr>\n<tr class=\" p-2\">\n<td colspan=\"1\"><span class=\"block px-4\">Heating power<\/span><\/td>\n<td class=\"text-center\">\n<div class=\"px-10 md:px-20 flex items-center justify-center\">Btu\/h<\/div>\n<\/td>\n<td class=\"text-center will-change\">\n<div class=\"px-10 md:px-20 flex items-center justify-center\">58,000<\/div>\n<\/td>\n<\/tr>\n<tr class=\"bg-grey-200\/50 p-2\">\n<td colspan=\"1\"><span class=\"block px-4\">Heating power<\/span><\/td>\n<td class=\"text-center\">\n<div class=\"px-10 md:px-20 flex items-center justify-center\">kcal\/h<\/div>\n<\/td>\n<td class=\"text-center will-change\">\n<div class=\"px-10 md:px-20 flex items-center justify-center\">14,600<\/div>\n<\/td>\n<\/tr>\n<tr class=\" p-2\">\n<td colspan=\"1\"><span class=\"block px-4\">Fuel consumption<\/span><\/td>\n<td class=\"text-center\">\n<div class=\"px-10 md:px-20 flex items-center justify-center\">l\/h<\/div>\n<\/td>\n<td class=\"text-center will-change\">\n<div class=\"px-10 md:px-20 flex items-center justify-center\">1.6<\/div>\n<\/td>\n<\/tr>\n<tr class=\"bg-grey-200\/50 p-2\">\n<td colspan=\"1\"><span class=\"block px-4\">Fuel autonomy<\/span><\/td>\n<td class=\"text-center\">\n<div class=\"px-10 md:px-20 flex items-center justify-center\">h<\/div>\n<\/td>\n<td class=\"text-center will-change\">\n<div class=\"px-10 md:px-20 flex items-center justify-center\">7<\/div>\n<\/td>\n<\/tr>\n<tr class=\" p-2\">\n<td colspan=\"1\"><span class=\"block px-4\">Thermostat control<\/span><\/td>\n<td class=\"text-center\">\n<div class=\"px-10 md:px-20 flex items-center justify-center\"><\/div>\n<\/td>\n<td class=\"text-center will-change\">\n<div class=\"px-10 md:px-20 flex items-center justify-center\">Analogue or digital<\/div>\n<\/td>\n<\/tr>\n<tr class=\"bg-grey-200\/50 p-2\">\n<td colspan=\"1\"><span class=\"block px-4\">Electric power<\/span><\/td>\n<td class=\"text-center\">\n<div class=\"px-10 md:px-20 flex items-center justify-center\">kW<\/div>\n<\/td>\n<td class=\"text-center will-change\">\n<div class=\"px-10 md:px-20 flex items-center justify-center\">0.2<\/div>\n<\/td>\n<\/tr>\n<tr class=\" p-2\">\n<td colspan=\"1\"><span class=\"block px-4\">Power supply<\/span><\/td>\n<td class=\"text-center\">\n<div class=\"px-10 md:px-20 flex items-center justify-center\">V\/Hz<\/div>\n<\/td>\n<td class=\"text-center will-change\">\n<div class=\"px-10 md:px-20 flex items-center justify-center\">110-240\/1ph\/50<\/div>\n<\/td>\n<\/tr>\n<tr class=\"bg-grey-200\/50 p-2\">\n<td colspan=\"1\"><span class=\"block px-4\">Rated current<\/span><\/td>\n<td class=\"text-center\">\n<div class=\"px-10 md:px-20 flex items-center justify-center\">A<\/div>\n<\/td>\n<td class=\"text-center will-change\">\n<div class=\"px-10 md:px-20 flex items-center justify-center\">1<\/div>\n<\/td>\n<\/tr>\n<tr class=\" p-2\">\n<td colspan=\"1\"><span class=\"block px-4\">Tank capacity<\/span><\/td>\n<td class=\"text-center\">\n<div class=\"px-10 md:px-20 flex items-center justify-center\">l<\/div>\n<\/td>\n<td class=\"text-center will-change\">\n<div class=\"px-10 md:px-20 flex items-center justify-center\">11<\/div>\n<\/td>\n<\/tr>\n<tr class=\"bg-grey-200\/50 p-2\">\n<td colspan=\"1\"><span class=\"block px-4\">Product size (l x w x h)<\/span><\/td>\n<td class=\"text-center\">\n<div class=\"px-10 md:px-20 flex items-center justify-center\">mm<\/div>\n<\/td>\n<td class=\"text-center will-change\">\n<div class=\"px-10 md:px-20 flex items-center justify-center\">560 x 345 x 575<\/div>\n<\/td>\n<\/tr>\n<tr class=\" p-2\">\n<td colspan=\"1\"><span class=\"block px-4\">Box size (l x w x h)<\/span><\/td>\n<td class=\"text-center\">\n<div class=\"px-10 md:px-20 flex items-center justify-center\">mm<\/div>\n<\/td>\n<td class=\"text-center will-change\">\n<div class=\"px-10 md:px-20 flex items-center justify-center\">680 x 380 x 580<\/div>\n<\/td>\n<\/tr>\n<tr class=\"bg-grey-200\/50 p-2\">\n<td colspan=\"1\"><span class=\"block px-4\">Net\/gross weight<\/span><\/td>\n<td class=\"text-center\">\n<div class=\"px-10 md:px-20 flex items-center justify-center\">kg<\/div>\n<\/td>\n<td class=\"text-center will-change\">\n<div class=\"px-10 md:px-20 flex items-center justify-center\">19\/21<\/div>\n<\/td>\n<\/tr>\n<tr class=\" p-2\">\n<td colspan=\"1\"><span class=\"block px-4\">Pallet<\/span><\/td>\n<td class=\"text-center\">\n<div class=\"px-10 md:px-20 flex items-center justify-center\">pcs<\/div>\n<\/td>\n<td class=\"text-center will-change\">\n<div class=\"px-10 md:px-20 flex items-center justify-center\">12<\/div>\n<\/td>\n<\/tr>\n<\/tbody>\n<\/table>\n<\/div>\n<\/div>\n<\/div>\n<\/div>\n<\/div>\n<\/section>\n<section class=\"max-w-[1088px] mx-auto w-full px-5 my-10 md:my-12 lg:my-16 xl:my-20 xl:px-0\" data-block=\"product-specifications\">\n<div class=\"md:text-center\">\n<h3 class=\"text-black font-bold text-lg md:text-xl lg:text-2xl\"><strong>Heating radiation table<\/strong><\/h3>\n<\/div>\n<div class=\" md:mt-10\">\n<div class=\"\">\n<div class=\"lg:mt-0 \">\n<div id=\"spec-t-ambient-20c-dc-61\" class=\"prose max-w-full md:overflow-auto\" data-spec-content=\"\">\n<div class=\"spreadsheet-container hidden md:block\">\n<table class=\"w-full table-fixed mb-0\">\n<thead>\n<tr>\n<th class=\"font-bold text-base\"><span class=\"block px-4\">Specifications<\/span><\/th>\n<th class=\"font-bold text-base text-center\"><span class=\"block px-10 md:px-20\">Units<\/span><\/th>\n<th class=\"font-bold text-base text-center will-change\"><span class=\"block px-4\">T\u00a0Ambient\u00a020\u00b0C\u00a0&#8211;\u00a0DC\u00a061<\/span><\/th>\n<\/tr>\n<\/thead>\n<tbody>\n<tr class=\"bg-grey-200\/50 p-2\">\n<td colspan=\"1\"><span class=\"block px-4\"><span class=\"font-bold\">0.5m<\/span><\/span><\/td>\n<td class=\"text-center\">\n<div class=\"px-10 md:px-20 flex items-center justify-center\">\u00b0C<\/div>\n<\/td>\n<td class=\"text-center will-change\">\n<div class=\"px-10 md:px-20 flex items-center justify-center\">110<\/div>\n<\/td>\n<\/tr>\n<tr class=\" p-2\">\n<td colspan=\"1\"><span class=\"block px-4\"><span class=\"font-bold\">1m<\/span><\/span><\/td>\n<td class=\"text-center\">\n<div class=\"px-10 md:px-20 flex items-center justify-center\">\u00b0C<\/div>\n<\/td>\n<td class=\"text-center will-change\">\n<div class=\"px-10 md:px-20 flex items-center justify-center\">50<\/div>\n<\/td>\n<\/tr>\n<tr class=\"bg-grey-200\/50 p-2\">\n<td colspan=\"1\"><span class=\"block px-4\"><span class=\"font-bold\">1.5m<\/span><\/span><\/td>\n<td class=\"text-center\">\n<div class=\"px-10 md:px-20 flex items-center justify-center\">\u00b0C<\/div>\n<\/td>\n<td class=\"text-center will-change\">\n<div class=\"px-10 md:px-20 flex items-center justify-center\">20<\/div>\n<\/td>\n<\/tr>\n<\/tbody>\n<\/table>\n<\/div>\n<\/div>\n<\/div>\n<\/div>\n<\/div>\n<\/section>\n<section class=\"max-w-[1088px] mx-auto w-full px-5 my-10 md:my-12 lg:my-16 xl:my-20 xl:px-0\" data-block=\"link-list\">\n<div class=\"max-w-[1088px] mx-auto\">\n<div class=\"md:text-center\">\n<p><strong>Adapt\u00e9 aux\u00a0:<\/strong><\/p>\n<p>Agriculture<br \/>\nAutomobile<br \/>\nConstruction<br \/>\nServices d&rsquo;urgence<br \/>\n\u00c9v\u00e9nements et festivals<br \/>\nIndustrie, usines et production<br \/>\nMilitaire et a\u00e9rospatiale<br \/>\nSoci\u00e9t\u00e9s de location<br \/>\nTransport et logistique<\/p>\n<\/div>\n<\/div>\n<\/section>\n","protected":false},"excerpt":{"rendered":"<p>Les chauffages infrarouges au fioul diffusent la chaleur rapidement et pr\u00e9cis\u00e9ment l\u00e0 o\u00f9 elle est n\u00e9cessaire, sans aucun mouvement d&rsquo;air. Ils conviennent parfaitement au s\u00e9chage sans poussi\u00e8re des murs ou des peintures, au d\u00e9givrage des machines ou des canalisations, et au chauffage des zones de travail. Le DC 61 est hybride et peut donc fonctionner sur secteur ou sur batterie.<\/p>\n<p>D\u00e9couvrez tous nos chauffages infrarouges au fioul et autres types de chauffages commerciaux portables pour r\u00e9pondre \u00e0 vos besoins.<\/p>\n","protected":false},"featured_media":40333,"template":"","meta":[],"product_brand":[],"product_cat":[1986],"product_tag":[],"class_list":{"0":"post-40380","1":"product","2":"type-product","3":"status-publish","4":"has-post-thumbnail","6":"product_cat-chauffage-calorifer","8":"first","9":"instock","10":"shipping-taxable","11":"purchasable","12":"product-type-simple"},"yoast_head":"<!-- This site is optimized with the Yoast SEO plugin v27.1.1 - https:\/\/yoast.com\/product\/yoast-seo-wordpress\/ -->\n<title>Master DC 61 \u2013 Chauffage infrarouge au fioul Chauffages infrarouges au fioul \u2013 Hybrides - GeoClimate.ge<\/title>\n<meta name=\"robots\" content=\"index, follow, max-snippet:-1, max-image-preview:large, max-video-preview:-1\" \/>\n<link rel=\"canonical\" href=\"https:\/\/geoclimate.ge\/fr\/produit\/master-dc-61-infrared-oil-fired-heater-infrared-oil-fired-heaters-hybrid\/\" \/>\n<meta property=\"og:locale\" content=\"fr_FR\" \/>\n<meta property=\"og:type\" content=\"article\" \/>\n<meta property=\"og:title\" content=\"Master DC 61 \u2013 Chauffage infrarouge au fioul Chauffages infrarouges au fioul \u2013 Hybrides - GeoClimate.ge\" \/>\n<meta property=\"og:description\" content=\"Les chauffages infrarouges au fioul diffusent la chaleur rapidement et pr\u00e9cis\u00e9ment l\u00e0 o\u00f9 elle est n\u00e9cessaire, sans aucun mouvement d&#039;air. Ils conviennent parfaitement au s\u00e9chage sans poussi\u00e8re des murs ou des peintures, au d\u00e9givrage des machines ou des canalisations, et au chauffage des zones de travail. Le DC 61 est hybride et peut donc fonctionner sur secteur ou sur batterie.  D\u00e9couvrez tous nos chauffages infrarouges au fioul et autres types de chauffages commerciaux portables pour r\u00e9pondre \u00e0 vos besoins.\" \/>\n<meta property=\"og:url\" content=\"https:\/\/geoclimate.ge\/fr\/produit\/master-dc-61-infrared-oil-fired-heater-infrared-oil-fired-heaters-hybrid\/\" \/>\n<meta property=\"og:site_name\" content=\"GeoClimate.ge\" \/>\n<meta property=\"article:modified_time\" content=\"2025-09-22T15:51:31+00:00\" \/>\n<meta property=\"og:image\" content=\"https:\/\/geoclimate.ge\/wp-content\/uploads\/2025\/09\/Master-DC-61.jpg\" \/>\n\t<meta property=\"og:image:width\" content=\"1000\" \/>\n\t<meta property=\"og:image:height\" content=\"1000\" \/>\n\t<meta property=\"og:image:type\" content=\"image\/jpeg\" \/>\n<meta name=\"twitter:card\" content=\"summary_large_image\" \/>\n<meta name=\"twitter:label1\" content=\"Dur\u00e9e de lecture estim\u00e9e\" \/>\n\t<meta name=\"twitter:data1\" content=\"2 minutes\" \/>\n<script type=\"application\/ld+json\" class=\"yoast-schema-graph\">{\"@context\":\"https:\/\/schema.org\",\"@graph\":[{\"@type\":\"WebPage\",\"@id\":\"https:\/\/geoclimate.ge\/fr\/produit\/master-dc-61-infrared-oil-fired-heater-infrared-oil-fired-heaters-hybrid\/\",\"url\":\"https:\/\/geoclimate.ge\/fr\/produit\/master-dc-61-infrared-oil-fired-heater-infrared-oil-fired-heaters-hybrid\/\",\"name\":\"Master DC 61 \u2013 Chauffage infrarouge au fioul Chauffages infrarouges au fioul \u2013 Hybrides - GeoClimate.ge\",\"isPartOf\":{\"@id\":\"https:\/\/geoclimate.ge\/#website\"},\"primaryImageOfPage\":{\"@id\":\"https:\/\/geoclimate.ge\/fr\/produit\/master-dc-61-infrared-oil-fired-heater-infrared-oil-fired-heaters-hybrid\/#primaryimage\"},\"image\":{\"@id\":\"https:\/\/geoclimate.ge\/fr\/produit\/master-dc-61-infrared-oil-fired-heater-infrared-oil-fired-heaters-hybrid\/#primaryimage\"},\"thumbnailUrl\":\"https:\/\/geoclimate.ge\/wp-content\/uploads\/2025\/09\/Master-DC-61.jpg\",\"datePublished\":\"2025-09-22T15:45:04+00:00\",\"dateModified\":\"2025-09-22T15:51:31+00:00\",\"breadcrumb\":{\"@id\":\"https:\/\/geoclimate.ge\/fr\/produit\/master-dc-61-infrared-oil-fired-heater-infrared-oil-fired-heaters-hybrid\/#breadcrumb\"},\"inLanguage\":\"fr-FR\",\"potentialAction\":[{\"@type\":\"ReadAction\",\"target\":[\"https:\/\/geoclimate.ge\/fr\/produit\/master-dc-61-infrared-oil-fired-heater-infrared-oil-fired-heaters-hybrid\/\"]}]},{\"@type\":\"ImageObject\",\"inLanguage\":\"fr-FR\",\"@id\":\"https:\/\/geoclimate.ge\/fr\/produit\/master-dc-61-infrared-oil-fired-heater-infrared-oil-fired-heaters-hybrid\/#primaryimage\",\"url\":\"https:\/\/geoclimate.ge\/wp-content\/uploads\/2025\/09\/Master-DC-61.jpg\",\"contentUrl\":\"https:\/\/geoclimate.ge\/wp-content\/uploads\/2025\/09\/Master-DC-61.jpg\",\"width\":1000,\"height\":1000},{\"@type\":\"BreadcrumbList\",\"@id\":\"https:\/\/geoclimate.ge\/fr\/produit\/master-dc-61-infrared-oil-fired-heater-infrared-oil-fired-heaters-hybrid\/#breadcrumb\",\"itemListElement\":[{\"@type\":\"ListItem\",\"position\":1,\"name\":\"Home\",\"item\":\"https:\/\/geoclimate.ge\/fr\/\"},{\"@type\":\"ListItem\",\"position\":2,\"name\":\"Products\",\"item\":\"https:\/\/geoclimate.ge\/fr\/products\/\"},{\"@type\":\"ListItem\",\"position\":3,\"name\":\"Master DC 61 \u2013 Chauffage infrarouge au fioul Chauffages infrarouges au fioul \u2013 Hybrides\"}]},{\"@type\":\"WebSite\",\"@id\":\"https:\/\/geoclimate.ge\/#website\",\"url\":\"https:\/\/geoclimate.ge\/\",\"name\":\"GeoClimate\",\"description\":\"\",\"publisher\":{\"@id\":\"https:\/\/geoclimate.ge\/#organization\"},\"potentialAction\":[{\"@type\":\"SearchAction\",\"target\":{\"@type\":\"EntryPoint\",\"urlTemplate\":\"https:\/\/geoclimate.ge\/?s={search_term_string}\"},\"query-input\":{\"@type\":\"PropertyValueSpecification\",\"valueRequired\":true,\"valueName\":\"search_term_string\"}}],\"inLanguage\":\"fr-FR\"},{\"@type\":\"Organization\",\"@id\":\"https:\/\/geoclimate.ge\/#organization\",\"name\":\"GeoClimate\",\"url\":\"https:\/\/geoclimate.ge\/\",\"logo\":{\"@type\":\"ImageObject\",\"inLanguage\":\"fr-FR\",\"@id\":\"https:\/\/geoclimate.ge\/#\/schema\/logo\/image\/\",\"url\":\"https:\/\/geoclimate.ge\/wp-content\/uploads\/2026\/03\/geoclimate-SEO.png\",\"contentUrl\":\"https:\/\/geoclimate.ge\/wp-content\/uploads\/2026\/03\/geoclimate-SEO.png\",\"width\":1536,\"height\":1024,\"caption\":\"GeoClimate\"},\"image\":{\"@id\":\"https:\/\/geoclimate.ge\/#\/schema\/logo\/image\/\"}}]}<\/script>\n<!-- \/ Yoast SEO plugin. -->","yoast_head_json":{"title":"Master DC 61 \u2013 Chauffage infrarouge au fioul Chauffages infrarouges au fioul \u2013 Hybrides - GeoClimate.ge","robots":{"index":"index","follow":"follow","max-snippet":"max-snippet:-1","max-image-preview":"max-image-preview:large","max-video-preview":"max-video-preview:-1"},"canonical":"https:\/\/geoclimate.ge\/fr\/produit\/master-dc-61-infrared-oil-fired-heater-infrared-oil-fired-heaters-hybrid\/","og_locale":"fr_FR","og_type":"article","og_title":"Master DC 61 \u2013 Chauffage infrarouge au fioul Chauffages infrarouges au fioul \u2013 Hybrides - GeoClimate.ge","og_description":"Les chauffages infrarouges au fioul diffusent la chaleur rapidement et pr\u00e9cis\u00e9ment l\u00e0 o\u00f9 elle est n\u00e9cessaire, sans aucun mouvement d'air. Ils conviennent parfaitement au s\u00e9chage sans poussi\u00e8re des murs ou des peintures, au d\u00e9givrage des machines ou des canalisations, et au chauffage des zones de travail. Le DC 61 est hybride et peut donc fonctionner sur secteur ou sur batterie.  D\u00e9couvrez tous nos chauffages infrarouges au fioul et autres types de chauffages commerciaux portables pour r\u00e9pondre \u00e0 vos besoins.","og_url":"https:\/\/geoclimate.ge\/fr\/produit\/master-dc-61-infrared-oil-fired-heater-infrared-oil-fired-heaters-hybrid\/","og_site_name":"GeoClimate.ge","article_modified_time":"2025-09-22T15:51:31+00:00","og_image":[{"width":1000,"height":1000,"url":"https:\/\/geoclimate.ge\/wp-content\/uploads\/2025\/09\/Master-DC-61.jpg","type":"image\/jpeg"}],"twitter_card":"summary_large_image","twitter_misc":{"Dur\u00e9e de lecture estim\u00e9e":"2 minutes"},"schema":{"@context":"https:\/\/schema.org","@graph":[{"@type":"WebPage","@id":"https:\/\/geoclimate.ge\/fr\/produit\/master-dc-61-infrared-oil-fired-heater-infrared-oil-fired-heaters-hybrid\/","url":"https:\/\/geoclimate.ge\/fr\/produit\/master-dc-61-infrared-oil-fired-heater-infrared-oil-fired-heaters-hybrid\/","name":"Master DC 61 \u2013 Chauffage infrarouge au fioul Chauffages infrarouges au fioul \u2013 Hybrides - GeoClimate.ge","isPartOf":{"@id":"https:\/\/geoclimate.ge\/#website"},"primaryImageOfPage":{"@id":"https:\/\/geoclimate.ge\/fr\/produit\/master-dc-61-infrared-oil-fired-heater-infrared-oil-fired-heaters-hybrid\/#primaryimage"},"image":{"@id":"https:\/\/geoclimate.ge\/fr\/produit\/master-dc-61-infrared-oil-fired-heater-infrared-oil-fired-heaters-hybrid\/#primaryimage"},"thumbnailUrl":"https:\/\/geoclimate.ge\/wp-content\/uploads\/2025\/09\/Master-DC-61.jpg","datePublished":"2025-09-22T15:45:04+00:00","dateModified":"2025-09-22T15:51:31+00:00","breadcrumb":{"@id":"https:\/\/geoclimate.ge\/fr\/produit\/master-dc-61-infrared-oil-fired-heater-infrared-oil-fired-heaters-hybrid\/#breadcrumb"},"inLanguage":"fr-FR","potentialAction":[{"@type":"ReadAction","target":["https:\/\/geoclimate.ge\/fr\/produit\/master-dc-61-infrared-oil-fired-heater-infrared-oil-fired-heaters-hybrid\/"]}]},{"@type":"ImageObject","inLanguage":"fr-FR","@id":"https:\/\/geoclimate.ge\/fr\/produit\/master-dc-61-infrared-oil-fired-heater-infrared-oil-fired-heaters-hybrid\/#primaryimage","url":"https:\/\/geoclimate.ge\/wp-content\/uploads\/2025\/09\/Master-DC-61.jpg","contentUrl":"https:\/\/geoclimate.ge\/wp-content\/uploads\/2025\/09\/Master-DC-61.jpg","width":1000,"height":1000},{"@type":"BreadcrumbList","@id":"https:\/\/geoclimate.ge\/fr\/produit\/master-dc-61-infrared-oil-fired-heater-infrared-oil-fired-heaters-hybrid\/#breadcrumb","itemListElement":[{"@type":"ListItem","position":1,"name":"Home","item":"https:\/\/geoclimate.ge\/fr\/"},{"@type":"ListItem","position":2,"name":"Products","item":"https:\/\/geoclimate.ge\/fr\/products\/"},{"@type":"ListItem","position":3,"name":"Master DC 61 \u2013 Chauffage infrarouge au fioul Chauffages infrarouges au fioul \u2013 Hybrides"}]},{"@type":"WebSite","@id":"https:\/\/geoclimate.ge\/#website","url":"https:\/\/geoclimate.ge\/","name":"GeoClimate","description":"","publisher":{"@id":"https:\/\/geoclimate.ge\/#organization"},"potentialAction":[{"@type":"SearchAction","target":{"@type":"EntryPoint","urlTemplate":"https:\/\/geoclimate.ge\/?s={search_term_string}"},"query-input":{"@type":"PropertyValueSpecification","valueRequired":true,"valueName":"search_term_string"}}],"inLanguage":"fr-FR"},{"@type":"Organization","@id":"https:\/\/geoclimate.ge\/#organization","name":"GeoClimate","url":"https:\/\/geoclimate.ge\/","logo":{"@type":"ImageObject","inLanguage":"fr-FR","@id":"https:\/\/geoclimate.ge\/#\/schema\/logo\/image\/","url":"https:\/\/geoclimate.ge\/wp-content\/uploads\/2026\/03\/geoclimate-SEO.png","contentUrl":"https:\/\/geoclimate.ge\/wp-content\/uploads\/2026\/03\/geoclimate-SEO.png","width":1536,"height":1024,"caption":"GeoClimate"},"image":{"@id":"https:\/\/geoclimate.ge\/#\/schema\/logo\/image\/"}}]}},"_links":{"self":[{"href":"https:\/\/geoclimate.ge\/fr\/wp-json\/wp\/v2\/product\/40380","targetHints":{"allow":["GET"]}}],"collection":[{"href":"https:\/\/geoclimate.ge\/fr\/wp-json\/wp\/v2\/product"}],"about":[{"href":"https:\/\/geoclimate.ge\/fr\/wp-json\/wp\/v2\/types\/product"}],"wp:featuredmedia":[{"embeddable":true,"href":"https:\/\/geoclimate.ge\/fr\/wp-json\/wp\/v2\/media\/40333"}],"wp:attachment":[{"href":"https:\/\/geoclimate.ge\/fr\/wp-json\/wp\/v2\/media?parent=40380"}],"wp:term":[{"taxonomy":"product_brand","embeddable":true,"href":"https:\/\/geoclimate.ge\/fr\/wp-json\/wp\/v2\/product_brand?post=40380"},{"taxonomy":"product_cat","embeddable":true,"href":"https:\/\/geoclimate.ge\/fr\/wp-json\/wp\/v2\/product_cat?post=40380"},{"taxonomy":"product_tag","embeddable":true,"href":"https:\/\/geoclimate.ge\/fr\/wp-json\/wp\/v2\/product_tag?post=40380"}],"curies":[{"name":"wp","href":"https:\/\/api.w.org\/{rel}","templated":true}]}}