{"id":40627,"date":"2025-09-26T12:45:02","date_gmt":"2025-09-26T08:45:02","guid":{"rendered":"https:\/\/airsystems.ge\/shop\/product\/master-tr-3d-electric-fan-air-heaters-electric-fan-air-heaters-hanging\/"},"modified":"2025-09-26T13:26:54","modified_gmt":"2025-09-26T09:26:54","slug":"master-tr-3d-electric-fan-air-heaters-electric-fan-air-heaters-hanging","status":"publish","type":"product","link":"https:\/\/geoclimate.ge\/fr\/produit\/master-tr-3d-electric-fan-air-heaters-electric-fan-air-heaters-hanging\/","title":{"rendered":"Master TR 3D \u2013 Radiateurs soufflants \u00e9lectriques Radiateurs soufflants \u00e9lectriques \u2013 suspendus"},"content":{"rendered":"<section class=\"max-w-[1088px] mx-auto w-full px-5 my-10 md:my-12 lg:my-16 xl:my-20 xl:px-0\" data-block=\"bullet-list\">\n<div class=\"md:text-center\">\n<p><strong>Caract\u00e9ristiques principales<\/strong><\/p>\n<p>Montage mural<br \/>\nChaleur r\u00e9glable<br \/>\nGr\u00e2ce au chronothermostat num\u00e9rique \u00e0 distance, vous pouvez r\u00e9gler la temp\u00e9rature et la dur\u00e9e souhait\u00e9es, et choisir entre pleine puissance, puissance moyenne ou ventilation seule.<br \/>\nThermostat de surchauffe int\u00e9gr\u00e9<br \/>\nSilencieux<br \/>\nAucune consommation d&rsquo;oxyg\u00e8ne<br \/>\nPas de fum\u00e9es, pas d&rsquo;odeurs, pas d&rsquo;humidit\u00e9<br \/>\nFacile \u00e0 installer<br \/>\nUne t\u00e9l\u00e9commande sans fil \u00e0 piles (mod\u00e8le ACC92) est vendue s\u00e9par\u00e9ment et est n\u00e9cessaire pour le fonctionnement. Une t\u00e9l\u00e9commande peut contr\u00f4ler jusqu&rsquo;\u00e0 9 appareils.<br \/>\nLe support mural permet d&rsquo;incliner le TR \u00e0 45\u00b0.<br \/>\nChauffage rapide pour magasins, halls, showrooms, salles de r\u00e9union, bungalows, bureaux, ateliers, garages, halls de r\u00e9ception, grandes tentes, caves, etc.<\/p>\n<\/div>\n<\/section>\n<section class=\"max-w-[1088px] mx-auto w-full px-5 my-10 md:my-12 lg:my-16 xl:my-20 xl:px-0\" data-block=\"product-specifications\">\n<div class=\"md:text-center\">\n<h3 class=\"text-black font-bold text-lg md:text-xl lg:text-2xl\"><strong>Product specifications<\/strong><\/h3>\n<\/div>\n<div class=\" md:mt-10\">\n<div class=\"\">\n<div class=\"lg:mt-0 \">\n<div id=\"spec-tr-3d\" class=\"prose max-w-full md:overflow-auto\" data-spec-content=\"\">\n<div class=\"spreadsheet-container hidden md:block\">\n<table class=\"w-full table-fixed mb-0\">\n<thead>\n<tr>\n<th class=\"font-bold text-base\"><span class=\"block px-4\">Specifications<\/span><\/th>\n<th class=\"font-bold text-base text-center\"><span class=\"block px-10 md:px-20\">Units<\/span><\/th>\n<th class=\"font-bold text-base text-center will-change\"><span class=\"block px-4\">TR\u00a03D<\/span><\/th>\n<\/tr>\n<\/thead>\n<tbody>\n<tr class=\"bg-grey-200\/50 p-2\">\n<td colspan=\"1\"><span class=\"block px-4\">Heating power<\/span><\/td>\n<td class=\"text-center\">\n<div class=\"px-10 md:px-20 flex items-center justify-center\">kW<\/div>\n<\/td>\n<td class=\"text-center will-change\">\n<div class=\"px-10 md:px-20 flex items-center justify-center\">3.3<\/div>\n<\/td>\n<\/tr>\n<tr class=\" p-2\">\n<td colspan=\"1\"><span class=\"block px-4\">Power supply<\/span><\/td>\n<td class=\"text-center\">\n<div class=\"px-10 md:px-20 flex items-center justify-center\">V\/Hz<\/div>\n<\/td>\n<td class=\"text-center will-change\">\n<div class=\"px-10 md:px-20 flex items-center justify-center\">230\/1ph\/50<\/div>\n<\/td>\n<\/tr>\n<tr class=\"bg-grey-200\/50 p-2\">\n<td colspan=\"1\"><span class=\"block px-4\">Power control<\/span><\/td>\n<td class=\"text-center\">\n<div class=\"px-10 md:px-20 flex items-center justify-center\">kW<\/div>\n<\/td>\n<td class=\"text-center will-change\">\n<div class=\"px-10 md:px-20 flex items-center justify-center\">0\/1.65\/3.3<\/div>\n<\/td>\n<\/tr>\n<tr class=\" p-2\">\n<td colspan=\"1\"><span class=\"block px-4\">Voltage at maximum power<\/span><\/td>\n<td class=\"text-center\">\n<div class=\"px-10 md:px-20 flex items-center justify-center\">A<\/div>\n<\/td>\n<td class=\"text-center will-change\">\n<div class=\"px-10 md:px-20 flex items-center justify-center\">13.5<\/div>\n<\/td>\n<\/tr>\n<tr class=\"bg-grey-200\/50 p-2\">\n<td colspan=\"1\"><span class=\"block px-4\">Protection<\/span><\/td>\n<td class=\"text-center\">\n<div class=\"px-10 md:px-20 flex items-center justify-center\"><\/div>\n<\/td>\n<td class=\"text-center will-change\">\n<div class=\"px-10 md:px-20 flex items-center justify-center\">IPX4<\/div>\n<\/td>\n<\/tr>\n<tr class=\" p-2\">\n<td colspan=\"1\"><span class=\"block px-4\">Min. mounting height<\/span><\/td>\n<td class=\"text-center\">\n<div class=\"px-10 md:px-20 flex items-center justify-center\">m<\/div>\n<\/td>\n<td class=\"text-center will-change\">\n<div class=\"px-10 md:px-20 flex items-center justify-center\">1.8<\/div>\n<\/td>\n<\/tr>\n<tr class=\"bg-grey-200\/50 p-2\">\n<td colspan=\"1\"><span class=\"block px-4\">Ventilation function<\/span><\/td>\n<td class=\"text-center\">\n<div class=\"px-10 md:px-20 flex items-center justify-center\"><\/div>\n<\/td>\n<td class=\"text-center will-change\">\n<div class=\"px-10 md:px-20 flex items-center justify-center\">Yes<\/div>\n<\/td>\n<\/tr>\n<tr class=\" p-2\">\n<td colspan=\"1\"><span class=\"block px-4\">Room thermostat<\/span><\/td>\n<td class=\"text-center\">\n<div class=\"px-10 md:px-20 flex items-center justify-center\"><\/div>\n<\/td>\n<td class=\"text-center will-change\">\n<div class=\"px-10 md:px-20 flex items-center justify-center\">Yes<\/div>\n<\/td>\n<\/tr>\n<tr class=\"bg-grey-200\/50 p-2\">\n<td colspan=\"1\"><span class=\"block px-4\">Adjustable heating power<\/span><\/td>\n<td class=\"text-center\">\n<div class=\"px-10 md:px-20 flex items-center justify-center\"><\/div>\n<\/td>\n<td class=\"text-center will-change\">\n<div class=\"px-10 md:px-20 flex items-center justify-center\">Yes<\/div>\n<\/td>\n<\/tr>\n<tr class=\" p-2\">\n<td colspan=\"1\"><span class=\"block px-4\">Overheat protection<\/span><\/td>\n<td class=\"text-center\">\n<div class=\"px-10 md:px-20 flex items-center justify-center\"><\/div>\n<\/td>\n<td class=\"text-center will-change\">\n<div class=\"px-10 md:px-20 flex items-center justify-center\">Yes<\/div>\n<\/td>\n<\/tr>\n<tr class=\"bg-grey-200\/50 p-2\">\n<td colspan=\"1\"><span class=\"block px-4\">Product size (l x w x h)<\/span><\/td>\n<td class=\"text-center\">\n<div class=\"px-10 md:px-20 flex items-center justify-center\">mm<\/div>\n<\/td>\n<td class=\"text-center will-change\">\n<div class=\"px-10 md:px-20 flex items-center justify-center\">279 x 251 x 340<\/div>\n<\/td>\n<\/tr>\n<tr class=\" p-2\">\n<td colspan=\"1\"><span class=\"block px-4\">Box size (l x w x h)<\/span><\/td>\n<td class=\"text-center\">\n<div class=\"px-10 md:px-20 flex items-center justify-center\">mm<\/div>\n<\/td>\n<td class=\"text-center will-change\">\n<div class=\"px-10 md:px-20 flex items-center justify-center\">390 x 320 x 430<\/div>\n<\/td>\n<\/tr>\n<tr class=\"bg-grey-200\/50 p-2\">\n<td colspan=\"1\"><span class=\"block px-4\">Weight net\/gross<\/span><\/td>\n<td class=\"text-center\">\n<div class=\"px-10 md:px-20 flex items-center justify-center\">kg<\/div>\n<\/td>\n<td class=\"text-center will-change\">\n<div class=\"px-10 md:px-20 flex items-center justify-center\">5.6\/8.6<\/div>\n<\/td>\n<\/tr>\n<tr class=\" p-2\">\n<td colspan=\"1\"><span class=\"block px-4\">Pallet<\/span><\/td>\n<td class=\"text-center\">\n<div class=\"px-10 md:px-20 flex items-center justify-center\">pcs<\/div>\n<\/td>\n<td class=\"text-center will-change\">\n<div class=\"px-10 md:px-20 flex items-center justify-center\">30<\/div>\n<\/td>\n<\/tr>\n<\/tbody>\n<\/table>\n<\/div>\n<\/div>\n<\/div>\n<\/div>\n<\/div>\n<\/section>\n<section class=\"max-w-[1088px] mx-auto w-full px-5 my-10 md:my-12 lg:my-16 xl:my-20 xl:px-0\" data-block=\"link-list\">\n<div class=\"max-w-[1088px] mx-auto\">\n<div class=\"md:text-center\">\n<p><strong>Convient pour\u00a0:<\/strong><\/p>\n<p>Automobile<br \/>\nCamps et h\u00f4pitaux de campagne<br \/>\nB\u00e2timents commerciaux<br \/>\nServices d&rsquo;urgence<br \/>\n\u00c9v\u00e9nements et festivals<br \/>\nIndustrie, usines et production<br \/>\nLocations<br \/>\nTransport et logistique<\/p>\n<\/div>\n<\/div>\n<\/section>\n","protected":false},"excerpt":{"rendered":"<p>Les radiateurs soufflants \u00e9lectriques sont des appareils tr\u00e8s efficaces, largement utilis\u00e9s dans de nombreuses applications. Ils offrent un chauffage propre, rapide et s\u00fbr. Ils sont id\u00e9aux pour un chauffage temporaire ou d&rsquo;urgence, car ils sont faciles \u00e0 utiliser et enti\u00e8rement portables. Les radiateurs \u00e9lectriques Master utilisent uniquement des composants certifi\u00e9s de haute qualit\u00e9, garantissant ainsi leur fiabilit\u00e9 et leur efficacit\u00e9.<\/p>\n<p>Consultez notre gamme compl\u00e8te de radiateurs soufflants \u00e9lectriques ou contactez-nous pour savoir quel radiateur \u00e9lectrique ou autre type de radiateur commercial est le mieux adapt\u00e9 \u00e0 votre application.<\/p>\n","protected":false},"featured_media":40616,"template":"","meta":[],"product_brand":[],"product_cat":[1986],"product_tag":[],"class_list":{"0":"post-40627","1":"product","2":"type-product","3":"status-publish","4":"has-post-thumbnail","6":"product_cat-chauffage-calorifer","8":"first","9":"instock","10":"shipping-taxable","11":"purchasable","12":"product-type-simple"},"yoast_head":"<!-- This site is optimized with the Yoast SEO plugin v27.1.1 - https:\/\/yoast.com\/product\/yoast-seo-wordpress\/ -->\n<title>Master TR 3D \u2013 Radiateurs soufflants \u00e9lectriques Radiateurs soufflants \u00e9lectriques \u2013 suspendus - GeoClimate.ge<\/title>\n<meta name=\"robots\" content=\"index, follow, max-snippet:-1, max-image-preview:large, max-video-preview:-1\" \/>\n<link rel=\"canonical\" href=\"https:\/\/geoclimate.ge\/fr\/produit\/master-tr-3d-electric-fan-air-heaters-electric-fan-air-heaters-hanging\/\" \/>\n<meta property=\"og:locale\" content=\"fr_FR\" \/>\n<meta property=\"og:type\" content=\"article\" \/>\n<meta property=\"og:title\" content=\"Master TR 3D \u2013 Radiateurs soufflants \u00e9lectriques Radiateurs soufflants \u00e9lectriques \u2013 suspendus - GeoClimate.ge\" \/>\n<meta property=\"og:description\" content=\"Les radiateurs soufflants \u00e9lectriques sont des appareils tr\u00e8s efficaces, largement utilis\u00e9s dans de nombreuses applications. Ils offrent un chauffage propre, rapide et s\u00fbr. Ils sont id\u00e9aux pour un chauffage temporaire ou d&#039;urgence, car ils sont faciles \u00e0 utiliser et enti\u00e8rement portables. Les radiateurs \u00e9lectriques Master utilisent uniquement des composants certifi\u00e9s de haute qualit\u00e9, garantissant ainsi leur fiabilit\u00e9 et leur efficacit\u00e9.  Consultez notre gamme compl\u00e8te de radiateurs soufflants \u00e9lectriques ou contactez-nous pour savoir quel radiateur \u00e9lectrique ou autre type de radiateur commercial est le mieux adapt\u00e9 \u00e0 votre application.\" \/>\n<meta property=\"og:url\" content=\"https:\/\/geoclimate.ge\/fr\/produit\/master-tr-3d-electric-fan-air-heaters-electric-fan-air-heaters-hanging\/\" \/>\n<meta property=\"og:site_name\" content=\"GeoClimate.ge\" \/>\n<meta property=\"article:modified_time\" content=\"2025-09-26T09:26:54+00:00\" \/>\n<meta property=\"og:image\" content=\"https:\/\/geoclimate.ge\/wp-content\/uploads\/2025\/09\/Master-TR-3D.jpg\" \/>\n\t<meta property=\"og:image:width\" content=\"1000\" \/>\n\t<meta property=\"og:image:height\" content=\"1000\" \/>\n\t<meta property=\"og:image:type\" content=\"image\/jpeg\" \/>\n<meta name=\"twitter:card\" content=\"summary_large_image\" \/>\n<meta name=\"twitter:label1\" content=\"Dur\u00e9e de lecture estim\u00e9e\" \/>\n\t<meta name=\"twitter:data1\" content=\"1 minute\" \/>\n<script type=\"application\/ld+json\" class=\"yoast-schema-graph\">{\"@context\":\"https:\/\/schema.org\",\"@graph\":[{\"@type\":\"WebPage\",\"@id\":\"https:\/\/geoclimate.ge\/fr\/produit\/master-tr-3d-electric-fan-air-heaters-electric-fan-air-heaters-hanging\/\",\"url\":\"https:\/\/geoclimate.ge\/fr\/produit\/master-tr-3d-electric-fan-air-heaters-electric-fan-air-heaters-hanging\/\",\"name\":\"Master TR 3D \u2013 Radiateurs soufflants \u00e9lectriques Radiateurs soufflants \u00e9lectriques \u2013 suspendus - GeoClimate.ge\",\"isPartOf\":{\"@id\":\"https:\/\/geoclimate.ge\/#website\"},\"primaryImageOfPage\":{\"@id\":\"https:\/\/geoclimate.ge\/fr\/produit\/master-tr-3d-electric-fan-air-heaters-electric-fan-air-heaters-hanging\/#primaryimage\"},\"image\":{\"@id\":\"https:\/\/geoclimate.ge\/fr\/produit\/master-tr-3d-electric-fan-air-heaters-electric-fan-air-heaters-hanging\/#primaryimage\"},\"thumbnailUrl\":\"https:\/\/geoclimate.ge\/wp-content\/uploads\/2025\/09\/Master-TR-3D.jpg\",\"datePublished\":\"2025-09-26T08:45:02+00:00\",\"dateModified\":\"2025-09-26T09:26:54+00:00\",\"breadcrumb\":{\"@id\":\"https:\/\/geoclimate.ge\/fr\/produit\/master-tr-3d-electric-fan-air-heaters-electric-fan-air-heaters-hanging\/#breadcrumb\"},\"inLanguage\":\"fr-FR\",\"potentialAction\":[{\"@type\":\"ReadAction\",\"target\":[\"https:\/\/geoclimate.ge\/fr\/produit\/master-tr-3d-electric-fan-air-heaters-electric-fan-air-heaters-hanging\/\"]}]},{\"@type\":\"ImageObject\",\"inLanguage\":\"fr-FR\",\"@id\":\"https:\/\/geoclimate.ge\/fr\/produit\/master-tr-3d-electric-fan-air-heaters-electric-fan-air-heaters-hanging\/#primaryimage\",\"url\":\"https:\/\/geoclimate.ge\/wp-content\/uploads\/2025\/09\/Master-TR-3D.jpg\",\"contentUrl\":\"https:\/\/geoclimate.ge\/wp-content\/uploads\/2025\/09\/Master-TR-3D.jpg\",\"width\":1000,\"height\":1000},{\"@type\":\"BreadcrumbList\",\"@id\":\"https:\/\/geoclimate.ge\/fr\/produit\/master-tr-3d-electric-fan-air-heaters-electric-fan-air-heaters-hanging\/#breadcrumb\",\"itemListElement\":[{\"@type\":\"ListItem\",\"position\":1,\"name\":\"Home\",\"item\":\"https:\/\/geoclimate.ge\/fr\/\"},{\"@type\":\"ListItem\",\"position\":2,\"name\":\"Products\",\"item\":\"https:\/\/geoclimate.ge\/fr\/products\/\"},{\"@type\":\"ListItem\",\"position\":3,\"name\":\"Master TR 3D \u2013 Radiateurs soufflants \u00e9lectriques Radiateurs soufflants \u00e9lectriques \u2013 suspendus\"}]},{\"@type\":\"WebSite\",\"@id\":\"https:\/\/geoclimate.ge\/#website\",\"url\":\"https:\/\/geoclimate.ge\/\",\"name\":\"GeoClimate\",\"description\":\"\",\"publisher\":{\"@id\":\"https:\/\/geoclimate.ge\/#organization\"},\"potentialAction\":[{\"@type\":\"SearchAction\",\"target\":{\"@type\":\"EntryPoint\",\"urlTemplate\":\"https:\/\/geoclimate.ge\/?s={search_term_string}\"},\"query-input\":{\"@type\":\"PropertyValueSpecification\",\"valueRequired\":true,\"valueName\":\"search_term_string\"}}],\"inLanguage\":\"fr-FR\"},{\"@type\":\"Organization\",\"@id\":\"https:\/\/geoclimate.ge\/#organization\",\"name\":\"GeoClimate\",\"url\":\"https:\/\/geoclimate.ge\/\",\"logo\":{\"@type\":\"ImageObject\",\"inLanguage\":\"fr-FR\",\"@id\":\"https:\/\/geoclimate.ge\/#\/schema\/logo\/image\/\",\"url\":\"https:\/\/geoclimate.ge\/wp-content\/uploads\/2026\/03\/geoclimate-SEO.png\",\"contentUrl\":\"https:\/\/geoclimate.ge\/wp-content\/uploads\/2026\/03\/geoclimate-SEO.png\",\"width\":1536,\"height\":1024,\"caption\":\"GeoClimate\"},\"image\":{\"@id\":\"https:\/\/geoclimate.ge\/#\/schema\/logo\/image\/\"}}]}<\/script>\n<!-- \/ Yoast SEO plugin. -->","yoast_head_json":{"title":"Master TR 3D \u2013 Radiateurs soufflants \u00e9lectriques Radiateurs soufflants \u00e9lectriques \u2013 suspendus - GeoClimate.ge","robots":{"index":"index","follow":"follow","max-snippet":"max-snippet:-1","max-image-preview":"max-image-preview:large","max-video-preview":"max-video-preview:-1"},"canonical":"https:\/\/geoclimate.ge\/fr\/produit\/master-tr-3d-electric-fan-air-heaters-electric-fan-air-heaters-hanging\/","og_locale":"fr_FR","og_type":"article","og_title":"Master TR 3D \u2013 Radiateurs soufflants \u00e9lectriques Radiateurs soufflants \u00e9lectriques \u2013 suspendus - GeoClimate.ge","og_description":"Les radiateurs soufflants \u00e9lectriques sont des appareils tr\u00e8s efficaces, largement utilis\u00e9s dans de nombreuses applications. Ils offrent un chauffage propre, rapide et s\u00fbr. Ils sont id\u00e9aux pour un chauffage temporaire ou d'urgence, car ils sont faciles \u00e0 utiliser et enti\u00e8rement portables. Les radiateurs \u00e9lectriques Master utilisent uniquement des composants certifi\u00e9s de haute qualit\u00e9, garantissant ainsi leur fiabilit\u00e9 et leur efficacit\u00e9.  Consultez notre gamme compl\u00e8te de radiateurs soufflants \u00e9lectriques ou contactez-nous pour savoir quel radiateur \u00e9lectrique ou autre type de radiateur commercial est le mieux adapt\u00e9 \u00e0 votre application.","og_url":"https:\/\/geoclimate.ge\/fr\/produit\/master-tr-3d-electric-fan-air-heaters-electric-fan-air-heaters-hanging\/","og_site_name":"GeoClimate.ge","article_modified_time":"2025-09-26T09:26:54+00:00","og_image":[{"width":1000,"height":1000,"url":"https:\/\/geoclimate.ge\/wp-content\/uploads\/2025\/09\/Master-TR-3D.jpg","type":"image\/jpeg"}],"twitter_card":"summary_large_image","twitter_misc":{"Dur\u00e9e de lecture estim\u00e9e":"1 minute"},"schema":{"@context":"https:\/\/schema.org","@graph":[{"@type":"WebPage","@id":"https:\/\/geoclimate.ge\/fr\/produit\/master-tr-3d-electric-fan-air-heaters-electric-fan-air-heaters-hanging\/","url":"https:\/\/geoclimate.ge\/fr\/produit\/master-tr-3d-electric-fan-air-heaters-electric-fan-air-heaters-hanging\/","name":"Master TR 3D \u2013 Radiateurs soufflants \u00e9lectriques Radiateurs soufflants \u00e9lectriques \u2013 suspendus - GeoClimate.ge","isPartOf":{"@id":"https:\/\/geoclimate.ge\/#website"},"primaryImageOfPage":{"@id":"https:\/\/geoclimate.ge\/fr\/produit\/master-tr-3d-electric-fan-air-heaters-electric-fan-air-heaters-hanging\/#primaryimage"},"image":{"@id":"https:\/\/geoclimate.ge\/fr\/produit\/master-tr-3d-electric-fan-air-heaters-electric-fan-air-heaters-hanging\/#primaryimage"},"thumbnailUrl":"https:\/\/geoclimate.ge\/wp-content\/uploads\/2025\/09\/Master-TR-3D.jpg","datePublished":"2025-09-26T08:45:02+00:00","dateModified":"2025-09-26T09:26:54+00:00","breadcrumb":{"@id":"https:\/\/geoclimate.ge\/fr\/produit\/master-tr-3d-electric-fan-air-heaters-electric-fan-air-heaters-hanging\/#breadcrumb"},"inLanguage":"fr-FR","potentialAction":[{"@type":"ReadAction","target":["https:\/\/geoclimate.ge\/fr\/produit\/master-tr-3d-electric-fan-air-heaters-electric-fan-air-heaters-hanging\/"]}]},{"@type":"ImageObject","inLanguage":"fr-FR","@id":"https:\/\/geoclimate.ge\/fr\/produit\/master-tr-3d-electric-fan-air-heaters-electric-fan-air-heaters-hanging\/#primaryimage","url":"https:\/\/geoclimate.ge\/wp-content\/uploads\/2025\/09\/Master-TR-3D.jpg","contentUrl":"https:\/\/geoclimate.ge\/wp-content\/uploads\/2025\/09\/Master-TR-3D.jpg","width":1000,"height":1000},{"@type":"BreadcrumbList","@id":"https:\/\/geoclimate.ge\/fr\/produit\/master-tr-3d-electric-fan-air-heaters-electric-fan-air-heaters-hanging\/#breadcrumb","itemListElement":[{"@type":"ListItem","position":1,"name":"Home","item":"https:\/\/geoclimate.ge\/fr\/"},{"@type":"ListItem","position":2,"name":"Products","item":"https:\/\/geoclimate.ge\/fr\/products\/"},{"@type":"ListItem","position":3,"name":"Master TR 3D \u2013 Radiateurs soufflants \u00e9lectriques Radiateurs soufflants \u00e9lectriques \u2013 suspendus"}]},{"@type":"WebSite","@id":"https:\/\/geoclimate.ge\/#website","url":"https:\/\/geoclimate.ge\/","name":"GeoClimate","description":"","publisher":{"@id":"https:\/\/geoclimate.ge\/#organization"},"potentialAction":[{"@type":"SearchAction","target":{"@type":"EntryPoint","urlTemplate":"https:\/\/geoclimate.ge\/?s={search_term_string}"},"query-input":{"@type":"PropertyValueSpecification","valueRequired":true,"valueName":"search_term_string"}}],"inLanguage":"fr-FR"},{"@type":"Organization","@id":"https:\/\/geoclimate.ge\/#organization","name":"GeoClimate","url":"https:\/\/geoclimate.ge\/","logo":{"@type":"ImageObject","inLanguage":"fr-FR","@id":"https:\/\/geoclimate.ge\/#\/schema\/logo\/image\/","url":"https:\/\/geoclimate.ge\/wp-content\/uploads\/2026\/03\/geoclimate-SEO.png","contentUrl":"https:\/\/geoclimate.ge\/wp-content\/uploads\/2026\/03\/geoclimate-SEO.png","width":1536,"height":1024,"caption":"GeoClimate"},"image":{"@id":"https:\/\/geoclimate.ge\/#\/schema\/logo\/image\/"}}]}},"_links":{"self":[{"href":"https:\/\/geoclimate.ge\/fr\/wp-json\/wp\/v2\/product\/40627","targetHints":{"allow":["GET"]}}],"collection":[{"href":"https:\/\/geoclimate.ge\/fr\/wp-json\/wp\/v2\/product"}],"about":[{"href":"https:\/\/geoclimate.ge\/fr\/wp-json\/wp\/v2\/types\/product"}],"wp:featuredmedia":[{"embeddable":true,"href":"https:\/\/geoclimate.ge\/fr\/wp-json\/wp\/v2\/media\/40616"}],"wp:attachment":[{"href":"https:\/\/geoclimate.ge\/fr\/wp-json\/wp\/v2\/media?parent=40627"}],"wp:term":[{"taxonomy":"product_brand","embeddable":true,"href":"https:\/\/geoclimate.ge\/fr\/wp-json\/wp\/v2\/product_brand?post=40627"},{"taxonomy":"product_cat","embeddable":true,"href":"https:\/\/geoclimate.ge\/fr\/wp-json\/wp\/v2\/product_cat?post=40627"},{"taxonomy":"product_tag","embeddable":true,"href":"https:\/\/geoclimate.ge\/fr\/wp-json\/wp\/v2\/product_tag?post=40627"}],"curies":[{"name":"wp","href":"https:\/\/api.w.org\/{rel}","templated":true}]}}