{"id":40675,"date":"2025-09-26T16:22:47","date_gmt":"2025-09-26T12:22:47","guid":{"rendered":"https:\/\/airsystems.ge\/shop\/product\/master-cf-75-spark-direct-gas-fired-air-heater-fixed-direct-gas-fired-air-heaters\/"},"modified":"2025-09-26T16:35:20","modified_gmt":"2025-09-26T12:35:20","slug":"master-cf-75-spark-direct-gas-fired-air-heater-fixed-direct-gas-fired-air-heaters","status":"publish","type":"product","link":"https:\/\/geoclimate.ge\/fr\/produit\/master-cf-75-spark-direct-gas-fired-air-heater-fixed-direct-gas-fired-air-heaters\/","title":{"rendered":"Master CF 75 SPARK \u2013 A\u00e9rotherme \u00e0 combustion directe au gaz A\u00e9rothermes fixes \u00e0 combustion directe au gaz"},"content":{"rendered":"<section class=\"max-w-[1088px] mx-auto w-full px-5 my-10 md:my-12 lg:my-16 xl:my-20 xl:px-0\" data-block=\"bullet-list\">\n<div class=\"md:text-center\">\n<p><strong>Principales caract\u00e9ristiques<\/strong><\/p>\n<p>Con\u00e7u pour une utilisation int\u00e9rieure et ext\u00e9rieure<br \/>\nPeut \u00eatre pos\u00e9 au sol ou suspendu au plafond<br \/>\nChambre de combustion en acier galvanis\u00e9<br \/>\nAllumage fiable \u00e0 double \u00e9tincelle<br \/>\nBr\u00fbleur au gaz naturel ou GPL<br \/>\n\u00c9changeur de chaleur \u00e0 haut rendement<br \/>\nThermostat de surchauffe<br \/>\nMoteur ferm\u00e9 pour garantir s\u00e9curit\u00e9 et fiabilit\u00e9, m\u00eame dans les environnements difficiles<br \/>\nCorps en acier galvanis\u00e9<\/p>\n<\/div>\n<\/section>\n<section class=\"max-w-[1088px] mx-auto w-full px-5 my-10 md:my-12 lg:my-16 xl:my-20 xl:px-0\" data-block=\"product-specifications\">\n<div class=\"md:text-center\">\n<h3 class=\"text-black font-bold text-lg md:text-xl lg:text-2xl\"><strong>Product specifications<\/strong><\/h3>\n<\/div>\n<div class=\" md:mt-10\">\n<div class=\"\">\n<div class=\"lg:mt-0 \">\n<div id=\"spec-cf-75-spark\" class=\"prose max-w-full md:overflow-auto\" data-spec-content=\"\">\n<div class=\"spreadsheet-container hidden md:block\">\n<table class=\"w-full table-fixed mb-0\">\n<thead>\n<tr>\n<th class=\"font-bold text-base\"><span class=\"block px-4\">Specifications<\/span><\/th>\n<th class=\"font-bold text-base text-center\"><span class=\"block px-10 md:px-20\">Units<\/span><\/th>\n<th class=\"font-bold text-base text-center will-change\"><span class=\"block px-4\">CF\u00a075\u00a0SPARK<\/span><\/th>\n<\/tr>\n<\/thead>\n<tbody>\n<tr class=\"bg-grey-200\/50 p-2\">\n<td colspan=\"1\"><span class=\"block px-4\">Heating power<\/span><\/td>\n<td class=\"text-center\">\n<div class=\"px-10 md:px-20 flex items-center justify-center\">kW<\/div>\n<\/td>\n<td class=\"text-center will-change\">\n<div class=\"px-10 md:px-20 flex items-center justify-center\">75<\/div>\n<\/td>\n<\/tr>\n<tr class=\" p-2\">\n<td colspan=\"1\"><span class=\"block px-4\">Heating power<\/span><\/td>\n<td class=\"text-center\">\n<div class=\"px-10 md:px-20 flex items-center justify-center\">Btu\/h<\/div>\n<\/td>\n<td class=\"text-center will-change\">\n<div class=\"px-10 md:px-20 flex items-center justify-center\">255,900<\/div>\n<\/td>\n<\/tr>\n<tr class=\"bg-grey-200\/50 p-2\">\n<td colspan=\"1\"><span class=\"block px-4\">Heating power<\/span><\/td>\n<td class=\"text-center\">\n<div class=\"px-10 md:px-20 flex items-center justify-center\">kcal\/h<\/div>\n<\/td>\n<td class=\"text-center will-change\">\n<div class=\"px-10 md:px-20 flex items-center justify-center\">64,500<\/div>\n<\/td>\n<\/tr>\n<tr class=\" p-2\">\n<td colspan=\"1\"><span class=\"block px-4\">Air flow<\/span><\/td>\n<td class=\"text-center\">\n<div class=\"px-10 md:px-20 flex items-center justify-center\">m\u00b3\/h<\/div>\n<\/td>\n<td class=\"text-center will-change\">\n<div class=\"px-10 md:px-20 flex items-center justify-center\">2,100<\/div>\n<\/td>\n<\/tr>\n<tr class=\"bg-grey-200\/50 p-2\">\n<td colspan=\"1\"><span class=\"block px-4\">Thermostat control<\/span><\/td>\n<td class=\"text-center\">\n<div class=\"px-10 md:px-20 flex items-center justify-center\"><\/div>\n<\/td>\n<td class=\"text-center will-change\">\n<div class=\"px-10 md:px-20 flex items-center justify-center\">Optional<\/div>\n<\/td>\n<\/tr>\n<tr class=\" p-2\">\n<td colspan=\"1\"><span class=\"block px-4\">Fuel consumption (LPG)<\/span><\/td>\n<td class=\"text-center\">\n<div class=\"px-10 md:px-20 flex items-center justify-center\">m\u00b3\/h<\/div>\n<\/td>\n<td class=\"text-center will-change\">\n<div class=\"px-10 md:px-20 flex items-center justify-center\">2.3<\/div>\n<\/td>\n<\/tr>\n<tr class=\"bg-grey-200\/50 p-2\">\n<td colspan=\"1\"><span class=\"block px-4\">Fuel consumption (natural gas)<\/span><\/td>\n<td class=\"text-center\">\n<div class=\"px-10 md:px-20 flex items-center justify-center\">m\u00b3\/h<\/div>\n<\/td>\n<td class=\"text-center will-change\">\n<div class=\"px-10 md:px-20 flex items-center justify-center\">8<\/div>\n<\/td>\n<\/tr>\n<tr class=\" p-2\">\n<td colspan=\"1\"><span class=\"block px-4\">Electric power<\/span><\/td>\n<td class=\"text-center\">\n<div class=\"px-10 md:px-20 flex items-center justify-center\">kW<\/div>\n<\/td>\n<td class=\"text-center will-change\">\n<div class=\"px-10 md:px-20 flex items-center justify-center\">0.5<\/div>\n<\/td>\n<\/tr>\n<tr class=\"bg-grey-200\/50 p-2\">\n<td colspan=\"1\"><span class=\"block px-4\">Power supply<\/span><\/td>\n<td class=\"text-center\">\n<div class=\"px-10 md:px-20 flex items-center justify-center\">V\/Hz<\/div>\n<\/td>\n<td class=\"text-center will-change\">\n<div class=\"px-10 md:px-20 flex items-center justify-center\">220-240\/1ph\/50<\/div>\n<\/td>\n<\/tr>\n<tr class=\" p-2\">\n<td colspan=\"1\"><span class=\"block px-4\">Rated current<\/span><\/td>\n<td class=\"text-center\">\n<div class=\"px-10 md:px-20 flex items-center justify-center\">A<\/div>\n<\/td>\n<td class=\"text-center will-change\">\n<div class=\"px-10 md:px-20 flex items-center justify-center\">2.8<\/div>\n<\/td>\n<\/tr>\n<tr class=\"bg-grey-200\/50 p-2\">\n<td colspan=\"1\"><span class=\"block px-4\">Product size (l x w x h)<\/span><\/td>\n<td class=\"text-center\">\n<div class=\"px-10 md:px-20 flex items-center justify-center\">mm<\/div>\n<\/td>\n<td class=\"text-center will-change\">\n<div class=\"px-10 md:px-20 flex items-center justify-center\">788 x 464 x 719<\/div>\n<\/td>\n<\/tr>\n<tr class=\" p-2\">\n<td colspan=\"1\"><span class=\"block px-4\">Box size (l x w x h)<\/span><\/td>\n<td class=\"text-center\">\n<div class=\"px-10 md:px-20 flex items-center justify-center\">mm<\/div>\n<\/td>\n<td class=\"text-center will-change\">\n<div class=\"px-10 md:px-20 flex items-center justify-center\">825 x 515 x 780<\/div>\n<\/td>\n<\/tr>\n<tr class=\"bg-grey-200\/50 p-2\">\n<td colspan=\"1\"><span class=\"block px-4\">Net\/gross weight<\/span><\/td>\n<td class=\"text-center\">\n<div class=\"px-10 md:px-20 flex items-center justify-center\">kg<\/div>\n<\/td>\n<td class=\"text-center will-change\">\n<div class=\"px-10 md:px-20 flex items-center justify-center\">57\/61<\/div>\n<\/td>\n<\/tr>\n<tr class=\" p-2\">\n<td colspan=\"1\"><span class=\"block px-4\">Pallet<\/span><\/td>\n<td class=\"text-center\">\n<div class=\"px-10 md:px-20 flex items-center justify-center\">pcs<\/div>\n<\/td>\n<td class=\"text-center will-change\">\n<div class=\"px-10 md:px-20 flex items-center justify-center\">4<\/div>\n<\/td>\n<\/tr>\n<tr class=\"bg-grey-200\/50 p-2\">\n<td colspan=\"1\"><span class=\"block px-4\">Included in the box<\/span><\/td>\n<td class=\"text-center\">\n<div class=\"px-10 md:px-20 flex items-center justify-center\"><\/div>\n<\/td>\n<td class=\"text-center will-change\">\n<div class=\"px-10 md:px-20 flex items-center justify-center\">Diverter, LPG to natural GAS kit<\/div>\n<\/td>\n<\/tr>\n<\/tbody>\n<\/table>\n<\/div>\n<\/div>\n<\/div>\n<\/div>\n<\/div>\n<\/section>\n<section class=\"max-w-[1088px] mx-auto w-full px-5 my-10 md:my-12 lg:my-16 xl:my-20 xl:px-0\" data-block=\"link-list\">\n<div class=\"max-w-[1088px] mx-auto\">\n<div class=\"md:text-center\">\n<p>Inclus dans la bo\u00eete<br \/>\nKit de d\u00e9rivation GPL vers GPL<\/p>\n<p><strong>Convient pour\u00a0:<\/strong><\/p>\n<p>Agriculture<br \/>\nIndustrie, usines et production<\/p>\n<\/div>\n<\/div>\n<\/section>\n","protected":false},"excerpt":{"rendered":"<p>Con\u00e7u pour une utilisation int\u00e9rieure et ext\u00e9rieure, le CF 75 est facile \u00e0 installer et son faible co\u00fbt de combustible permet de r\u00e9duire les co\u00fbts de chauffage. Il convient aux espaces n\u00e9cessitant un d\u00e9bit d&rsquo;air important, comme les serres, les stabulations, les entrep\u00f4ts, les ateliers, etc. Il fonctionne avec un br\u00fbleur \u00e0 fioul standard, au GPL ou au gaz naturel.<\/p>\n<p>D\u00e9couvrez tous nos a\u00e9rothermes \u00e0 combustion directe au gaz ou parcourez notre gamme compl\u00e8te d&rsquo;a\u00e9rothermes professionnels adapt\u00e9s \u00e0 de multiples applications et environnements.<\/p>\n","protected":false},"featured_media":40664,"template":"","meta":[],"product_brand":[],"product_cat":[1986],"product_tag":[],"class_list":{"0":"post-40675","1":"product","2":"type-product","3":"status-publish","4":"has-post-thumbnail","6":"product_cat-chauffage-calorifer","8":"first","9":"instock","10":"shipping-taxable","11":"purchasable","12":"product-type-simple"},"yoast_head":"<!-- This site is optimized with the Yoast SEO plugin v27.1.1 - https:\/\/yoast.com\/product\/yoast-seo-wordpress\/ -->\n<title>Master CF 75 SPARK \u2013 A\u00e9rotherme \u00e0 combustion directe au gaz A\u00e9rothermes fixes \u00e0 combustion directe au gaz - GeoClimate.ge<\/title>\n<meta name=\"robots\" content=\"index, follow, max-snippet:-1, max-image-preview:large, max-video-preview:-1\" \/>\n<link rel=\"canonical\" href=\"https:\/\/geoclimate.ge\/fr\/produit\/master-cf-75-spark-direct-gas-fired-air-heater-fixed-direct-gas-fired-air-heaters\/\" \/>\n<meta property=\"og:locale\" content=\"fr_FR\" \/>\n<meta property=\"og:type\" content=\"article\" \/>\n<meta property=\"og:title\" content=\"Master CF 75 SPARK \u2013 A\u00e9rotherme \u00e0 combustion directe au gaz A\u00e9rothermes fixes \u00e0 combustion directe au gaz - GeoClimate.ge\" \/>\n<meta property=\"og:description\" content=\"Con\u00e7u pour une utilisation int\u00e9rieure et ext\u00e9rieure, le CF 75 est facile \u00e0 installer et son faible co\u00fbt de combustible permet de r\u00e9duire les co\u00fbts de chauffage. Il convient aux espaces n\u00e9cessitant un d\u00e9bit d&#039;air important, comme les serres, les stabulations, les entrep\u00f4ts, les ateliers, etc. Il fonctionne avec un br\u00fbleur \u00e0 fioul standard, au GPL ou au gaz naturel.  D\u00e9couvrez tous nos a\u00e9rothermes \u00e0 combustion directe au gaz ou parcourez notre gamme compl\u00e8te d&#039;a\u00e9rothermes professionnels adapt\u00e9s \u00e0 de multiples applications et environnements.\" \/>\n<meta property=\"og:url\" content=\"https:\/\/geoclimate.ge\/fr\/produit\/master-cf-75-spark-direct-gas-fired-air-heater-fixed-direct-gas-fired-air-heaters\/\" \/>\n<meta property=\"og:site_name\" content=\"GeoClimate.ge\" \/>\n<meta property=\"article:modified_time\" content=\"2025-09-26T12:35:20+00:00\" \/>\n<meta property=\"og:image\" content=\"https:\/\/geoclimate.ge\/wp-content\/uploads\/2025\/09\/Master-CF-75.jpg\" \/>\n\t<meta property=\"og:image:width\" content=\"1000\" \/>\n\t<meta property=\"og:image:height\" content=\"1000\" \/>\n\t<meta property=\"og:image:type\" content=\"image\/jpeg\" \/>\n<meta name=\"twitter:card\" content=\"summary_large_image\" \/>\n<meta name=\"twitter:label1\" content=\"Dur\u00e9e de lecture estim\u00e9e\" \/>\n\t<meta name=\"twitter:data1\" content=\"1 minute\" \/>\n<script type=\"application\/ld+json\" class=\"yoast-schema-graph\">{\"@context\":\"https:\/\/schema.org\",\"@graph\":[{\"@type\":\"WebPage\",\"@id\":\"https:\/\/geoclimate.ge\/fr\/produit\/master-cf-75-spark-direct-gas-fired-air-heater-fixed-direct-gas-fired-air-heaters\/\",\"url\":\"https:\/\/geoclimate.ge\/fr\/produit\/master-cf-75-spark-direct-gas-fired-air-heater-fixed-direct-gas-fired-air-heaters\/\",\"name\":\"Master CF 75 SPARK \u2013 A\u00e9rotherme \u00e0 combustion directe au gaz A\u00e9rothermes fixes \u00e0 combustion directe au gaz - GeoClimate.ge\",\"isPartOf\":{\"@id\":\"https:\/\/geoclimate.ge\/#website\"},\"primaryImageOfPage\":{\"@id\":\"https:\/\/geoclimate.ge\/fr\/produit\/master-cf-75-spark-direct-gas-fired-air-heater-fixed-direct-gas-fired-air-heaters\/#primaryimage\"},\"image\":{\"@id\":\"https:\/\/geoclimate.ge\/fr\/produit\/master-cf-75-spark-direct-gas-fired-air-heater-fixed-direct-gas-fired-air-heaters\/#primaryimage\"},\"thumbnailUrl\":\"https:\/\/geoclimate.ge\/wp-content\/uploads\/2025\/09\/Master-CF-75.jpg\",\"datePublished\":\"2025-09-26T12:22:47+00:00\",\"dateModified\":\"2025-09-26T12:35:20+00:00\",\"breadcrumb\":{\"@id\":\"https:\/\/geoclimate.ge\/fr\/produit\/master-cf-75-spark-direct-gas-fired-air-heater-fixed-direct-gas-fired-air-heaters\/#breadcrumb\"},\"inLanguage\":\"fr-FR\",\"potentialAction\":[{\"@type\":\"ReadAction\",\"target\":[\"https:\/\/geoclimate.ge\/fr\/produit\/master-cf-75-spark-direct-gas-fired-air-heater-fixed-direct-gas-fired-air-heaters\/\"]}]},{\"@type\":\"ImageObject\",\"inLanguage\":\"fr-FR\",\"@id\":\"https:\/\/geoclimate.ge\/fr\/produit\/master-cf-75-spark-direct-gas-fired-air-heater-fixed-direct-gas-fired-air-heaters\/#primaryimage\",\"url\":\"https:\/\/geoclimate.ge\/wp-content\/uploads\/2025\/09\/Master-CF-75.jpg\",\"contentUrl\":\"https:\/\/geoclimate.ge\/wp-content\/uploads\/2025\/09\/Master-CF-75.jpg\",\"width\":1000,\"height\":1000},{\"@type\":\"BreadcrumbList\",\"@id\":\"https:\/\/geoclimate.ge\/fr\/produit\/master-cf-75-spark-direct-gas-fired-air-heater-fixed-direct-gas-fired-air-heaters\/#breadcrumb\",\"itemListElement\":[{\"@type\":\"ListItem\",\"position\":1,\"name\":\"Home\",\"item\":\"https:\/\/geoclimate.ge\/fr\/\"},{\"@type\":\"ListItem\",\"position\":2,\"name\":\"Products\",\"item\":\"https:\/\/geoclimate.ge\/fr\/products\/\"},{\"@type\":\"ListItem\",\"position\":3,\"name\":\"Master CF 75 SPARK \u2013 A\u00e9rotherme \u00e0 combustion directe au gaz A\u00e9rothermes fixes \u00e0 combustion directe au gaz\"}]},{\"@type\":\"WebSite\",\"@id\":\"https:\/\/geoclimate.ge\/#website\",\"url\":\"https:\/\/geoclimate.ge\/\",\"name\":\"GeoClimate\",\"description\":\"\",\"publisher\":{\"@id\":\"https:\/\/geoclimate.ge\/#organization\"},\"potentialAction\":[{\"@type\":\"SearchAction\",\"target\":{\"@type\":\"EntryPoint\",\"urlTemplate\":\"https:\/\/geoclimate.ge\/?s={search_term_string}\"},\"query-input\":{\"@type\":\"PropertyValueSpecification\",\"valueRequired\":true,\"valueName\":\"search_term_string\"}}],\"inLanguage\":\"fr-FR\"},{\"@type\":\"Organization\",\"@id\":\"https:\/\/geoclimate.ge\/#organization\",\"name\":\"GeoClimate\",\"url\":\"https:\/\/geoclimate.ge\/\",\"logo\":{\"@type\":\"ImageObject\",\"inLanguage\":\"fr-FR\",\"@id\":\"https:\/\/geoclimate.ge\/#\/schema\/logo\/image\/\",\"url\":\"https:\/\/geoclimate.ge\/wp-content\/uploads\/2026\/03\/geoclimate-SEO.png\",\"contentUrl\":\"https:\/\/geoclimate.ge\/wp-content\/uploads\/2026\/03\/geoclimate-SEO.png\",\"width\":1536,\"height\":1024,\"caption\":\"GeoClimate\"},\"image\":{\"@id\":\"https:\/\/geoclimate.ge\/#\/schema\/logo\/image\/\"}}]}<\/script>\n<!-- \/ Yoast SEO plugin. -->","yoast_head_json":{"title":"Master CF 75 SPARK \u2013 A\u00e9rotherme \u00e0 combustion directe au gaz A\u00e9rothermes fixes \u00e0 combustion directe au gaz - GeoClimate.ge","robots":{"index":"index","follow":"follow","max-snippet":"max-snippet:-1","max-image-preview":"max-image-preview:large","max-video-preview":"max-video-preview:-1"},"canonical":"https:\/\/geoclimate.ge\/fr\/produit\/master-cf-75-spark-direct-gas-fired-air-heater-fixed-direct-gas-fired-air-heaters\/","og_locale":"fr_FR","og_type":"article","og_title":"Master CF 75 SPARK \u2013 A\u00e9rotherme \u00e0 combustion directe au gaz A\u00e9rothermes fixes \u00e0 combustion directe au gaz - GeoClimate.ge","og_description":"Con\u00e7u pour une utilisation int\u00e9rieure et ext\u00e9rieure, le CF 75 est facile \u00e0 installer et son faible co\u00fbt de combustible permet de r\u00e9duire les co\u00fbts de chauffage. Il convient aux espaces n\u00e9cessitant un d\u00e9bit d'air important, comme les serres, les stabulations, les entrep\u00f4ts, les ateliers, etc. Il fonctionne avec un br\u00fbleur \u00e0 fioul standard, au GPL ou au gaz naturel.  D\u00e9couvrez tous nos a\u00e9rothermes \u00e0 combustion directe au gaz ou parcourez notre gamme compl\u00e8te d'a\u00e9rothermes professionnels adapt\u00e9s \u00e0 de multiples applications et environnements.","og_url":"https:\/\/geoclimate.ge\/fr\/produit\/master-cf-75-spark-direct-gas-fired-air-heater-fixed-direct-gas-fired-air-heaters\/","og_site_name":"GeoClimate.ge","article_modified_time":"2025-09-26T12:35:20+00:00","og_image":[{"width":1000,"height":1000,"url":"https:\/\/geoclimate.ge\/wp-content\/uploads\/2025\/09\/Master-CF-75.jpg","type":"image\/jpeg"}],"twitter_card":"summary_large_image","twitter_misc":{"Dur\u00e9e de lecture estim\u00e9e":"1 minute"},"schema":{"@context":"https:\/\/schema.org","@graph":[{"@type":"WebPage","@id":"https:\/\/geoclimate.ge\/fr\/produit\/master-cf-75-spark-direct-gas-fired-air-heater-fixed-direct-gas-fired-air-heaters\/","url":"https:\/\/geoclimate.ge\/fr\/produit\/master-cf-75-spark-direct-gas-fired-air-heater-fixed-direct-gas-fired-air-heaters\/","name":"Master CF 75 SPARK \u2013 A\u00e9rotherme \u00e0 combustion directe au gaz A\u00e9rothermes fixes \u00e0 combustion directe au gaz - GeoClimate.ge","isPartOf":{"@id":"https:\/\/geoclimate.ge\/#website"},"primaryImageOfPage":{"@id":"https:\/\/geoclimate.ge\/fr\/produit\/master-cf-75-spark-direct-gas-fired-air-heater-fixed-direct-gas-fired-air-heaters\/#primaryimage"},"image":{"@id":"https:\/\/geoclimate.ge\/fr\/produit\/master-cf-75-spark-direct-gas-fired-air-heater-fixed-direct-gas-fired-air-heaters\/#primaryimage"},"thumbnailUrl":"https:\/\/geoclimate.ge\/wp-content\/uploads\/2025\/09\/Master-CF-75.jpg","datePublished":"2025-09-26T12:22:47+00:00","dateModified":"2025-09-26T12:35:20+00:00","breadcrumb":{"@id":"https:\/\/geoclimate.ge\/fr\/produit\/master-cf-75-spark-direct-gas-fired-air-heater-fixed-direct-gas-fired-air-heaters\/#breadcrumb"},"inLanguage":"fr-FR","potentialAction":[{"@type":"ReadAction","target":["https:\/\/geoclimate.ge\/fr\/produit\/master-cf-75-spark-direct-gas-fired-air-heater-fixed-direct-gas-fired-air-heaters\/"]}]},{"@type":"ImageObject","inLanguage":"fr-FR","@id":"https:\/\/geoclimate.ge\/fr\/produit\/master-cf-75-spark-direct-gas-fired-air-heater-fixed-direct-gas-fired-air-heaters\/#primaryimage","url":"https:\/\/geoclimate.ge\/wp-content\/uploads\/2025\/09\/Master-CF-75.jpg","contentUrl":"https:\/\/geoclimate.ge\/wp-content\/uploads\/2025\/09\/Master-CF-75.jpg","width":1000,"height":1000},{"@type":"BreadcrumbList","@id":"https:\/\/geoclimate.ge\/fr\/produit\/master-cf-75-spark-direct-gas-fired-air-heater-fixed-direct-gas-fired-air-heaters\/#breadcrumb","itemListElement":[{"@type":"ListItem","position":1,"name":"Home","item":"https:\/\/geoclimate.ge\/fr\/"},{"@type":"ListItem","position":2,"name":"Products","item":"https:\/\/geoclimate.ge\/fr\/products\/"},{"@type":"ListItem","position":3,"name":"Master CF 75 SPARK \u2013 A\u00e9rotherme \u00e0 combustion directe au gaz A\u00e9rothermes fixes \u00e0 combustion directe au gaz"}]},{"@type":"WebSite","@id":"https:\/\/geoclimate.ge\/#website","url":"https:\/\/geoclimate.ge\/","name":"GeoClimate","description":"","publisher":{"@id":"https:\/\/geoclimate.ge\/#organization"},"potentialAction":[{"@type":"SearchAction","target":{"@type":"EntryPoint","urlTemplate":"https:\/\/geoclimate.ge\/?s={search_term_string}"},"query-input":{"@type":"PropertyValueSpecification","valueRequired":true,"valueName":"search_term_string"}}],"inLanguage":"fr-FR"},{"@type":"Organization","@id":"https:\/\/geoclimate.ge\/#organization","name":"GeoClimate","url":"https:\/\/geoclimate.ge\/","logo":{"@type":"ImageObject","inLanguage":"fr-FR","@id":"https:\/\/geoclimate.ge\/#\/schema\/logo\/image\/","url":"https:\/\/geoclimate.ge\/wp-content\/uploads\/2026\/03\/geoclimate-SEO.png","contentUrl":"https:\/\/geoclimate.ge\/wp-content\/uploads\/2026\/03\/geoclimate-SEO.png","width":1536,"height":1024,"caption":"GeoClimate"},"image":{"@id":"https:\/\/geoclimate.ge\/#\/schema\/logo\/image\/"}}]}},"_links":{"self":[{"href":"https:\/\/geoclimate.ge\/fr\/wp-json\/wp\/v2\/product\/40675","targetHints":{"allow":["GET"]}}],"collection":[{"href":"https:\/\/geoclimate.ge\/fr\/wp-json\/wp\/v2\/product"}],"about":[{"href":"https:\/\/geoclimate.ge\/fr\/wp-json\/wp\/v2\/types\/product"}],"wp:featuredmedia":[{"embeddable":true,"href":"https:\/\/geoclimate.ge\/fr\/wp-json\/wp\/v2\/media\/40664"}],"wp:attachment":[{"href":"https:\/\/geoclimate.ge\/fr\/wp-json\/wp\/v2\/media?parent=40675"}],"wp:term":[{"taxonomy":"product_brand","embeddable":true,"href":"https:\/\/geoclimate.ge\/fr\/wp-json\/wp\/v2\/product_brand?post=40675"},{"taxonomy":"product_cat","embeddable":true,"href":"https:\/\/geoclimate.ge\/fr\/wp-json\/wp\/v2\/product_cat?post=40675"},{"taxonomy":"product_tag","embeddable":true,"href":"https:\/\/geoclimate.ge\/fr\/wp-json\/wp\/v2\/product_tag?post=40675"}],"curies":[{"name":"wp","href":"https:\/\/api.w.org\/{rel}","templated":true}]}}