{"id":42574,"date":"2025-10-06T12:10:27","date_gmt":"2025-10-06T08:10:27","guid":{"rendered":"https:\/\/airsystems.ge\/shop\/product\/electro-water-heater-d80-20ed6-model-number-d80-20ed6\/"},"modified":"2025-10-06T12:18:39","modified_gmt":"2025-10-06T08:18:39","slug":"electro-water-heater-d80-20ed6-model-number-d80-20ed6","status":"publish","type":"product","link":"https:\/\/geoclimate.ge\/fr\/produit\/electro-water-heater-d80-20ed6-model-number-d80-20ed6\/","title":{"rendered":"Chauffe-eau \u00e9lectrique D80-20ED6 Mod\u00e8le\u00a0: D80-20ED6"},"content":{"rendered":"<p>Le chauffe-eau \u00e9lectrique Midea D80-20ED6 se distingue par son design\u00a0: il peut \u00eatre install\u00e9 verticalement et horizontalement. Il dispose \u00e9galement d&rsquo;une fonction Wi-Fi.<br \/>\nIl est \u00e9quip\u00e9 d&rsquo;un double r\u00e9servoir (r\u00e9duction de 17\u00a0% de la dur\u00e9e de fonctionnement, utilisation d&rsquo;un r\u00e9servoir s\u00e9par\u00e9 et \u00e9conomie d&rsquo;\u00e9nergie de 50\u00a0%).<br \/>\nPanneau de commande rotatif.<br \/>\nFonction Memo U\u00a0: m\u00e9morise le mode et pr\u00e9pare la quantit\u00e9 d&rsquo;eau n\u00e9cessaire chaque jour.<br \/>\nProtection IPX4 contre l&rsquo;humidit\u00e9, r\u00e9servoir \u00e9maill\u00e9, fixation murale requise pour l&rsquo;installation, niveau sonore\u00a0: 15\u00a0dB.<br \/>\nLa technologie 3\u00a0couches du r\u00e9servoir le rend inoxydable, r\u00e9sistant \u00e0 l&rsquo;humidit\u00e9 et limitant les pertes de chaleur. Les pertes de chaleur peuvent atteindre 10\u00a0degr\u00e9s maximum sur une p\u00e9riode de 12\u00a0heures.<\/p>\n<p>&nbsp;<\/p>\n<p>Garantie\u00a0: 3\u00a0ans<br \/>\n* Le fabricant se r\u00e9serve le droit de modifier les sp\u00e9cifications ou la conception sans pr\u00e9avis.<\/p>\n<div class=\"sided-right aos-init aos-animate\" data-aos=\"\">\n<div class=\"product-inner-wrap\">\n<div class=\"product-inner-info\">\n<div class=\"product-inner-info-bottom\">\n<div class=\"product-inner-info-bottom-last\">\n<div class=\"product-inner-facebook\">\n<div class=\"fb-like fb_iframe_widget\" data-href=\"https:\/\/www.midea.ge\/en\/product\/electro-water-heater-d80-20ed6\/616\" data-layout=\"standard\" data-action=\"like\" data-size=\"small\" data-show-faces=\"true\" data-share=\"true\"><\/div>\n<\/div>\n<\/div>\n<\/div>\n<\/div>\n<\/div>\n<div class=\"sided-specs\">\n<div class=\"specs active\">\n<div class=\"specs-top\">\n<div class=\"specs-title\">\n<div class=\"specs-title-text\"><b>Specification<\/b><\/div>\n<div class=\"specs-title-icon\">\n<div class=\"line\"><\/div>\n<div class=\"line\"><\/div>\n<\/div>\n<\/div>\n<div class=\"specs-link\">Explore Product Specifications<\/div>\n<\/div>\n<div class=\"specs-bottom\">\n<table class=\"specs-table\">\n<tbody>\n<tr>\n<td class=\" \">MODEL<\/td>\n<td class=\" \">D80-20ED6<\/td>\n<td class=\" \"><\/td>\n<\/tr>\n<tr class=\"border-tr\">\n<td class=\" \">Capacity,L<\/td>\n<td class=\" \">80<\/td>\n<td class=\" \"><\/td>\n<\/tr>\n<tr class=\"border-tr\">\n<td class=\" \">Rated Power,W<\/td>\n<td class=\" \">2000<\/td>\n<td class=\" \"><\/td>\n<\/tr>\n<tr class=\"border-tr\">\n<td class=\" \">Voltage,V<\/td>\n<td class=\" \">220~240<\/td>\n<td class=\" \"><\/td>\n<\/tr>\n<tr class=\"border-tr\">\n<td class=\" \">Frequency,HZ<\/td>\n<td class=\" \">50\/60<\/td>\n<td class=\" \"><\/td>\n<\/tr>\n<tr class=\"border-tr\">\n<td class=\" \">Current,A<\/td>\n<td class=\" \">8.69<\/td>\n<td class=\" \"><\/td>\n<\/tr>\n<tr class=\"border-tr\">\n<td class=\" \">Noise level\uff08db\uff09<\/td>\n<td class=\" \">15db<\/td>\n<td class=\" \"><\/td>\n<\/tr>\n<tr class=\"border-tr\">\n<td class=\" \">Control Panel<\/td>\n<td class=\" \">ELECTRONIC<\/td>\n<td class=\" \"><\/td>\n<\/tr>\n<tr class=\"border-tr\">\n<td class=\" \">Temperature Range,\u2103<\/td>\n<td class=\" \">30-75<\/td>\n<td class=\" \"><\/td>\n<\/tr>\n<tr class=\"border-tr\">\n<td class=\" \">Maximum Working Pressure,Mpa<\/td>\n<td class=\" \">0.75<\/td>\n<td class=\" \"><\/td>\n<\/tr>\n<tr class=\"border-tr\">\n<td class=\" \">Degree Of Protection Against Humidity<\/td>\n<td class=\" \">IPX4<\/td>\n<td class=\" \"><\/td>\n<\/tr>\n<tr class=\"border-tr\">\n<td class=\" \">Water Connection size<\/td>\n<td class=\" \">G1\/2<\/td>\n<td class=\" \"><\/td>\n<\/tr>\n<tr class=\"border-tr\">\n<td class=\" \">Heating Indicator<\/td>\n<td class=\" \">Y<\/td>\n<td class=\" \"><\/td>\n<\/tr>\n<tr class=\"border-tr\">\n<td class=\" \">Power Indicator<\/td>\n<td class=\" \">Y<\/td>\n<td class=\" \"><\/td>\n<\/tr>\n<tr class=\"border-tr\">\n<td class=\" \">Over Heat Protection<\/td>\n<td class=\" \">Y<\/td>\n<td class=\" \"><\/td>\n<\/tr>\n<tr class=\"border-tr\">\n<td class=\" \">Mixing valve<\/td>\n<td class=\" \">N<\/td>\n<td class=\" \"><\/td>\n<\/tr>\n<tr class=\"border-tr\">\n<td class=\" \">Protection Against Freezing<\/td>\n<td class=\" \">N<\/td>\n<td class=\" \"><\/td>\n<\/tr>\n<tr class=\"border-tr\">\n<td class=\" \">Inner Tank<\/td>\n<td class=\" \">Enamel tank<\/td>\n<td class=\" \"><\/td>\n<\/tr>\n<tr class=\"border-tr\">\n<td class=\" \">Magnesium Anode Size,mm<\/td>\n<td class=\" \">\u03c618*110<\/td>\n<td class=\" \"><\/td>\n<\/tr>\n<tr class=\"border-tr\">\n<td class=\" \">Type of Heating Element<\/td>\n<td class=\" \">SUS316L enamel<\/td>\n<td class=\" \"><\/td>\n<\/tr>\n<tr class=\"border-tr\">\n<td class=\" \">Power Cable length<\/td>\n<td class=\" \">1.5<\/td>\n<td class=\" \"><\/td>\n<\/tr>\n<tr class=\"border-tr\">\n<td class=\" \">Type Of Mounting<\/td>\n<td class=\" \">VERTICAL\/HORIZONTAL<\/td>\n<td class=\" \"><\/td>\n<\/tr>\n<tr class=\"border-tr\">\n<td class=\" \">Standard Mount<\/td>\n<td class=\" \">Hang Mount<\/td>\n<td class=\" \"><\/td>\n<\/tr>\n<tr class=\"border-tr\">\n<td class=\" \">Net Weight,Kg<\/td>\n<td class=\" \">33.84<\/td>\n<td class=\" \"><\/td>\n<\/tr>\n<tr class=\"border-tr\">\n<td class=\" \">Gross Weight,Kg<\/td>\n<td class=\" \">37.44<\/td>\n<td class=\" \"><\/td>\n<\/tr>\n<tr class=\"border-tr\">\n<td class=\" \">External Dimensions H\/W\/D,mm<\/td>\n<td class=\" \">902*569*295<\/td>\n<td class=\" \"><\/td>\n<\/tr>\n<tr class=\"border-tr\">\n<td class=\" \">Packing size H\/W\/D,mm<\/td>\n<td class=\" tr-border\">641*371*993<\/td>\n<\/tr>\n<\/tbody>\n<\/table>\n<\/div>\n<\/div>\n<\/div>\n<\/div>\n","protected":false},"excerpt":{"rendered":"<p>Volume\u00a0: 80 litres<br \/>\nPuissance\u00a0: 2000 W<br \/>\nPanneau de commande\u00a0: \u00e9lectronique<br \/>\nType de montage\u00a0: vertical\/horizontal<\/p>\n","protected":false},"featured_media":42544,"template":"","meta":[],"product_brand":[],"product_cat":[1736,1765],"product_tag":[],"class_list":{"0":"post-42574","1":"product","2":"type-product","3":"status-publish","4":"has-post-thumbnail","6":"product_cat-chaudiere-a-vapeur-industrielle-chaudieres","7":"product_cat-systemes-electriques","9":"first","10":"instock","11":"shipping-taxable","12":"purchasable","13":"product-type-simple"},"yoast_head":"<!-- This site is optimized with the Yoast SEO plugin v27.1.1 - https:\/\/yoast.com\/product\/yoast-seo-wordpress\/ -->\n<title>Chauffe-eau \u00e9lectrique D80-20ED6 Mod\u00e8le\u00a0: D80-20ED6 - GeoClimate.ge<\/title>\n<meta name=\"robots\" content=\"index, follow, max-snippet:-1, max-image-preview:large, max-video-preview:-1\" \/>\n<link rel=\"canonical\" href=\"https:\/\/geoclimate.ge\/fr\/produit\/electro-water-heater-d80-20ed6-model-number-d80-20ed6\/\" \/>\n<meta property=\"og:locale\" content=\"fr_FR\" \/>\n<meta property=\"og:type\" content=\"article\" \/>\n<meta property=\"og:title\" content=\"Chauffe-eau \u00e9lectrique D80-20ED6 Mod\u00e8le\u00a0: D80-20ED6 - GeoClimate.ge\" \/>\n<meta property=\"og:description\" content=\"Volume\u00a0: 80 litres Puissance\u00a0: 2000 W Panneau de commande\u00a0: \u00e9lectronique Type de montage\u00a0: vertical\/horizontal\" \/>\n<meta property=\"og:url\" content=\"https:\/\/geoclimate.ge\/fr\/produit\/electro-water-heater-d80-20ed6-model-number-d80-20ed6\/\" \/>\n<meta property=\"og:site_name\" content=\"GeoClimate.ge\" \/>\n<meta property=\"article:modified_time\" content=\"2025-10-06T08:18:39+00:00\" \/>\n<meta property=\"og:image\" content=\"https:\/\/geoclimate.ge\/wp-content\/uploads\/2025\/10\/65fd3c2b26e9b.png\" \/>\n\t<meta property=\"og:image:width\" content=\"900\" \/>\n\t<meta property=\"og:image:height\" content=\"600\" \/>\n\t<meta property=\"og:image:type\" content=\"image\/png\" \/>\n<meta name=\"twitter:card\" content=\"summary_large_image\" \/>\n<meta name=\"twitter:label1\" content=\"Dur\u00e9e de lecture estim\u00e9e\" \/>\n\t<meta name=\"twitter:data1\" content=\"1 minute\" \/>\n<script type=\"application\/ld+json\" class=\"yoast-schema-graph\">{\"@context\":\"https:\/\/schema.org\",\"@graph\":[{\"@type\":\"WebPage\",\"@id\":\"https:\/\/geoclimate.ge\/fr\/produit\/electro-water-heater-d80-20ed6-model-number-d80-20ed6\/\",\"url\":\"https:\/\/geoclimate.ge\/fr\/produit\/electro-water-heater-d80-20ed6-model-number-d80-20ed6\/\",\"name\":\"Chauffe-eau \u00e9lectrique D80-20ED6 Mod\u00e8le\u00a0: D80-20ED6 - GeoClimate.ge\",\"isPartOf\":{\"@id\":\"https:\/\/geoclimate.ge\/#website\"},\"primaryImageOfPage\":{\"@id\":\"https:\/\/geoclimate.ge\/fr\/produit\/electro-water-heater-d80-20ed6-model-number-d80-20ed6\/#primaryimage\"},\"image\":{\"@id\":\"https:\/\/geoclimate.ge\/fr\/produit\/electro-water-heater-d80-20ed6-model-number-d80-20ed6\/#primaryimage\"},\"thumbnailUrl\":\"https:\/\/geoclimate.ge\/wp-content\/uploads\/2025\/10\/65fd3c2b26e9b.png\",\"datePublished\":\"2025-10-06T08:10:27+00:00\",\"dateModified\":\"2025-10-06T08:18:39+00:00\",\"breadcrumb\":{\"@id\":\"https:\/\/geoclimate.ge\/fr\/produit\/electro-water-heater-d80-20ed6-model-number-d80-20ed6\/#breadcrumb\"},\"inLanguage\":\"fr-FR\",\"potentialAction\":[{\"@type\":\"ReadAction\",\"target\":[\"https:\/\/geoclimate.ge\/fr\/produit\/electro-water-heater-d80-20ed6-model-number-d80-20ed6\/\"]}]},{\"@type\":\"ImageObject\",\"inLanguage\":\"fr-FR\",\"@id\":\"https:\/\/geoclimate.ge\/fr\/produit\/electro-water-heater-d80-20ed6-model-number-d80-20ed6\/#primaryimage\",\"url\":\"https:\/\/geoclimate.ge\/wp-content\/uploads\/2025\/10\/65fd3c2b26e9b.png\",\"contentUrl\":\"https:\/\/geoclimate.ge\/wp-content\/uploads\/2025\/10\/65fd3c2b26e9b.png\",\"width\":900,\"height\":600},{\"@type\":\"BreadcrumbList\",\"@id\":\"https:\/\/geoclimate.ge\/fr\/produit\/electro-water-heater-d80-20ed6-model-number-d80-20ed6\/#breadcrumb\",\"itemListElement\":[{\"@type\":\"ListItem\",\"position\":1,\"name\":\"Home\",\"item\":\"https:\/\/geoclimate.ge\/fr\/\"},{\"@type\":\"ListItem\",\"position\":2,\"name\":\"Products\",\"item\":\"https:\/\/geoclimate.ge\/fr\/products\/\"},{\"@type\":\"ListItem\",\"position\":3,\"name\":\"Chauffe-eau \u00e9lectrique D80-20ED6 Mod\u00e8le\u00a0: D80-20ED6\"}]},{\"@type\":\"WebSite\",\"@id\":\"https:\/\/geoclimate.ge\/#website\",\"url\":\"https:\/\/geoclimate.ge\/\",\"name\":\"GeoClimate\",\"description\":\"\",\"publisher\":{\"@id\":\"https:\/\/geoclimate.ge\/#organization\"},\"potentialAction\":[{\"@type\":\"SearchAction\",\"target\":{\"@type\":\"EntryPoint\",\"urlTemplate\":\"https:\/\/geoclimate.ge\/?s={search_term_string}\"},\"query-input\":{\"@type\":\"PropertyValueSpecification\",\"valueRequired\":true,\"valueName\":\"search_term_string\"}}],\"inLanguage\":\"fr-FR\"},{\"@type\":\"Organization\",\"@id\":\"https:\/\/geoclimate.ge\/#organization\",\"name\":\"GeoClimate\",\"url\":\"https:\/\/geoclimate.ge\/\",\"logo\":{\"@type\":\"ImageObject\",\"inLanguage\":\"fr-FR\",\"@id\":\"https:\/\/geoclimate.ge\/#\/schema\/logo\/image\/\",\"url\":\"https:\/\/geoclimate.ge\/wp-content\/uploads\/2026\/03\/geoclimate-SEO.png\",\"contentUrl\":\"https:\/\/geoclimate.ge\/wp-content\/uploads\/2026\/03\/geoclimate-SEO.png\",\"width\":1536,\"height\":1024,\"caption\":\"GeoClimate\"},\"image\":{\"@id\":\"https:\/\/geoclimate.ge\/#\/schema\/logo\/image\/\"}}]}<\/script>\n<!-- \/ Yoast SEO plugin. -->","yoast_head_json":{"title":"Chauffe-eau \u00e9lectrique D80-20ED6 Mod\u00e8le\u00a0: D80-20ED6 - GeoClimate.ge","robots":{"index":"index","follow":"follow","max-snippet":"max-snippet:-1","max-image-preview":"max-image-preview:large","max-video-preview":"max-video-preview:-1"},"canonical":"https:\/\/geoclimate.ge\/fr\/produit\/electro-water-heater-d80-20ed6-model-number-d80-20ed6\/","og_locale":"fr_FR","og_type":"article","og_title":"Chauffe-eau \u00e9lectrique D80-20ED6 Mod\u00e8le\u00a0: D80-20ED6 - GeoClimate.ge","og_description":"Volume\u00a0: 80 litres Puissance\u00a0: 2000 W Panneau de commande\u00a0: \u00e9lectronique Type de montage\u00a0: vertical\/horizontal","og_url":"https:\/\/geoclimate.ge\/fr\/produit\/electro-water-heater-d80-20ed6-model-number-d80-20ed6\/","og_site_name":"GeoClimate.ge","article_modified_time":"2025-10-06T08:18:39+00:00","og_image":[{"width":900,"height":600,"url":"https:\/\/geoclimate.ge\/wp-content\/uploads\/2025\/10\/65fd3c2b26e9b.png","type":"image\/png"}],"twitter_card":"summary_large_image","twitter_misc":{"Dur\u00e9e de lecture estim\u00e9e":"1 minute"},"schema":{"@context":"https:\/\/schema.org","@graph":[{"@type":"WebPage","@id":"https:\/\/geoclimate.ge\/fr\/produit\/electro-water-heater-d80-20ed6-model-number-d80-20ed6\/","url":"https:\/\/geoclimate.ge\/fr\/produit\/electro-water-heater-d80-20ed6-model-number-d80-20ed6\/","name":"Chauffe-eau \u00e9lectrique D80-20ED6 Mod\u00e8le\u00a0: D80-20ED6 - GeoClimate.ge","isPartOf":{"@id":"https:\/\/geoclimate.ge\/#website"},"primaryImageOfPage":{"@id":"https:\/\/geoclimate.ge\/fr\/produit\/electro-water-heater-d80-20ed6-model-number-d80-20ed6\/#primaryimage"},"image":{"@id":"https:\/\/geoclimate.ge\/fr\/produit\/electro-water-heater-d80-20ed6-model-number-d80-20ed6\/#primaryimage"},"thumbnailUrl":"https:\/\/geoclimate.ge\/wp-content\/uploads\/2025\/10\/65fd3c2b26e9b.png","datePublished":"2025-10-06T08:10:27+00:00","dateModified":"2025-10-06T08:18:39+00:00","breadcrumb":{"@id":"https:\/\/geoclimate.ge\/fr\/produit\/electro-water-heater-d80-20ed6-model-number-d80-20ed6\/#breadcrumb"},"inLanguage":"fr-FR","potentialAction":[{"@type":"ReadAction","target":["https:\/\/geoclimate.ge\/fr\/produit\/electro-water-heater-d80-20ed6-model-number-d80-20ed6\/"]}]},{"@type":"ImageObject","inLanguage":"fr-FR","@id":"https:\/\/geoclimate.ge\/fr\/produit\/electro-water-heater-d80-20ed6-model-number-d80-20ed6\/#primaryimage","url":"https:\/\/geoclimate.ge\/wp-content\/uploads\/2025\/10\/65fd3c2b26e9b.png","contentUrl":"https:\/\/geoclimate.ge\/wp-content\/uploads\/2025\/10\/65fd3c2b26e9b.png","width":900,"height":600},{"@type":"BreadcrumbList","@id":"https:\/\/geoclimate.ge\/fr\/produit\/electro-water-heater-d80-20ed6-model-number-d80-20ed6\/#breadcrumb","itemListElement":[{"@type":"ListItem","position":1,"name":"Home","item":"https:\/\/geoclimate.ge\/fr\/"},{"@type":"ListItem","position":2,"name":"Products","item":"https:\/\/geoclimate.ge\/fr\/products\/"},{"@type":"ListItem","position":3,"name":"Chauffe-eau \u00e9lectrique D80-20ED6 Mod\u00e8le\u00a0: D80-20ED6"}]},{"@type":"WebSite","@id":"https:\/\/geoclimate.ge\/#website","url":"https:\/\/geoclimate.ge\/","name":"GeoClimate","description":"","publisher":{"@id":"https:\/\/geoclimate.ge\/#organization"},"potentialAction":[{"@type":"SearchAction","target":{"@type":"EntryPoint","urlTemplate":"https:\/\/geoclimate.ge\/?s={search_term_string}"},"query-input":{"@type":"PropertyValueSpecification","valueRequired":true,"valueName":"search_term_string"}}],"inLanguage":"fr-FR"},{"@type":"Organization","@id":"https:\/\/geoclimate.ge\/#organization","name":"GeoClimate","url":"https:\/\/geoclimate.ge\/","logo":{"@type":"ImageObject","inLanguage":"fr-FR","@id":"https:\/\/geoclimate.ge\/#\/schema\/logo\/image\/","url":"https:\/\/geoclimate.ge\/wp-content\/uploads\/2026\/03\/geoclimate-SEO.png","contentUrl":"https:\/\/geoclimate.ge\/wp-content\/uploads\/2026\/03\/geoclimate-SEO.png","width":1536,"height":1024,"caption":"GeoClimate"},"image":{"@id":"https:\/\/geoclimate.ge\/#\/schema\/logo\/image\/"}}]}},"_links":{"self":[{"href":"https:\/\/geoclimate.ge\/fr\/wp-json\/wp\/v2\/product\/42574","targetHints":{"allow":["GET"]}}],"collection":[{"href":"https:\/\/geoclimate.ge\/fr\/wp-json\/wp\/v2\/product"}],"about":[{"href":"https:\/\/geoclimate.ge\/fr\/wp-json\/wp\/v2\/types\/product"}],"wp:featuredmedia":[{"embeddable":true,"href":"https:\/\/geoclimate.ge\/fr\/wp-json\/wp\/v2\/media\/42544"}],"wp:attachment":[{"href":"https:\/\/geoclimate.ge\/fr\/wp-json\/wp\/v2\/media?parent=42574"}],"wp:term":[{"taxonomy":"product_brand","embeddable":true,"href":"https:\/\/geoclimate.ge\/fr\/wp-json\/wp\/v2\/product_brand?post=42574"},{"taxonomy":"product_cat","embeddable":true,"href":"https:\/\/geoclimate.ge\/fr\/wp-json\/wp\/v2\/product_cat?post=42574"},{"taxonomy":"product_tag","embeddable":true,"href":"https:\/\/geoclimate.ge\/fr\/wp-json\/wp\/v2\/product_tag?post=42574"}],"curies":[{"name":"wp","href":"https:\/\/api.w.org\/{rel}","templated":true}]}}