{"id":42601,"date":"2025-10-11T21:08:22","date_gmt":"2025-10-11T17:08:22","guid":{"rendered":"https:\/\/airsystems.ge\/shop\/product\/vrf-system-3-pipe-v6r-three-pipe-system\/"},"modified":"2025-10-11T21:45:56","modified_gmt":"2025-10-11T17:45:56","slug":"vrf-system-3-pipe-v6r-three-pipe-system","status":"publish","type":"product","link":"https:\/\/geoclimate.ge\/fr\/produit\/vrf-system-3-pipe-v6r-three-pipe-system\/","title":{"rendered":"Syst\u00e8me DRV Syst\u00e8me DRV 3 tubes V6R MV6-R252WV2GN1 MV6-R280WV2GN1 MV6-R335WV2GN1 MV6- R400WV2GN1 MV6- R450WV2GN1 MV6- R500WV2GN1 MV6- R560WV2GN1"},"content":{"rendered":"","protected":false},"excerpt":{"rendered":"<p>Caract\u00e9ristiques du produit<\/p>\n<p>Unit\u00e9 ext\u00e9rieure DRV 3 tubes<\/p>\n<p>Chauffage et refroidissement simultan\u00e9s<br \/>\nInverseur CC continu int\u00e9gral<br \/>\nR\u00e9cup\u00e9ration de chaleur, \u00e9conomies d&rsquo;\u00e9nergie maximales<br \/>\nConception modulaire\u00a0: Jusqu&rsquo;\u00e0 3 unit\u00e9s connectables<br \/>\nLarge rapport de combinaison\u00a0: 50-200\u00a0%<br \/>\nCompresseur \u00e0 injection de vapeur am\u00e9lior\u00e9e (EVI)<br \/>\nVaste plage de fonctionnement\u00a0: Hiver\u00a0: -25\u00a0\u00b0C, \u00c9t\u00e9\u00a0: 52\u00a0\u00b0C<br \/>\nAlimentation en eau chaude\u00a0: Le module hydro\u00e9lectrique peut atteindre une temp\u00e9rature d&rsquo;eau chaude sanitaire de 25 \u00e0 80\u00a0\u00b0C<br \/>\nChauffage continu pendant le d\u00e9givrage avec le mod\u00e8le combin\u00e9<br \/>\nFonctionnement de secours\u00a0: Fonctionnement continu en cas de panne<br \/>\nDouble cycle de service\u00a0: Dur\u00e9e de vie prolong\u00e9e du syst\u00e8me<br \/>\nModes silencieux avanc\u00e9s<br \/>\nFonction de d\u00e9poussi\u00e9rage automatique<\/p>\n","protected":false},"featured_media":42593,"template":"","meta":[],"product_brand":[],"product_cat":[1992],"product_tag":[],"class_list":{"0":"post-42601","1":"product","2":"type-product","3":"status-publish","4":"has-post-thumbnail","6":"product_cat-systeme-vrf","8":"first","9":"instock","10":"shipping-taxable","11":"product-type-simple"},"yoast_head":"<!-- This site is optimized with the Yoast SEO plugin v27.1.1 - https:\/\/yoast.com\/product\/yoast-seo-wordpress\/ -->\n<title>Syst\u00e8me DRV Syst\u00e8me DRV 3 tubes V6R MV6-R252WV2GN1 MV6-R280WV2GN1 MV6-R335WV2GN1 MV6- R400WV2GN1 MV6- R450WV2GN1 MV6- R500WV2GN1 MV6- R560WV2GN1 - GeoClimate.ge<\/title>\n<meta name=\"robots\" content=\"index, follow, max-snippet:-1, max-image-preview:large, max-video-preview:-1\" \/>\n<link rel=\"canonical\" href=\"https:\/\/geoclimate.ge\/fr\/produit\/vrf-system-3-pipe-v6r-three-pipe-system\/\" \/>\n<meta property=\"og:locale\" content=\"fr_FR\" \/>\n<meta property=\"og:type\" content=\"article\" \/>\n<meta property=\"og:title\" content=\"Syst\u00e8me DRV Syst\u00e8me DRV 3 tubes V6R MV6-R252WV2GN1 MV6-R280WV2GN1 MV6-R335WV2GN1 MV6- R400WV2GN1 MV6- R450WV2GN1 MV6- R500WV2GN1 MV6- R560WV2GN1 - GeoClimate.ge\" \/>\n<meta property=\"og:description\" content=\"Caract\u00e9ristiques du produit  Unit\u00e9 ext\u00e9rieure DRV 3 tubes  Chauffage et refroidissement simultan\u00e9s Inverseur CC continu int\u00e9gral R\u00e9cup\u00e9ration de chaleur, \u00e9conomies d&#039;\u00e9nergie maximales Conception modulaire\u00a0: Jusqu&#039;\u00e0 3 unit\u00e9s connectables Large rapport de combinaison\u00a0: 50-200\u00a0% Compresseur \u00e0 injection de vapeur am\u00e9lior\u00e9e (EVI) Vaste plage de fonctionnement\u00a0: Hiver\u00a0: -25\u00a0\u00b0C, \u00c9t\u00e9\u00a0: 52\u00a0\u00b0C Alimentation en eau chaude\u00a0: Le module hydro\u00e9lectrique peut atteindre une temp\u00e9rature d&#039;eau chaude sanitaire de 25 \u00e0 80\u00a0\u00b0C Chauffage continu pendant le d\u00e9givrage avec le mod\u00e8le combin\u00e9 Fonctionnement de secours\u00a0: Fonctionnement continu en cas de panne Double cycle de service\u00a0: Dur\u00e9e de vie prolong\u00e9e du syst\u00e8me Modes silencieux avanc\u00e9s Fonction de d\u00e9poussi\u00e9rage automatique\" \/>\n<meta property=\"og:url\" content=\"https:\/\/geoclimate.ge\/fr\/produit\/vrf-system-3-pipe-v6r-three-pipe-system\/\" \/>\n<meta property=\"og:site_name\" content=\"GeoClimate.ge\" \/>\n<meta property=\"article:modified_time\" content=\"2025-10-11T17:45:56+00:00\" \/>\n<meta property=\"og:image\" content=\"https:\/\/geoclimate.ge\/wp-content\/uploads\/2025\/10\/feature-2.webp\" \/>\n\t<meta property=\"og:image:width\" content=\"444\" \/>\n\t<meta property=\"og:image:height\" content=\"337\" \/>\n\t<meta property=\"og:image:type\" content=\"image\/webp\" \/>\n<meta name=\"twitter:card\" content=\"summary_large_image\" \/>\n<script type=\"application\/ld+json\" class=\"yoast-schema-graph\">{\"@context\":\"https:\/\/schema.org\",\"@graph\":[{\"@type\":\"WebPage\",\"@id\":\"https:\/\/geoclimate.ge\/fr\/produit\/vrf-system-3-pipe-v6r-three-pipe-system\/\",\"url\":\"https:\/\/geoclimate.ge\/fr\/produit\/vrf-system-3-pipe-v6r-three-pipe-system\/\",\"name\":\"Syst\u00e8me DRV Syst\u00e8me DRV 3 tubes V6R MV6-R252WV2GN1 MV6-R280WV2GN1 MV6-R335WV2GN1 MV6- R400WV2GN1 MV6- R450WV2GN1 MV6- R500WV2GN1 MV6- R560WV2GN1 - GeoClimate.ge\",\"isPartOf\":{\"@id\":\"https:\/\/geoclimate.ge\/#website\"},\"primaryImageOfPage\":{\"@id\":\"https:\/\/geoclimate.ge\/fr\/produit\/vrf-system-3-pipe-v6r-three-pipe-system\/#primaryimage\"},\"image\":{\"@id\":\"https:\/\/geoclimate.ge\/fr\/produit\/vrf-system-3-pipe-v6r-three-pipe-system\/#primaryimage\"},\"thumbnailUrl\":\"https:\/\/geoclimate.ge\/wp-content\/uploads\/2025\/10\/feature-2.webp\",\"datePublished\":\"2025-10-11T17:08:22+00:00\",\"dateModified\":\"2025-10-11T17:45:56+00:00\",\"breadcrumb\":{\"@id\":\"https:\/\/geoclimate.ge\/fr\/produit\/vrf-system-3-pipe-v6r-three-pipe-system\/#breadcrumb\"},\"inLanguage\":\"fr-FR\",\"potentialAction\":[{\"@type\":\"ReadAction\",\"target\":[\"https:\/\/geoclimate.ge\/fr\/produit\/vrf-system-3-pipe-v6r-three-pipe-system\/\"]}]},{\"@type\":\"ImageObject\",\"inLanguage\":\"fr-FR\",\"@id\":\"https:\/\/geoclimate.ge\/fr\/produit\/vrf-system-3-pipe-v6r-three-pipe-system\/#primaryimage\",\"url\":\"https:\/\/geoclimate.ge\/wp-content\/uploads\/2025\/10\/feature-2.webp\",\"contentUrl\":\"https:\/\/geoclimate.ge\/wp-content\/uploads\/2025\/10\/feature-2.webp\",\"width\":444,\"height\":337},{\"@type\":\"BreadcrumbList\",\"@id\":\"https:\/\/geoclimate.ge\/fr\/produit\/vrf-system-3-pipe-v6r-three-pipe-system\/#breadcrumb\",\"itemListElement\":[{\"@type\":\"ListItem\",\"position\":1,\"name\":\"Home\",\"item\":\"https:\/\/geoclimate.ge\/fr\/\"},{\"@type\":\"ListItem\",\"position\":2,\"name\":\"Products\",\"item\":\"https:\/\/geoclimate.ge\/fr\/products\/\"},{\"@type\":\"ListItem\",\"position\":3,\"name\":\"Syst\u00e8me DRV Syst\u00e8me DRV 3 tubes V6R MV6-R252WV2GN1 MV6-R280WV2GN1 MV6-R335WV2GN1 MV6- R400WV2GN1 MV6- R450WV2GN1 MV6- R500WV2GN1 MV6- R560WV2GN1\"}]},{\"@type\":\"WebSite\",\"@id\":\"https:\/\/geoclimate.ge\/#website\",\"url\":\"https:\/\/geoclimate.ge\/\",\"name\":\"GeoClimate\",\"description\":\"\",\"publisher\":{\"@id\":\"https:\/\/geoclimate.ge\/#organization\"},\"potentialAction\":[{\"@type\":\"SearchAction\",\"target\":{\"@type\":\"EntryPoint\",\"urlTemplate\":\"https:\/\/geoclimate.ge\/?s={search_term_string}\"},\"query-input\":{\"@type\":\"PropertyValueSpecification\",\"valueRequired\":true,\"valueName\":\"search_term_string\"}}],\"inLanguage\":\"fr-FR\"},{\"@type\":\"Organization\",\"@id\":\"https:\/\/geoclimate.ge\/#organization\",\"name\":\"GeoClimate\",\"url\":\"https:\/\/geoclimate.ge\/\",\"logo\":{\"@type\":\"ImageObject\",\"inLanguage\":\"fr-FR\",\"@id\":\"https:\/\/geoclimate.ge\/#\/schema\/logo\/image\/\",\"url\":\"https:\/\/geoclimate.ge\/wp-content\/uploads\/2026\/03\/geoclimate-SEO.png\",\"contentUrl\":\"https:\/\/geoclimate.ge\/wp-content\/uploads\/2026\/03\/geoclimate-SEO.png\",\"width\":1536,\"height\":1024,\"caption\":\"GeoClimate\"},\"image\":{\"@id\":\"https:\/\/geoclimate.ge\/#\/schema\/logo\/image\/\"}}]}<\/script>\n<!-- \/ Yoast SEO plugin. -->","yoast_head_json":{"title":"Syst\u00e8me DRV Syst\u00e8me DRV 3 tubes V6R MV6-R252WV2GN1 MV6-R280WV2GN1 MV6-R335WV2GN1 MV6- R400WV2GN1 MV6- R450WV2GN1 MV6- R500WV2GN1 MV6- R560WV2GN1 - GeoClimate.ge","robots":{"index":"index","follow":"follow","max-snippet":"max-snippet:-1","max-image-preview":"max-image-preview:large","max-video-preview":"max-video-preview:-1"},"canonical":"https:\/\/geoclimate.ge\/fr\/produit\/vrf-system-3-pipe-v6r-three-pipe-system\/","og_locale":"fr_FR","og_type":"article","og_title":"Syst\u00e8me DRV Syst\u00e8me DRV 3 tubes V6R MV6-R252WV2GN1 MV6-R280WV2GN1 MV6-R335WV2GN1 MV6- R400WV2GN1 MV6- R450WV2GN1 MV6- R500WV2GN1 MV6- R560WV2GN1 - GeoClimate.ge","og_description":"Caract\u00e9ristiques du produit  Unit\u00e9 ext\u00e9rieure DRV 3 tubes  Chauffage et refroidissement simultan\u00e9s Inverseur CC continu int\u00e9gral R\u00e9cup\u00e9ration de chaleur, \u00e9conomies d'\u00e9nergie maximales Conception modulaire\u00a0: Jusqu'\u00e0 3 unit\u00e9s connectables Large rapport de combinaison\u00a0: 50-200\u00a0% Compresseur \u00e0 injection de vapeur am\u00e9lior\u00e9e (EVI) Vaste plage de fonctionnement\u00a0: Hiver\u00a0: -25\u00a0\u00b0C, \u00c9t\u00e9\u00a0: 52\u00a0\u00b0C Alimentation en eau chaude\u00a0: Le module hydro\u00e9lectrique peut atteindre une temp\u00e9rature d'eau chaude sanitaire de 25 \u00e0 80\u00a0\u00b0C Chauffage continu pendant le d\u00e9givrage avec le mod\u00e8le combin\u00e9 Fonctionnement de secours\u00a0: Fonctionnement continu en cas de panne Double cycle de service\u00a0: Dur\u00e9e de vie prolong\u00e9e du syst\u00e8me Modes silencieux avanc\u00e9s Fonction de d\u00e9poussi\u00e9rage automatique","og_url":"https:\/\/geoclimate.ge\/fr\/produit\/vrf-system-3-pipe-v6r-three-pipe-system\/","og_site_name":"GeoClimate.ge","article_modified_time":"2025-10-11T17:45:56+00:00","og_image":[{"width":444,"height":337,"url":"https:\/\/geoclimate.ge\/wp-content\/uploads\/2025\/10\/feature-2.webp","type":"image\/webp"}],"twitter_card":"summary_large_image","schema":{"@context":"https:\/\/schema.org","@graph":[{"@type":"WebPage","@id":"https:\/\/geoclimate.ge\/fr\/produit\/vrf-system-3-pipe-v6r-three-pipe-system\/","url":"https:\/\/geoclimate.ge\/fr\/produit\/vrf-system-3-pipe-v6r-three-pipe-system\/","name":"Syst\u00e8me DRV Syst\u00e8me DRV 3 tubes V6R MV6-R252WV2GN1 MV6-R280WV2GN1 MV6-R335WV2GN1 MV6- R400WV2GN1 MV6- R450WV2GN1 MV6- R500WV2GN1 MV6- R560WV2GN1 - GeoClimate.ge","isPartOf":{"@id":"https:\/\/geoclimate.ge\/#website"},"primaryImageOfPage":{"@id":"https:\/\/geoclimate.ge\/fr\/produit\/vrf-system-3-pipe-v6r-three-pipe-system\/#primaryimage"},"image":{"@id":"https:\/\/geoclimate.ge\/fr\/produit\/vrf-system-3-pipe-v6r-three-pipe-system\/#primaryimage"},"thumbnailUrl":"https:\/\/geoclimate.ge\/wp-content\/uploads\/2025\/10\/feature-2.webp","datePublished":"2025-10-11T17:08:22+00:00","dateModified":"2025-10-11T17:45:56+00:00","breadcrumb":{"@id":"https:\/\/geoclimate.ge\/fr\/produit\/vrf-system-3-pipe-v6r-three-pipe-system\/#breadcrumb"},"inLanguage":"fr-FR","potentialAction":[{"@type":"ReadAction","target":["https:\/\/geoclimate.ge\/fr\/produit\/vrf-system-3-pipe-v6r-three-pipe-system\/"]}]},{"@type":"ImageObject","inLanguage":"fr-FR","@id":"https:\/\/geoclimate.ge\/fr\/produit\/vrf-system-3-pipe-v6r-three-pipe-system\/#primaryimage","url":"https:\/\/geoclimate.ge\/wp-content\/uploads\/2025\/10\/feature-2.webp","contentUrl":"https:\/\/geoclimate.ge\/wp-content\/uploads\/2025\/10\/feature-2.webp","width":444,"height":337},{"@type":"BreadcrumbList","@id":"https:\/\/geoclimate.ge\/fr\/produit\/vrf-system-3-pipe-v6r-three-pipe-system\/#breadcrumb","itemListElement":[{"@type":"ListItem","position":1,"name":"Home","item":"https:\/\/geoclimate.ge\/fr\/"},{"@type":"ListItem","position":2,"name":"Products","item":"https:\/\/geoclimate.ge\/fr\/products\/"},{"@type":"ListItem","position":3,"name":"Syst\u00e8me DRV Syst\u00e8me DRV 3 tubes V6R MV6-R252WV2GN1 MV6-R280WV2GN1 MV6-R335WV2GN1 MV6- R400WV2GN1 MV6- R450WV2GN1 MV6- R500WV2GN1 MV6- R560WV2GN1"}]},{"@type":"WebSite","@id":"https:\/\/geoclimate.ge\/#website","url":"https:\/\/geoclimate.ge\/","name":"GeoClimate","description":"","publisher":{"@id":"https:\/\/geoclimate.ge\/#organization"},"potentialAction":[{"@type":"SearchAction","target":{"@type":"EntryPoint","urlTemplate":"https:\/\/geoclimate.ge\/?s={search_term_string}"},"query-input":{"@type":"PropertyValueSpecification","valueRequired":true,"valueName":"search_term_string"}}],"inLanguage":"fr-FR"},{"@type":"Organization","@id":"https:\/\/geoclimate.ge\/#organization","name":"GeoClimate","url":"https:\/\/geoclimate.ge\/","logo":{"@type":"ImageObject","inLanguage":"fr-FR","@id":"https:\/\/geoclimate.ge\/#\/schema\/logo\/image\/","url":"https:\/\/geoclimate.ge\/wp-content\/uploads\/2026\/03\/geoclimate-SEO.png","contentUrl":"https:\/\/geoclimate.ge\/wp-content\/uploads\/2026\/03\/geoclimate-SEO.png","width":1536,"height":1024,"caption":"GeoClimate"},"image":{"@id":"https:\/\/geoclimate.ge\/#\/schema\/logo\/image\/"}}]}},"_links":{"self":[{"href":"https:\/\/geoclimate.ge\/fr\/wp-json\/wp\/v2\/product\/42601","targetHints":{"allow":["GET"]}}],"collection":[{"href":"https:\/\/geoclimate.ge\/fr\/wp-json\/wp\/v2\/product"}],"about":[{"href":"https:\/\/geoclimate.ge\/fr\/wp-json\/wp\/v2\/types\/product"}],"wp:featuredmedia":[{"embeddable":true,"href":"https:\/\/geoclimate.ge\/fr\/wp-json\/wp\/v2\/media\/42593"}],"wp:attachment":[{"href":"https:\/\/geoclimate.ge\/fr\/wp-json\/wp\/v2\/media?parent=42601"}],"wp:term":[{"taxonomy":"product_brand","embeddable":true,"href":"https:\/\/geoclimate.ge\/fr\/wp-json\/wp\/v2\/product_brand?post=42601"},{"taxonomy":"product_cat","embeddable":true,"href":"https:\/\/geoclimate.ge\/fr\/wp-json\/wp\/v2\/product_cat?post=42601"},{"taxonomy":"product_tag","embeddable":true,"href":"https:\/\/geoclimate.ge\/fr\/wp-json\/wp\/v2\/product_tag?post=42601"}],"curies":[{"name":"wp","href":"https:\/\/api.w.org\/{rel}","templated":true}]}}