{"id":42618,"date":"2025-10-11T21:57:42","date_gmt":"2025-10-11T17:57:42","guid":{"rendered":"https:\/\/airsystems.ge\/shop\/product\/mini-vrf-mini-c-2-series-8-17-5-kw-mdv-vw-dhn1d-mdv-v80w-dhn1d-mdv-v100w-dhn1d-mdv-v120w-dhn1d-mdv-v140w-dhn1d-mdv-v160w-dhn1d-mdv-v180w-dhn1d\/"},"modified":"2025-10-11T22:02:34","modified_gmt":"2025-10-11T18:02:34","slug":"mini-vrf-mini-c-2-series-8-17-5-kw-mdv-vw-dhn1d-mdv-v80w-dhn1d-mdv-v100w-dhn1d-mdv-v120w-dhn1d-mdv-v140w-dhn1d-mdv-v160w-dhn1d-mdv-v180w-dhn1d","status":"publish","type":"product","link":"https:\/\/geoclimate.ge\/fr\/produit\/mini-vrf-mini-c-2-series-8-17-5-kw-mdv-vw-dhn1d-mdv-v80w-dhn1d-mdv-v100w-dhn1d-mdv-v120w-dhn1d-mdv-v140w-dhn1d-mdv-v160w-dhn1d-mdv-v180w-dhn1d\/","title":{"rendered":"Mini VRF Mini C 2 seriyas\u0131 8 &#8211; 17,5 kVt MDV-V**W\/DHN1(D) MDV-V80W\/DHN1(D) MDV-V100W\/DHN1(D) MDV-V120W\/DHN1(D) MDV-V140W\/DHN1(D) MDV-V160W\/DHN1(D) MDV-V180W\/DHN1(D)"},"content":{"rendered":"","protected":false},"excerpt":{"rendered":"<h1>Mini C 2 seriyas\u0131<\/h1>\n<p>M\u0259hsulun spesifikasiyas\u0131<\/p>\n<p>Mini VRF Sisteminin Xarici Bloku<\/p>\n<p>Add\u0131ms\u0131z Tam DC \u0130nverter<br \/>\nKompakt \u00d6l\u00e7\u00fc<br \/>\n45-130 % Kombinasiya Oran\u0131<br \/>\nGeni\u015f i\u015f diapazonu: Q\u0131\u015f: -15\u00b0C, Yay: 55\u00b0C<br \/>\nS\u0259ssiz \u018fm\u0259liyyat<\/p>\n","protected":false},"featured_media":42613,"template":"","meta":[],"product_brand":[],"product_cat":[1992],"product_tag":[],"class_list":{"0":"post-42618","1":"product","2":"type-product","3":"status-publish","4":"has-post-thumbnail","6":"product_cat-systeme-vrf","8":"first","9":"instock","10":"shipping-taxable","11":"product-type-simple"},"yoast_head":"<!-- This site is optimized with the Yoast SEO plugin v27.1.1 - https:\/\/yoast.com\/product\/yoast-seo-wordpress\/ -->\n<title>Mini VRF Mini C 2 seriyas\u0131 8 - 17,5 kVt MDV-V**W\/DHN1(D) MDV-V80W\/DHN1(D) MDV-V100W\/DHN1(D) MDV-V120W\/DHN1(D) MDV-V140W\/DHN1(D) MDV-V160W\/DHN1(D) MDV-V180W\/DHN1(D) - GeoClimate.ge<\/title>\n<meta name=\"robots\" content=\"index, follow, max-snippet:-1, max-image-preview:large, max-video-preview:-1\" \/>\n<link rel=\"canonical\" href=\"https:\/\/geoclimate.ge\/fr\/produit\/mini-vrf-mini-c-2-series-8-17-5-kw-mdv-vw-dhn1d-mdv-v80w-dhn1d-mdv-v100w-dhn1d-mdv-v120w-dhn1d-mdv-v140w-dhn1d-mdv-v160w-dhn1d-mdv-v180w-dhn1d\/\" \/>\n<meta property=\"og:locale\" content=\"fr_FR\" \/>\n<meta property=\"og:type\" content=\"article\" \/>\n<meta property=\"og:title\" content=\"Mini VRF Mini C 2 seriyas\u0131 8 - 17,5 kVt MDV-V**W\/DHN1(D) MDV-V80W\/DHN1(D) MDV-V100W\/DHN1(D) MDV-V120W\/DHN1(D) MDV-V140W\/DHN1(D) MDV-V160W\/DHN1(D) MDV-V180W\/DHN1(D) - GeoClimate.ge\" \/>\n<meta property=\"og:description\" content=\"Mini C 2 seriyas\u0131 M\u0259hsulun spesifikasiyas\u0131  Mini VRF Sisteminin Xarici Bloku  Add\u0131ms\u0131z Tam DC \u0130nverter Kompakt \u00d6l\u00e7\u00fc 45-130 % Kombinasiya Oran\u0131 Geni\u015f i\u015f diapazonu: Q\u0131\u015f: -15\u00b0C, Yay: 55\u00b0C S\u0259ssiz \u018fm\u0259liyyat\" \/>\n<meta property=\"og:url\" content=\"https:\/\/geoclimate.ge\/fr\/produit\/mini-vrf-mini-c-2-series-8-17-5-kw-mdv-vw-dhn1d-mdv-v80w-dhn1d-mdv-v100w-dhn1d-mdv-v120w-dhn1d-mdv-v140w-dhn1d-mdv-v160w-dhn1d-mdv-v180w-dhn1d\/\" \/>\n<meta property=\"og:site_name\" content=\"GeoClimate.ge\" \/>\n<meta property=\"article:modified_time\" content=\"2025-10-11T18:02:34+00:00\" \/>\n<meta property=\"og:image\" content=\"https:\/\/geoclimate.ge\/wp-content\/uploads\/2025\/10\/mini-c_c-1.webp\" \/>\n\t<meta property=\"og:image:width\" content=\"470\" \/>\n\t<meta property=\"og:image:height\" content=\"394\" \/>\n\t<meta property=\"og:image:type\" content=\"image\/webp\" \/>\n<meta name=\"twitter:card\" content=\"summary_large_image\" \/>\n<script type=\"application\/ld+json\" class=\"yoast-schema-graph\">{\"@context\":\"https:\/\/schema.org\",\"@graph\":[{\"@type\":\"WebPage\",\"@id\":\"https:\/\/geoclimate.ge\/fr\/produit\/mini-vrf-mini-c-2-series-8-17-5-kw-mdv-vw-dhn1d-mdv-v80w-dhn1d-mdv-v100w-dhn1d-mdv-v120w-dhn1d-mdv-v140w-dhn1d-mdv-v160w-dhn1d-mdv-v180w-dhn1d\/\",\"url\":\"https:\/\/geoclimate.ge\/fr\/produit\/mini-vrf-mini-c-2-series-8-17-5-kw-mdv-vw-dhn1d-mdv-v80w-dhn1d-mdv-v100w-dhn1d-mdv-v120w-dhn1d-mdv-v140w-dhn1d-mdv-v160w-dhn1d-mdv-v180w-dhn1d\/\",\"name\":\"Mini VRF Mini C 2 seriyas\u0131 8 - 17,5 kVt MDV-V**W\/DHN1(D) MDV-V80W\/DHN1(D) MDV-V100W\/DHN1(D) MDV-V120W\/DHN1(D) MDV-V140W\/DHN1(D) MDV-V160W\/DHN1(D) MDV-V180W\/DHN1(D) - GeoClimate.ge\",\"isPartOf\":{\"@id\":\"https:\/\/geoclimate.ge\/#website\"},\"primaryImageOfPage\":{\"@id\":\"https:\/\/geoclimate.ge\/fr\/produit\/mini-vrf-mini-c-2-series-8-17-5-kw-mdv-vw-dhn1d-mdv-v80w-dhn1d-mdv-v100w-dhn1d-mdv-v120w-dhn1d-mdv-v140w-dhn1d-mdv-v160w-dhn1d-mdv-v180w-dhn1d\/#primaryimage\"},\"image\":{\"@id\":\"https:\/\/geoclimate.ge\/fr\/produit\/mini-vrf-mini-c-2-series-8-17-5-kw-mdv-vw-dhn1d-mdv-v80w-dhn1d-mdv-v100w-dhn1d-mdv-v120w-dhn1d-mdv-v140w-dhn1d-mdv-v160w-dhn1d-mdv-v180w-dhn1d\/#primaryimage\"},\"thumbnailUrl\":\"https:\/\/geoclimate.ge\/wp-content\/uploads\/2025\/10\/mini-c_c-1.webp\",\"datePublished\":\"2025-10-11T17:57:42+00:00\",\"dateModified\":\"2025-10-11T18:02:34+00:00\",\"breadcrumb\":{\"@id\":\"https:\/\/geoclimate.ge\/fr\/produit\/mini-vrf-mini-c-2-series-8-17-5-kw-mdv-vw-dhn1d-mdv-v80w-dhn1d-mdv-v100w-dhn1d-mdv-v120w-dhn1d-mdv-v140w-dhn1d-mdv-v160w-dhn1d-mdv-v180w-dhn1d\/#breadcrumb\"},\"inLanguage\":\"fr-FR\",\"potentialAction\":[{\"@type\":\"ReadAction\",\"target\":[\"https:\/\/geoclimate.ge\/fr\/produit\/mini-vrf-mini-c-2-series-8-17-5-kw-mdv-vw-dhn1d-mdv-v80w-dhn1d-mdv-v100w-dhn1d-mdv-v120w-dhn1d-mdv-v140w-dhn1d-mdv-v160w-dhn1d-mdv-v180w-dhn1d\/\"]}]},{\"@type\":\"ImageObject\",\"inLanguage\":\"fr-FR\",\"@id\":\"https:\/\/geoclimate.ge\/fr\/produit\/mini-vrf-mini-c-2-series-8-17-5-kw-mdv-vw-dhn1d-mdv-v80w-dhn1d-mdv-v100w-dhn1d-mdv-v120w-dhn1d-mdv-v140w-dhn1d-mdv-v160w-dhn1d-mdv-v180w-dhn1d\/#primaryimage\",\"url\":\"https:\/\/geoclimate.ge\/wp-content\/uploads\/2025\/10\/mini-c_c-1.webp\",\"contentUrl\":\"https:\/\/geoclimate.ge\/wp-content\/uploads\/2025\/10\/mini-c_c-1.webp\",\"width\":470,\"height\":394},{\"@type\":\"BreadcrumbList\",\"@id\":\"https:\/\/geoclimate.ge\/fr\/produit\/mini-vrf-mini-c-2-series-8-17-5-kw-mdv-vw-dhn1d-mdv-v80w-dhn1d-mdv-v100w-dhn1d-mdv-v120w-dhn1d-mdv-v140w-dhn1d-mdv-v160w-dhn1d-mdv-v180w-dhn1d\/#breadcrumb\",\"itemListElement\":[{\"@type\":\"ListItem\",\"position\":1,\"name\":\"Home\",\"item\":\"https:\/\/geoclimate.ge\/fr\/\"},{\"@type\":\"ListItem\",\"position\":2,\"name\":\"Products\",\"item\":\"https:\/\/geoclimate.ge\/fr\/products\/\"},{\"@type\":\"ListItem\",\"position\":3,\"name\":\"Mini VRF Mini C 2 seriyas\u0131 8 &#8211; 17,5 kVt MDV-V**W\/DHN1(D) MDV-V80W\/DHN1(D) MDV-V100W\/DHN1(D) MDV-V120W\/DHN1(D) MDV-V140W\/DHN1(D) MDV-V160W\/DHN1(D) MDV-V180W\/DHN1(D)\"}]},{\"@type\":\"WebSite\",\"@id\":\"https:\/\/geoclimate.ge\/#website\",\"url\":\"https:\/\/geoclimate.ge\/\",\"name\":\"GeoClimate\",\"description\":\"\",\"publisher\":{\"@id\":\"https:\/\/geoclimate.ge\/#organization\"},\"potentialAction\":[{\"@type\":\"SearchAction\",\"target\":{\"@type\":\"EntryPoint\",\"urlTemplate\":\"https:\/\/geoclimate.ge\/?s={search_term_string}\"},\"query-input\":{\"@type\":\"PropertyValueSpecification\",\"valueRequired\":true,\"valueName\":\"search_term_string\"}}],\"inLanguage\":\"fr-FR\"},{\"@type\":\"Organization\",\"@id\":\"https:\/\/geoclimate.ge\/#organization\",\"name\":\"GeoClimate\",\"url\":\"https:\/\/geoclimate.ge\/\",\"logo\":{\"@type\":\"ImageObject\",\"inLanguage\":\"fr-FR\",\"@id\":\"https:\/\/geoclimate.ge\/#\/schema\/logo\/image\/\",\"url\":\"https:\/\/geoclimate.ge\/wp-content\/uploads\/2026\/03\/geoclimate-SEO.png\",\"contentUrl\":\"https:\/\/geoclimate.ge\/wp-content\/uploads\/2026\/03\/geoclimate-SEO.png\",\"width\":1536,\"height\":1024,\"caption\":\"GeoClimate\"},\"image\":{\"@id\":\"https:\/\/geoclimate.ge\/#\/schema\/logo\/image\/\"}}]}<\/script>\n<!-- \/ Yoast SEO plugin. -->","yoast_head_json":{"title":"Mini VRF Mini C 2 seriyas\u0131 8 - 17,5 kVt MDV-V**W\/DHN1(D) MDV-V80W\/DHN1(D) MDV-V100W\/DHN1(D) MDV-V120W\/DHN1(D) MDV-V140W\/DHN1(D) MDV-V160W\/DHN1(D) MDV-V180W\/DHN1(D) - GeoClimate.ge","robots":{"index":"index","follow":"follow","max-snippet":"max-snippet:-1","max-image-preview":"max-image-preview:large","max-video-preview":"max-video-preview:-1"},"canonical":"https:\/\/geoclimate.ge\/fr\/produit\/mini-vrf-mini-c-2-series-8-17-5-kw-mdv-vw-dhn1d-mdv-v80w-dhn1d-mdv-v100w-dhn1d-mdv-v120w-dhn1d-mdv-v140w-dhn1d-mdv-v160w-dhn1d-mdv-v180w-dhn1d\/","og_locale":"fr_FR","og_type":"article","og_title":"Mini VRF Mini C 2 seriyas\u0131 8 - 17,5 kVt MDV-V**W\/DHN1(D) MDV-V80W\/DHN1(D) MDV-V100W\/DHN1(D) MDV-V120W\/DHN1(D) MDV-V140W\/DHN1(D) MDV-V160W\/DHN1(D) MDV-V180W\/DHN1(D) - GeoClimate.ge","og_description":"Mini C 2 seriyas\u0131 M\u0259hsulun spesifikasiyas\u0131  Mini VRF Sisteminin Xarici Bloku  Add\u0131ms\u0131z Tam DC \u0130nverter Kompakt \u00d6l\u00e7\u00fc 45-130 % Kombinasiya Oran\u0131 Geni\u015f i\u015f diapazonu: Q\u0131\u015f: -15\u00b0C, Yay: 55\u00b0C S\u0259ssiz \u018fm\u0259liyyat","og_url":"https:\/\/geoclimate.ge\/fr\/produit\/mini-vrf-mini-c-2-series-8-17-5-kw-mdv-vw-dhn1d-mdv-v80w-dhn1d-mdv-v100w-dhn1d-mdv-v120w-dhn1d-mdv-v140w-dhn1d-mdv-v160w-dhn1d-mdv-v180w-dhn1d\/","og_site_name":"GeoClimate.ge","article_modified_time":"2025-10-11T18:02:34+00:00","og_image":[{"width":470,"height":394,"url":"https:\/\/geoclimate.ge\/wp-content\/uploads\/2025\/10\/mini-c_c-1.webp","type":"image\/webp"}],"twitter_card":"summary_large_image","schema":{"@context":"https:\/\/schema.org","@graph":[{"@type":"WebPage","@id":"https:\/\/geoclimate.ge\/fr\/produit\/mini-vrf-mini-c-2-series-8-17-5-kw-mdv-vw-dhn1d-mdv-v80w-dhn1d-mdv-v100w-dhn1d-mdv-v120w-dhn1d-mdv-v140w-dhn1d-mdv-v160w-dhn1d-mdv-v180w-dhn1d\/","url":"https:\/\/geoclimate.ge\/fr\/produit\/mini-vrf-mini-c-2-series-8-17-5-kw-mdv-vw-dhn1d-mdv-v80w-dhn1d-mdv-v100w-dhn1d-mdv-v120w-dhn1d-mdv-v140w-dhn1d-mdv-v160w-dhn1d-mdv-v180w-dhn1d\/","name":"Mini VRF Mini C 2 seriyas\u0131 8 - 17,5 kVt MDV-V**W\/DHN1(D) MDV-V80W\/DHN1(D) MDV-V100W\/DHN1(D) MDV-V120W\/DHN1(D) MDV-V140W\/DHN1(D) MDV-V160W\/DHN1(D) MDV-V180W\/DHN1(D) - GeoClimate.ge","isPartOf":{"@id":"https:\/\/geoclimate.ge\/#website"},"primaryImageOfPage":{"@id":"https:\/\/geoclimate.ge\/fr\/produit\/mini-vrf-mini-c-2-series-8-17-5-kw-mdv-vw-dhn1d-mdv-v80w-dhn1d-mdv-v100w-dhn1d-mdv-v120w-dhn1d-mdv-v140w-dhn1d-mdv-v160w-dhn1d-mdv-v180w-dhn1d\/#primaryimage"},"image":{"@id":"https:\/\/geoclimate.ge\/fr\/produit\/mini-vrf-mini-c-2-series-8-17-5-kw-mdv-vw-dhn1d-mdv-v80w-dhn1d-mdv-v100w-dhn1d-mdv-v120w-dhn1d-mdv-v140w-dhn1d-mdv-v160w-dhn1d-mdv-v180w-dhn1d\/#primaryimage"},"thumbnailUrl":"https:\/\/geoclimate.ge\/wp-content\/uploads\/2025\/10\/mini-c_c-1.webp","datePublished":"2025-10-11T17:57:42+00:00","dateModified":"2025-10-11T18:02:34+00:00","breadcrumb":{"@id":"https:\/\/geoclimate.ge\/fr\/produit\/mini-vrf-mini-c-2-series-8-17-5-kw-mdv-vw-dhn1d-mdv-v80w-dhn1d-mdv-v100w-dhn1d-mdv-v120w-dhn1d-mdv-v140w-dhn1d-mdv-v160w-dhn1d-mdv-v180w-dhn1d\/#breadcrumb"},"inLanguage":"fr-FR","potentialAction":[{"@type":"ReadAction","target":["https:\/\/geoclimate.ge\/fr\/produit\/mini-vrf-mini-c-2-series-8-17-5-kw-mdv-vw-dhn1d-mdv-v80w-dhn1d-mdv-v100w-dhn1d-mdv-v120w-dhn1d-mdv-v140w-dhn1d-mdv-v160w-dhn1d-mdv-v180w-dhn1d\/"]}]},{"@type":"ImageObject","inLanguage":"fr-FR","@id":"https:\/\/geoclimate.ge\/fr\/produit\/mini-vrf-mini-c-2-series-8-17-5-kw-mdv-vw-dhn1d-mdv-v80w-dhn1d-mdv-v100w-dhn1d-mdv-v120w-dhn1d-mdv-v140w-dhn1d-mdv-v160w-dhn1d-mdv-v180w-dhn1d\/#primaryimage","url":"https:\/\/geoclimate.ge\/wp-content\/uploads\/2025\/10\/mini-c_c-1.webp","contentUrl":"https:\/\/geoclimate.ge\/wp-content\/uploads\/2025\/10\/mini-c_c-1.webp","width":470,"height":394},{"@type":"BreadcrumbList","@id":"https:\/\/geoclimate.ge\/fr\/produit\/mini-vrf-mini-c-2-series-8-17-5-kw-mdv-vw-dhn1d-mdv-v80w-dhn1d-mdv-v100w-dhn1d-mdv-v120w-dhn1d-mdv-v140w-dhn1d-mdv-v160w-dhn1d-mdv-v180w-dhn1d\/#breadcrumb","itemListElement":[{"@type":"ListItem","position":1,"name":"Home","item":"https:\/\/geoclimate.ge\/fr\/"},{"@type":"ListItem","position":2,"name":"Products","item":"https:\/\/geoclimate.ge\/fr\/products\/"},{"@type":"ListItem","position":3,"name":"Mini VRF Mini C 2 seriyas\u0131 8 &#8211; 17,5 kVt MDV-V**W\/DHN1(D) MDV-V80W\/DHN1(D) MDV-V100W\/DHN1(D) MDV-V120W\/DHN1(D) MDV-V140W\/DHN1(D) MDV-V160W\/DHN1(D) MDV-V180W\/DHN1(D)"}]},{"@type":"WebSite","@id":"https:\/\/geoclimate.ge\/#website","url":"https:\/\/geoclimate.ge\/","name":"GeoClimate","description":"","publisher":{"@id":"https:\/\/geoclimate.ge\/#organization"},"potentialAction":[{"@type":"SearchAction","target":{"@type":"EntryPoint","urlTemplate":"https:\/\/geoclimate.ge\/?s={search_term_string}"},"query-input":{"@type":"PropertyValueSpecification","valueRequired":true,"valueName":"search_term_string"}}],"inLanguage":"fr-FR"},{"@type":"Organization","@id":"https:\/\/geoclimate.ge\/#organization","name":"GeoClimate","url":"https:\/\/geoclimate.ge\/","logo":{"@type":"ImageObject","inLanguage":"fr-FR","@id":"https:\/\/geoclimate.ge\/#\/schema\/logo\/image\/","url":"https:\/\/geoclimate.ge\/wp-content\/uploads\/2026\/03\/geoclimate-SEO.png","contentUrl":"https:\/\/geoclimate.ge\/wp-content\/uploads\/2026\/03\/geoclimate-SEO.png","width":1536,"height":1024,"caption":"GeoClimate"},"image":{"@id":"https:\/\/geoclimate.ge\/#\/schema\/logo\/image\/"}}]}},"_links":{"self":[{"href":"https:\/\/geoclimate.ge\/fr\/wp-json\/wp\/v2\/product\/42618","targetHints":{"allow":["GET"]}}],"collection":[{"href":"https:\/\/geoclimate.ge\/fr\/wp-json\/wp\/v2\/product"}],"about":[{"href":"https:\/\/geoclimate.ge\/fr\/wp-json\/wp\/v2\/types\/product"}],"wp:featuredmedia":[{"embeddable":true,"href":"https:\/\/geoclimate.ge\/fr\/wp-json\/wp\/v2\/media\/42613"}],"wp:attachment":[{"href":"https:\/\/geoclimate.ge\/fr\/wp-json\/wp\/v2\/media?parent=42618"}],"wp:term":[{"taxonomy":"product_brand","embeddable":true,"href":"https:\/\/geoclimate.ge\/fr\/wp-json\/wp\/v2\/product_brand?post=42618"},{"taxonomy":"product_cat","embeddable":true,"href":"https:\/\/geoclimate.ge\/fr\/wp-json\/wp\/v2\/product_cat?post=42618"},{"taxonomy":"product_tag","embeddable":true,"href":"https:\/\/geoclimate.ge\/fr\/wp-json\/wp\/v2\/product_tag?post=42618"}],"curies":[{"name":"wp","href":"https:\/\/api.w.org\/{rel}","templated":true}]}}