{"id":42631,"date":"2025-10-11T22:07:01","date_gmt":"2025-10-11T18:07:01","guid":{"rendered":"https:\/\/airsystems.ge\/shop\/product\/v8-mini-r410-7-2-15-5-kw-mv8m-wv2n1-mv8m-80wv2n1-mv8m-100wv2n1-mv8m-120wv2n1-mv8m-140wv2n1-mv8m-160wv2n1\/"},"modified":"2025-10-11T22:22:17","modified_gmt":"2025-10-11T18:22:17","slug":"v8-mini-r410-7-2-15-5-kw-mv8m-wv2n1-mv8m-80wv2n1-mv8m-100wv2n1-mv8m-120wv2n1-mv8m-140wv2n1-mv8m-160wv2n1","status":"publish","type":"product","link":"https:\/\/geoclimate.ge\/fr\/produit\/v8-mini-r410-7-2-15-5-kw-mv8m-wv2n1-mv8m-80wv2n1-mv8m-100wv2n1-mv8m-120wv2n1-mv8m-140wv2n1-mv8m-160wv2n1\/","title":{"rendered":"Mini VRF V8 Mini R410 7,2 &#8211; 15,5 kW MV8M-**WV2N1 MV8M-80WV2N1 MV8M-100WV2N1 MV8M-120WV2N1 MV8M-140WV2N1 MV8M-160WV2N1"},"content":{"rendered":"","protected":false},"excerpt":{"rendered":"<h1>V8 Mini R410<\/h1>\n<p>Caract\u00e9ristiques du produit<\/p>\n<p>Unit\u00e9 ext\u00e9rieure du mini syst\u00e8me DRV<\/p>\n<p>Onduleur CC continu int\u00e9gral<br \/>\nFormat compact<br \/>\nLarge rapport de combinaison\u00a0: 50-160\u00a0%<br \/>\nMETA 2\u00a0: Efficacit\u00e9 am\u00e9lior\u00e9e, contr\u00f4le de la d\u00e9shumidification<br \/>\nHyperlink\u00a0: R\u00e9duction du temps et des co\u00fbts d&rsquo;installation<br \/>\nVaste plage de fonctionnement\u00a0: Hiver\u00a0: -20\u00a0\u00b0C, \u00c9t\u00e9\u00a0: 52\u00a0\u00b0C<br \/>\nDoctor m 2.0\u00a0: Outil de maintenance intelligent<br \/>\nSuper Sense\u00a0: Surveillance avanc\u00e9e du r\u00e9frig\u00e9rant<br \/>\nZen air 2.0\u00a0: Gestion multifonctionnelle du flux d&rsquo;air<br \/>\nMode silencieux avanc\u00e9 \u00e0 5 niveaux<br \/>\nFonction de nettoyage automatique de l&rsquo;unit\u00e9 int\u00e9rieure<br \/>\nFonction de d\u00e9poussi\u00e9rage\/d\u00e9neigement automatique<br \/>\nDisponible en monophas\u00e9 ou triphas\u00e9<\/p>\n","protected":false},"featured_media":42626,"template":"","meta":[],"product_brand":[],"product_cat":[1992],"product_tag":[],"class_list":{"0":"post-42631","1":"product","2":"type-product","3":"status-publish","4":"has-post-thumbnail","6":"product_cat-systeme-vrf","8":"first","9":"instock","10":"shipping-taxable","11":"product-type-simple"},"yoast_head":"<!-- This site is optimized with the Yoast SEO plugin v27.1.1 - https:\/\/yoast.com\/product\/yoast-seo-wordpress\/ -->\n<title>Mini VRF V8 Mini R410 7,2 - 15,5 kW MV8M-**WV2N1 MV8M-80WV2N1 MV8M-100WV2N1 MV8M-120WV2N1 MV8M-140WV2N1 MV8M-160WV2N1 - GeoClimate.ge<\/title>\n<meta name=\"robots\" content=\"index, follow, max-snippet:-1, max-image-preview:large, max-video-preview:-1\" \/>\n<link rel=\"canonical\" href=\"https:\/\/geoclimate.ge\/fr\/produit\/v8-mini-r410-7-2-15-5-kw-mv8m-wv2n1-mv8m-80wv2n1-mv8m-100wv2n1-mv8m-120wv2n1-mv8m-140wv2n1-mv8m-160wv2n1\/\" \/>\n<meta property=\"og:locale\" content=\"fr_FR\" \/>\n<meta property=\"og:type\" content=\"article\" \/>\n<meta property=\"og:title\" content=\"Mini VRF V8 Mini R410 7,2 - 15,5 kW MV8M-**WV2N1 MV8M-80WV2N1 MV8M-100WV2N1 MV8M-120WV2N1 MV8M-140WV2N1 MV8M-160WV2N1 - GeoClimate.ge\" \/>\n<meta property=\"og:description\" content=\"V8 Mini R410 Caract\u00e9ristiques du produit  Unit\u00e9 ext\u00e9rieure du mini syst\u00e8me DRV  Onduleur CC continu int\u00e9gral Format compact Large rapport de combinaison\u00a0: 50-160\u00a0% META 2\u00a0: Efficacit\u00e9 am\u00e9lior\u00e9e, contr\u00f4le de la d\u00e9shumidification Hyperlink\u00a0: R\u00e9duction du temps et des co\u00fbts d&#039;installation Vaste plage de fonctionnement\u00a0: Hiver\u00a0: -20\u00a0\u00b0C, \u00c9t\u00e9\u00a0: 52\u00a0\u00b0C Doctor m 2.0\u00a0: Outil de maintenance intelligent Super Sense\u00a0: Surveillance avanc\u00e9e du r\u00e9frig\u00e9rant Zen air 2.0\u00a0: Gestion multifonctionnelle du flux d&#039;air Mode silencieux avanc\u00e9 \u00e0 5 niveaux Fonction de nettoyage automatique de l&#039;unit\u00e9 int\u00e9rieure Fonction de d\u00e9poussi\u00e9rage\/d\u00e9neigement automatique Disponible en monophas\u00e9 ou triphas\u00e9\" \/>\n<meta property=\"og:url\" content=\"https:\/\/geoclimate.ge\/fr\/produit\/v8-mini-r410-7-2-15-5-kw-mv8m-wv2n1-mv8m-80wv2n1-mv8m-100wv2n1-mv8m-120wv2n1-mv8m-140wv2n1-mv8m-160wv2n1\/\" \/>\n<meta property=\"og:site_name\" content=\"GeoClimate.ge\" \/>\n<meta property=\"article:modified_time\" content=\"2025-10-11T18:22:17+00:00\" \/>\n<meta property=\"og:image\" content=\"https:\/\/geoclimate.ge\/wp-content\/uploads\/2025\/10\/V8M-LEFT-R410A_RESULT_1.webp\" \/>\n\t<meta property=\"og:image:width\" content=\"784\" \/>\n\t<meta property=\"og:image:height\" content=\"630\" \/>\n\t<meta property=\"og:image:type\" content=\"image\/webp\" \/>\n<meta name=\"twitter:card\" content=\"summary_large_image\" \/>\n<script type=\"application\/ld+json\" class=\"yoast-schema-graph\">{\"@context\":\"https:\/\/schema.org\",\"@graph\":[{\"@type\":\"WebPage\",\"@id\":\"https:\/\/geoclimate.ge\/fr\/produit\/v8-mini-r410-7-2-15-5-kw-mv8m-wv2n1-mv8m-80wv2n1-mv8m-100wv2n1-mv8m-120wv2n1-mv8m-140wv2n1-mv8m-160wv2n1\/\",\"url\":\"https:\/\/geoclimate.ge\/fr\/produit\/v8-mini-r410-7-2-15-5-kw-mv8m-wv2n1-mv8m-80wv2n1-mv8m-100wv2n1-mv8m-120wv2n1-mv8m-140wv2n1-mv8m-160wv2n1\/\",\"name\":\"Mini VRF V8 Mini R410 7,2 - 15,5 kW MV8M-**WV2N1 MV8M-80WV2N1 MV8M-100WV2N1 MV8M-120WV2N1 MV8M-140WV2N1 MV8M-160WV2N1 - GeoClimate.ge\",\"isPartOf\":{\"@id\":\"https:\/\/geoclimate.ge\/#website\"},\"primaryImageOfPage\":{\"@id\":\"https:\/\/geoclimate.ge\/fr\/produit\/v8-mini-r410-7-2-15-5-kw-mv8m-wv2n1-mv8m-80wv2n1-mv8m-100wv2n1-mv8m-120wv2n1-mv8m-140wv2n1-mv8m-160wv2n1\/#primaryimage\"},\"image\":{\"@id\":\"https:\/\/geoclimate.ge\/fr\/produit\/v8-mini-r410-7-2-15-5-kw-mv8m-wv2n1-mv8m-80wv2n1-mv8m-100wv2n1-mv8m-120wv2n1-mv8m-140wv2n1-mv8m-160wv2n1\/#primaryimage\"},\"thumbnailUrl\":\"https:\/\/geoclimate.ge\/wp-content\/uploads\/2025\/10\/V8M-LEFT-R410A_RESULT_1.webp\",\"datePublished\":\"2025-10-11T18:07:01+00:00\",\"dateModified\":\"2025-10-11T18:22:17+00:00\",\"breadcrumb\":{\"@id\":\"https:\/\/geoclimate.ge\/fr\/produit\/v8-mini-r410-7-2-15-5-kw-mv8m-wv2n1-mv8m-80wv2n1-mv8m-100wv2n1-mv8m-120wv2n1-mv8m-140wv2n1-mv8m-160wv2n1\/#breadcrumb\"},\"inLanguage\":\"fr-FR\",\"potentialAction\":[{\"@type\":\"ReadAction\",\"target\":[\"https:\/\/geoclimate.ge\/fr\/produit\/v8-mini-r410-7-2-15-5-kw-mv8m-wv2n1-mv8m-80wv2n1-mv8m-100wv2n1-mv8m-120wv2n1-mv8m-140wv2n1-mv8m-160wv2n1\/\"]}]},{\"@type\":\"ImageObject\",\"inLanguage\":\"fr-FR\",\"@id\":\"https:\/\/geoclimate.ge\/fr\/produit\/v8-mini-r410-7-2-15-5-kw-mv8m-wv2n1-mv8m-80wv2n1-mv8m-100wv2n1-mv8m-120wv2n1-mv8m-140wv2n1-mv8m-160wv2n1\/#primaryimage\",\"url\":\"https:\/\/geoclimate.ge\/wp-content\/uploads\/2025\/10\/V8M-LEFT-R410A_RESULT_1.webp\",\"contentUrl\":\"https:\/\/geoclimate.ge\/wp-content\/uploads\/2025\/10\/V8M-LEFT-R410A_RESULT_1.webp\",\"width\":784,\"height\":630},{\"@type\":\"BreadcrumbList\",\"@id\":\"https:\/\/geoclimate.ge\/fr\/produit\/v8-mini-r410-7-2-15-5-kw-mv8m-wv2n1-mv8m-80wv2n1-mv8m-100wv2n1-mv8m-120wv2n1-mv8m-140wv2n1-mv8m-160wv2n1\/#breadcrumb\",\"itemListElement\":[{\"@type\":\"ListItem\",\"position\":1,\"name\":\"Home\",\"item\":\"https:\/\/geoclimate.ge\/fr\/\"},{\"@type\":\"ListItem\",\"position\":2,\"name\":\"Products\",\"item\":\"https:\/\/geoclimate.ge\/fr\/products\/\"},{\"@type\":\"ListItem\",\"position\":3,\"name\":\"Mini VRF V8 Mini R410 7,2 &#8211; 15,5 kW MV8M-**WV2N1 MV8M-80WV2N1 MV8M-100WV2N1 MV8M-120WV2N1 MV8M-140WV2N1 MV8M-160WV2N1\"}]},{\"@type\":\"WebSite\",\"@id\":\"https:\/\/geoclimate.ge\/#website\",\"url\":\"https:\/\/geoclimate.ge\/\",\"name\":\"GeoClimate\",\"description\":\"\",\"publisher\":{\"@id\":\"https:\/\/geoclimate.ge\/#organization\"},\"potentialAction\":[{\"@type\":\"SearchAction\",\"target\":{\"@type\":\"EntryPoint\",\"urlTemplate\":\"https:\/\/geoclimate.ge\/?s={search_term_string}\"},\"query-input\":{\"@type\":\"PropertyValueSpecification\",\"valueRequired\":true,\"valueName\":\"search_term_string\"}}],\"inLanguage\":\"fr-FR\"},{\"@type\":\"Organization\",\"@id\":\"https:\/\/geoclimate.ge\/#organization\",\"name\":\"GeoClimate\",\"url\":\"https:\/\/geoclimate.ge\/\",\"logo\":{\"@type\":\"ImageObject\",\"inLanguage\":\"fr-FR\",\"@id\":\"https:\/\/geoclimate.ge\/#\/schema\/logo\/image\/\",\"url\":\"https:\/\/geoclimate.ge\/wp-content\/uploads\/2026\/03\/geoclimate-SEO.png\",\"contentUrl\":\"https:\/\/geoclimate.ge\/wp-content\/uploads\/2026\/03\/geoclimate-SEO.png\",\"width\":1536,\"height\":1024,\"caption\":\"GeoClimate\"},\"image\":{\"@id\":\"https:\/\/geoclimate.ge\/#\/schema\/logo\/image\/\"}}]}<\/script>\n<!-- \/ Yoast SEO plugin. -->","yoast_head_json":{"title":"Mini VRF V8 Mini R410 7,2 - 15,5 kW MV8M-**WV2N1 MV8M-80WV2N1 MV8M-100WV2N1 MV8M-120WV2N1 MV8M-140WV2N1 MV8M-160WV2N1 - GeoClimate.ge","robots":{"index":"index","follow":"follow","max-snippet":"max-snippet:-1","max-image-preview":"max-image-preview:large","max-video-preview":"max-video-preview:-1"},"canonical":"https:\/\/geoclimate.ge\/fr\/produit\/v8-mini-r410-7-2-15-5-kw-mv8m-wv2n1-mv8m-80wv2n1-mv8m-100wv2n1-mv8m-120wv2n1-mv8m-140wv2n1-mv8m-160wv2n1\/","og_locale":"fr_FR","og_type":"article","og_title":"Mini VRF V8 Mini R410 7,2 - 15,5 kW MV8M-**WV2N1 MV8M-80WV2N1 MV8M-100WV2N1 MV8M-120WV2N1 MV8M-140WV2N1 MV8M-160WV2N1 - GeoClimate.ge","og_description":"V8 Mini R410 Caract\u00e9ristiques du produit  Unit\u00e9 ext\u00e9rieure du mini syst\u00e8me DRV  Onduleur CC continu int\u00e9gral Format compact Large rapport de combinaison\u00a0: 50-160\u00a0% META 2\u00a0: Efficacit\u00e9 am\u00e9lior\u00e9e, contr\u00f4le de la d\u00e9shumidification Hyperlink\u00a0: R\u00e9duction du temps et des co\u00fbts d'installation Vaste plage de fonctionnement\u00a0: Hiver\u00a0: -20\u00a0\u00b0C, \u00c9t\u00e9\u00a0: 52\u00a0\u00b0C Doctor m 2.0\u00a0: Outil de maintenance intelligent Super Sense\u00a0: Surveillance avanc\u00e9e du r\u00e9frig\u00e9rant Zen air 2.0\u00a0: Gestion multifonctionnelle du flux d'air Mode silencieux avanc\u00e9 \u00e0 5 niveaux Fonction de nettoyage automatique de l'unit\u00e9 int\u00e9rieure Fonction de d\u00e9poussi\u00e9rage\/d\u00e9neigement automatique Disponible en monophas\u00e9 ou triphas\u00e9","og_url":"https:\/\/geoclimate.ge\/fr\/produit\/v8-mini-r410-7-2-15-5-kw-mv8m-wv2n1-mv8m-80wv2n1-mv8m-100wv2n1-mv8m-120wv2n1-mv8m-140wv2n1-mv8m-160wv2n1\/","og_site_name":"GeoClimate.ge","article_modified_time":"2025-10-11T18:22:17+00:00","og_image":[{"width":784,"height":630,"url":"https:\/\/geoclimate.ge\/wp-content\/uploads\/2025\/10\/V8M-LEFT-R410A_RESULT_1.webp","type":"image\/webp"}],"twitter_card":"summary_large_image","schema":{"@context":"https:\/\/schema.org","@graph":[{"@type":"WebPage","@id":"https:\/\/geoclimate.ge\/fr\/produit\/v8-mini-r410-7-2-15-5-kw-mv8m-wv2n1-mv8m-80wv2n1-mv8m-100wv2n1-mv8m-120wv2n1-mv8m-140wv2n1-mv8m-160wv2n1\/","url":"https:\/\/geoclimate.ge\/fr\/produit\/v8-mini-r410-7-2-15-5-kw-mv8m-wv2n1-mv8m-80wv2n1-mv8m-100wv2n1-mv8m-120wv2n1-mv8m-140wv2n1-mv8m-160wv2n1\/","name":"Mini VRF V8 Mini R410 7,2 - 15,5 kW MV8M-**WV2N1 MV8M-80WV2N1 MV8M-100WV2N1 MV8M-120WV2N1 MV8M-140WV2N1 MV8M-160WV2N1 - GeoClimate.ge","isPartOf":{"@id":"https:\/\/geoclimate.ge\/#website"},"primaryImageOfPage":{"@id":"https:\/\/geoclimate.ge\/fr\/produit\/v8-mini-r410-7-2-15-5-kw-mv8m-wv2n1-mv8m-80wv2n1-mv8m-100wv2n1-mv8m-120wv2n1-mv8m-140wv2n1-mv8m-160wv2n1\/#primaryimage"},"image":{"@id":"https:\/\/geoclimate.ge\/fr\/produit\/v8-mini-r410-7-2-15-5-kw-mv8m-wv2n1-mv8m-80wv2n1-mv8m-100wv2n1-mv8m-120wv2n1-mv8m-140wv2n1-mv8m-160wv2n1\/#primaryimage"},"thumbnailUrl":"https:\/\/geoclimate.ge\/wp-content\/uploads\/2025\/10\/V8M-LEFT-R410A_RESULT_1.webp","datePublished":"2025-10-11T18:07:01+00:00","dateModified":"2025-10-11T18:22:17+00:00","breadcrumb":{"@id":"https:\/\/geoclimate.ge\/fr\/produit\/v8-mini-r410-7-2-15-5-kw-mv8m-wv2n1-mv8m-80wv2n1-mv8m-100wv2n1-mv8m-120wv2n1-mv8m-140wv2n1-mv8m-160wv2n1\/#breadcrumb"},"inLanguage":"fr-FR","potentialAction":[{"@type":"ReadAction","target":["https:\/\/geoclimate.ge\/fr\/produit\/v8-mini-r410-7-2-15-5-kw-mv8m-wv2n1-mv8m-80wv2n1-mv8m-100wv2n1-mv8m-120wv2n1-mv8m-140wv2n1-mv8m-160wv2n1\/"]}]},{"@type":"ImageObject","inLanguage":"fr-FR","@id":"https:\/\/geoclimate.ge\/fr\/produit\/v8-mini-r410-7-2-15-5-kw-mv8m-wv2n1-mv8m-80wv2n1-mv8m-100wv2n1-mv8m-120wv2n1-mv8m-140wv2n1-mv8m-160wv2n1\/#primaryimage","url":"https:\/\/geoclimate.ge\/wp-content\/uploads\/2025\/10\/V8M-LEFT-R410A_RESULT_1.webp","contentUrl":"https:\/\/geoclimate.ge\/wp-content\/uploads\/2025\/10\/V8M-LEFT-R410A_RESULT_1.webp","width":784,"height":630},{"@type":"BreadcrumbList","@id":"https:\/\/geoclimate.ge\/fr\/produit\/v8-mini-r410-7-2-15-5-kw-mv8m-wv2n1-mv8m-80wv2n1-mv8m-100wv2n1-mv8m-120wv2n1-mv8m-140wv2n1-mv8m-160wv2n1\/#breadcrumb","itemListElement":[{"@type":"ListItem","position":1,"name":"Home","item":"https:\/\/geoclimate.ge\/fr\/"},{"@type":"ListItem","position":2,"name":"Products","item":"https:\/\/geoclimate.ge\/fr\/products\/"},{"@type":"ListItem","position":3,"name":"Mini VRF V8 Mini R410 7,2 &#8211; 15,5 kW MV8M-**WV2N1 MV8M-80WV2N1 MV8M-100WV2N1 MV8M-120WV2N1 MV8M-140WV2N1 MV8M-160WV2N1"}]},{"@type":"WebSite","@id":"https:\/\/geoclimate.ge\/#website","url":"https:\/\/geoclimate.ge\/","name":"GeoClimate","description":"","publisher":{"@id":"https:\/\/geoclimate.ge\/#organization"},"potentialAction":[{"@type":"SearchAction","target":{"@type":"EntryPoint","urlTemplate":"https:\/\/geoclimate.ge\/?s={search_term_string}"},"query-input":{"@type":"PropertyValueSpecification","valueRequired":true,"valueName":"search_term_string"}}],"inLanguage":"fr-FR"},{"@type":"Organization","@id":"https:\/\/geoclimate.ge\/#organization","name":"GeoClimate","url":"https:\/\/geoclimate.ge\/","logo":{"@type":"ImageObject","inLanguage":"fr-FR","@id":"https:\/\/geoclimate.ge\/#\/schema\/logo\/image\/","url":"https:\/\/geoclimate.ge\/wp-content\/uploads\/2026\/03\/geoclimate-SEO.png","contentUrl":"https:\/\/geoclimate.ge\/wp-content\/uploads\/2026\/03\/geoclimate-SEO.png","width":1536,"height":1024,"caption":"GeoClimate"},"image":{"@id":"https:\/\/geoclimate.ge\/#\/schema\/logo\/image\/"}}]}},"_links":{"self":[{"href":"https:\/\/geoclimate.ge\/fr\/wp-json\/wp\/v2\/product\/42631","targetHints":{"allow":["GET"]}}],"collection":[{"href":"https:\/\/geoclimate.ge\/fr\/wp-json\/wp\/v2\/product"}],"about":[{"href":"https:\/\/geoclimate.ge\/fr\/wp-json\/wp\/v2\/types\/product"}],"wp:featuredmedia":[{"embeddable":true,"href":"https:\/\/geoclimate.ge\/fr\/wp-json\/wp\/v2\/media\/42626"}],"wp:attachment":[{"href":"https:\/\/geoclimate.ge\/fr\/wp-json\/wp\/v2\/media?parent=42631"}],"wp:term":[{"taxonomy":"product_brand","embeddable":true,"href":"https:\/\/geoclimate.ge\/fr\/wp-json\/wp\/v2\/product_brand?post=42631"},{"taxonomy":"product_cat","embeddable":true,"href":"https:\/\/geoclimate.ge\/fr\/wp-json\/wp\/v2\/product_cat?post=42631"},{"taxonomy":"product_tag","embeddable":true,"href":"https:\/\/geoclimate.ge\/fr\/wp-json\/wp\/v2\/product_tag?post=42631"}],"curies":[{"name":"wp","href":"https:\/\/api.w.org\/{rel}","templated":true}]}}