{"id":42659,"date":"2025-10-14T17:46:28","date_gmt":"2025-10-14T13:46:28","guid":{"rendered":"https:\/\/airsystems.ge\/shop\/product\/vrf-system-horizontal-discharge-v6-side-discharge-20-33-5-kw-mvi-wv2gn1a-mvi-200wv2gn1a-mvi-224wv2gn1a-mvi-260wv2gn1a-mvi-280wv2gn1a-mvi-335wv2gn1a\/"},"modified":"2025-10-14T17:54:25","modified_gmt":"2025-10-14T13:54:25","slug":"vrf-system-horizontal-discharge-v6-side-discharge-20-33-5-kw-mvi-wv2gn1a-mvi-200wv2gn1a-mvi-224wv2gn1a-mvi-260wv2gn1a-mvi-280wv2gn1a-mvi-335wv2gn1a","status":"publish","type":"product","link":"https:\/\/geoclimate.ge\/fr\/produit\/vrf-system-horizontal-discharge-v6-side-discharge-20-33-5-kw-mvi-wv2gn1a-mvi-200wv2gn1a-mvi-224wv2gn1a-mvi-260wv2gn1a-mvi-280wv2gn1a-mvi-335wv2gn1a\/","title":{"rendered":"VRF Syst\u00e8me DRV \u00e0 soufflage horizontal V6 &#8211; Soufflage lat\u00e9ral 20 &#8211; 33,5 kW MVi-***WV2GN1(A)  MVi-200WV2GN1(A) MVi-224WV2GN1(A) MVi-260WV2GN1(A) MVi-280WV2GN1(A) MVi-335WV2GN1(A)"},"content":{"rendered":"","protected":false},"excerpt":{"rendered":"<div id=\"w-node-_99251b19-02be-a60d-3556-d396ae97cee4-875f3092\" class=\"product-inner_img-thumbs-wrapper\">\n<div class=\"product-inner_img-thumb is-active\" data-index=\"0\"><\/div>\n<\/div>\n<div id=\"w-node-c63541f9-43bc-1c18-7844-90c28a81f2cb-875f3092\" class=\"product-inner_info-block\">\n<div class=\"product-inner_info-block-inner\">\n<div class=\"product-inner_text-block\">\n<h1>V6 &#8211; Soufflage lat\u00e9ral<\/h1>\n<p>Caract\u00e9ristiques du produit<\/p>\n<p>Unit\u00e9 ext\u00e9rieure du syst\u00e8me DRV<\/p>\n<p>Onduleur CC continu int\u00e9gral<br \/>\nCompact, facile \u00e0 installer<br \/>\nRapport de combinaison\u00a0: 50-130\u00a0%<br \/>\nPlage de fonctionnement\u00a0: Hiver\u00a0: -20\u00a0\u00b0C, \u00c9t\u00e9\u00a0: 48\u00a0\u00b0C<br \/>\nModes silencieux multiples<\/p>\n<\/div>\n<\/div>\n<\/div>\n","protected":false},"featured_media":42654,"template":"","meta":[],"product_brand":[],"product_cat":[1992],"product_tag":[],"class_list":{"0":"post-42659","1":"product","2":"type-product","3":"status-publish","4":"has-post-thumbnail","6":"product_cat-systeme-vrf","8":"first","9":"instock","10":"shipping-taxable","11":"product-type-simple"},"yoast_head":"<!-- This site is optimized with the Yoast SEO plugin v27.1.1 - https:\/\/yoast.com\/product\/yoast-seo-wordpress\/ -->\n<title>VRF Syst\u00e8me DRV \u00e0 soufflage horizontal V6 - Soufflage lat\u00e9ral 20 - 33,5 kW MVi-***WV2GN1(A) MVi-200WV2GN1(A) MVi-224WV2GN1(A) MVi-260WV2GN1(A) MVi-280WV2GN1(A) MVi-335WV2GN1(A) - GeoClimate.ge<\/title>\n<meta name=\"robots\" content=\"index, follow, max-snippet:-1, max-image-preview:large, max-video-preview:-1\" \/>\n<link rel=\"canonical\" href=\"https:\/\/geoclimate.ge\/fr\/produit\/vrf-system-horizontal-discharge-v6-side-discharge-20-33-5-kw-mvi-wv2gn1a-mvi-200wv2gn1a-mvi-224wv2gn1a-mvi-260wv2gn1a-mvi-280wv2gn1a-mvi-335wv2gn1a\/\" \/>\n<meta property=\"og:locale\" content=\"fr_FR\" \/>\n<meta property=\"og:type\" content=\"article\" \/>\n<meta property=\"og:title\" content=\"VRF Syst\u00e8me DRV \u00e0 soufflage horizontal V6 - Soufflage lat\u00e9ral 20 - 33,5 kW MVi-***WV2GN1(A) MVi-200WV2GN1(A) MVi-224WV2GN1(A) MVi-260WV2GN1(A) MVi-280WV2GN1(A) MVi-335WV2GN1(A) - GeoClimate.ge\" \/>\n<meta property=\"og:description\" content=\"V6 - Soufflage lat\u00e9ral Caract\u00e9ristiques du produit  Unit\u00e9 ext\u00e9rieure du syst\u00e8me DRV  Onduleur CC continu int\u00e9gral Compact, facile \u00e0 installer Rapport de combinaison\u00a0: 50-130\u00a0% Plage de fonctionnement\u00a0: Hiver\u00a0: -20\u00a0\u00b0C, \u00c9t\u00e9\u00a0: 48\u00a0\u00b0C Modes silencieux multiples\" \/>\n<meta property=\"og:url\" content=\"https:\/\/geoclimate.ge\/fr\/produit\/vrf-system-horizontal-discharge-v6-side-discharge-20-33-5-kw-mvi-wv2gn1a-mvi-200wv2gn1a-mvi-224wv2gn1a-mvi-260wv2gn1a-mvi-280wv2gn1a-mvi-335wv2gn1a\/\" \/>\n<meta property=\"og:site_name\" content=\"GeoClimate.ge\" \/>\n<meta property=\"article:modified_time\" content=\"2025-10-14T13:54:25+00:00\" \/>\n<meta property=\"og:image\" content=\"https:\/\/geoclimate.ge\/wp-content\/uploads\/2025\/10\/V6-SIDE-DISCHARGE_RESULT.webp\" \/>\n\t<meta property=\"og:image:width\" content=\"768\" \/>\n\t<meta property=\"og:image:height\" content=\"946\" \/>\n\t<meta property=\"og:image:type\" content=\"image\/webp\" \/>\n<meta name=\"twitter:card\" content=\"summary_large_image\" \/>\n<script type=\"application\/ld+json\" class=\"yoast-schema-graph\">{\"@context\":\"https:\/\/schema.org\",\"@graph\":[{\"@type\":\"WebPage\",\"@id\":\"https:\/\/geoclimate.ge\/fr\/produit\/vrf-system-horizontal-discharge-v6-side-discharge-20-33-5-kw-mvi-wv2gn1a-mvi-200wv2gn1a-mvi-224wv2gn1a-mvi-260wv2gn1a-mvi-280wv2gn1a-mvi-335wv2gn1a\/\",\"url\":\"https:\/\/geoclimate.ge\/fr\/produit\/vrf-system-horizontal-discharge-v6-side-discharge-20-33-5-kw-mvi-wv2gn1a-mvi-200wv2gn1a-mvi-224wv2gn1a-mvi-260wv2gn1a-mvi-280wv2gn1a-mvi-335wv2gn1a\/\",\"name\":\"VRF Syst\u00e8me DRV \u00e0 soufflage horizontal V6 - Soufflage lat\u00e9ral 20 - 33,5 kW MVi-***WV2GN1(A) MVi-200WV2GN1(A) MVi-224WV2GN1(A) MVi-260WV2GN1(A) MVi-280WV2GN1(A) MVi-335WV2GN1(A) - GeoClimate.ge\",\"isPartOf\":{\"@id\":\"https:\/\/geoclimate.ge\/#website\"},\"primaryImageOfPage\":{\"@id\":\"https:\/\/geoclimate.ge\/fr\/produit\/vrf-system-horizontal-discharge-v6-side-discharge-20-33-5-kw-mvi-wv2gn1a-mvi-200wv2gn1a-mvi-224wv2gn1a-mvi-260wv2gn1a-mvi-280wv2gn1a-mvi-335wv2gn1a\/#primaryimage\"},\"image\":{\"@id\":\"https:\/\/geoclimate.ge\/fr\/produit\/vrf-system-horizontal-discharge-v6-side-discharge-20-33-5-kw-mvi-wv2gn1a-mvi-200wv2gn1a-mvi-224wv2gn1a-mvi-260wv2gn1a-mvi-280wv2gn1a-mvi-335wv2gn1a\/#primaryimage\"},\"thumbnailUrl\":\"https:\/\/geoclimate.ge\/wp-content\/uploads\/2025\/10\/V6-SIDE-DISCHARGE_RESULT.webp\",\"datePublished\":\"2025-10-14T13:46:28+00:00\",\"dateModified\":\"2025-10-14T13:54:25+00:00\",\"breadcrumb\":{\"@id\":\"https:\/\/geoclimate.ge\/fr\/produit\/vrf-system-horizontal-discharge-v6-side-discharge-20-33-5-kw-mvi-wv2gn1a-mvi-200wv2gn1a-mvi-224wv2gn1a-mvi-260wv2gn1a-mvi-280wv2gn1a-mvi-335wv2gn1a\/#breadcrumb\"},\"inLanguage\":\"fr-FR\",\"potentialAction\":[{\"@type\":\"ReadAction\",\"target\":[\"https:\/\/geoclimate.ge\/fr\/produit\/vrf-system-horizontal-discharge-v6-side-discharge-20-33-5-kw-mvi-wv2gn1a-mvi-200wv2gn1a-mvi-224wv2gn1a-mvi-260wv2gn1a-mvi-280wv2gn1a-mvi-335wv2gn1a\/\"]}]},{\"@type\":\"ImageObject\",\"inLanguage\":\"fr-FR\",\"@id\":\"https:\/\/geoclimate.ge\/fr\/produit\/vrf-system-horizontal-discharge-v6-side-discharge-20-33-5-kw-mvi-wv2gn1a-mvi-200wv2gn1a-mvi-224wv2gn1a-mvi-260wv2gn1a-mvi-280wv2gn1a-mvi-335wv2gn1a\/#primaryimage\",\"url\":\"https:\/\/geoclimate.ge\/wp-content\/uploads\/2025\/10\/V6-SIDE-DISCHARGE_RESULT.webp\",\"contentUrl\":\"https:\/\/geoclimate.ge\/wp-content\/uploads\/2025\/10\/V6-SIDE-DISCHARGE_RESULT.webp\",\"width\":768,\"height\":946},{\"@type\":\"BreadcrumbList\",\"@id\":\"https:\/\/geoclimate.ge\/fr\/produit\/vrf-system-horizontal-discharge-v6-side-discharge-20-33-5-kw-mvi-wv2gn1a-mvi-200wv2gn1a-mvi-224wv2gn1a-mvi-260wv2gn1a-mvi-280wv2gn1a-mvi-335wv2gn1a\/#breadcrumb\",\"itemListElement\":[{\"@type\":\"ListItem\",\"position\":1,\"name\":\"Home\",\"item\":\"https:\/\/geoclimate.ge\/fr\/\"},{\"@type\":\"ListItem\",\"position\":2,\"name\":\"Products\",\"item\":\"https:\/\/geoclimate.ge\/fr\/products\/\"},{\"@type\":\"ListItem\",\"position\":3,\"name\":\"VRF Syst\u00e8me DRV \u00e0 soufflage horizontal V6 &#8211; Soufflage lat\u00e9ral 20 &#8211; 33,5 kW MVi-***WV2GN1(A) MVi-200WV2GN1(A) MVi-224WV2GN1(A) MVi-260WV2GN1(A) MVi-280WV2GN1(A) MVi-335WV2GN1(A)\"}]},{\"@type\":\"WebSite\",\"@id\":\"https:\/\/geoclimate.ge\/#website\",\"url\":\"https:\/\/geoclimate.ge\/\",\"name\":\"GeoClimate\",\"description\":\"\",\"publisher\":{\"@id\":\"https:\/\/geoclimate.ge\/#organization\"},\"potentialAction\":[{\"@type\":\"SearchAction\",\"target\":{\"@type\":\"EntryPoint\",\"urlTemplate\":\"https:\/\/geoclimate.ge\/?s={search_term_string}\"},\"query-input\":{\"@type\":\"PropertyValueSpecification\",\"valueRequired\":true,\"valueName\":\"search_term_string\"}}],\"inLanguage\":\"fr-FR\"},{\"@type\":\"Organization\",\"@id\":\"https:\/\/geoclimate.ge\/#organization\",\"name\":\"GeoClimate\",\"url\":\"https:\/\/geoclimate.ge\/\",\"logo\":{\"@type\":\"ImageObject\",\"inLanguage\":\"fr-FR\",\"@id\":\"https:\/\/geoclimate.ge\/#\/schema\/logo\/image\/\",\"url\":\"https:\/\/geoclimate.ge\/wp-content\/uploads\/2026\/03\/geoclimate-SEO.png\",\"contentUrl\":\"https:\/\/geoclimate.ge\/wp-content\/uploads\/2026\/03\/geoclimate-SEO.png\",\"width\":1536,\"height\":1024,\"caption\":\"GeoClimate\"},\"image\":{\"@id\":\"https:\/\/geoclimate.ge\/#\/schema\/logo\/image\/\"}}]}<\/script>\n<!-- \/ Yoast SEO plugin. -->","yoast_head_json":{"title":"VRF Syst\u00e8me DRV \u00e0 soufflage horizontal V6 - Soufflage lat\u00e9ral 20 - 33,5 kW MVi-***WV2GN1(A) MVi-200WV2GN1(A) MVi-224WV2GN1(A) MVi-260WV2GN1(A) MVi-280WV2GN1(A) MVi-335WV2GN1(A) - GeoClimate.ge","robots":{"index":"index","follow":"follow","max-snippet":"max-snippet:-1","max-image-preview":"max-image-preview:large","max-video-preview":"max-video-preview:-1"},"canonical":"https:\/\/geoclimate.ge\/fr\/produit\/vrf-system-horizontal-discharge-v6-side-discharge-20-33-5-kw-mvi-wv2gn1a-mvi-200wv2gn1a-mvi-224wv2gn1a-mvi-260wv2gn1a-mvi-280wv2gn1a-mvi-335wv2gn1a\/","og_locale":"fr_FR","og_type":"article","og_title":"VRF Syst\u00e8me DRV \u00e0 soufflage horizontal V6 - Soufflage lat\u00e9ral 20 - 33,5 kW MVi-***WV2GN1(A) MVi-200WV2GN1(A) MVi-224WV2GN1(A) MVi-260WV2GN1(A) MVi-280WV2GN1(A) MVi-335WV2GN1(A) - GeoClimate.ge","og_description":"V6 - Soufflage lat\u00e9ral Caract\u00e9ristiques du produit  Unit\u00e9 ext\u00e9rieure du syst\u00e8me DRV  Onduleur CC continu int\u00e9gral Compact, facile \u00e0 installer Rapport de combinaison\u00a0: 50-130\u00a0% Plage de fonctionnement\u00a0: Hiver\u00a0: -20\u00a0\u00b0C, \u00c9t\u00e9\u00a0: 48\u00a0\u00b0C Modes silencieux multiples","og_url":"https:\/\/geoclimate.ge\/fr\/produit\/vrf-system-horizontal-discharge-v6-side-discharge-20-33-5-kw-mvi-wv2gn1a-mvi-200wv2gn1a-mvi-224wv2gn1a-mvi-260wv2gn1a-mvi-280wv2gn1a-mvi-335wv2gn1a\/","og_site_name":"GeoClimate.ge","article_modified_time":"2025-10-14T13:54:25+00:00","og_image":[{"width":768,"height":946,"url":"https:\/\/geoclimate.ge\/wp-content\/uploads\/2025\/10\/V6-SIDE-DISCHARGE_RESULT.webp","type":"image\/webp"}],"twitter_card":"summary_large_image","schema":{"@context":"https:\/\/schema.org","@graph":[{"@type":"WebPage","@id":"https:\/\/geoclimate.ge\/fr\/produit\/vrf-system-horizontal-discharge-v6-side-discharge-20-33-5-kw-mvi-wv2gn1a-mvi-200wv2gn1a-mvi-224wv2gn1a-mvi-260wv2gn1a-mvi-280wv2gn1a-mvi-335wv2gn1a\/","url":"https:\/\/geoclimate.ge\/fr\/produit\/vrf-system-horizontal-discharge-v6-side-discharge-20-33-5-kw-mvi-wv2gn1a-mvi-200wv2gn1a-mvi-224wv2gn1a-mvi-260wv2gn1a-mvi-280wv2gn1a-mvi-335wv2gn1a\/","name":"VRF Syst\u00e8me DRV \u00e0 soufflage horizontal V6 - Soufflage lat\u00e9ral 20 - 33,5 kW MVi-***WV2GN1(A) MVi-200WV2GN1(A) MVi-224WV2GN1(A) MVi-260WV2GN1(A) MVi-280WV2GN1(A) MVi-335WV2GN1(A) - GeoClimate.ge","isPartOf":{"@id":"https:\/\/geoclimate.ge\/#website"},"primaryImageOfPage":{"@id":"https:\/\/geoclimate.ge\/fr\/produit\/vrf-system-horizontal-discharge-v6-side-discharge-20-33-5-kw-mvi-wv2gn1a-mvi-200wv2gn1a-mvi-224wv2gn1a-mvi-260wv2gn1a-mvi-280wv2gn1a-mvi-335wv2gn1a\/#primaryimage"},"image":{"@id":"https:\/\/geoclimate.ge\/fr\/produit\/vrf-system-horizontal-discharge-v6-side-discharge-20-33-5-kw-mvi-wv2gn1a-mvi-200wv2gn1a-mvi-224wv2gn1a-mvi-260wv2gn1a-mvi-280wv2gn1a-mvi-335wv2gn1a\/#primaryimage"},"thumbnailUrl":"https:\/\/geoclimate.ge\/wp-content\/uploads\/2025\/10\/V6-SIDE-DISCHARGE_RESULT.webp","datePublished":"2025-10-14T13:46:28+00:00","dateModified":"2025-10-14T13:54:25+00:00","breadcrumb":{"@id":"https:\/\/geoclimate.ge\/fr\/produit\/vrf-system-horizontal-discharge-v6-side-discharge-20-33-5-kw-mvi-wv2gn1a-mvi-200wv2gn1a-mvi-224wv2gn1a-mvi-260wv2gn1a-mvi-280wv2gn1a-mvi-335wv2gn1a\/#breadcrumb"},"inLanguage":"fr-FR","potentialAction":[{"@type":"ReadAction","target":["https:\/\/geoclimate.ge\/fr\/produit\/vrf-system-horizontal-discharge-v6-side-discharge-20-33-5-kw-mvi-wv2gn1a-mvi-200wv2gn1a-mvi-224wv2gn1a-mvi-260wv2gn1a-mvi-280wv2gn1a-mvi-335wv2gn1a\/"]}]},{"@type":"ImageObject","inLanguage":"fr-FR","@id":"https:\/\/geoclimate.ge\/fr\/produit\/vrf-system-horizontal-discharge-v6-side-discharge-20-33-5-kw-mvi-wv2gn1a-mvi-200wv2gn1a-mvi-224wv2gn1a-mvi-260wv2gn1a-mvi-280wv2gn1a-mvi-335wv2gn1a\/#primaryimage","url":"https:\/\/geoclimate.ge\/wp-content\/uploads\/2025\/10\/V6-SIDE-DISCHARGE_RESULT.webp","contentUrl":"https:\/\/geoclimate.ge\/wp-content\/uploads\/2025\/10\/V6-SIDE-DISCHARGE_RESULT.webp","width":768,"height":946},{"@type":"BreadcrumbList","@id":"https:\/\/geoclimate.ge\/fr\/produit\/vrf-system-horizontal-discharge-v6-side-discharge-20-33-5-kw-mvi-wv2gn1a-mvi-200wv2gn1a-mvi-224wv2gn1a-mvi-260wv2gn1a-mvi-280wv2gn1a-mvi-335wv2gn1a\/#breadcrumb","itemListElement":[{"@type":"ListItem","position":1,"name":"Home","item":"https:\/\/geoclimate.ge\/fr\/"},{"@type":"ListItem","position":2,"name":"Products","item":"https:\/\/geoclimate.ge\/fr\/products\/"},{"@type":"ListItem","position":3,"name":"VRF Syst\u00e8me DRV \u00e0 soufflage horizontal V6 &#8211; Soufflage lat\u00e9ral 20 &#8211; 33,5 kW MVi-***WV2GN1(A) MVi-200WV2GN1(A) MVi-224WV2GN1(A) MVi-260WV2GN1(A) MVi-280WV2GN1(A) MVi-335WV2GN1(A)"}]},{"@type":"WebSite","@id":"https:\/\/geoclimate.ge\/#website","url":"https:\/\/geoclimate.ge\/","name":"GeoClimate","description":"","publisher":{"@id":"https:\/\/geoclimate.ge\/#organization"},"potentialAction":[{"@type":"SearchAction","target":{"@type":"EntryPoint","urlTemplate":"https:\/\/geoclimate.ge\/?s={search_term_string}"},"query-input":{"@type":"PropertyValueSpecification","valueRequired":true,"valueName":"search_term_string"}}],"inLanguage":"fr-FR"},{"@type":"Organization","@id":"https:\/\/geoclimate.ge\/#organization","name":"GeoClimate","url":"https:\/\/geoclimate.ge\/","logo":{"@type":"ImageObject","inLanguage":"fr-FR","@id":"https:\/\/geoclimate.ge\/#\/schema\/logo\/image\/","url":"https:\/\/geoclimate.ge\/wp-content\/uploads\/2026\/03\/geoclimate-SEO.png","contentUrl":"https:\/\/geoclimate.ge\/wp-content\/uploads\/2026\/03\/geoclimate-SEO.png","width":1536,"height":1024,"caption":"GeoClimate"},"image":{"@id":"https:\/\/geoclimate.ge\/#\/schema\/logo\/image\/"}}]}},"_links":{"self":[{"href":"https:\/\/geoclimate.ge\/fr\/wp-json\/wp\/v2\/product\/42659","targetHints":{"allow":["GET"]}}],"collection":[{"href":"https:\/\/geoclimate.ge\/fr\/wp-json\/wp\/v2\/product"}],"about":[{"href":"https:\/\/geoclimate.ge\/fr\/wp-json\/wp\/v2\/types\/product"}],"wp:featuredmedia":[{"embeddable":true,"href":"https:\/\/geoclimate.ge\/fr\/wp-json\/wp\/v2\/media\/42654"}],"wp:attachment":[{"href":"https:\/\/geoclimate.ge\/fr\/wp-json\/wp\/v2\/media?parent=42659"}],"wp:term":[{"taxonomy":"product_brand","embeddable":true,"href":"https:\/\/geoclimate.ge\/fr\/wp-json\/wp\/v2\/product_brand?post=42659"},{"taxonomy":"product_cat","embeddable":true,"href":"https:\/\/geoclimate.ge\/fr\/wp-json\/wp\/v2\/product_cat?post=42659"},{"taxonomy":"product_tag","embeddable":true,"href":"https:\/\/geoclimate.ge\/fr\/wp-json\/wp\/v2\/product_tag?post=42659"}],"curies":[{"name":"wp","href":"https:\/\/api.w.org\/{rel}","templated":true}]}}