{"id":42679,"date":"2025-10-14T17:59:37","date_gmt":"2025-10-14T13:59:37","guid":{"rendered":"https:\/\/airsystems.ge\/shop\/product\/vrf-system-horizontal-discharge-easy-fit-series-25-2-67-kw-mvi-wv2gn1b-mvi-252wv2gn1b-mvi-280wv2gn1b-mvi-335wv2gn1b-mvi-400wv2gn1a-mvi-450wv2gn1a-mvi-500wv2gn1a-mvi-560wv2gn1a-m\/"},"modified":"2025-10-14T18:08:17","modified_gmt":"2025-10-14T14:08:17","slug":"vrf-system-horizontal-discharge-easy-fit-series-25-2-67-kw-mvi-wv2gn1b-mvi-252wv2gn1b-mvi-280wv2gn1b-mvi-335wv2gn1b-mvi-400wv2gn1a-mvi-450wv2gn1a-mvi-500wv2gn1a-mvi-560wv2gn1a-m","status":"publish","type":"product","link":"https:\/\/geoclimate.ge\/fr\/produit\/vrf-system-horizontal-discharge-easy-fit-series-25-2-67-kw-mvi-wv2gn1b-mvi-252wv2gn1b-mvi-280wv2gn1b-mvi-335wv2gn1b-mvi-400wv2gn1a-mvi-450wv2gn1a-mvi-500wv2gn1a-mvi-560wv2gn1a-m\/","title":{"rendered":"Syst\u00e8me DRV \u00e0 soufflage horizontal, s\u00e9rie Easy Fit 25,2 &#8211; 67 kW MVi-***WV2GN1(B)  MVi-252WV2GN1(B) MVi-280WV2GN1(B) MVi-335WV2GN1(B) MVi-400WV2GN1(A) MVi-450WV2GN1(A) MVi-500WV2GN1(A) MVi-560WV2GN1(A) MVi-615WV2GN1(A) MVi-670WV2GN1(A)"},"content":{"rendered":"","protected":false},"excerpt":{"rendered":"<h1>S\u00e9rie Easy Fit<\/h1>\n<p>Caract\u00e9ristiques du produit<\/p>\n<p>Unit\u00e9 ext\u00e9rieure du syst\u00e8me DRV<\/p>\n<p>Onduleur CC continu int\u00e9gral<br \/>\nLarge plage de puissance, format compact<br \/>\nLarge rapport de combinaison\u00a0: 50-200\u00a0%<br \/>\nCompresseur \u00e0 injection de vapeur am\u00e9lior\u00e9e (EVI)<br \/>\nMETA 2\u00a0: Efficacit\u00e9 am\u00e9lior\u00e9e, d\u00e9shumidification Contr\u00f4le<br \/>\nHyperlink : R\u00e9duit le temps et les co\u00fbts d&rsquo;installation<br \/>\nVaste plage de fonctionnement : Hiver : -30 \u00b0C, \u00c9t\u00e9 : 55 \u00b0C<br \/>\nDouble fonctionnement de secours : Continue de fonctionner en cas de panne<br \/>\nDoctor m 2.0 : Outil de maintenance intelligent<br \/>\nSuper Sense : Surveillance avanc\u00e9e du r\u00e9frig\u00e9rant<br \/>\nZen air 2.0 : Gestion multifonctionnelle du flux d&rsquo;air<br \/>\nMode silencieux avanc\u00e9 \u00e0 15 niveaux<br \/>\nFonction de d\u00e9poussi\u00e9rage\/d\u00e9neigement automatique<\/p>\n","protected":false},"featured_media":42674,"template":"","meta":[],"product_brand":[],"product_cat":[1992],"product_tag":[],"class_list":{"0":"post-42679","1":"product","2":"type-product","3":"status-publish","4":"has-post-thumbnail","6":"product_cat-systeme-vrf","8":"first","9":"instock","10":"shipping-taxable","11":"product-type-simple"},"yoast_head":"<!-- This site is optimized with the Yoast SEO plugin v27.1.1 - https:\/\/yoast.com\/product\/yoast-seo-wordpress\/ -->\n<title>Syst\u00e8me DRV \u00e0 soufflage horizontal, s\u00e9rie Easy Fit 25,2 - 67 kW MVi-***WV2GN1(B) MVi-252WV2GN1(B) MVi-280WV2GN1(B) MVi-335WV2GN1(B) MVi-400WV2GN1(A) MVi-450WV2GN1(A) MVi-500WV2GN1(A) MVi-560WV2GN1(A) MVi-615WV2GN1(A) MVi-670WV2GN1(A) - GeoClimate.ge<\/title>\n<meta name=\"robots\" content=\"index, follow, max-snippet:-1, max-image-preview:large, max-video-preview:-1\" \/>\n<link rel=\"canonical\" href=\"https:\/\/geoclimate.ge\/fr\/produit\/vrf-system-horizontal-discharge-easy-fit-series-25-2-67-kw-mvi-wv2gn1b-mvi-252wv2gn1b-mvi-280wv2gn1b-mvi-335wv2gn1b-mvi-400wv2gn1a-mvi-450wv2gn1a-mvi-500wv2gn1a-mvi-560wv2gn1a-m\/\" \/>\n<meta property=\"og:locale\" content=\"fr_FR\" \/>\n<meta property=\"og:type\" content=\"article\" \/>\n<meta property=\"og:title\" content=\"Syst\u00e8me DRV \u00e0 soufflage horizontal, s\u00e9rie Easy Fit 25,2 - 67 kW MVi-***WV2GN1(B) MVi-252WV2GN1(B) MVi-280WV2GN1(B) MVi-335WV2GN1(B) MVi-400WV2GN1(A) MVi-450WV2GN1(A) MVi-500WV2GN1(A) MVi-560WV2GN1(A) MVi-615WV2GN1(A) MVi-670WV2GN1(A) - GeoClimate.ge\" \/>\n<meta property=\"og:description\" content=\"S\u00e9rie Easy Fit Caract\u00e9ristiques du produit  Unit\u00e9 ext\u00e9rieure du syst\u00e8me DRV  Onduleur CC continu int\u00e9gral Large plage de puissance, format compact Large rapport de combinaison\u00a0: 50-200\u00a0% Compresseur \u00e0 injection de vapeur am\u00e9lior\u00e9e (EVI) META 2\u00a0: Efficacit\u00e9 am\u00e9lior\u00e9e, d\u00e9shumidification Contr\u00f4le Hyperlink : R\u00e9duit le temps et les co\u00fbts d&#039;installation Vaste plage de fonctionnement : Hiver : -30 \u00b0C, \u00c9t\u00e9 : 55 \u00b0C Double fonctionnement de secours : Continue de fonctionner en cas de panne Doctor m 2.0 : Outil de maintenance intelligent Super Sense : Surveillance avanc\u00e9e du r\u00e9frig\u00e9rant Zen air 2.0 : Gestion multifonctionnelle du flux d&#039;air Mode silencieux avanc\u00e9 \u00e0 15 niveaux Fonction de d\u00e9poussi\u00e9rage\/d\u00e9neigement automatique\" \/>\n<meta property=\"og:url\" content=\"https:\/\/geoclimate.ge\/fr\/produit\/vrf-system-horizontal-discharge-easy-fit-series-25-2-67-kw-mvi-wv2gn1b-mvi-252wv2gn1b-mvi-280wv2gn1b-mvi-335wv2gn1b-mvi-400wv2gn1a-mvi-450wv2gn1a-mvi-500wv2gn1a-mvi-560wv2gn1a-m\/\" \/>\n<meta property=\"og:site_name\" content=\"GeoClimate.ge\" \/>\n<meta property=\"article:modified_time\" content=\"2025-10-14T14:08:17+00:00\" \/>\n<meta property=\"og:image\" content=\"https:\/\/geoclimate.ge\/wp-content\/uploads\/2025\/10\/EASYFIT-8T2-LEFT-PHYSICAL_RESULT-1.webp\" \/>\n\t<meta property=\"og:image:width\" content=\"768\" \/>\n\t<meta property=\"og:image:height\" content=\"1152\" \/>\n\t<meta property=\"og:image:type\" content=\"image\/webp\" \/>\n<meta name=\"twitter:card\" content=\"summary_large_image\" \/>\n<script type=\"application\/ld+json\" class=\"yoast-schema-graph\">{\"@context\":\"https:\/\/schema.org\",\"@graph\":[{\"@type\":\"WebPage\",\"@id\":\"https:\/\/geoclimate.ge\/fr\/produit\/vrf-system-horizontal-discharge-easy-fit-series-25-2-67-kw-mvi-wv2gn1b-mvi-252wv2gn1b-mvi-280wv2gn1b-mvi-335wv2gn1b-mvi-400wv2gn1a-mvi-450wv2gn1a-mvi-500wv2gn1a-mvi-560wv2gn1a-m\/\",\"url\":\"https:\/\/geoclimate.ge\/fr\/produit\/vrf-system-horizontal-discharge-easy-fit-series-25-2-67-kw-mvi-wv2gn1b-mvi-252wv2gn1b-mvi-280wv2gn1b-mvi-335wv2gn1b-mvi-400wv2gn1a-mvi-450wv2gn1a-mvi-500wv2gn1a-mvi-560wv2gn1a-m\/\",\"name\":\"Syst\u00e8me DRV \u00e0 soufflage horizontal, s\u00e9rie Easy Fit 25,2 - 67 kW MVi-***WV2GN1(B) MVi-252WV2GN1(B) MVi-280WV2GN1(B) MVi-335WV2GN1(B) MVi-400WV2GN1(A) MVi-450WV2GN1(A) MVi-500WV2GN1(A) MVi-560WV2GN1(A) MVi-615WV2GN1(A) MVi-670WV2GN1(A) - GeoClimate.ge\",\"isPartOf\":{\"@id\":\"https:\/\/geoclimate.ge\/#website\"},\"primaryImageOfPage\":{\"@id\":\"https:\/\/geoclimate.ge\/fr\/produit\/vrf-system-horizontal-discharge-easy-fit-series-25-2-67-kw-mvi-wv2gn1b-mvi-252wv2gn1b-mvi-280wv2gn1b-mvi-335wv2gn1b-mvi-400wv2gn1a-mvi-450wv2gn1a-mvi-500wv2gn1a-mvi-560wv2gn1a-m\/#primaryimage\"},\"image\":{\"@id\":\"https:\/\/geoclimate.ge\/fr\/produit\/vrf-system-horizontal-discharge-easy-fit-series-25-2-67-kw-mvi-wv2gn1b-mvi-252wv2gn1b-mvi-280wv2gn1b-mvi-335wv2gn1b-mvi-400wv2gn1a-mvi-450wv2gn1a-mvi-500wv2gn1a-mvi-560wv2gn1a-m\/#primaryimage\"},\"thumbnailUrl\":\"https:\/\/geoclimate.ge\/wp-content\/uploads\/2025\/10\/EASYFIT-8T2-LEFT-PHYSICAL_RESULT-1.webp\",\"datePublished\":\"2025-10-14T13:59:37+00:00\",\"dateModified\":\"2025-10-14T14:08:17+00:00\",\"breadcrumb\":{\"@id\":\"https:\/\/geoclimate.ge\/fr\/produit\/vrf-system-horizontal-discharge-easy-fit-series-25-2-67-kw-mvi-wv2gn1b-mvi-252wv2gn1b-mvi-280wv2gn1b-mvi-335wv2gn1b-mvi-400wv2gn1a-mvi-450wv2gn1a-mvi-500wv2gn1a-mvi-560wv2gn1a-m\/#breadcrumb\"},\"inLanguage\":\"fr-FR\",\"potentialAction\":[{\"@type\":\"ReadAction\",\"target\":[\"https:\/\/geoclimate.ge\/fr\/produit\/vrf-system-horizontal-discharge-easy-fit-series-25-2-67-kw-mvi-wv2gn1b-mvi-252wv2gn1b-mvi-280wv2gn1b-mvi-335wv2gn1b-mvi-400wv2gn1a-mvi-450wv2gn1a-mvi-500wv2gn1a-mvi-560wv2gn1a-m\/\"]}]},{\"@type\":\"ImageObject\",\"inLanguage\":\"fr-FR\",\"@id\":\"https:\/\/geoclimate.ge\/fr\/produit\/vrf-system-horizontal-discharge-easy-fit-series-25-2-67-kw-mvi-wv2gn1b-mvi-252wv2gn1b-mvi-280wv2gn1b-mvi-335wv2gn1b-mvi-400wv2gn1a-mvi-450wv2gn1a-mvi-500wv2gn1a-mvi-560wv2gn1a-m\/#primaryimage\",\"url\":\"https:\/\/geoclimate.ge\/wp-content\/uploads\/2025\/10\/EASYFIT-8T2-LEFT-PHYSICAL_RESULT-1.webp\",\"contentUrl\":\"https:\/\/geoclimate.ge\/wp-content\/uploads\/2025\/10\/EASYFIT-8T2-LEFT-PHYSICAL_RESULT-1.webp\",\"width\":768,\"height\":1152},{\"@type\":\"BreadcrumbList\",\"@id\":\"https:\/\/geoclimate.ge\/fr\/produit\/vrf-system-horizontal-discharge-easy-fit-series-25-2-67-kw-mvi-wv2gn1b-mvi-252wv2gn1b-mvi-280wv2gn1b-mvi-335wv2gn1b-mvi-400wv2gn1a-mvi-450wv2gn1a-mvi-500wv2gn1a-mvi-560wv2gn1a-m\/#breadcrumb\",\"itemListElement\":[{\"@type\":\"ListItem\",\"position\":1,\"name\":\"Home\",\"item\":\"https:\/\/geoclimate.ge\/fr\/\"},{\"@type\":\"ListItem\",\"position\":2,\"name\":\"Products\",\"item\":\"https:\/\/geoclimate.ge\/fr\/products\/\"},{\"@type\":\"ListItem\",\"position\":3,\"name\":\"Syst\u00e8me DRV \u00e0 soufflage horizontal, s\u00e9rie Easy Fit 25,2 &#8211; 67 kW MVi-***WV2GN1(B) MVi-252WV2GN1(B) MVi-280WV2GN1(B) MVi-335WV2GN1(B) MVi-400WV2GN1(A) MVi-450WV2GN1(A) MVi-500WV2GN1(A) MVi-560WV2GN1(A) MVi-615WV2GN1(A) MVi-670WV2GN1(A)\"}]},{\"@type\":\"WebSite\",\"@id\":\"https:\/\/geoclimate.ge\/#website\",\"url\":\"https:\/\/geoclimate.ge\/\",\"name\":\"GeoClimate\",\"description\":\"\",\"publisher\":{\"@id\":\"https:\/\/geoclimate.ge\/#organization\"},\"potentialAction\":[{\"@type\":\"SearchAction\",\"target\":{\"@type\":\"EntryPoint\",\"urlTemplate\":\"https:\/\/geoclimate.ge\/?s={search_term_string}\"},\"query-input\":{\"@type\":\"PropertyValueSpecification\",\"valueRequired\":true,\"valueName\":\"search_term_string\"}}],\"inLanguage\":\"fr-FR\"},{\"@type\":\"Organization\",\"@id\":\"https:\/\/geoclimate.ge\/#organization\",\"name\":\"GeoClimate\",\"url\":\"https:\/\/geoclimate.ge\/\",\"logo\":{\"@type\":\"ImageObject\",\"inLanguage\":\"fr-FR\",\"@id\":\"https:\/\/geoclimate.ge\/#\/schema\/logo\/image\/\",\"url\":\"https:\/\/geoclimate.ge\/wp-content\/uploads\/2026\/03\/geoclimate-SEO.png\",\"contentUrl\":\"https:\/\/geoclimate.ge\/wp-content\/uploads\/2026\/03\/geoclimate-SEO.png\",\"width\":1536,\"height\":1024,\"caption\":\"GeoClimate\"},\"image\":{\"@id\":\"https:\/\/geoclimate.ge\/#\/schema\/logo\/image\/\"}}]}<\/script>\n<!-- \/ Yoast SEO plugin. -->","yoast_head_json":{"title":"Syst\u00e8me DRV \u00e0 soufflage horizontal, s\u00e9rie Easy Fit 25,2 - 67 kW MVi-***WV2GN1(B) MVi-252WV2GN1(B) MVi-280WV2GN1(B) MVi-335WV2GN1(B) MVi-400WV2GN1(A) MVi-450WV2GN1(A) MVi-500WV2GN1(A) MVi-560WV2GN1(A) MVi-615WV2GN1(A) MVi-670WV2GN1(A) - GeoClimate.ge","robots":{"index":"index","follow":"follow","max-snippet":"max-snippet:-1","max-image-preview":"max-image-preview:large","max-video-preview":"max-video-preview:-1"},"canonical":"https:\/\/geoclimate.ge\/fr\/produit\/vrf-system-horizontal-discharge-easy-fit-series-25-2-67-kw-mvi-wv2gn1b-mvi-252wv2gn1b-mvi-280wv2gn1b-mvi-335wv2gn1b-mvi-400wv2gn1a-mvi-450wv2gn1a-mvi-500wv2gn1a-mvi-560wv2gn1a-m\/","og_locale":"fr_FR","og_type":"article","og_title":"Syst\u00e8me DRV \u00e0 soufflage horizontal, s\u00e9rie Easy Fit 25,2 - 67 kW MVi-***WV2GN1(B) MVi-252WV2GN1(B) MVi-280WV2GN1(B) MVi-335WV2GN1(B) MVi-400WV2GN1(A) MVi-450WV2GN1(A) MVi-500WV2GN1(A) MVi-560WV2GN1(A) MVi-615WV2GN1(A) MVi-670WV2GN1(A) - GeoClimate.ge","og_description":"S\u00e9rie Easy Fit Caract\u00e9ristiques du produit  Unit\u00e9 ext\u00e9rieure du syst\u00e8me DRV  Onduleur CC continu int\u00e9gral Large plage de puissance, format compact Large rapport de combinaison\u00a0: 50-200\u00a0% Compresseur \u00e0 injection de vapeur am\u00e9lior\u00e9e (EVI) META 2\u00a0: Efficacit\u00e9 am\u00e9lior\u00e9e, d\u00e9shumidification Contr\u00f4le Hyperlink : R\u00e9duit le temps et les co\u00fbts d'installation Vaste plage de fonctionnement : Hiver : -30 \u00b0C, \u00c9t\u00e9 : 55 \u00b0C Double fonctionnement de secours : Continue de fonctionner en cas de panne Doctor m 2.0 : Outil de maintenance intelligent Super Sense : Surveillance avanc\u00e9e du r\u00e9frig\u00e9rant Zen air 2.0 : Gestion multifonctionnelle du flux d'air Mode silencieux avanc\u00e9 \u00e0 15 niveaux Fonction de d\u00e9poussi\u00e9rage\/d\u00e9neigement automatique","og_url":"https:\/\/geoclimate.ge\/fr\/produit\/vrf-system-horizontal-discharge-easy-fit-series-25-2-67-kw-mvi-wv2gn1b-mvi-252wv2gn1b-mvi-280wv2gn1b-mvi-335wv2gn1b-mvi-400wv2gn1a-mvi-450wv2gn1a-mvi-500wv2gn1a-mvi-560wv2gn1a-m\/","og_site_name":"GeoClimate.ge","article_modified_time":"2025-10-14T14:08:17+00:00","og_image":[{"width":768,"height":1152,"url":"https:\/\/geoclimate.ge\/wp-content\/uploads\/2025\/10\/EASYFIT-8T2-LEFT-PHYSICAL_RESULT-1.webp","type":"image\/webp"}],"twitter_card":"summary_large_image","schema":{"@context":"https:\/\/schema.org","@graph":[{"@type":"WebPage","@id":"https:\/\/geoclimate.ge\/fr\/produit\/vrf-system-horizontal-discharge-easy-fit-series-25-2-67-kw-mvi-wv2gn1b-mvi-252wv2gn1b-mvi-280wv2gn1b-mvi-335wv2gn1b-mvi-400wv2gn1a-mvi-450wv2gn1a-mvi-500wv2gn1a-mvi-560wv2gn1a-m\/","url":"https:\/\/geoclimate.ge\/fr\/produit\/vrf-system-horizontal-discharge-easy-fit-series-25-2-67-kw-mvi-wv2gn1b-mvi-252wv2gn1b-mvi-280wv2gn1b-mvi-335wv2gn1b-mvi-400wv2gn1a-mvi-450wv2gn1a-mvi-500wv2gn1a-mvi-560wv2gn1a-m\/","name":"Syst\u00e8me DRV \u00e0 soufflage horizontal, s\u00e9rie Easy Fit 25,2 - 67 kW MVi-***WV2GN1(B) MVi-252WV2GN1(B) MVi-280WV2GN1(B) MVi-335WV2GN1(B) MVi-400WV2GN1(A) MVi-450WV2GN1(A) MVi-500WV2GN1(A) MVi-560WV2GN1(A) MVi-615WV2GN1(A) MVi-670WV2GN1(A) - GeoClimate.ge","isPartOf":{"@id":"https:\/\/geoclimate.ge\/#website"},"primaryImageOfPage":{"@id":"https:\/\/geoclimate.ge\/fr\/produit\/vrf-system-horizontal-discharge-easy-fit-series-25-2-67-kw-mvi-wv2gn1b-mvi-252wv2gn1b-mvi-280wv2gn1b-mvi-335wv2gn1b-mvi-400wv2gn1a-mvi-450wv2gn1a-mvi-500wv2gn1a-mvi-560wv2gn1a-m\/#primaryimage"},"image":{"@id":"https:\/\/geoclimate.ge\/fr\/produit\/vrf-system-horizontal-discharge-easy-fit-series-25-2-67-kw-mvi-wv2gn1b-mvi-252wv2gn1b-mvi-280wv2gn1b-mvi-335wv2gn1b-mvi-400wv2gn1a-mvi-450wv2gn1a-mvi-500wv2gn1a-mvi-560wv2gn1a-m\/#primaryimage"},"thumbnailUrl":"https:\/\/geoclimate.ge\/wp-content\/uploads\/2025\/10\/EASYFIT-8T2-LEFT-PHYSICAL_RESULT-1.webp","datePublished":"2025-10-14T13:59:37+00:00","dateModified":"2025-10-14T14:08:17+00:00","breadcrumb":{"@id":"https:\/\/geoclimate.ge\/fr\/produit\/vrf-system-horizontal-discharge-easy-fit-series-25-2-67-kw-mvi-wv2gn1b-mvi-252wv2gn1b-mvi-280wv2gn1b-mvi-335wv2gn1b-mvi-400wv2gn1a-mvi-450wv2gn1a-mvi-500wv2gn1a-mvi-560wv2gn1a-m\/#breadcrumb"},"inLanguage":"fr-FR","potentialAction":[{"@type":"ReadAction","target":["https:\/\/geoclimate.ge\/fr\/produit\/vrf-system-horizontal-discharge-easy-fit-series-25-2-67-kw-mvi-wv2gn1b-mvi-252wv2gn1b-mvi-280wv2gn1b-mvi-335wv2gn1b-mvi-400wv2gn1a-mvi-450wv2gn1a-mvi-500wv2gn1a-mvi-560wv2gn1a-m\/"]}]},{"@type":"ImageObject","inLanguage":"fr-FR","@id":"https:\/\/geoclimate.ge\/fr\/produit\/vrf-system-horizontal-discharge-easy-fit-series-25-2-67-kw-mvi-wv2gn1b-mvi-252wv2gn1b-mvi-280wv2gn1b-mvi-335wv2gn1b-mvi-400wv2gn1a-mvi-450wv2gn1a-mvi-500wv2gn1a-mvi-560wv2gn1a-m\/#primaryimage","url":"https:\/\/geoclimate.ge\/wp-content\/uploads\/2025\/10\/EASYFIT-8T2-LEFT-PHYSICAL_RESULT-1.webp","contentUrl":"https:\/\/geoclimate.ge\/wp-content\/uploads\/2025\/10\/EASYFIT-8T2-LEFT-PHYSICAL_RESULT-1.webp","width":768,"height":1152},{"@type":"BreadcrumbList","@id":"https:\/\/geoclimate.ge\/fr\/produit\/vrf-system-horizontal-discharge-easy-fit-series-25-2-67-kw-mvi-wv2gn1b-mvi-252wv2gn1b-mvi-280wv2gn1b-mvi-335wv2gn1b-mvi-400wv2gn1a-mvi-450wv2gn1a-mvi-500wv2gn1a-mvi-560wv2gn1a-m\/#breadcrumb","itemListElement":[{"@type":"ListItem","position":1,"name":"Home","item":"https:\/\/geoclimate.ge\/fr\/"},{"@type":"ListItem","position":2,"name":"Products","item":"https:\/\/geoclimate.ge\/fr\/products\/"},{"@type":"ListItem","position":3,"name":"Syst\u00e8me DRV \u00e0 soufflage horizontal, s\u00e9rie Easy Fit 25,2 &#8211; 67 kW MVi-***WV2GN1(B) MVi-252WV2GN1(B) MVi-280WV2GN1(B) MVi-335WV2GN1(B) MVi-400WV2GN1(A) MVi-450WV2GN1(A) MVi-500WV2GN1(A) MVi-560WV2GN1(A) MVi-615WV2GN1(A) MVi-670WV2GN1(A)"}]},{"@type":"WebSite","@id":"https:\/\/geoclimate.ge\/#website","url":"https:\/\/geoclimate.ge\/","name":"GeoClimate","description":"","publisher":{"@id":"https:\/\/geoclimate.ge\/#organization"},"potentialAction":[{"@type":"SearchAction","target":{"@type":"EntryPoint","urlTemplate":"https:\/\/geoclimate.ge\/?s={search_term_string}"},"query-input":{"@type":"PropertyValueSpecification","valueRequired":true,"valueName":"search_term_string"}}],"inLanguage":"fr-FR"},{"@type":"Organization","@id":"https:\/\/geoclimate.ge\/#organization","name":"GeoClimate","url":"https:\/\/geoclimate.ge\/","logo":{"@type":"ImageObject","inLanguage":"fr-FR","@id":"https:\/\/geoclimate.ge\/#\/schema\/logo\/image\/","url":"https:\/\/geoclimate.ge\/wp-content\/uploads\/2026\/03\/geoclimate-SEO.png","contentUrl":"https:\/\/geoclimate.ge\/wp-content\/uploads\/2026\/03\/geoclimate-SEO.png","width":1536,"height":1024,"caption":"GeoClimate"},"image":{"@id":"https:\/\/geoclimate.ge\/#\/schema\/logo\/image\/"}}]}},"_links":{"self":[{"href":"https:\/\/geoclimate.ge\/fr\/wp-json\/wp\/v2\/product\/42679","targetHints":{"allow":["GET"]}}],"collection":[{"href":"https:\/\/geoclimate.ge\/fr\/wp-json\/wp\/v2\/product"}],"about":[{"href":"https:\/\/geoclimate.ge\/fr\/wp-json\/wp\/v2\/types\/product"}],"wp:featuredmedia":[{"embeddable":true,"href":"https:\/\/geoclimate.ge\/fr\/wp-json\/wp\/v2\/media\/42674"}],"wp:attachment":[{"href":"https:\/\/geoclimate.ge\/fr\/wp-json\/wp\/v2\/media?parent=42679"}],"wp:term":[{"taxonomy":"product_brand","embeddable":true,"href":"https:\/\/geoclimate.ge\/fr\/wp-json\/wp\/v2\/product_brand?post=42679"},{"taxonomy":"product_cat","embeddable":true,"href":"https:\/\/geoclimate.ge\/fr\/wp-json\/wp\/v2\/product_cat?post=42679"},{"taxonomy":"product_tag","embeddable":true,"href":"https:\/\/geoclimate.ge\/fr\/wp-json\/wp\/v2\/product_tag?post=42679"}],"curies":[{"name":"wp","href":"https:\/\/api.w.org\/{rel}","templated":true}]}}