{"id":42847,"date":"2025-10-14T19:13:42","date_gmt":"2025-10-14T15:13:42","guid":{"rendered":"https:\/\/airsystems.ge\/shop\/product\/vrf-system-indoor-unit-hydro-module-high-temperature-hydro-module-14-kw-smk-140-rn3\/"},"modified":"2025-10-14T19:16:47","modified_gmt":"2025-10-14T15:16:47","slug":"vrf-system-indoor-unit-hydro-module-high-temperature-hydro-module-14-kw-smk-140-rn3","status":"publish","type":"product","link":"https:\/\/geoclimate.ge\/fr\/produit\/vrf-system-indoor-unit-hydro-module-high-temperature-hydro-module-14-kw-smk-140-rn3\/","title":{"rendered":"Module hydraulique pour unit\u00e9 int\u00e9rieure du syst\u00e8me DRV Module hydraulique haute temp\u00e9rature 14 kW SMK-140\/RN3"},"content":{"rendered":"","protected":false},"excerpt":{"rendered":"<h1>Module hydraulique haute temp\u00e9rature<\/h1>\n<p>Caract\u00e9ristiques du produit<\/p>\n<p>Module hydraulique pour syst\u00e8me DRV 3 tubes, fournissant de l&rsquo;eau chaude sanitaire.<\/p>\n<p>R\u00e9cup\u00e9ration de chaleur des unit\u00e9s int\u00e9rieures de refroidissement, permettant la production d&rsquo;eau chaude sanitaire.<\/p>\n<p>Eau chaude sanitaire jusqu&rsquo;\u00e0 80 \u00b0C<br \/>\nPuissance\u00a0: 14 kW<\/p>\n","protected":false},"featured_media":42841,"template":"","meta":[],"product_brand":[],"product_cat":[1992],"product_tag":[],"class_list":{"0":"post-42847","1":"product","2":"type-product","3":"status-publish","4":"has-post-thumbnail","6":"product_cat-systeme-vrf","8":"first","9":"instock","10":"shipping-taxable","11":"purchasable","12":"product-type-simple"},"yoast_head":"<!-- This site is optimized with the Yoast SEO plugin v27.1.1 - https:\/\/yoast.com\/product\/yoast-seo-wordpress\/ -->\n<title>Module hydraulique pour unit\u00e9 int\u00e9rieure du syst\u00e8me DRV Module hydraulique haute temp\u00e9rature 14 kW SMK-140\/RN3 - GeoClimate.ge<\/title>\n<meta name=\"robots\" content=\"index, follow, max-snippet:-1, max-image-preview:large, max-video-preview:-1\" \/>\n<link rel=\"canonical\" href=\"https:\/\/geoclimate.ge\/fr\/produit\/vrf-system-indoor-unit-hydro-module-high-temperature-hydro-module-14-kw-smk-140-rn3\/\" \/>\n<meta property=\"og:locale\" content=\"fr_FR\" \/>\n<meta property=\"og:type\" content=\"article\" \/>\n<meta property=\"og:title\" content=\"Module hydraulique pour unit\u00e9 int\u00e9rieure du syst\u00e8me DRV Module hydraulique haute temp\u00e9rature 14 kW SMK-140\/RN3 - GeoClimate.ge\" \/>\n<meta property=\"og:description\" content=\"Module hydraulique haute temp\u00e9rature Caract\u00e9ristiques du produit  Module hydraulique pour syst\u00e8me DRV 3 tubes, fournissant de l&#039;eau chaude sanitaire.  R\u00e9cup\u00e9ration de chaleur des unit\u00e9s int\u00e9rieures de refroidissement, permettant la production d&#039;eau chaude sanitaire.  Eau chaude sanitaire jusqu&#039;\u00e0 80 \u00b0C Puissance\u00a0: 14 kW\" \/>\n<meta property=\"og:url\" content=\"https:\/\/geoclimate.ge\/fr\/produit\/vrf-system-indoor-unit-hydro-module-high-temperature-hydro-module-14-kw-smk-140-rn3\/\" \/>\n<meta property=\"og:site_name\" content=\"GeoClimate.ge\" \/>\n<meta property=\"article:modified_time\" content=\"2025-10-14T15:16:47+00:00\" \/>\n<meta property=\"og:image\" content=\"https:\/\/geoclimate.ge\/wp-content\/uploads\/2025\/10\/SMK-D14HPN1-3-BIG-705X627_RESULT.webp\" \/>\n\t<meta property=\"og:image:width\" content=\"780\" \/>\n\t<meta property=\"og:image:height\" content=\"694\" \/>\n\t<meta property=\"og:image:type\" content=\"image\/webp\" \/>\n<meta name=\"twitter:card\" content=\"summary_large_image\" \/>\n<script type=\"application\/ld+json\" class=\"yoast-schema-graph\">{\"@context\":\"https:\/\/schema.org\",\"@graph\":[{\"@type\":\"WebPage\",\"@id\":\"https:\/\/geoclimate.ge\/fr\/produit\/vrf-system-indoor-unit-hydro-module-high-temperature-hydro-module-14-kw-smk-140-rn3\/\",\"url\":\"https:\/\/geoclimate.ge\/fr\/produit\/vrf-system-indoor-unit-hydro-module-high-temperature-hydro-module-14-kw-smk-140-rn3\/\",\"name\":\"Module hydraulique pour unit\u00e9 int\u00e9rieure du syst\u00e8me DRV Module hydraulique haute temp\u00e9rature 14 kW SMK-140\/RN3 - GeoClimate.ge\",\"isPartOf\":{\"@id\":\"https:\/\/geoclimate.ge\/#website\"},\"primaryImageOfPage\":{\"@id\":\"https:\/\/geoclimate.ge\/fr\/produit\/vrf-system-indoor-unit-hydro-module-high-temperature-hydro-module-14-kw-smk-140-rn3\/#primaryimage\"},\"image\":{\"@id\":\"https:\/\/geoclimate.ge\/fr\/produit\/vrf-system-indoor-unit-hydro-module-high-temperature-hydro-module-14-kw-smk-140-rn3\/#primaryimage\"},\"thumbnailUrl\":\"https:\/\/geoclimate.ge\/wp-content\/uploads\/2025\/10\/SMK-D14HPN1-3-BIG-705X627_RESULT.webp\",\"datePublished\":\"2025-10-14T15:13:42+00:00\",\"dateModified\":\"2025-10-14T15:16:47+00:00\",\"breadcrumb\":{\"@id\":\"https:\/\/geoclimate.ge\/fr\/produit\/vrf-system-indoor-unit-hydro-module-high-temperature-hydro-module-14-kw-smk-140-rn3\/#breadcrumb\"},\"inLanguage\":\"fr-FR\",\"potentialAction\":[{\"@type\":\"ReadAction\",\"target\":[\"https:\/\/geoclimate.ge\/fr\/produit\/vrf-system-indoor-unit-hydro-module-high-temperature-hydro-module-14-kw-smk-140-rn3\/\"]}]},{\"@type\":\"ImageObject\",\"inLanguage\":\"fr-FR\",\"@id\":\"https:\/\/geoclimate.ge\/fr\/produit\/vrf-system-indoor-unit-hydro-module-high-temperature-hydro-module-14-kw-smk-140-rn3\/#primaryimage\",\"url\":\"https:\/\/geoclimate.ge\/wp-content\/uploads\/2025\/10\/SMK-D14HPN1-3-BIG-705X627_RESULT.webp\",\"contentUrl\":\"https:\/\/geoclimate.ge\/wp-content\/uploads\/2025\/10\/SMK-D14HPN1-3-BIG-705X627_RESULT.webp\",\"width\":780,\"height\":694},{\"@type\":\"BreadcrumbList\",\"@id\":\"https:\/\/geoclimate.ge\/fr\/produit\/vrf-system-indoor-unit-hydro-module-high-temperature-hydro-module-14-kw-smk-140-rn3\/#breadcrumb\",\"itemListElement\":[{\"@type\":\"ListItem\",\"position\":1,\"name\":\"Home\",\"item\":\"https:\/\/geoclimate.ge\/fr\/\"},{\"@type\":\"ListItem\",\"position\":2,\"name\":\"Products\",\"item\":\"https:\/\/geoclimate.ge\/fr\/products\/\"},{\"@type\":\"ListItem\",\"position\":3,\"name\":\"Module hydraulique pour unit\u00e9 int\u00e9rieure du syst\u00e8me DRV Module hydraulique haute temp\u00e9rature 14 kW SMK-140\/RN3\"}]},{\"@type\":\"WebSite\",\"@id\":\"https:\/\/geoclimate.ge\/#website\",\"url\":\"https:\/\/geoclimate.ge\/\",\"name\":\"GeoClimate\",\"description\":\"\",\"publisher\":{\"@id\":\"https:\/\/geoclimate.ge\/#organization\"},\"potentialAction\":[{\"@type\":\"SearchAction\",\"target\":{\"@type\":\"EntryPoint\",\"urlTemplate\":\"https:\/\/geoclimate.ge\/?s={search_term_string}\"},\"query-input\":{\"@type\":\"PropertyValueSpecification\",\"valueRequired\":true,\"valueName\":\"search_term_string\"}}],\"inLanguage\":\"fr-FR\"},{\"@type\":\"Organization\",\"@id\":\"https:\/\/geoclimate.ge\/#organization\",\"name\":\"GeoClimate\",\"url\":\"https:\/\/geoclimate.ge\/\",\"logo\":{\"@type\":\"ImageObject\",\"inLanguage\":\"fr-FR\",\"@id\":\"https:\/\/geoclimate.ge\/#\/schema\/logo\/image\/\",\"url\":\"https:\/\/geoclimate.ge\/wp-content\/uploads\/2026\/03\/geoclimate-SEO.png\",\"contentUrl\":\"https:\/\/geoclimate.ge\/wp-content\/uploads\/2026\/03\/geoclimate-SEO.png\",\"width\":1536,\"height\":1024,\"caption\":\"GeoClimate\"},\"image\":{\"@id\":\"https:\/\/geoclimate.ge\/#\/schema\/logo\/image\/\"}}]}<\/script>\n<!-- \/ Yoast SEO plugin. -->","yoast_head_json":{"title":"Module hydraulique pour unit\u00e9 int\u00e9rieure du syst\u00e8me DRV Module hydraulique haute temp\u00e9rature 14 kW SMK-140\/RN3 - GeoClimate.ge","robots":{"index":"index","follow":"follow","max-snippet":"max-snippet:-1","max-image-preview":"max-image-preview:large","max-video-preview":"max-video-preview:-1"},"canonical":"https:\/\/geoclimate.ge\/fr\/produit\/vrf-system-indoor-unit-hydro-module-high-temperature-hydro-module-14-kw-smk-140-rn3\/","og_locale":"fr_FR","og_type":"article","og_title":"Module hydraulique pour unit\u00e9 int\u00e9rieure du syst\u00e8me DRV Module hydraulique haute temp\u00e9rature 14 kW SMK-140\/RN3 - GeoClimate.ge","og_description":"Module hydraulique haute temp\u00e9rature Caract\u00e9ristiques du produit  Module hydraulique pour syst\u00e8me DRV 3 tubes, fournissant de l'eau chaude sanitaire.  R\u00e9cup\u00e9ration de chaleur des unit\u00e9s int\u00e9rieures de refroidissement, permettant la production d'eau chaude sanitaire.  Eau chaude sanitaire jusqu'\u00e0 80 \u00b0C Puissance\u00a0: 14 kW","og_url":"https:\/\/geoclimate.ge\/fr\/produit\/vrf-system-indoor-unit-hydro-module-high-temperature-hydro-module-14-kw-smk-140-rn3\/","og_site_name":"GeoClimate.ge","article_modified_time":"2025-10-14T15:16:47+00:00","og_image":[{"width":780,"height":694,"url":"https:\/\/geoclimate.ge\/wp-content\/uploads\/2025\/10\/SMK-D14HPN1-3-BIG-705X627_RESULT.webp","type":"image\/webp"}],"twitter_card":"summary_large_image","schema":{"@context":"https:\/\/schema.org","@graph":[{"@type":"WebPage","@id":"https:\/\/geoclimate.ge\/fr\/produit\/vrf-system-indoor-unit-hydro-module-high-temperature-hydro-module-14-kw-smk-140-rn3\/","url":"https:\/\/geoclimate.ge\/fr\/produit\/vrf-system-indoor-unit-hydro-module-high-temperature-hydro-module-14-kw-smk-140-rn3\/","name":"Module hydraulique pour unit\u00e9 int\u00e9rieure du syst\u00e8me DRV Module hydraulique haute temp\u00e9rature 14 kW SMK-140\/RN3 - GeoClimate.ge","isPartOf":{"@id":"https:\/\/geoclimate.ge\/#website"},"primaryImageOfPage":{"@id":"https:\/\/geoclimate.ge\/fr\/produit\/vrf-system-indoor-unit-hydro-module-high-temperature-hydro-module-14-kw-smk-140-rn3\/#primaryimage"},"image":{"@id":"https:\/\/geoclimate.ge\/fr\/produit\/vrf-system-indoor-unit-hydro-module-high-temperature-hydro-module-14-kw-smk-140-rn3\/#primaryimage"},"thumbnailUrl":"https:\/\/geoclimate.ge\/wp-content\/uploads\/2025\/10\/SMK-D14HPN1-3-BIG-705X627_RESULT.webp","datePublished":"2025-10-14T15:13:42+00:00","dateModified":"2025-10-14T15:16:47+00:00","breadcrumb":{"@id":"https:\/\/geoclimate.ge\/fr\/produit\/vrf-system-indoor-unit-hydro-module-high-temperature-hydro-module-14-kw-smk-140-rn3\/#breadcrumb"},"inLanguage":"fr-FR","potentialAction":[{"@type":"ReadAction","target":["https:\/\/geoclimate.ge\/fr\/produit\/vrf-system-indoor-unit-hydro-module-high-temperature-hydro-module-14-kw-smk-140-rn3\/"]}]},{"@type":"ImageObject","inLanguage":"fr-FR","@id":"https:\/\/geoclimate.ge\/fr\/produit\/vrf-system-indoor-unit-hydro-module-high-temperature-hydro-module-14-kw-smk-140-rn3\/#primaryimage","url":"https:\/\/geoclimate.ge\/wp-content\/uploads\/2025\/10\/SMK-D14HPN1-3-BIG-705X627_RESULT.webp","contentUrl":"https:\/\/geoclimate.ge\/wp-content\/uploads\/2025\/10\/SMK-D14HPN1-3-BIG-705X627_RESULT.webp","width":780,"height":694},{"@type":"BreadcrumbList","@id":"https:\/\/geoclimate.ge\/fr\/produit\/vrf-system-indoor-unit-hydro-module-high-temperature-hydro-module-14-kw-smk-140-rn3\/#breadcrumb","itemListElement":[{"@type":"ListItem","position":1,"name":"Home","item":"https:\/\/geoclimate.ge\/fr\/"},{"@type":"ListItem","position":2,"name":"Products","item":"https:\/\/geoclimate.ge\/fr\/products\/"},{"@type":"ListItem","position":3,"name":"Module hydraulique pour unit\u00e9 int\u00e9rieure du syst\u00e8me DRV Module hydraulique haute temp\u00e9rature 14 kW SMK-140\/RN3"}]},{"@type":"WebSite","@id":"https:\/\/geoclimate.ge\/#website","url":"https:\/\/geoclimate.ge\/","name":"GeoClimate","description":"","publisher":{"@id":"https:\/\/geoclimate.ge\/#organization"},"potentialAction":[{"@type":"SearchAction","target":{"@type":"EntryPoint","urlTemplate":"https:\/\/geoclimate.ge\/?s={search_term_string}"},"query-input":{"@type":"PropertyValueSpecification","valueRequired":true,"valueName":"search_term_string"}}],"inLanguage":"fr-FR"},{"@type":"Organization","@id":"https:\/\/geoclimate.ge\/#organization","name":"GeoClimate","url":"https:\/\/geoclimate.ge\/","logo":{"@type":"ImageObject","inLanguage":"fr-FR","@id":"https:\/\/geoclimate.ge\/#\/schema\/logo\/image\/","url":"https:\/\/geoclimate.ge\/wp-content\/uploads\/2026\/03\/geoclimate-SEO.png","contentUrl":"https:\/\/geoclimate.ge\/wp-content\/uploads\/2026\/03\/geoclimate-SEO.png","width":1536,"height":1024,"caption":"GeoClimate"},"image":{"@id":"https:\/\/geoclimate.ge\/#\/schema\/logo\/image\/"}}]}},"_links":{"self":[{"href":"https:\/\/geoclimate.ge\/fr\/wp-json\/wp\/v2\/product\/42847","targetHints":{"allow":["GET"]}}],"collection":[{"href":"https:\/\/geoclimate.ge\/fr\/wp-json\/wp\/v2\/product"}],"about":[{"href":"https:\/\/geoclimate.ge\/fr\/wp-json\/wp\/v2\/types\/product"}],"wp:featuredmedia":[{"embeddable":true,"href":"https:\/\/geoclimate.ge\/fr\/wp-json\/wp\/v2\/media\/42841"}],"wp:attachment":[{"href":"https:\/\/geoclimate.ge\/fr\/wp-json\/wp\/v2\/media?parent=42847"}],"wp:term":[{"taxonomy":"product_brand","embeddable":true,"href":"https:\/\/geoclimate.ge\/fr\/wp-json\/wp\/v2\/product_brand?post=42847"},{"taxonomy":"product_cat","embeddable":true,"href":"https:\/\/geoclimate.ge\/fr\/wp-json\/wp\/v2\/product_cat?post=42847"},{"taxonomy":"product_tag","embeddable":true,"href":"https:\/\/geoclimate.ge\/fr\/wp-json\/wp\/v2\/product_tag?post=42847"}],"curies":[{"name":"wp","href":"https:\/\/api.w.org\/{rel}","templated":true}]}}