{"id":42894,"date":"2025-10-14T22:47:20","date_gmt":"2025-10-14T18:47:20","guid":{"rendered":"https:\/\/airsystems.ge\/shop\/product\/vrf-system-indoor-unit-fresh-air-unit-small-airflow-v8-fresh-air-unit-9-28-kw-mihfashn18-mih90fashn18-mih140fashn18-mih160fashn18-mih224fashn18-mih280fashn18\/"},"modified":"2025-10-14T22:50:02","modified_gmt":"2025-10-14T18:50:02","slug":"vrf-system-indoor-unit-fresh-air-unit-small-airflow-v8-fresh-air-unit-9-28-kw-mihfashn18-mih90fashn18-mih140fashn18-mih160fashn18-mih224fashn18-mih280fashn18","status":"publish","type":"product","link":"https:\/\/geoclimate.ge\/fr\/produit\/vrf-system-indoor-unit-fresh-air-unit-small-airflow-v8-fresh-air-unit-9-28-kw-mihfashn18-mih90fashn18-mih140fashn18-mih160fashn18-mih224fashn18-mih280fashn18\/","title":{"rendered":"Unit\u00e9 int\u00e9rieure du syst\u00e8me DRV Unit\u00e9 d&rsquo;air frais Unit\u00e9 d&rsquo;air frais V8 \u00e0 faible d\u00e9bit 9 &#8211; 28 kW MIH**FASHN18  MIH90FASHN18 MIH140FASHN18 MIH160FASHN18 MIH224FASHN18 MIH280FASHN18"},"content":{"rendered":"","protected":false},"excerpt":{"rendered":"<p><strong>Unit\u00e9 d&rsquo;air frais V8 \u00e0 faible d\u00e9bit<\/strong><br \/>\nCaract\u00e9ristiques du produit<\/p>\n<p>Unit\u00e9 d&rsquo;air frais du syst\u00e8me DRV<\/p>\n<p>100 % d&rsquo;air frais<br \/>\nTechnologie Full Inverter<br \/>\nPlage de fonctionnement \u00e9tendue\u00a0: Hiver\u00a0: -10\u00a0\u00b0C, \u00c9t\u00e9\u00a0: 43\u00a0\u00b0C<br \/>\nFournit une temp\u00e9rature d&rsquo;air confortable quelles que soient les conditions ext\u00e9rieures<br \/>\nPression externe \u00e9lev\u00e9e\u00a0: jusqu&rsquo;\u00e0 400\u00a0Pa<\/p>\n","protected":false},"featured_media":42889,"template":"","meta":[],"product_brand":[],"product_cat":[1992],"product_tag":[],"class_list":{"0":"post-42894","1":"product","2":"type-product","3":"status-publish","4":"has-post-thumbnail","6":"product_cat-systeme-vrf","8":"first","9":"instock","10":"shipping-taxable","11":"product-type-simple"},"yoast_head":"<!-- This site is optimized with the Yoast SEO plugin v27.1.1 - https:\/\/yoast.com\/product\/yoast-seo-wordpress\/ -->\n<title>Unit\u00e9 int\u00e9rieure du syst\u00e8me DRV Unit\u00e9 d&#039;air frais Unit\u00e9 d&#039;air frais V8 \u00e0 faible d\u00e9bit 9 - 28 kW MIH**FASHN18 MIH90FASHN18 MIH140FASHN18 MIH160FASHN18 MIH224FASHN18 MIH280FASHN18 - GeoClimate.ge<\/title>\n<meta name=\"robots\" content=\"index, follow, max-snippet:-1, max-image-preview:large, max-video-preview:-1\" \/>\n<link rel=\"canonical\" href=\"https:\/\/geoclimate.ge\/fr\/produit\/vrf-system-indoor-unit-fresh-air-unit-small-airflow-v8-fresh-air-unit-9-28-kw-mihfashn18-mih90fashn18-mih140fashn18-mih160fashn18-mih224fashn18-mih280fashn18\/\" \/>\n<meta property=\"og:locale\" content=\"fr_FR\" \/>\n<meta property=\"og:type\" content=\"article\" \/>\n<meta property=\"og:title\" content=\"Unit\u00e9 int\u00e9rieure du syst\u00e8me DRV Unit\u00e9 d&#039;air frais Unit\u00e9 d&#039;air frais V8 \u00e0 faible d\u00e9bit 9 - 28 kW MIH**FASHN18 MIH90FASHN18 MIH140FASHN18 MIH160FASHN18 MIH224FASHN18 MIH280FASHN18 - GeoClimate.ge\" \/>\n<meta property=\"og:description\" content=\"Unit\u00e9 d&#039;air frais V8 \u00e0 faible d\u00e9bit Caract\u00e9ristiques du produit  Unit\u00e9 d&#039;air frais du syst\u00e8me DRV  100 % d&#039;air frais Technologie Full Inverter Plage de fonctionnement \u00e9tendue\u00a0: Hiver\u00a0: -10\u00a0\u00b0C, \u00c9t\u00e9\u00a0: 43\u00a0\u00b0C Fournit une temp\u00e9rature d&#039;air confortable quelles que soient les conditions ext\u00e9rieures Pression externe \u00e9lev\u00e9e\u00a0: jusqu&#039;\u00e0 400\u00a0Pa\" \/>\n<meta property=\"og:url\" content=\"https:\/\/geoclimate.ge\/fr\/produit\/vrf-system-indoor-unit-fresh-air-unit-small-airflow-v8-fresh-air-unit-9-28-kw-mihfashn18-mih90fashn18-mih140fashn18-mih160fashn18-mih224fashn18-mih280fashn18\/\" \/>\n<meta property=\"og:site_name\" content=\"GeoClimate.ge\" \/>\n<meta property=\"article:modified_time\" content=\"2025-10-14T18:50:02+00:00\" \/>\n<meta property=\"og:image\" content=\"https:\/\/geoclimate.ge\/wp-content\/uploads\/2025\/10\/V8-SMALL-AIRFLOW-RATE-FRESH-AIR-PROCESSING9-16KW-LEFT_OG.webp\" \/>\n\t<meta property=\"og:image:width\" content=\"764\" \/>\n\t<meta property=\"og:image:height\" content=\"509\" \/>\n\t<meta property=\"og:image:type\" content=\"image\/webp\" \/>\n<meta name=\"twitter:card\" content=\"summary_large_image\" \/>\n<script type=\"application\/ld+json\" class=\"yoast-schema-graph\">{\"@context\":\"https:\/\/schema.org\",\"@graph\":[{\"@type\":\"WebPage\",\"@id\":\"https:\/\/geoclimate.ge\/fr\/produit\/vrf-system-indoor-unit-fresh-air-unit-small-airflow-v8-fresh-air-unit-9-28-kw-mihfashn18-mih90fashn18-mih140fashn18-mih160fashn18-mih224fashn18-mih280fashn18\/\",\"url\":\"https:\/\/geoclimate.ge\/fr\/produit\/vrf-system-indoor-unit-fresh-air-unit-small-airflow-v8-fresh-air-unit-9-28-kw-mihfashn18-mih90fashn18-mih140fashn18-mih160fashn18-mih224fashn18-mih280fashn18\/\",\"name\":\"Unit\u00e9 int\u00e9rieure du syst\u00e8me DRV Unit\u00e9 d'air frais Unit\u00e9 d'air frais V8 \u00e0 faible d\u00e9bit 9 - 28 kW MIH**FASHN18 MIH90FASHN18 MIH140FASHN18 MIH160FASHN18 MIH224FASHN18 MIH280FASHN18 - GeoClimate.ge\",\"isPartOf\":{\"@id\":\"https:\/\/geoclimate.ge\/#website\"},\"primaryImageOfPage\":{\"@id\":\"https:\/\/geoclimate.ge\/fr\/produit\/vrf-system-indoor-unit-fresh-air-unit-small-airflow-v8-fresh-air-unit-9-28-kw-mihfashn18-mih90fashn18-mih140fashn18-mih160fashn18-mih224fashn18-mih280fashn18\/#primaryimage\"},\"image\":{\"@id\":\"https:\/\/geoclimate.ge\/fr\/produit\/vrf-system-indoor-unit-fresh-air-unit-small-airflow-v8-fresh-air-unit-9-28-kw-mihfashn18-mih90fashn18-mih140fashn18-mih160fashn18-mih224fashn18-mih280fashn18\/#primaryimage\"},\"thumbnailUrl\":\"https:\/\/geoclimate.ge\/wp-content\/uploads\/2025\/10\/V8-SMALL-AIRFLOW-RATE-FRESH-AIR-PROCESSING9-16KW-LEFT_OG.webp\",\"datePublished\":\"2025-10-14T18:47:20+00:00\",\"dateModified\":\"2025-10-14T18:50:02+00:00\",\"breadcrumb\":{\"@id\":\"https:\/\/geoclimate.ge\/fr\/produit\/vrf-system-indoor-unit-fresh-air-unit-small-airflow-v8-fresh-air-unit-9-28-kw-mihfashn18-mih90fashn18-mih140fashn18-mih160fashn18-mih224fashn18-mih280fashn18\/#breadcrumb\"},\"inLanguage\":\"fr-FR\",\"potentialAction\":[{\"@type\":\"ReadAction\",\"target\":[\"https:\/\/geoclimate.ge\/fr\/produit\/vrf-system-indoor-unit-fresh-air-unit-small-airflow-v8-fresh-air-unit-9-28-kw-mihfashn18-mih90fashn18-mih140fashn18-mih160fashn18-mih224fashn18-mih280fashn18\/\"]}]},{\"@type\":\"ImageObject\",\"inLanguage\":\"fr-FR\",\"@id\":\"https:\/\/geoclimate.ge\/fr\/produit\/vrf-system-indoor-unit-fresh-air-unit-small-airflow-v8-fresh-air-unit-9-28-kw-mihfashn18-mih90fashn18-mih140fashn18-mih160fashn18-mih224fashn18-mih280fashn18\/#primaryimage\",\"url\":\"https:\/\/geoclimate.ge\/wp-content\/uploads\/2025\/10\/V8-SMALL-AIRFLOW-RATE-FRESH-AIR-PROCESSING9-16KW-LEFT_OG.webp\",\"contentUrl\":\"https:\/\/geoclimate.ge\/wp-content\/uploads\/2025\/10\/V8-SMALL-AIRFLOW-RATE-FRESH-AIR-PROCESSING9-16KW-LEFT_OG.webp\",\"width\":764,\"height\":509},{\"@type\":\"BreadcrumbList\",\"@id\":\"https:\/\/geoclimate.ge\/fr\/produit\/vrf-system-indoor-unit-fresh-air-unit-small-airflow-v8-fresh-air-unit-9-28-kw-mihfashn18-mih90fashn18-mih140fashn18-mih160fashn18-mih224fashn18-mih280fashn18\/#breadcrumb\",\"itemListElement\":[{\"@type\":\"ListItem\",\"position\":1,\"name\":\"Home\",\"item\":\"https:\/\/geoclimate.ge\/fr\/\"},{\"@type\":\"ListItem\",\"position\":2,\"name\":\"Products\",\"item\":\"https:\/\/geoclimate.ge\/fr\/products\/\"},{\"@type\":\"ListItem\",\"position\":3,\"name\":\"Unit\u00e9 int\u00e9rieure du syst\u00e8me DRV Unit\u00e9 d&#8217;air frais Unit\u00e9 d&#8217;air frais V8 \u00e0 faible d\u00e9bit 9 &#8211; 28 kW MIH**FASHN18 MIH90FASHN18 MIH140FASHN18 MIH160FASHN18 MIH224FASHN18 MIH280FASHN18\"}]},{\"@type\":\"WebSite\",\"@id\":\"https:\/\/geoclimate.ge\/#website\",\"url\":\"https:\/\/geoclimate.ge\/\",\"name\":\"GeoClimate\",\"description\":\"\",\"publisher\":{\"@id\":\"https:\/\/geoclimate.ge\/#organization\"},\"potentialAction\":[{\"@type\":\"SearchAction\",\"target\":{\"@type\":\"EntryPoint\",\"urlTemplate\":\"https:\/\/geoclimate.ge\/?s={search_term_string}\"},\"query-input\":{\"@type\":\"PropertyValueSpecification\",\"valueRequired\":true,\"valueName\":\"search_term_string\"}}],\"inLanguage\":\"fr-FR\"},{\"@type\":\"Organization\",\"@id\":\"https:\/\/geoclimate.ge\/#organization\",\"name\":\"GeoClimate\",\"url\":\"https:\/\/geoclimate.ge\/\",\"logo\":{\"@type\":\"ImageObject\",\"inLanguage\":\"fr-FR\",\"@id\":\"https:\/\/geoclimate.ge\/#\/schema\/logo\/image\/\",\"url\":\"https:\/\/geoclimate.ge\/wp-content\/uploads\/2026\/03\/geoclimate-SEO.png\",\"contentUrl\":\"https:\/\/geoclimate.ge\/wp-content\/uploads\/2026\/03\/geoclimate-SEO.png\",\"width\":1536,\"height\":1024,\"caption\":\"GeoClimate\"},\"image\":{\"@id\":\"https:\/\/geoclimate.ge\/#\/schema\/logo\/image\/\"}}]}<\/script>\n<!-- \/ Yoast SEO plugin. -->","yoast_head_json":{"title":"Unit\u00e9 int\u00e9rieure du syst\u00e8me DRV Unit\u00e9 d'air frais Unit\u00e9 d'air frais V8 \u00e0 faible d\u00e9bit 9 - 28 kW MIH**FASHN18 MIH90FASHN18 MIH140FASHN18 MIH160FASHN18 MIH224FASHN18 MIH280FASHN18 - GeoClimate.ge","robots":{"index":"index","follow":"follow","max-snippet":"max-snippet:-1","max-image-preview":"max-image-preview:large","max-video-preview":"max-video-preview:-1"},"canonical":"https:\/\/geoclimate.ge\/fr\/produit\/vrf-system-indoor-unit-fresh-air-unit-small-airflow-v8-fresh-air-unit-9-28-kw-mihfashn18-mih90fashn18-mih140fashn18-mih160fashn18-mih224fashn18-mih280fashn18\/","og_locale":"fr_FR","og_type":"article","og_title":"Unit\u00e9 int\u00e9rieure du syst\u00e8me DRV Unit\u00e9 d'air frais Unit\u00e9 d'air frais V8 \u00e0 faible d\u00e9bit 9 - 28 kW MIH**FASHN18 MIH90FASHN18 MIH140FASHN18 MIH160FASHN18 MIH224FASHN18 MIH280FASHN18 - GeoClimate.ge","og_description":"Unit\u00e9 d'air frais V8 \u00e0 faible d\u00e9bit Caract\u00e9ristiques du produit  Unit\u00e9 d'air frais du syst\u00e8me DRV  100 % d'air frais Technologie Full Inverter Plage de fonctionnement \u00e9tendue\u00a0: Hiver\u00a0: -10\u00a0\u00b0C, \u00c9t\u00e9\u00a0: 43\u00a0\u00b0C Fournit une temp\u00e9rature d'air confortable quelles que soient les conditions ext\u00e9rieures Pression externe \u00e9lev\u00e9e\u00a0: jusqu'\u00e0 400\u00a0Pa","og_url":"https:\/\/geoclimate.ge\/fr\/produit\/vrf-system-indoor-unit-fresh-air-unit-small-airflow-v8-fresh-air-unit-9-28-kw-mihfashn18-mih90fashn18-mih140fashn18-mih160fashn18-mih224fashn18-mih280fashn18\/","og_site_name":"GeoClimate.ge","article_modified_time":"2025-10-14T18:50:02+00:00","og_image":[{"width":764,"height":509,"url":"https:\/\/geoclimate.ge\/wp-content\/uploads\/2025\/10\/V8-SMALL-AIRFLOW-RATE-FRESH-AIR-PROCESSING9-16KW-LEFT_OG.webp","type":"image\/webp"}],"twitter_card":"summary_large_image","schema":{"@context":"https:\/\/schema.org","@graph":[{"@type":"WebPage","@id":"https:\/\/geoclimate.ge\/fr\/produit\/vrf-system-indoor-unit-fresh-air-unit-small-airflow-v8-fresh-air-unit-9-28-kw-mihfashn18-mih90fashn18-mih140fashn18-mih160fashn18-mih224fashn18-mih280fashn18\/","url":"https:\/\/geoclimate.ge\/fr\/produit\/vrf-system-indoor-unit-fresh-air-unit-small-airflow-v8-fresh-air-unit-9-28-kw-mihfashn18-mih90fashn18-mih140fashn18-mih160fashn18-mih224fashn18-mih280fashn18\/","name":"Unit\u00e9 int\u00e9rieure du syst\u00e8me DRV Unit\u00e9 d'air frais Unit\u00e9 d'air frais V8 \u00e0 faible d\u00e9bit 9 - 28 kW MIH**FASHN18 MIH90FASHN18 MIH140FASHN18 MIH160FASHN18 MIH224FASHN18 MIH280FASHN18 - GeoClimate.ge","isPartOf":{"@id":"https:\/\/geoclimate.ge\/#website"},"primaryImageOfPage":{"@id":"https:\/\/geoclimate.ge\/fr\/produit\/vrf-system-indoor-unit-fresh-air-unit-small-airflow-v8-fresh-air-unit-9-28-kw-mihfashn18-mih90fashn18-mih140fashn18-mih160fashn18-mih224fashn18-mih280fashn18\/#primaryimage"},"image":{"@id":"https:\/\/geoclimate.ge\/fr\/produit\/vrf-system-indoor-unit-fresh-air-unit-small-airflow-v8-fresh-air-unit-9-28-kw-mihfashn18-mih90fashn18-mih140fashn18-mih160fashn18-mih224fashn18-mih280fashn18\/#primaryimage"},"thumbnailUrl":"https:\/\/geoclimate.ge\/wp-content\/uploads\/2025\/10\/V8-SMALL-AIRFLOW-RATE-FRESH-AIR-PROCESSING9-16KW-LEFT_OG.webp","datePublished":"2025-10-14T18:47:20+00:00","dateModified":"2025-10-14T18:50:02+00:00","breadcrumb":{"@id":"https:\/\/geoclimate.ge\/fr\/produit\/vrf-system-indoor-unit-fresh-air-unit-small-airflow-v8-fresh-air-unit-9-28-kw-mihfashn18-mih90fashn18-mih140fashn18-mih160fashn18-mih224fashn18-mih280fashn18\/#breadcrumb"},"inLanguage":"fr-FR","potentialAction":[{"@type":"ReadAction","target":["https:\/\/geoclimate.ge\/fr\/produit\/vrf-system-indoor-unit-fresh-air-unit-small-airflow-v8-fresh-air-unit-9-28-kw-mihfashn18-mih90fashn18-mih140fashn18-mih160fashn18-mih224fashn18-mih280fashn18\/"]}]},{"@type":"ImageObject","inLanguage":"fr-FR","@id":"https:\/\/geoclimate.ge\/fr\/produit\/vrf-system-indoor-unit-fresh-air-unit-small-airflow-v8-fresh-air-unit-9-28-kw-mihfashn18-mih90fashn18-mih140fashn18-mih160fashn18-mih224fashn18-mih280fashn18\/#primaryimage","url":"https:\/\/geoclimate.ge\/wp-content\/uploads\/2025\/10\/V8-SMALL-AIRFLOW-RATE-FRESH-AIR-PROCESSING9-16KW-LEFT_OG.webp","contentUrl":"https:\/\/geoclimate.ge\/wp-content\/uploads\/2025\/10\/V8-SMALL-AIRFLOW-RATE-FRESH-AIR-PROCESSING9-16KW-LEFT_OG.webp","width":764,"height":509},{"@type":"BreadcrumbList","@id":"https:\/\/geoclimate.ge\/fr\/produit\/vrf-system-indoor-unit-fresh-air-unit-small-airflow-v8-fresh-air-unit-9-28-kw-mihfashn18-mih90fashn18-mih140fashn18-mih160fashn18-mih224fashn18-mih280fashn18\/#breadcrumb","itemListElement":[{"@type":"ListItem","position":1,"name":"Home","item":"https:\/\/geoclimate.ge\/fr\/"},{"@type":"ListItem","position":2,"name":"Products","item":"https:\/\/geoclimate.ge\/fr\/products\/"},{"@type":"ListItem","position":3,"name":"Unit\u00e9 int\u00e9rieure du syst\u00e8me DRV Unit\u00e9 d&#8217;air frais Unit\u00e9 d&#8217;air frais V8 \u00e0 faible d\u00e9bit 9 &#8211; 28 kW MIH**FASHN18 MIH90FASHN18 MIH140FASHN18 MIH160FASHN18 MIH224FASHN18 MIH280FASHN18"}]},{"@type":"WebSite","@id":"https:\/\/geoclimate.ge\/#website","url":"https:\/\/geoclimate.ge\/","name":"GeoClimate","description":"","publisher":{"@id":"https:\/\/geoclimate.ge\/#organization"},"potentialAction":[{"@type":"SearchAction","target":{"@type":"EntryPoint","urlTemplate":"https:\/\/geoclimate.ge\/?s={search_term_string}"},"query-input":{"@type":"PropertyValueSpecification","valueRequired":true,"valueName":"search_term_string"}}],"inLanguage":"fr-FR"},{"@type":"Organization","@id":"https:\/\/geoclimate.ge\/#organization","name":"GeoClimate","url":"https:\/\/geoclimate.ge\/","logo":{"@type":"ImageObject","inLanguage":"fr-FR","@id":"https:\/\/geoclimate.ge\/#\/schema\/logo\/image\/","url":"https:\/\/geoclimate.ge\/wp-content\/uploads\/2026\/03\/geoclimate-SEO.png","contentUrl":"https:\/\/geoclimate.ge\/wp-content\/uploads\/2026\/03\/geoclimate-SEO.png","width":1536,"height":1024,"caption":"GeoClimate"},"image":{"@id":"https:\/\/geoclimate.ge\/#\/schema\/logo\/image\/"}}]}},"_links":{"self":[{"href":"https:\/\/geoclimate.ge\/fr\/wp-json\/wp\/v2\/product\/42894","targetHints":{"allow":["GET"]}}],"collection":[{"href":"https:\/\/geoclimate.ge\/fr\/wp-json\/wp\/v2\/product"}],"about":[{"href":"https:\/\/geoclimate.ge\/fr\/wp-json\/wp\/v2\/types\/product"}],"wp:featuredmedia":[{"embeddable":true,"href":"https:\/\/geoclimate.ge\/fr\/wp-json\/wp\/v2\/media\/42889"}],"wp:attachment":[{"href":"https:\/\/geoclimate.ge\/fr\/wp-json\/wp\/v2\/media?parent=42894"}],"wp:term":[{"taxonomy":"product_brand","embeddable":true,"href":"https:\/\/geoclimate.ge\/fr\/wp-json\/wp\/v2\/product_brand?post=42894"},{"taxonomy":"product_cat","embeddable":true,"href":"https:\/\/geoclimate.ge\/fr\/wp-json\/wp\/v2\/product_cat?post=42894"},{"taxonomy":"product_tag","embeddable":true,"href":"https:\/\/geoclimate.ge\/fr\/wp-json\/wp\/v2\/product_tag?post=42894"}],"curies":[{"name":"wp","href":"https:\/\/api.w.org\/{rel}","templated":true}]}}