{"id":42944,"date":"2025-10-18T11:56:15","date_gmt":"2025-10-18T07:56:15","guid":{"rendered":"https:\/\/airsystems.ge\/shop\/product\/vrf-system-indoor-unit-wall-mounted-wall-mounted-2nd-generation-dc-2-2-9-kw-mi2-gdn1-mi2-22gdn1-mi2-28gdn1-mi2-36gdn1-mi2-45gdn1-mi2-56gdn1-mi2-71gdn1-mi2-80gdn1-mi2-90gdn1-midea\/"},"modified":"2025-10-18T12:01:22","modified_gmt":"2025-10-18T08:01:22","slug":"vrf-system-indoor-unit-wall-mounted-wall-mounted-2nd-generation-dc-2-2-9-kw-mi2-gdn1-mi2-22gdn1-mi2-28gdn1-mi2-36gdn1-mi2-45gdn1-mi2-56gdn1-mi2-71gdn1-mi2-80gdn1-mi2-90gdn1-midea","status":"publish","type":"product","link":"https:\/\/geoclimate.ge\/fr\/produit\/vrf-system-indoor-unit-wall-mounted-wall-mounted-2nd-generation-dc-2-2-9-kw-mi2-gdn1-mi2-22gdn1-mi2-28gdn1-mi2-36gdn1-mi2-45gdn1-mi2-56gdn1-mi2-71gdn1-mi2-80gdn1-mi2-90gdn1-midea\/","title":{"rendered":"VRF Sistemi Daxili blok Divara qura\u015fd\u0131r\u0131lm\u0131\u015fd\u0131r Divara qura\u015fd\u0131r\u0131lm\u0131\u015f, 2-ci N\u0259sil, DC 2,2 &#8211; 9 kVt MI2-**GDN1  MI2-22GDN1 MI2-28GDN1 MI2-36GDN1 MI2-45GDN1 MI2-56GDN1 MI2-71GDN1 MI2-80GDN1 MI2-90GDN1  MIDEA"},"content":{"rendered":"","protected":false},"excerpt":{"rendered":"<h1>Divara qura\u015fd\u0131r\u0131lm\u0131\u015f, 2-ci N\u0259sil, DC<\/h1>\n<p>M\u0259hsulun spesifikasiyas\u0131<\/p>\n<p>2-ci N\u0259sil Divara Qura\u015fd\u0131r\u0131lm\u0131\u015f Daxili B\u00f6lm\u0259<\/p>\n<p>7 S\u00fcr\u0259tli \u0130nverter Texnologiyas\u0131<br \/>\n\u015eaquli Luvr yell\u0259nc\u0259k funksiyas\u0131<br \/>\nSakit \u018fm\u0259liyyat<\/p>\n","protected":false},"featured_media":42938,"template":"","meta":[],"product_brand":[],"product_cat":[1992],"product_tag":[],"class_list":{"0":"post-42944","1":"product","2":"type-product","3":"status-publish","4":"has-post-thumbnail","6":"product_cat-systeme-vrf","8":"first","9":"instock","10":"shipping-taxable","11":"product-type-simple"},"yoast_head":"<!-- This site is optimized with the Yoast SEO plugin v27.1.1 - https:\/\/yoast.com\/product\/yoast-seo-wordpress\/ -->\n<title>VRF Sistemi Daxili blok Divara qura\u015fd\u0131r\u0131lm\u0131\u015fd\u0131r Divara qura\u015fd\u0131r\u0131lm\u0131\u015f, 2-ci N\u0259sil, DC 2,2 - 9 kVt MI2-**GDN1 MI2-22GDN1 MI2-28GDN1 MI2-36GDN1 MI2-45GDN1 MI2-56GDN1 MI2-71GDN1 MI2-80GDN1 MI2-90GDN1 MIDEA - GeoClimate.ge<\/title>\n<meta name=\"robots\" content=\"index, follow, max-snippet:-1, max-image-preview:large, max-video-preview:-1\" \/>\n<link rel=\"canonical\" href=\"https:\/\/geoclimate.ge\/fr\/produit\/vrf-system-indoor-unit-wall-mounted-wall-mounted-2nd-generation-dc-2-2-9-kw-mi2-gdn1-mi2-22gdn1-mi2-28gdn1-mi2-36gdn1-mi2-45gdn1-mi2-56gdn1-mi2-71gdn1-mi2-80gdn1-mi2-90gdn1-midea\/\" \/>\n<meta property=\"og:locale\" content=\"fr_FR\" \/>\n<meta property=\"og:type\" content=\"article\" \/>\n<meta property=\"og:title\" content=\"VRF Sistemi Daxili blok Divara qura\u015fd\u0131r\u0131lm\u0131\u015fd\u0131r Divara qura\u015fd\u0131r\u0131lm\u0131\u015f, 2-ci N\u0259sil, DC 2,2 - 9 kVt MI2-**GDN1 MI2-22GDN1 MI2-28GDN1 MI2-36GDN1 MI2-45GDN1 MI2-56GDN1 MI2-71GDN1 MI2-80GDN1 MI2-90GDN1 MIDEA - GeoClimate.ge\" \/>\n<meta property=\"og:description\" content=\"Divara qura\u015fd\u0131r\u0131lm\u0131\u015f, 2-ci N\u0259sil, DC M\u0259hsulun spesifikasiyas\u0131  2-ci N\u0259sil Divara Qura\u015fd\u0131r\u0131lm\u0131\u015f Daxili B\u00f6lm\u0259  7 S\u00fcr\u0259tli \u0130nverter Texnologiyas\u0131 \u015eaquli Luvr yell\u0259nc\u0259k funksiyas\u0131 Sakit \u018fm\u0259liyyat\" \/>\n<meta property=\"og:url\" content=\"https:\/\/geoclimate.ge\/fr\/produit\/vrf-system-indoor-unit-wall-mounted-wall-mounted-2nd-generation-dc-2-2-9-kw-mi2-gdn1-mi2-22gdn1-mi2-28gdn1-mi2-36gdn1-mi2-45gdn1-mi2-56gdn1-mi2-71gdn1-mi2-80gdn1-mi2-90gdn1-midea\/\" \/>\n<meta property=\"og:site_name\" content=\"GeoClimate.ge\" \/>\n<meta property=\"article:modified_time\" content=\"2025-10-18T08:01:22+00:00\" \/>\n<meta property=\"og:image\" content=\"https:\/\/geoclimate.ge\/wp-content\/uploads\/2025\/10\/WALL-MOUNT-DC_RESULT.webp\" \/>\n\t<meta property=\"og:image:width\" content=\"768\" \/>\n\t<meta property=\"og:image:height\" content=\"768\" \/>\n\t<meta property=\"og:image:type\" content=\"image\/webp\" \/>\n<meta name=\"twitter:card\" content=\"summary_large_image\" \/>\n<script type=\"application\/ld+json\" class=\"yoast-schema-graph\">{\"@context\":\"https:\/\/schema.org\",\"@graph\":[{\"@type\":\"WebPage\",\"@id\":\"https:\/\/geoclimate.ge\/fr\/produit\/vrf-system-indoor-unit-wall-mounted-wall-mounted-2nd-generation-dc-2-2-9-kw-mi2-gdn1-mi2-22gdn1-mi2-28gdn1-mi2-36gdn1-mi2-45gdn1-mi2-56gdn1-mi2-71gdn1-mi2-80gdn1-mi2-90gdn1-midea\/\",\"url\":\"https:\/\/geoclimate.ge\/fr\/produit\/vrf-system-indoor-unit-wall-mounted-wall-mounted-2nd-generation-dc-2-2-9-kw-mi2-gdn1-mi2-22gdn1-mi2-28gdn1-mi2-36gdn1-mi2-45gdn1-mi2-56gdn1-mi2-71gdn1-mi2-80gdn1-mi2-90gdn1-midea\/\",\"name\":\"VRF Sistemi Daxili blok Divara qura\u015fd\u0131r\u0131lm\u0131\u015fd\u0131r Divara qura\u015fd\u0131r\u0131lm\u0131\u015f, 2-ci N\u0259sil, DC 2,2 - 9 kVt MI2-**GDN1 MI2-22GDN1 MI2-28GDN1 MI2-36GDN1 MI2-45GDN1 MI2-56GDN1 MI2-71GDN1 MI2-80GDN1 MI2-90GDN1 MIDEA - GeoClimate.ge\",\"isPartOf\":{\"@id\":\"https:\/\/geoclimate.ge\/#website\"},\"primaryImageOfPage\":{\"@id\":\"https:\/\/geoclimate.ge\/fr\/produit\/vrf-system-indoor-unit-wall-mounted-wall-mounted-2nd-generation-dc-2-2-9-kw-mi2-gdn1-mi2-22gdn1-mi2-28gdn1-mi2-36gdn1-mi2-45gdn1-mi2-56gdn1-mi2-71gdn1-mi2-80gdn1-mi2-90gdn1-midea\/#primaryimage\"},\"image\":{\"@id\":\"https:\/\/geoclimate.ge\/fr\/produit\/vrf-system-indoor-unit-wall-mounted-wall-mounted-2nd-generation-dc-2-2-9-kw-mi2-gdn1-mi2-22gdn1-mi2-28gdn1-mi2-36gdn1-mi2-45gdn1-mi2-56gdn1-mi2-71gdn1-mi2-80gdn1-mi2-90gdn1-midea\/#primaryimage\"},\"thumbnailUrl\":\"https:\/\/geoclimate.ge\/wp-content\/uploads\/2025\/10\/WALL-MOUNT-DC_RESULT.webp\",\"datePublished\":\"2025-10-18T07:56:15+00:00\",\"dateModified\":\"2025-10-18T08:01:22+00:00\",\"breadcrumb\":{\"@id\":\"https:\/\/geoclimate.ge\/fr\/produit\/vrf-system-indoor-unit-wall-mounted-wall-mounted-2nd-generation-dc-2-2-9-kw-mi2-gdn1-mi2-22gdn1-mi2-28gdn1-mi2-36gdn1-mi2-45gdn1-mi2-56gdn1-mi2-71gdn1-mi2-80gdn1-mi2-90gdn1-midea\/#breadcrumb\"},\"inLanguage\":\"fr-FR\",\"potentialAction\":[{\"@type\":\"ReadAction\",\"target\":[\"https:\/\/geoclimate.ge\/fr\/produit\/vrf-system-indoor-unit-wall-mounted-wall-mounted-2nd-generation-dc-2-2-9-kw-mi2-gdn1-mi2-22gdn1-mi2-28gdn1-mi2-36gdn1-mi2-45gdn1-mi2-56gdn1-mi2-71gdn1-mi2-80gdn1-mi2-90gdn1-midea\/\"]}]},{\"@type\":\"ImageObject\",\"inLanguage\":\"fr-FR\",\"@id\":\"https:\/\/geoclimate.ge\/fr\/produit\/vrf-system-indoor-unit-wall-mounted-wall-mounted-2nd-generation-dc-2-2-9-kw-mi2-gdn1-mi2-22gdn1-mi2-28gdn1-mi2-36gdn1-mi2-45gdn1-mi2-56gdn1-mi2-71gdn1-mi2-80gdn1-mi2-90gdn1-midea\/#primaryimage\",\"url\":\"https:\/\/geoclimate.ge\/wp-content\/uploads\/2025\/10\/WALL-MOUNT-DC_RESULT.webp\",\"contentUrl\":\"https:\/\/geoclimate.ge\/wp-content\/uploads\/2025\/10\/WALL-MOUNT-DC_RESULT.webp\",\"width\":768,\"height\":768},{\"@type\":\"BreadcrumbList\",\"@id\":\"https:\/\/geoclimate.ge\/fr\/produit\/vrf-system-indoor-unit-wall-mounted-wall-mounted-2nd-generation-dc-2-2-9-kw-mi2-gdn1-mi2-22gdn1-mi2-28gdn1-mi2-36gdn1-mi2-45gdn1-mi2-56gdn1-mi2-71gdn1-mi2-80gdn1-mi2-90gdn1-midea\/#breadcrumb\",\"itemListElement\":[{\"@type\":\"ListItem\",\"position\":1,\"name\":\"Home\",\"item\":\"https:\/\/geoclimate.ge\/fr\/\"},{\"@type\":\"ListItem\",\"position\":2,\"name\":\"Products\",\"item\":\"https:\/\/geoclimate.ge\/fr\/products\/\"},{\"@type\":\"ListItem\",\"position\":3,\"name\":\"VRF Sistemi Daxili blok Divara qura\u015fd\u0131r\u0131lm\u0131\u015fd\u0131r Divara qura\u015fd\u0131r\u0131lm\u0131\u015f, 2-ci N\u0259sil, DC 2,2 &#8211; 9 kVt MI2-**GDN1 MI2-22GDN1 MI2-28GDN1 MI2-36GDN1 MI2-45GDN1 MI2-56GDN1 MI2-71GDN1 MI2-80GDN1 MI2-90GDN1 MIDEA\"}]},{\"@type\":\"WebSite\",\"@id\":\"https:\/\/geoclimate.ge\/#website\",\"url\":\"https:\/\/geoclimate.ge\/\",\"name\":\"GeoClimate\",\"description\":\"\",\"publisher\":{\"@id\":\"https:\/\/geoclimate.ge\/#organization\"},\"potentialAction\":[{\"@type\":\"SearchAction\",\"target\":{\"@type\":\"EntryPoint\",\"urlTemplate\":\"https:\/\/geoclimate.ge\/?s={search_term_string}\"},\"query-input\":{\"@type\":\"PropertyValueSpecification\",\"valueRequired\":true,\"valueName\":\"search_term_string\"}}],\"inLanguage\":\"fr-FR\"},{\"@type\":\"Organization\",\"@id\":\"https:\/\/geoclimate.ge\/#organization\",\"name\":\"GeoClimate\",\"url\":\"https:\/\/geoclimate.ge\/\",\"logo\":{\"@type\":\"ImageObject\",\"inLanguage\":\"fr-FR\",\"@id\":\"https:\/\/geoclimate.ge\/#\/schema\/logo\/image\/\",\"url\":\"https:\/\/geoclimate.ge\/wp-content\/uploads\/2026\/03\/geoclimate-SEO.png\",\"contentUrl\":\"https:\/\/geoclimate.ge\/wp-content\/uploads\/2026\/03\/geoclimate-SEO.png\",\"width\":1536,\"height\":1024,\"caption\":\"GeoClimate\"},\"image\":{\"@id\":\"https:\/\/geoclimate.ge\/#\/schema\/logo\/image\/\"}}]}<\/script>\n<!-- \/ Yoast SEO plugin. -->","yoast_head_json":{"title":"VRF Sistemi Daxili blok Divara qura\u015fd\u0131r\u0131lm\u0131\u015fd\u0131r Divara qura\u015fd\u0131r\u0131lm\u0131\u015f, 2-ci N\u0259sil, DC 2,2 - 9 kVt MI2-**GDN1 MI2-22GDN1 MI2-28GDN1 MI2-36GDN1 MI2-45GDN1 MI2-56GDN1 MI2-71GDN1 MI2-80GDN1 MI2-90GDN1 MIDEA - GeoClimate.ge","robots":{"index":"index","follow":"follow","max-snippet":"max-snippet:-1","max-image-preview":"max-image-preview:large","max-video-preview":"max-video-preview:-1"},"canonical":"https:\/\/geoclimate.ge\/fr\/produit\/vrf-system-indoor-unit-wall-mounted-wall-mounted-2nd-generation-dc-2-2-9-kw-mi2-gdn1-mi2-22gdn1-mi2-28gdn1-mi2-36gdn1-mi2-45gdn1-mi2-56gdn1-mi2-71gdn1-mi2-80gdn1-mi2-90gdn1-midea\/","og_locale":"fr_FR","og_type":"article","og_title":"VRF Sistemi Daxili blok Divara qura\u015fd\u0131r\u0131lm\u0131\u015fd\u0131r Divara qura\u015fd\u0131r\u0131lm\u0131\u015f, 2-ci N\u0259sil, DC 2,2 - 9 kVt MI2-**GDN1 MI2-22GDN1 MI2-28GDN1 MI2-36GDN1 MI2-45GDN1 MI2-56GDN1 MI2-71GDN1 MI2-80GDN1 MI2-90GDN1 MIDEA - GeoClimate.ge","og_description":"Divara qura\u015fd\u0131r\u0131lm\u0131\u015f, 2-ci N\u0259sil, DC M\u0259hsulun spesifikasiyas\u0131  2-ci N\u0259sil Divara Qura\u015fd\u0131r\u0131lm\u0131\u015f Daxili B\u00f6lm\u0259  7 S\u00fcr\u0259tli \u0130nverter Texnologiyas\u0131 \u015eaquli Luvr yell\u0259nc\u0259k funksiyas\u0131 Sakit \u018fm\u0259liyyat","og_url":"https:\/\/geoclimate.ge\/fr\/produit\/vrf-system-indoor-unit-wall-mounted-wall-mounted-2nd-generation-dc-2-2-9-kw-mi2-gdn1-mi2-22gdn1-mi2-28gdn1-mi2-36gdn1-mi2-45gdn1-mi2-56gdn1-mi2-71gdn1-mi2-80gdn1-mi2-90gdn1-midea\/","og_site_name":"GeoClimate.ge","article_modified_time":"2025-10-18T08:01:22+00:00","og_image":[{"width":768,"height":768,"url":"https:\/\/geoclimate.ge\/wp-content\/uploads\/2025\/10\/WALL-MOUNT-DC_RESULT.webp","type":"image\/webp"}],"twitter_card":"summary_large_image","schema":{"@context":"https:\/\/schema.org","@graph":[{"@type":"WebPage","@id":"https:\/\/geoclimate.ge\/fr\/produit\/vrf-system-indoor-unit-wall-mounted-wall-mounted-2nd-generation-dc-2-2-9-kw-mi2-gdn1-mi2-22gdn1-mi2-28gdn1-mi2-36gdn1-mi2-45gdn1-mi2-56gdn1-mi2-71gdn1-mi2-80gdn1-mi2-90gdn1-midea\/","url":"https:\/\/geoclimate.ge\/fr\/produit\/vrf-system-indoor-unit-wall-mounted-wall-mounted-2nd-generation-dc-2-2-9-kw-mi2-gdn1-mi2-22gdn1-mi2-28gdn1-mi2-36gdn1-mi2-45gdn1-mi2-56gdn1-mi2-71gdn1-mi2-80gdn1-mi2-90gdn1-midea\/","name":"VRF Sistemi Daxili blok Divara qura\u015fd\u0131r\u0131lm\u0131\u015fd\u0131r Divara qura\u015fd\u0131r\u0131lm\u0131\u015f, 2-ci N\u0259sil, DC 2,2 - 9 kVt MI2-**GDN1 MI2-22GDN1 MI2-28GDN1 MI2-36GDN1 MI2-45GDN1 MI2-56GDN1 MI2-71GDN1 MI2-80GDN1 MI2-90GDN1 MIDEA - GeoClimate.ge","isPartOf":{"@id":"https:\/\/geoclimate.ge\/#website"},"primaryImageOfPage":{"@id":"https:\/\/geoclimate.ge\/fr\/produit\/vrf-system-indoor-unit-wall-mounted-wall-mounted-2nd-generation-dc-2-2-9-kw-mi2-gdn1-mi2-22gdn1-mi2-28gdn1-mi2-36gdn1-mi2-45gdn1-mi2-56gdn1-mi2-71gdn1-mi2-80gdn1-mi2-90gdn1-midea\/#primaryimage"},"image":{"@id":"https:\/\/geoclimate.ge\/fr\/produit\/vrf-system-indoor-unit-wall-mounted-wall-mounted-2nd-generation-dc-2-2-9-kw-mi2-gdn1-mi2-22gdn1-mi2-28gdn1-mi2-36gdn1-mi2-45gdn1-mi2-56gdn1-mi2-71gdn1-mi2-80gdn1-mi2-90gdn1-midea\/#primaryimage"},"thumbnailUrl":"https:\/\/geoclimate.ge\/wp-content\/uploads\/2025\/10\/WALL-MOUNT-DC_RESULT.webp","datePublished":"2025-10-18T07:56:15+00:00","dateModified":"2025-10-18T08:01:22+00:00","breadcrumb":{"@id":"https:\/\/geoclimate.ge\/fr\/produit\/vrf-system-indoor-unit-wall-mounted-wall-mounted-2nd-generation-dc-2-2-9-kw-mi2-gdn1-mi2-22gdn1-mi2-28gdn1-mi2-36gdn1-mi2-45gdn1-mi2-56gdn1-mi2-71gdn1-mi2-80gdn1-mi2-90gdn1-midea\/#breadcrumb"},"inLanguage":"fr-FR","potentialAction":[{"@type":"ReadAction","target":["https:\/\/geoclimate.ge\/fr\/produit\/vrf-system-indoor-unit-wall-mounted-wall-mounted-2nd-generation-dc-2-2-9-kw-mi2-gdn1-mi2-22gdn1-mi2-28gdn1-mi2-36gdn1-mi2-45gdn1-mi2-56gdn1-mi2-71gdn1-mi2-80gdn1-mi2-90gdn1-midea\/"]}]},{"@type":"ImageObject","inLanguage":"fr-FR","@id":"https:\/\/geoclimate.ge\/fr\/produit\/vrf-system-indoor-unit-wall-mounted-wall-mounted-2nd-generation-dc-2-2-9-kw-mi2-gdn1-mi2-22gdn1-mi2-28gdn1-mi2-36gdn1-mi2-45gdn1-mi2-56gdn1-mi2-71gdn1-mi2-80gdn1-mi2-90gdn1-midea\/#primaryimage","url":"https:\/\/geoclimate.ge\/wp-content\/uploads\/2025\/10\/WALL-MOUNT-DC_RESULT.webp","contentUrl":"https:\/\/geoclimate.ge\/wp-content\/uploads\/2025\/10\/WALL-MOUNT-DC_RESULT.webp","width":768,"height":768},{"@type":"BreadcrumbList","@id":"https:\/\/geoclimate.ge\/fr\/produit\/vrf-system-indoor-unit-wall-mounted-wall-mounted-2nd-generation-dc-2-2-9-kw-mi2-gdn1-mi2-22gdn1-mi2-28gdn1-mi2-36gdn1-mi2-45gdn1-mi2-56gdn1-mi2-71gdn1-mi2-80gdn1-mi2-90gdn1-midea\/#breadcrumb","itemListElement":[{"@type":"ListItem","position":1,"name":"Home","item":"https:\/\/geoclimate.ge\/fr\/"},{"@type":"ListItem","position":2,"name":"Products","item":"https:\/\/geoclimate.ge\/fr\/products\/"},{"@type":"ListItem","position":3,"name":"VRF Sistemi Daxili blok Divara qura\u015fd\u0131r\u0131lm\u0131\u015fd\u0131r Divara qura\u015fd\u0131r\u0131lm\u0131\u015f, 2-ci N\u0259sil, DC 2,2 &#8211; 9 kVt MI2-**GDN1 MI2-22GDN1 MI2-28GDN1 MI2-36GDN1 MI2-45GDN1 MI2-56GDN1 MI2-71GDN1 MI2-80GDN1 MI2-90GDN1 MIDEA"}]},{"@type":"WebSite","@id":"https:\/\/geoclimate.ge\/#website","url":"https:\/\/geoclimate.ge\/","name":"GeoClimate","description":"","publisher":{"@id":"https:\/\/geoclimate.ge\/#organization"},"potentialAction":[{"@type":"SearchAction","target":{"@type":"EntryPoint","urlTemplate":"https:\/\/geoclimate.ge\/?s={search_term_string}"},"query-input":{"@type":"PropertyValueSpecification","valueRequired":true,"valueName":"search_term_string"}}],"inLanguage":"fr-FR"},{"@type":"Organization","@id":"https:\/\/geoclimate.ge\/#organization","name":"GeoClimate","url":"https:\/\/geoclimate.ge\/","logo":{"@type":"ImageObject","inLanguage":"fr-FR","@id":"https:\/\/geoclimate.ge\/#\/schema\/logo\/image\/","url":"https:\/\/geoclimate.ge\/wp-content\/uploads\/2026\/03\/geoclimate-SEO.png","contentUrl":"https:\/\/geoclimate.ge\/wp-content\/uploads\/2026\/03\/geoclimate-SEO.png","width":1536,"height":1024,"caption":"GeoClimate"},"image":{"@id":"https:\/\/geoclimate.ge\/#\/schema\/logo\/image\/"}}]}},"_links":{"self":[{"href":"https:\/\/geoclimate.ge\/fr\/wp-json\/wp\/v2\/product\/42944","targetHints":{"allow":["GET"]}}],"collection":[{"href":"https:\/\/geoclimate.ge\/fr\/wp-json\/wp\/v2\/product"}],"about":[{"href":"https:\/\/geoclimate.ge\/fr\/wp-json\/wp\/v2\/types\/product"}],"wp:featuredmedia":[{"embeddable":true,"href":"https:\/\/geoclimate.ge\/fr\/wp-json\/wp\/v2\/media\/42938"}],"wp:attachment":[{"href":"https:\/\/geoclimate.ge\/fr\/wp-json\/wp\/v2\/media?parent=42944"}],"wp:term":[{"taxonomy":"product_brand","embeddable":true,"href":"https:\/\/geoclimate.ge\/fr\/wp-json\/wp\/v2\/product_brand?post=42944"},{"taxonomy":"product_cat","embeddable":true,"href":"https:\/\/geoclimate.ge\/fr\/wp-json\/wp\/v2\/product_cat?post=42944"},{"taxonomy":"product_tag","embeddable":true,"href":"https:\/\/geoclimate.ge\/fr\/wp-json\/wp\/v2\/product_tag?post=42944"}],"curies":[{"name":"wp","href":"https:\/\/api.w.org\/{rel}","templated":true}]}}