{"id":42959,"date":"2025-10-18T12:25:19","date_gmt":"2025-10-18T08:25:19","guid":{"rendered":"https:\/\/airsystems.ge\/shop\/product\/vrf-system-indoor-unit-wall-mounted-wall-mounted-2nd-generation-ac-2-2-9-kw-mdv-dg-n1-m-mdv-d22g-n1-m-mdv-d28g-n1-m-mdv-d36g-n1-m-mdv-d-45g-n1-m-mdv-d56g-n1-m-mdv-d71g-n1-m-mdv-d80g-n1-m-mdv-d90\/"},"modified":"2025-10-18T12:30:12","modified_gmt":"2025-10-18T08:30:12","slug":"vrf-system-indoor-unit-wall-mounted-wall-mounted-2nd-generation-ac-2-2-9-kw-mdv-dg-n1-m-mdv-d22g-n1-m-mdv-d28g-n1-m-mdv-d36g-n1-m-mdv-d-45g-n1-m-mdv-d56g-n1-m-mdv-d71g-n1-m-mdv-d80g-n1-m-mdv-d90","status":"publish","type":"product","link":"https:\/\/geoclimate.ge\/fr\/produit\/vrf-system-indoor-unit-wall-mounted-wall-mounted-2nd-generation-ac-2-2-9-kw-mdv-dg-n1-m-mdv-d22g-n1-m-mdv-d28g-n1-m-mdv-d36g-n1-m-mdv-d-45g-n1-m-mdv-d56g-n1-m-mdv-d71g-n1-m-mdv-d80g-n1-m-mdv-d90\/","title":{"rendered":"Unit\u00e9 int\u00e9rieure DRV murale Unit\u00e9 int\u00e9rieure murale, 2e g\u00e9n\u00e9ration, climatisation AC 2,2 &#8211; 9 kW MDV-D**G\/N1-M MDV-D22G\/N1-M MDV-D28G\/N1-M MDV-D36G\/N1-M MDV-D-45G\/N1-M MDV-D56G\/N1-M MDV-D71G\/N1-M MDV-D80G\/N1-M MDV-D90G\/N1-M  MIDEA"},"content":{"rendered":"","protected":false},"excerpt":{"rendered":"<h1>Unit\u00e9 int\u00e9rieure murale, 2e g\u00e9n\u00e9ration, climatisation, AC<\/h1>\n<p>Unit\u00e9 int\u00e9rieure murale, 2e g\u00e9n\u00e9ration, climatisation<br \/>\nCaract\u00e9ristiques du produit<\/p>\n<p>Unit\u00e9 int\u00e9rieure murale, 2e g\u00e9n\u00e9ration<\/p>\n<p>7 vitesses de ventilation<br \/>\nFonction d&rsquo;orientation verticale des volets<\/p>\n","protected":false},"featured_media":42954,"template":"","meta":[],"product_brand":[],"product_cat":[1992],"product_tag":[],"class_list":{"0":"post-42959","1":"product","2":"type-product","3":"status-publish","4":"has-post-thumbnail","6":"product_cat-systeme-vrf","8":"first","9":"instock","10":"shipping-taxable","11":"product-type-simple"},"yoast_head":"<!-- This site is optimized with the Yoast SEO plugin v27.1.1 - https:\/\/yoast.com\/product\/yoast-seo-wordpress\/ -->\n<title>Unit\u00e9 int\u00e9rieure DRV murale Unit\u00e9 int\u00e9rieure murale, 2e g\u00e9n\u00e9ration, climatisation AC 2,2 - 9 kW MDV-D**G\/N1-M MDV-D22G\/N1-M MDV-D28G\/N1-M MDV-D36G\/N1-M MDV-D-45G\/N1-M MDV-D56G\/N1-M MDV-D71G\/N1-M MDV-D80G\/N1-M MDV-D90G\/N1-M MIDEA - GeoClimate.ge<\/title>\n<meta name=\"robots\" content=\"index, follow, max-snippet:-1, max-image-preview:large, max-video-preview:-1\" \/>\n<link rel=\"canonical\" href=\"https:\/\/geoclimate.ge\/fr\/produit\/vrf-system-indoor-unit-wall-mounted-wall-mounted-2nd-generation-ac-2-2-9-kw-mdv-dg-n1-m-mdv-d22g-n1-m-mdv-d28g-n1-m-mdv-d36g-n1-m-mdv-d-45g-n1-m-mdv-d56g-n1-m-mdv-d71g-n1-m-mdv-d80g-n1-m-mdv-d90\/\" \/>\n<meta property=\"og:locale\" content=\"fr_FR\" \/>\n<meta property=\"og:type\" content=\"article\" \/>\n<meta property=\"og:title\" content=\"Unit\u00e9 int\u00e9rieure DRV murale Unit\u00e9 int\u00e9rieure murale, 2e g\u00e9n\u00e9ration, climatisation AC 2,2 - 9 kW MDV-D**G\/N1-M MDV-D22G\/N1-M MDV-D28G\/N1-M MDV-D36G\/N1-M MDV-D-45G\/N1-M MDV-D56G\/N1-M MDV-D71G\/N1-M MDV-D80G\/N1-M MDV-D90G\/N1-M MIDEA - GeoClimate.ge\" \/>\n<meta property=\"og:description\" content=\"Unit\u00e9 int\u00e9rieure murale, 2e g\u00e9n\u00e9ration, climatisation, AC Unit\u00e9 int\u00e9rieure murale, 2e g\u00e9n\u00e9ration, climatisation Caract\u00e9ristiques du produit  Unit\u00e9 int\u00e9rieure murale, 2e g\u00e9n\u00e9ration  7 vitesses de ventilation Fonction d&#039;orientation verticale des volets\" \/>\n<meta property=\"og:url\" content=\"https:\/\/geoclimate.ge\/fr\/produit\/vrf-system-indoor-unit-wall-mounted-wall-mounted-2nd-generation-ac-2-2-9-kw-mdv-dg-n1-m-mdv-d22g-n1-m-mdv-d28g-n1-m-mdv-d36g-n1-m-mdv-d-45g-n1-m-mdv-d56g-n1-m-mdv-d71g-n1-m-mdv-d80g-n1-m-mdv-d90\/\" \/>\n<meta property=\"og:site_name\" content=\"GeoClimate.ge\" \/>\n<meta property=\"article:modified_time\" content=\"2025-10-18T08:30:12+00:00\" \/>\n<meta property=\"og:image\" content=\"https:\/\/geoclimate.ge\/wp-content\/uploads\/2025\/10\/WALL-MOUNT-DC_RESULT-1.webp\" \/>\n\t<meta property=\"og:image:width\" content=\"768\" \/>\n\t<meta property=\"og:image:height\" content=\"768\" \/>\n\t<meta property=\"og:image:type\" content=\"image\/webp\" \/>\n<meta name=\"twitter:card\" content=\"summary_large_image\" \/>\n<script type=\"application\/ld+json\" class=\"yoast-schema-graph\">{\"@context\":\"https:\/\/schema.org\",\"@graph\":[{\"@type\":\"WebPage\",\"@id\":\"https:\/\/geoclimate.ge\/fr\/produit\/vrf-system-indoor-unit-wall-mounted-wall-mounted-2nd-generation-ac-2-2-9-kw-mdv-dg-n1-m-mdv-d22g-n1-m-mdv-d28g-n1-m-mdv-d36g-n1-m-mdv-d-45g-n1-m-mdv-d56g-n1-m-mdv-d71g-n1-m-mdv-d80g-n1-m-mdv-d90\/\",\"url\":\"https:\/\/geoclimate.ge\/fr\/produit\/vrf-system-indoor-unit-wall-mounted-wall-mounted-2nd-generation-ac-2-2-9-kw-mdv-dg-n1-m-mdv-d22g-n1-m-mdv-d28g-n1-m-mdv-d36g-n1-m-mdv-d-45g-n1-m-mdv-d56g-n1-m-mdv-d71g-n1-m-mdv-d80g-n1-m-mdv-d90\/\",\"name\":\"Unit\u00e9 int\u00e9rieure DRV murale Unit\u00e9 int\u00e9rieure murale, 2e g\u00e9n\u00e9ration, climatisation AC 2,2 - 9 kW MDV-D**G\/N1-M MDV-D22G\/N1-M MDV-D28G\/N1-M MDV-D36G\/N1-M MDV-D-45G\/N1-M MDV-D56G\/N1-M MDV-D71G\/N1-M MDV-D80G\/N1-M MDV-D90G\/N1-M MIDEA - GeoClimate.ge\",\"isPartOf\":{\"@id\":\"https:\/\/geoclimate.ge\/#website\"},\"primaryImageOfPage\":{\"@id\":\"https:\/\/geoclimate.ge\/fr\/produit\/vrf-system-indoor-unit-wall-mounted-wall-mounted-2nd-generation-ac-2-2-9-kw-mdv-dg-n1-m-mdv-d22g-n1-m-mdv-d28g-n1-m-mdv-d36g-n1-m-mdv-d-45g-n1-m-mdv-d56g-n1-m-mdv-d71g-n1-m-mdv-d80g-n1-m-mdv-d90\/#primaryimage\"},\"image\":{\"@id\":\"https:\/\/geoclimate.ge\/fr\/produit\/vrf-system-indoor-unit-wall-mounted-wall-mounted-2nd-generation-ac-2-2-9-kw-mdv-dg-n1-m-mdv-d22g-n1-m-mdv-d28g-n1-m-mdv-d36g-n1-m-mdv-d-45g-n1-m-mdv-d56g-n1-m-mdv-d71g-n1-m-mdv-d80g-n1-m-mdv-d90\/#primaryimage\"},\"thumbnailUrl\":\"https:\/\/geoclimate.ge\/wp-content\/uploads\/2025\/10\/WALL-MOUNT-DC_RESULT-1.webp\",\"datePublished\":\"2025-10-18T08:25:19+00:00\",\"dateModified\":\"2025-10-18T08:30:12+00:00\",\"breadcrumb\":{\"@id\":\"https:\/\/geoclimate.ge\/fr\/produit\/vrf-system-indoor-unit-wall-mounted-wall-mounted-2nd-generation-ac-2-2-9-kw-mdv-dg-n1-m-mdv-d22g-n1-m-mdv-d28g-n1-m-mdv-d36g-n1-m-mdv-d-45g-n1-m-mdv-d56g-n1-m-mdv-d71g-n1-m-mdv-d80g-n1-m-mdv-d90\/#breadcrumb\"},\"inLanguage\":\"fr-FR\",\"potentialAction\":[{\"@type\":\"ReadAction\",\"target\":[\"https:\/\/geoclimate.ge\/fr\/produit\/vrf-system-indoor-unit-wall-mounted-wall-mounted-2nd-generation-ac-2-2-9-kw-mdv-dg-n1-m-mdv-d22g-n1-m-mdv-d28g-n1-m-mdv-d36g-n1-m-mdv-d-45g-n1-m-mdv-d56g-n1-m-mdv-d71g-n1-m-mdv-d80g-n1-m-mdv-d90\/\"]}]},{\"@type\":\"ImageObject\",\"inLanguage\":\"fr-FR\",\"@id\":\"https:\/\/geoclimate.ge\/fr\/produit\/vrf-system-indoor-unit-wall-mounted-wall-mounted-2nd-generation-ac-2-2-9-kw-mdv-dg-n1-m-mdv-d22g-n1-m-mdv-d28g-n1-m-mdv-d36g-n1-m-mdv-d-45g-n1-m-mdv-d56g-n1-m-mdv-d71g-n1-m-mdv-d80g-n1-m-mdv-d90\/#primaryimage\",\"url\":\"https:\/\/geoclimate.ge\/wp-content\/uploads\/2025\/10\/WALL-MOUNT-DC_RESULT-1.webp\",\"contentUrl\":\"https:\/\/geoclimate.ge\/wp-content\/uploads\/2025\/10\/WALL-MOUNT-DC_RESULT-1.webp\",\"width\":768,\"height\":768},{\"@type\":\"BreadcrumbList\",\"@id\":\"https:\/\/geoclimate.ge\/fr\/produit\/vrf-system-indoor-unit-wall-mounted-wall-mounted-2nd-generation-ac-2-2-9-kw-mdv-dg-n1-m-mdv-d22g-n1-m-mdv-d28g-n1-m-mdv-d36g-n1-m-mdv-d-45g-n1-m-mdv-d56g-n1-m-mdv-d71g-n1-m-mdv-d80g-n1-m-mdv-d90\/#breadcrumb\",\"itemListElement\":[{\"@type\":\"ListItem\",\"position\":1,\"name\":\"Home\",\"item\":\"https:\/\/geoclimate.ge\/fr\/\"},{\"@type\":\"ListItem\",\"position\":2,\"name\":\"Products\",\"item\":\"https:\/\/geoclimate.ge\/fr\/products\/\"},{\"@type\":\"ListItem\",\"position\":3,\"name\":\"Unit\u00e9 int\u00e9rieure DRV murale Unit\u00e9 int\u00e9rieure murale, 2e g\u00e9n\u00e9ration, climatisation AC 2,2 &#8211; 9 kW MDV-D**G\/N1-M MDV-D22G\/N1-M MDV-D28G\/N1-M MDV-D36G\/N1-M MDV-D-45G\/N1-M MDV-D56G\/N1-M MDV-D71G\/N1-M MDV-D80G\/N1-M MDV-D90G\/N1-M MIDEA\"}]},{\"@type\":\"WebSite\",\"@id\":\"https:\/\/geoclimate.ge\/#website\",\"url\":\"https:\/\/geoclimate.ge\/\",\"name\":\"GeoClimate\",\"description\":\"\",\"publisher\":{\"@id\":\"https:\/\/geoclimate.ge\/#organization\"},\"potentialAction\":[{\"@type\":\"SearchAction\",\"target\":{\"@type\":\"EntryPoint\",\"urlTemplate\":\"https:\/\/geoclimate.ge\/?s={search_term_string}\"},\"query-input\":{\"@type\":\"PropertyValueSpecification\",\"valueRequired\":true,\"valueName\":\"search_term_string\"}}],\"inLanguage\":\"fr-FR\"},{\"@type\":\"Organization\",\"@id\":\"https:\/\/geoclimate.ge\/#organization\",\"name\":\"GeoClimate\",\"url\":\"https:\/\/geoclimate.ge\/\",\"logo\":{\"@type\":\"ImageObject\",\"inLanguage\":\"fr-FR\",\"@id\":\"https:\/\/geoclimate.ge\/#\/schema\/logo\/image\/\",\"url\":\"https:\/\/geoclimate.ge\/wp-content\/uploads\/2026\/03\/geoclimate-SEO.png\",\"contentUrl\":\"https:\/\/geoclimate.ge\/wp-content\/uploads\/2026\/03\/geoclimate-SEO.png\",\"width\":1536,\"height\":1024,\"caption\":\"GeoClimate\"},\"image\":{\"@id\":\"https:\/\/geoclimate.ge\/#\/schema\/logo\/image\/\"}}]}<\/script>\n<!-- \/ Yoast SEO plugin. -->","yoast_head_json":{"title":"Unit\u00e9 int\u00e9rieure DRV murale Unit\u00e9 int\u00e9rieure murale, 2e g\u00e9n\u00e9ration, climatisation AC 2,2 - 9 kW MDV-D**G\/N1-M MDV-D22G\/N1-M MDV-D28G\/N1-M MDV-D36G\/N1-M MDV-D-45G\/N1-M MDV-D56G\/N1-M MDV-D71G\/N1-M MDV-D80G\/N1-M MDV-D90G\/N1-M MIDEA - GeoClimate.ge","robots":{"index":"index","follow":"follow","max-snippet":"max-snippet:-1","max-image-preview":"max-image-preview:large","max-video-preview":"max-video-preview:-1"},"canonical":"https:\/\/geoclimate.ge\/fr\/produit\/vrf-system-indoor-unit-wall-mounted-wall-mounted-2nd-generation-ac-2-2-9-kw-mdv-dg-n1-m-mdv-d22g-n1-m-mdv-d28g-n1-m-mdv-d36g-n1-m-mdv-d-45g-n1-m-mdv-d56g-n1-m-mdv-d71g-n1-m-mdv-d80g-n1-m-mdv-d90\/","og_locale":"fr_FR","og_type":"article","og_title":"Unit\u00e9 int\u00e9rieure DRV murale Unit\u00e9 int\u00e9rieure murale, 2e g\u00e9n\u00e9ration, climatisation AC 2,2 - 9 kW MDV-D**G\/N1-M MDV-D22G\/N1-M MDV-D28G\/N1-M MDV-D36G\/N1-M MDV-D-45G\/N1-M MDV-D56G\/N1-M MDV-D71G\/N1-M MDV-D80G\/N1-M MDV-D90G\/N1-M MIDEA - GeoClimate.ge","og_description":"Unit\u00e9 int\u00e9rieure murale, 2e g\u00e9n\u00e9ration, climatisation, AC Unit\u00e9 int\u00e9rieure murale, 2e g\u00e9n\u00e9ration, climatisation Caract\u00e9ristiques du produit  Unit\u00e9 int\u00e9rieure murale, 2e g\u00e9n\u00e9ration  7 vitesses de ventilation Fonction d'orientation verticale des volets","og_url":"https:\/\/geoclimate.ge\/fr\/produit\/vrf-system-indoor-unit-wall-mounted-wall-mounted-2nd-generation-ac-2-2-9-kw-mdv-dg-n1-m-mdv-d22g-n1-m-mdv-d28g-n1-m-mdv-d36g-n1-m-mdv-d-45g-n1-m-mdv-d56g-n1-m-mdv-d71g-n1-m-mdv-d80g-n1-m-mdv-d90\/","og_site_name":"GeoClimate.ge","article_modified_time":"2025-10-18T08:30:12+00:00","og_image":[{"width":768,"height":768,"url":"https:\/\/geoclimate.ge\/wp-content\/uploads\/2025\/10\/WALL-MOUNT-DC_RESULT-1.webp","type":"image\/webp"}],"twitter_card":"summary_large_image","schema":{"@context":"https:\/\/schema.org","@graph":[{"@type":"WebPage","@id":"https:\/\/geoclimate.ge\/fr\/produit\/vrf-system-indoor-unit-wall-mounted-wall-mounted-2nd-generation-ac-2-2-9-kw-mdv-dg-n1-m-mdv-d22g-n1-m-mdv-d28g-n1-m-mdv-d36g-n1-m-mdv-d-45g-n1-m-mdv-d56g-n1-m-mdv-d71g-n1-m-mdv-d80g-n1-m-mdv-d90\/","url":"https:\/\/geoclimate.ge\/fr\/produit\/vrf-system-indoor-unit-wall-mounted-wall-mounted-2nd-generation-ac-2-2-9-kw-mdv-dg-n1-m-mdv-d22g-n1-m-mdv-d28g-n1-m-mdv-d36g-n1-m-mdv-d-45g-n1-m-mdv-d56g-n1-m-mdv-d71g-n1-m-mdv-d80g-n1-m-mdv-d90\/","name":"Unit\u00e9 int\u00e9rieure DRV murale Unit\u00e9 int\u00e9rieure murale, 2e g\u00e9n\u00e9ration, climatisation AC 2,2 - 9 kW MDV-D**G\/N1-M MDV-D22G\/N1-M MDV-D28G\/N1-M MDV-D36G\/N1-M MDV-D-45G\/N1-M MDV-D56G\/N1-M MDV-D71G\/N1-M MDV-D80G\/N1-M MDV-D90G\/N1-M MIDEA - GeoClimate.ge","isPartOf":{"@id":"https:\/\/geoclimate.ge\/#website"},"primaryImageOfPage":{"@id":"https:\/\/geoclimate.ge\/fr\/produit\/vrf-system-indoor-unit-wall-mounted-wall-mounted-2nd-generation-ac-2-2-9-kw-mdv-dg-n1-m-mdv-d22g-n1-m-mdv-d28g-n1-m-mdv-d36g-n1-m-mdv-d-45g-n1-m-mdv-d56g-n1-m-mdv-d71g-n1-m-mdv-d80g-n1-m-mdv-d90\/#primaryimage"},"image":{"@id":"https:\/\/geoclimate.ge\/fr\/produit\/vrf-system-indoor-unit-wall-mounted-wall-mounted-2nd-generation-ac-2-2-9-kw-mdv-dg-n1-m-mdv-d22g-n1-m-mdv-d28g-n1-m-mdv-d36g-n1-m-mdv-d-45g-n1-m-mdv-d56g-n1-m-mdv-d71g-n1-m-mdv-d80g-n1-m-mdv-d90\/#primaryimage"},"thumbnailUrl":"https:\/\/geoclimate.ge\/wp-content\/uploads\/2025\/10\/WALL-MOUNT-DC_RESULT-1.webp","datePublished":"2025-10-18T08:25:19+00:00","dateModified":"2025-10-18T08:30:12+00:00","breadcrumb":{"@id":"https:\/\/geoclimate.ge\/fr\/produit\/vrf-system-indoor-unit-wall-mounted-wall-mounted-2nd-generation-ac-2-2-9-kw-mdv-dg-n1-m-mdv-d22g-n1-m-mdv-d28g-n1-m-mdv-d36g-n1-m-mdv-d-45g-n1-m-mdv-d56g-n1-m-mdv-d71g-n1-m-mdv-d80g-n1-m-mdv-d90\/#breadcrumb"},"inLanguage":"fr-FR","potentialAction":[{"@type":"ReadAction","target":["https:\/\/geoclimate.ge\/fr\/produit\/vrf-system-indoor-unit-wall-mounted-wall-mounted-2nd-generation-ac-2-2-9-kw-mdv-dg-n1-m-mdv-d22g-n1-m-mdv-d28g-n1-m-mdv-d36g-n1-m-mdv-d-45g-n1-m-mdv-d56g-n1-m-mdv-d71g-n1-m-mdv-d80g-n1-m-mdv-d90\/"]}]},{"@type":"ImageObject","inLanguage":"fr-FR","@id":"https:\/\/geoclimate.ge\/fr\/produit\/vrf-system-indoor-unit-wall-mounted-wall-mounted-2nd-generation-ac-2-2-9-kw-mdv-dg-n1-m-mdv-d22g-n1-m-mdv-d28g-n1-m-mdv-d36g-n1-m-mdv-d-45g-n1-m-mdv-d56g-n1-m-mdv-d71g-n1-m-mdv-d80g-n1-m-mdv-d90\/#primaryimage","url":"https:\/\/geoclimate.ge\/wp-content\/uploads\/2025\/10\/WALL-MOUNT-DC_RESULT-1.webp","contentUrl":"https:\/\/geoclimate.ge\/wp-content\/uploads\/2025\/10\/WALL-MOUNT-DC_RESULT-1.webp","width":768,"height":768},{"@type":"BreadcrumbList","@id":"https:\/\/geoclimate.ge\/fr\/produit\/vrf-system-indoor-unit-wall-mounted-wall-mounted-2nd-generation-ac-2-2-9-kw-mdv-dg-n1-m-mdv-d22g-n1-m-mdv-d28g-n1-m-mdv-d36g-n1-m-mdv-d-45g-n1-m-mdv-d56g-n1-m-mdv-d71g-n1-m-mdv-d80g-n1-m-mdv-d90\/#breadcrumb","itemListElement":[{"@type":"ListItem","position":1,"name":"Home","item":"https:\/\/geoclimate.ge\/fr\/"},{"@type":"ListItem","position":2,"name":"Products","item":"https:\/\/geoclimate.ge\/fr\/products\/"},{"@type":"ListItem","position":3,"name":"Unit\u00e9 int\u00e9rieure DRV murale Unit\u00e9 int\u00e9rieure murale, 2e g\u00e9n\u00e9ration, climatisation AC 2,2 &#8211; 9 kW MDV-D**G\/N1-M MDV-D22G\/N1-M MDV-D28G\/N1-M MDV-D36G\/N1-M MDV-D-45G\/N1-M MDV-D56G\/N1-M MDV-D71G\/N1-M MDV-D80G\/N1-M MDV-D90G\/N1-M MIDEA"}]},{"@type":"WebSite","@id":"https:\/\/geoclimate.ge\/#website","url":"https:\/\/geoclimate.ge\/","name":"GeoClimate","description":"","publisher":{"@id":"https:\/\/geoclimate.ge\/#organization"},"potentialAction":[{"@type":"SearchAction","target":{"@type":"EntryPoint","urlTemplate":"https:\/\/geoclimate.ge\/?s={search_term_string}"},"query-input":{"@type":"PropertyValueSpecification","valueRequired":true,"valueName":"search_term_string"}}],"inLanguage":"fr-FR"},{"@type":"Organization","@id":"https:\/\/geoclimate.ge\/#organization","name":"GeoClimate","url":"https:\/\/geoclimate.ge\/","logo":{"@type":"ImageObject","inLanguage":"fr-FR","@id":"https:\/\/geoclimate.ge\/#\/schema\/logo\/image\/","url":"https:\/\/geoclimate.ge\/wp-content\/uploads\/2026\/03\/geoclimate-SEO.png","contentUrl":"https:\/\/geoclimate.ge\/wp-content\/uploads\/2026\/03\/geoclimate-SEO.png","width":1536,"height":1024,"caption":"GeoClimate"},"image":{"@id":"https:\/\/geoclimate.ge\/#\/schema\/logo\/image\/"}}]}},"_links":{"self":[{"href":"https:\/\/geoclimate.ge\/fr\/wp-json\/wp\/v2\/product\/42959","targetHints":{"allow":["GET"]}}],"collection":[{"href":"https:\/\/geoclimate.ge\/fr\/wp-json\/wp\/v2\/product"}],"about":[{"href":"https:\/\/geoclimate.ge\/fr\/wp-json\/wp\/v2\/types\/product"}],"wp:featuredmedia":[{"embeddable":true,"href":"https:\/\/geoclimate.ge\/fr\/wp-json\/wp\/v2\/media\/42954"}],"wp:attachment":[{"href":"https:\/\/geoclimate.ge\/fr\/wp-json\/wp\/v2\/media?parent=42959"}],"wp:term":[{"taxonomy":"product_brand","embeddable":true,"href":"https:\/\/geoclimate.ge\/fr\/wp-json\/wp\/v2\/product_brand?post=42959"},{"taxonomy":"product_cat","embeddable":true,"href":"https:\/\/geoclimate.ge\/fr\/wp-json\/wp\/v2\/product_cat?post=42959"},{"taxonomy":"product_tag","embeddable":true,"href":"https:\/\/geoclimate.ge\/fr\/wp-json\/wp\/v2\/product_tag?post=42959"}],"curies":[{"name":"wp","href":"https:\/\/api.w.org\/{rel}","templated":true}]}}