{"id":43048,"date":"2025-10-18T15:14:36","date_gmt":"2025-10-18T11:14:36","guid":{"rendered":"https:\/\/airsystems.ge\/shop\/product\/vrf-system-indoor-unit-ducted-high-static-pressure-duct-2nd-generation-dc-7-1-56-kw-mi2-t1dn1-mi2-71t1dn1-mi2-80t1dn1-mi2-90t1dn1-mi2-112t1dn1-mi2-140t1dn1-mi2-160t1dn1-mi2-200t1dn1-mi2-250t1dn\/"},"modified":"2025-10-18T15:18:45","modified_gmt":"2025-10-18T11:18:45","slug":"vrf-system-indoor-unit-ducted-high-static-pressure-duct-2nd-generation-dc-7-1-56-kw-mi2-t1dn1-mi2-71t1dn1-mi2-80t1dn1-mi2-90t1dn1-mi2-112t1dn1-mi2-140t1dn1-mi2-160t1dn1-mi2-200t1dn1-mi2-250t1dn","status":"publish","type":"product","link":"https:\/\/geoclimate.ge\/fr\/produit\/vrf-system-indoor-unit-ducted-high-static-pressure-duct-2nd-generation-dc-7-1-56-kw-mi2-t1dn1-mi2-71t1dn1-mi2-80t1dn1-mi2-90t1dn1-mi2-112t1dn1-mi2-140t1dn1-mi2-160t1dn1-mi2-200t1dn1-mi2-250t1dn\/","title":{"rendered":"Unit\u00e9 int\u00e9rieure DRV gainable Unit\u00e9 int\u00e9rieure gainable haute pression statique, 2e g\u00e9n\u00e9ration, CC 7,1 &#8211; 56 kW MI2-**T1DN1  MI2-71T1DN1 MI2-80T1DN1 MI2-90T1DN1 MI2-112T1DN1 MI2-140T1DN1 MI2-160T1DN1 MI2-200T1DN1 MI2-250T1DN1 MI2-280T1DN1 MI2-400T1DN1 MI2-450T1DN1 MI2-560T1DN1  MIDEA"},"content":{"rendered":"","protected":false},"excerpt":{"rendered":"<h1>Unit\u00e9 int\u00e9rieure gainable haute pression, 2e g\u00e9n\u00e9ration, CC<\/h1>\n<p>Caract\u00e9ristiques du produit<\/p>\n<p>Unit\u00e9 int\u00e9rieure gainable haute pression, 2e g\u00e9n\u00e9ration<\/p>\n<p>Technologie Inverter 7 vitesses<\/p>\n","protected":false},"featured_media":43043,"template":"","meta":[],"product_brand":[],"product_cat":[1992],"product_tag":[],"class_list":{"0":"post-43048","1":"product","2":"type-product","3":"status-publish","4":"has-post-thumbnail","6":"product_cat-systeme-vrf","8":"first","9":"instock","10":"shipping-taxable","11":"product-type-simple"},"yoast_head":"<!-- This site is optimized with the Yoast SEO plugin v27.1.1 - https:\/\/yoast.com\/product\/yoast-seo-wordpress\/ -->\n<title>Unit\u00e9 int\u00e9rieure DRV gainable Unit\u00e9 int\u00e9rieure gainable haute pression statique, 2e g\u00e9n\u00e9ration, CC 7,1 - 56 kW MI2-**T1DN1 MI2-71T1DN1 MI2-80T1DN1 MI2-90T1DN1 MI2-112T1DN1 MI2-140T1DN1 MI2-160T1DN1 MI2-200T1DN1 MI2-250T1DN1 MI2-280T1DN1 MI2-400T1DN1 MI2-450T1DN1 MI2-560T1DN1 MIDEA - GeoClimate.ge<\/title>\n<meta name=\"robots\" content=\"index, follow, max-snippet:-1, max-image-preview:large, max-video-preview:-1\" \/>\n<link rel=\"canonical\" href=\"https:\/\/geoclimate.ge\/fr\/produit\/vrf-system-indoor-unit-ducted-high-static-pressure-duct-2nd-generation-dc-7-1-56-kw-mi2-t1dn1-mi2-71t1dn1-mi2-80t1dn1-mi2-90t1dn1-mi2-112t1dn1-mi2-140t1dn1-mi2-160t1dn1-mi2-200t1dn1-mi2-250t1dn\/\" \/>\n<meta property=\"og:locale\" content=\"fr_FR\" \/>\n<meta property=\"og:type\" content=\"article\" \/>\n<meta property=\"og:title\" content=\"Unit\u00e9 int\u00e9rieure DRV gainable Unit\u00e9 int\u00e9rieure gainable haute pression statique, 2e g\u00e9n\u00e9ration, CC 7,1 - 56 kW MI2-**T1DN1 MI2-71T1DN1 MI2-80T1DN1 MI2-90T1DN1 MI2-112T1DN1 MI2-140T1DN1 MI2-160T1DN1 MI2-200T1DN1 MI2-250T1DN1 MI2-280T1DN1 MI2-400T1DN1 MI2-450T1DN1 MI2-560T1DN1 MIDEA - GeoClimate.ge\" \/>\n<meta property=\"og:description\" content=\"Unit\u00e9 int\u00e9rieure gainable haute pression, 2e g\u00e9n\u00e9ration, CC Caract\u00e9ristiques du produit  Unit\u00e9 int\u00e9rieure gainable haute pression, 2e g\u00e9n\u00e9ration  Technologie Inverter 7 vitesses\" \/>\n<meta property=\"og:url\" content=\"https:\/\/geoclimate.ge\/fr\/produit\/vrf-system-indoor-unit-ducted-high-static-pressure-duct-2nd-generation-dc-7-1-56-kw-mi2-t1dn1-mi2-71t1dn1-mi2-80t1dn1-mi2-90t1dn1-mi2-112t1dn1-mi2-140t1dn1-mi2-160t1dn1-mi2-200t1dn1-mi2-250t1dn\/\" \/>\n<meta property=\"og:site_name\" content=\"GeoClimate.ge\" \/>\n<meta property=\"article:modified_time\" content=\"2025-10-18T11:18:45+00:00\" \/>\n<meta property=\"og:image\" content=\"https:\/\/geoclimate.ge\/wp-content\/uploads\/2025\/10\/cq5dam.web_.5000.5000-1_c-2.webp\" \/>\n\t<meta property=\"og:image:width\" content=\"768\" \/>\n\t<meta property=\"og:image:height\" content=\"768\" \/>\n\t<meta property=\"og:image:type\" content=\"image\/webp\" \/>\n<meta name=\"twitter:card\" content=\"summary_large_image\" \/>\n<script type=\"application\/ld+json\" class=\"yoast-schema-graph\">{\"@context\":\"https:\/\/schema.org\",\"@graph\":[{\"@type\":\"WebPage\",\"@id\":\"https:\/\/geoclimate.ge\/fr\/produit\/vrf-system-indoor-unit-ducted-high-static-pressure-duct-2nd-generation-dc-7-1-56-kw-mi2-t1dn1-mi2-71t1dn1-mi2-80t1dn1-mi2-90t1dn1-mi2-112t1dn1-mi2-140t1dn1-mi2-160t1dn1-mi2-200t1dn1-mi2-250t1dn\/\",\"url\":\"https:\/\/geoclimate.ge\/fr\/produit\/vrf-system-indoor-unit-ducted-high-static-pressure-duct-2nd-generation-dc-7-1-56-kw-mi2-t1dn1-mi2-71t1dn1-mi2-80t1dn1-mi2-90t1dn1-mi2-112t1dn1-mi2-140t1dn1-mi2-160t1dn1-mi2-200t1dn1-mi2-250t1dn\/\",\"name\":\"Unit\u00e9 int\u00e9rieure DRV gainable Unit\u00e9 int\u00e9rieure gainable haute pression statique, 2e g\u00e9n\u00e9ration, CC 7,1 - 56 kW MI2-**T1DN1 MI2-71T1DN1 MI2-80T1DN1 MI2-90T1DN1 MI2-112T1DN1 MI2-140T1DN1 MI2-160T1DN1 MI2-200T1DN1 MI2-250T1DN1 MI2-280T1DN1 MI2-400T1DN1 MI2-450T1DN1 MI2-560T1DN1 MIDEA - GeoClimate.ge\",\"isPartOf\":{\"@id\":\"https:\/\/geoclimate.ge\/#website\"},\"primaryImageOfPage\":{\"@id\":\"https:\/\/geoclimate.ge\/fr\/produit\/vrf-system-indoor-unit-ducted-high-static-pressure-duct-2nd-generation-dc-7-1-56-kw-mi2-t1dn1-mi2-71t1dn1-mi2-80t1dn1-mi2-90t1dn1-mi2-112t1dn1-mi2-140t1dn1-mi2-160t1dn1-mi2-200t1dn1-mi2-250t1dn\/#primaryimage\"},\"image\":{\"@id\":\"https:\/\/geoclimate.ge\/fr\/produit\/vrf-system-indoor-unit-ducted-high-static-pressure-duct-2nd-generation-dc-7-1-56-kw-mi2-t1dn1-mi2-71t1dn1-mi2-80t1dn1-mi2-90t1dn1-mi2-112t1dn1-mi2-140t1dn1-mi2-160t1dn1-mi2-200t1dn1-mi2-250t1dn\/#primaryimage\"},\"thumbnailUrl\":\"https:\/\/geoclimate.ge\/wp-content\/uploads\/2025\/10\/cq5dam.web_.5000.5000-1_c-2.webp\",\"datePublished\":\"2025-10-18T11:14:36+00:00\",\"dateModified\":\"2025-10-18T11:18:45+00:00\",\"breadcrumb\":{\"@id\":\"https:\/\/geoclimate.ge\/fr\/produit\/vrf-system-indoor-unit-ducted-high-static-pressure-duct-2nd-generation-dc-7-1-56-kw-mi2-t1dn1-mi2-71t1dn1-mi2-80t1dn1-mi2-90t1dn1-mi2-112t1dn1-mi2-140t1dn1-mi2-160t1dn1-mi2-200t1dn1-mi2-250t1dn\/#breadcrumb\"},\"inLanguage\":\"fr-FR\",\"potentialAction\":[{\"@type\":\"ReadAction\",\"target\":[\"https:\/\/geoclimate.ge\/fr\/produit\/vrf-system-indoor-unit-ducted-high-static-pressure-duct-2nd-generation-dc-7-1-56-kw-mi2-t1dn1-mi2-71t1dn1-mi2-80t1dn1-mi2-90t1dn1-mi2-112t1dn1-mi2-140t1dn1-mi2-160t1dn1-mi2-200t1dn1-mi2-250t1dn\/\"]}]},{\"@type\":\"ImageObject\",\"inLanguage\":\"fr-FR\",\"@id\":\"https:\/\/geoclimate.ge\/fr\/produit\/vrf-system-indoor-unit-ducted-high-static-pressure-duct-2nd-generation-dc-7-1-56-kw-mi2-t1dn1-mi2-71t1dn1-mi2-80t1dn1-mi2-90t1dn1-mi2-112t1dn1-mi2-140t1dn1-mi2-160t1dn1-mi2-200t1dn1-mi2-250t1dn\/#primaryimage\",\"url\":\"https:\/\/geoclimate.ge\/wp-content\/uploads\/2025\/10\/cq5dam.web_.5000.5000-1_c-2.webp\",\"contentUrl\":\"https:\/\/geoclimate.ge\/wp-content\/uploads\/2025\/10\/cq5dam.web_.5000.5000-1_c-2.webp\",\"width\":768,\"height\":768},{\"@type\":\"BreadcrumbList\",\"@id\":\"https:\/\/geoclimate.ge\/fr\/produit\/vrf-system-indoor-unit-ducted-high-static-pressure-duct-2nd-generation-dc-7-1-56-kw-mi2-t1dn1-mi2-71t1dn1-mi2-80t1dn1-mi2-90t1dn1-mi2-112t1dn1-mi2-140t1dn1-mi2-160t1dn1-mi2-200t1dn1-mi2-250t1dn\/#breadcrumb\",\"itemListElement\":[{\"@type\":\"ListItem\",\"position\":1,\"name\":\"Home\",\"item\":\"https:\/\/geoclimate.ge\/fr\/\"},{\"@type\":\"ListItem\",\"position\":2,\"name\":\"Products\",\"item\":\"https:\/\/geoclimate.ge\/fr\/products\/\"},{\"@type\":\"ListItem\",\"position\":3,\"name\":\"Unit\u00e9 int\u00e9rieure DRV gainable Unit\u00e9 int\u00e9rieure gainable haute pression statique, 2e g\u00e9n\u00e9ration, CC 7,1 &#8211; 56 kW MI2-**T1DN1 MI2-71T1DN1 MI2-80T1DN1 MI2-90T1DN1 MI2-112T1DN1 MI2-140T1DN1 MI2-160T1DN1 MI2-200T1DN1 MI2-250T1DN1 MI2-280T1DN1 MI2-400T1DN1 MI2-450T1DN1 MI2-560T1DN1 MIDEA\"}]},{\"@type\":\"WebSite\",\"@id\":\"https:\/\/geoclimate.ge\/#website\",\"url\":\"https:\/\/geoclimate.ge\/\",\"name\":\"GeoClimate\",\"description\":\"\",\"publisher\":{\"@id\":\"https:\/\/geoclimate.ge\/#organization\"},\"potentialAction\":[{\"@type\":\"SearchAction\",\"target\":{\"@type\":\"EntryPoint\",\"urlTemplate\":\"https:\/\/geoclimate.ge\/?s={search_term_string}\"},\"query-input\":{\"@type\":\"PropertyValueSpecification\",\"valueRequired\":true,\"valueName\":\"search_term_string\"}}],\"inLanguage\":\"fr-FR\"},{\"@type\":\"Organization\",\"@id\":\"https:\/\/geoclimate.ge\/#organization\",\"name\":\"GeoClimate\",\"url\":\"https:\/\/geoclimate.ge\/\",\"logo\":{\"@type\":\"ImageObject\",\"inLanguage\":\"fr-FR\",\"@id\":\"https:\/\/geoclimate.ge\/#\/schema\/logo\/image\/\",\"url\":\"https:\/\/geoclimate.ge\/wp-content\/uploads\/2026\/03\/geoclimate-SEO.png\",\"contentUrl\":\"https:\/\/geoclimate.ge\/wp-content\/uploads\/2026\/03\/geoclimate-SEO.png\",\"width\":1536,\"height\":1024,\"caption\":\"GeoClimate\"},\"image\":{\"@id\":\"https:\/\/geoclimate.ge\/#\/schema\/logo\/image\/\"}}]}<\/script>\n<!-- \/ Yoast SEO plugin. -->","yoast_head_json":{"title":"Unit\u00e9 int\u00e9rieure DRV gainable Unit\u00e9 int\u00e9rieure gainable haute pression statique, 2e g\u00e9n\u00e9ration, CC 7,1 - 56 kW MI2-**T1DN1 MI2-71T1DN1 MI2-80T1DN1 MI2-90T1DN1 MI2-112T1DN1 MI2-140T1DN1 MI2-160T1DN1 MI2-200T1DN1 MI2-250T1DN1 MI2-280T1DN1 MI2-400T1DN1 MI2-450T1DN1 MI2-560T1DN1 MIDEA - GeoClimate.ge","robots":{"index":"index","follow":"follow","max-snippet":"max-snippet:-1","max-image-preview":"max-image-preview:large","max-video-preview":"max-video-preview:-1"},"canonical":"https:\/\/geoclimate.ge\/fr\/produit\/vrf-system-indoor-unit-ducted-high-static-pressure-duct-2nd-generation-dc-7-1-56-kw-mi2-t1dn1-mi2-71t1dn1-mi2-80t1dn1-mi2-90t1dn1-mi2-112t1dn1-mi2-140t1dn1-mi2-160t1dn1-mi2-200t1dn1-mi2-250t1dn\/","og_locale":"fr_FR","og_type":"article","og_title":"Unit\u00e9 int\u00e9rieure DRV gainable Unit\u00e9 int\u00e9rieure gainable haute pression statique, 2e g\u00e9n\u00e9ration, CC 7,1 - 56 kW MI2-**T1DN1 MI2-71T1DN1 MI2-80T1DN1 MI2-90T1DN1 MI2-112T1DN1 MI2-140T1DN1 MI2-160T1DN1 MI2-200T1DN1 MI2-250T1DN1 MI2-280T1DN1 MI2-400T1DN1 MI2-450T1DN1 MI2-560T1DN1 MIDEA - GeoClimate.ge","og_description":"Unit\u00e9 int\u00e9rieure gainable haute pression, 2e g\u00e9n\u00e9ration, CC Caract\u00e9ristiques du produit  Unit\u00e9 int\u00e9rieure gainable haute pression, 2e g\u00e9n\u00e9ration  Technologie Inverter 7 vitesses","og_url":"https:\/\/geoclimate.ge\/fr\/produit\/vrf-system-indoor-unit-ducted-high-static-pressure-duct-2nd-generation-dc-7-1-56-kw-mi2-t1dn1-mi2-71t1dn1-mi2-80t1dn1-mi2-90t1dn1-mi2-112t1dn1-mi2-140t1dn1-mi2-160t1dn1-mi2-200t1dn1-mi2-250t1dn\/","og_site_name":"GeoClimate.ge","article_modified_time":"2025-10-18T11:18:45+00:00","og_image":[{"width":768,"height":768,"url":"https:\/\/geoclimate.ge\/wp-content\/uploads\/2025\/10\/cq5dam.web_.5000.5000-1_c-2.webp","type":"image\/webp"}],"twitter_card":"summary_large_image","schema":{"@context":"https:\/\/schema.org","@graph":[{"@type":"WebPage","@id":"https:\/\/geoclimate.ge\/fr\/produit\/vrf-system-indoor-unit-ducted-high-static-pressure-duct-2nd-generation-dc-7-1-56-kw-mi2-t1dn1-mi2-71t1dn1-mi2-80t1dn1-mi2-90t1dn1-mi2-112t1dn1-mi2-140t1dn1-mi2-160t1dn1-mi2-200t1dn1-mi2-250t1dn\/","url":"https:\/\/geoclimate.ge\/fr\/produit\/vrf-system-indoor-unit-ducted-high-static-pressure-duct-2nd-generation-dc-7-1-56-kw-mi2-t1dn1-mi2-71t1dn1-mi2-80t1dn1-mi2-90t1dn1-mi2-112t1dn1-mi2-140t1dn1-mi2-160t1dn1-mi2-200t1dn1-mi2-250t1dn\/","name":"Unit\u00e9 int\u00e9rieure DRV gainable Unit\u00e9 int\u00e9rieure gainable haute pression statique, 2e g\u00e9n\u00e9ration, CC 7,1 - 56 kW MI2-**T1DN1 MI2-71T1DN1 MI2-80T1DN1 MI2-90T1DN1 MI2-112T1DN1 MI2-140T1DN1 MI2-160T1DN1 MI2-200T1DN1 MI2-250T1DN1 MI2-280T1DN1 MI2-400T1DN1 MI2-450T1DN1 MI2-560T1DN1 MIDEA - GeoClimate.ge","isPartOf":{"@id":"https:\/\/geoclimate.ge\/#website"},"primaryImageOfPage":{"@id":"https:\/\/geoclimate.ge\/fr\/produit\/vrf-system-indoor-unit-ducted-high-static-pressure-duct-2nd-generation-dc-7-1-56-kw-mi2-t1dn1-mi2-71t1dn1-mi2-80t1dn1-mi2-90t1dn1-mi2-112t1dn1-mi2-140t1dn1-mi2-160t1dn1-mi2-200t1dn1-mi2-250t1dn\/#primaryimage"},"image":{"@id":"https:\/\/geoclimate.ge\/fr\/produit\/vrf-system-indoor-unit-ducted-high-static-pressure-duct-2nd-generation-dc-7-1-56-kw-mi2-t1dn1-mi2-71t1dn1-mi2-80t1dn1-mi2-90t1dn1-mi2-112t1dn1-mi2-140t1dn1-mi2-160t1dn1-mi2-200t1dn1-mi2-250t1dn\/#primaryimage"},"thumbnailUrl":"https:\/\/geoclimate.ge\/wp-content\/uploads\/2025\/10\/cq5dam.web_.5000.5000-1_c-2.webp","datePublished":"2025-10-18T11:14:36+00:00","dateModified":"2025-10-18T11:18:45+00:00","breadcrumb":{"@id":"https:\/\/geoclimate.ge\/fr\/produit\/vrf-system-indoor-unit-ducted-high-static-pressure-duct-2nd-generation-dc-7-1-56-kw-mi2-t1dn1-mi2-71t1dn1-mi2-80t1dn1-mi2-90t1dn1-mi2-112t1dn1-mi2-140t1dn1-mi2-160t1dn1-mi2-200t1dn1-mi2-250t1dn\/#breadcrumb"},"inLanguage":"fr-FR","potentialAction":[{"@type":"ReadAction","target":["https:\/\/geoclimate.ge\/fr\/produit\/vrf-system-indoor-unit-ducted-high-static-pressure-duct-2nd-generation-dc-7-1-56-kw-mi2-t1dn1-mi2-71t1dn1-mi2-80t1dn1-mi2-90t1dn1-mi2-112t1dn1-mi2-140t1dn1-mi2-160t1dn1-mi2-200t1dn1-mi2-250t1dn\/"]}]},{"@type":"ImageObject","inLanguage":"fr-FR","@id":"https:\/\/geoclimate.ge\/fr\/produit\/vrf-system-indoor-unit-ducted-high-static-pressure-duct-2nd-generation-dc-7-1-56-kw-mi2-t1dn1-mi2-71t1dn1-mi2-80t1dn1-mi2-90t1dn1-mi2-112t1dn1-mi2-140t1dn1-mi2-160t1dn1-mi2-200t1dn1-mi2-250t1dn\/#primaryimage","url":"https:\/\/geoclimate.ge\/wp-content\/uploads\/2025\/10\/cq5dam.web_.5000.5000-1_c-2.webp","contentUrl":"https:\/\/geoclimate.ge\/wp-content\/uploads\/2025\/10\/cq5dam.web_.5000.5000-1_c-2.webp","width":768,"height":768},{"@type":"BreadcrumbList","@id":"https:\/\/geoclimate.ge\/fr\/produit\/vrf-system-indoor-unit-ducted-high-static-pressure-duct-2nd-generation-dc-7-1-56-kw-mi2-t1dn1-mi2-71t1dn1-mi2-80t1dn1-mi2-90t1dn1-mi2-112t1dn1-mi2-140t1dn1-mi2-160t1dn1-mi2-200t1dn1-mi2-250t1dn\/#breadcrumb","itemListElement":[{"@type":"ListItem","position":1,"name":"Home","item":"https:\/\/geoclimate.ge\/fr\/"},{"@type":"ListItem","position":2,"name":"Products","item":"https:\/\/geoclimate.ge\/fr\/products\/"},{"@type":"ListItem","position":3,"name":"Unit\u00e9 int\u00e9rieure DRV gainable Unit\u00e9 int\u00e9rieure gainable haute pression statique, 2e g\u00e9n\u00e9ration, CC 7,1 &#8211; 56 kW MI2-**T1DN1 MI2-71T1DN1 MI2-80T1DN1 MI2-90T1DN1 MI2-112T1DN1 MI2-140T1DN1 MI2-160T1DN1 MI2-200T1DN1 MI2-250T1DN1 MI2-280T1DN1 MI2-400T1DN1 MI2-450T1DN1 MI2-560T1DN1 MIDEA"}]},{"@type":"WebSite","@id":"https:\/\/geoclimate.ge\/#website","url":"https:\/\/geoclimate.ge\/","name":"GeoClimate","description":"","publisher":{"@id":"https:\/\/geoclimate.ge\/#organization"},"potentialAction":[{"@type":"SearchAction","target":{"@type":"EntryPoint","urlTemplate":"https:\/\/geoclimate.ge\/?s={search_term_string}"},"query-input":{"@type":"PropertyValueSpecification","valueRequired":true,"valueName":"search_term_string"}}],"inLanguage":"fr-FR"},{"@type":"Organization","@id":"https:\/\/geoclimate.ge\/#organization","name":"GeoClimate","url":"https:\/\/geoclimate.ge\/","logo":{"@type":"ImageObject","inLanguage":"fr-FR","@id":"https:\/\/geoclimate.ge\/#\/schema\/logo\/image\/","url":"https:\/\/geoclimate.ge\/wp-content\/uploads\/2026\/03\/geoclimate-SEO.png","contentUrl":"https:\/\/geoclimate.ge\/wp-content\/uploads\/2026\/03\/geoclimate-SEO.png","width":1536,"height":1024,"caption":"GeoClimate"},"image":{"@id":"https:\/\/geoclimate.ge\/#\/schema\/logo\/image\/"}}]}},"_links":{"self":[{"href":"https:\/\/geoclimate.ge\/fr\/wp-json\/wp\/v2\/product\/43048","targetHints":{"allow":["GET"]}}],"collection":[{"href":"https:\/\/geoclimate.ge\/fr\/wp-json\/wp\/v2\/product"}],"about":[{"href":"https:\/\/geoclimate.ge\/fr\/wp-json\/wp\/v2\/types\/product"}],"wp:featuredmedia":[{"embeddable":true,"href":"https:\/\/geoclimate.ge\/fr\/wp-json\/wp\/v2\/media\/43043"}],"wp:attachment":[{"href":"https:\/\/geoclimate.ge\/fr\/wp-json\/wp\/v2\/media?parent=43048"}],"wp:term":[{"taxonomy":"product_brand","embeddable":true,"href":"https:\/\/geoclimate.ge\/fr\/wp-json\/wp\/v2\/product_brand?post=43048"},{"taxonomy":"product_cat","embeddable":true,"href":"https:\/\/geoclimate.ge\/fr\/wp-json\/wp\/v2\/product_cat?post=43048"},{"taxonomy":"product_tag","embeddable":true,"href":"https:\/\/geoclimate.ge\/fr\/wp-json\/wp\/v2\/product_tag?post=43048"}],"curies":[{"name":"wp","href":"https:\/\/api.w.org\/{rel}","templated":true}]}}