{"id":43061,"date":"2025-10-18T15:25:15","date_gmt":"2025-10-18T11:25:15","guid":{"rendered":"https:\/\/airsystems.ge\/shop\/product\/vrf-system-indoor-unit-ducted-high-static-pressure-duct-2nd-generation-ac-7-1-56-kw-mdv-dt1-n1-bb-mdv-d71t1-n1-bb-mdv-d80t1-n1-bb-mdv-d90t1-n1-bb-mdv-d112t1-n1-bb-mdv-d140t1-n1-bb-m\/"},"modified":"2025-10-18T15:35:40","modified_gmt":"2025-10-18T11:35:40","slug":"vrf-system-indoor-unit-ducted-high-static-pressure-duct-2nd-generation-ac-7-1-56-kw-mdv-dt1-n1-bb-mdv-d71t1-n1-bb-mdv-d80t1-n1-bb-mdv-d90t1-n1-bb-mdv-d112t1-n1-bb-mdv-d140t1-n1-bb-m","status":"publish","type":"product","link":"https:\/\/geoclimate.ge\/fr\/produit\/vrf-system-indoor-unit-ducted-high-static-pressure-duct-2nd-generation-ac-7-1-56-kw-mdv-dt1-n1-bb-mdv-d71t1-n1-bb-mdv-d80t1-n1-bb-mdv-d90t1-n1-bb-mdv-d112t1-n1-bb-mdv-d140t1-n1-bb-m\/","title":{"rendered":"Unit\u00e9 int\u00e9rieure DRV gainable Unit\u00e9 gainable haute pression statique, 2e g\u00e9n\u00e9ration, climatisation 7,1 &#8211; 56 kW MDV-D**T1\/N1-B(B)  MDV-D71T1\/N1-B(B) MDV-D80T1\/N1-B(B) MDV-D90T1\/N1-B(B) MDV-D112T1\/N1-B(B) MDV-D140T1\/N1-B(B) MDV-D160T1\/N1-B(B) MDV-D200T1\/N1-B(B) MDV-D250T1\/N1-B(B) MDV-D280T1\/N1-B(B)  MIDEA"},"content":{"rendered":"","protected":false},"excerpt":{"rendered":"<h1>Unit\u00e9 gainable haute pression statique, 2e g\u00e9n\u00e9ration, climatisation<\/h1>\n<p>Caract\u00e9ristiques du produit<\/p>\n<p>Unit\u00e9 gainable haute pression 2e g\u00e9n\u00e9ration<\/p>\n<p>4 vitesses de ventilation<br \/>\nGrand volume d&rsquo;air et grande capacit\u00e9, pression statique \u00e9lev\u00e9e (jusqu&rsquo;\u00e0 400 Pa)<br \/>\nReprise d&rsquo;air par l&rsquo;arri\u00e8re<\/p>\n","protected":false},"featured_media":43056,"template":"","meta":[],"product_brand":[],"product_cat":[1992],"product_tag":[],"class_list":{"0":"post-43061","1":"product","2":"type-product","3":"status-publish","4":"has-post-thumbnail","6":"product_cat-systeme-vrf","8":"first","9":"instock","10":"shipping-taxable","11":"product-type-simple"},"yoast_head":"<!-- This site is optimized with the Yoast SEO plugin v27.1.1 - https:\/\/yoast.com\/product\/yoast-seo-wordpress\/ -->\n<title>Unit\u00e9 int\u00e9rieure DRV gainable Unit\u00e9 gainable haute pression statique, 2e g\u00e9n\u00e9ration, climatisation 7,1 - 56 kW MDV-D**T1\/N1-B(B) MDV-D71T1\/N1-B(B) MDV-D80T1\/N1-B(B) MDV-D90T1\/N1-B(B) MDV-D112T1\/N1-B(B) MDV-D140T1\/N1-B(B) MDV-D160T1\/N1-B(B) MDV-D200T1\/N1-B(B) MDV-D250T1\/N1-B(B) MDV-D280T1\/N1-B(B) MIDEA - GeoClimate.ge<\/title>\n<meta name=\"robots\" content=\"index, follow, max-snippet:-1, max-image-preview:large, max-video-preview:-1\" \/>\n<link rel=\"canonical\" href=\"https:\/\/geoclimate.ge\/fr\/produit\/vrf-system-indoor-unit-ducted-high-static-pressure-duct-2nd-generation-ac-7-1-56-kw-mdv-dt1-n1-bb-mdv-d71t1-n1-bb-mdv-d80t1-n1-bb-mdv-d90t1-n1-bb-mdv-d112t1-n1-bb-mdv-d140t1-n1-bb-m\/\" \/>\n<meta property=\"og:locale\" content=\"fr_FR\" \/>\n<meta property=\"og:type\" content=\"article\" \/>\n<meta property=\"og:title\" content=\"Unit\u00e9 int\u00e9rieure DRV gainable Unit\u00e9 gainable haute pression statique, 2e g\u00e9n\u00e9ration, climatisation 7,1 - 56 kW MDV-D**T1\/N1-B(B) MDV-D71T1\/N1-B(B) MDV-D80T1\/N1-B(B) MDV-D90T1\/N1-B(B) MDV-D112T1\/N1-B(B) MDV-D140T1\/N1-B(B) MDV-D160T1\/N1-B(B) MDV-D200T1\/N1-B(B) MDV-D250T1\/N1-B(B) MDV-D280T1\/N1-B(B) MIDEA - GeoClimate.ge\" \/>\n<meta property=\"og:description\" content=\"Unit\u00e9 gainable haute pression statique, 2e g\u00e9n\u00e9ration, climatisation Caract\u00e9ristiques du produit  Unit\u00e9 gainable haute pression 2e g\u00e9n\u00e9ration  4 vitesses de ventilation Grand volume d&#039;air et grande capacit\u00e9, pression statique \u00e9lev\u00e9e (jusqu&#039;\u00e0 400 Pa) Reprise d&#039;air par l&#039;arri\u00e8re\" \/>\n<meta property=\"og:url\" content=\"https:\/\/geoclimate.ge\/fr\/produit\/vrf-system-indoor-unit-ducted-high-static-pressure-duct-2nd-generation-ac-7-1-56-kw-mdv-dt1-n1-bb-mdv-d71t1-n1-bb-mdv-d80t1-n1-bb-mdv-d90t1-n1-bb-mdv-d112t1-n1-bb-mdv-d140t1-n1-bb-m\/\" \/>\n<meta property=\"og:site_name\" content=\"GeoClimate.ge\" \/>\n<meta property=\"article:modified_time\" content=\"2025-10-18T11:35:40+00:00\" \/>\n<meta property=\"og:image\" content=\"https:\/\/geoclimate.ge\/wp-content\/uploads\/2025\/10\/cq5dam.web_.5000.5000-1_c-3.webp\" \/>\n\t<meta property=\"og:image:width\" content=\"768\" \/>\n\t<meta property=\"og:image:height\" content=\"768\" \/>\n\t<meta property=\"og:image:type\" content=\"image\/webp\" \/>\n<meta name=\"twitter:card\" content=\"summary_large_image\" \/>\n<script type=\"application\/ld+json\" class=\"yoast-schema-graph\">{\"@context\":\"https:\/\/schema.org\",\"@graph\":[{\"@type\":\"WebPage\",\"@id\":\"https:\/\/geoclimate.ge\/fr\/produit\/vrf-system-indoor-unit-ducted-high-static-pressure-duct-2nd-generation-ac-7-1-56-kw-mdv-dt1-n1-bb-mdv-d71t1-n1-bb-mdv-d80t1-n1-bb-mdv-d90t1-n1-bb-mdv-d112t1-n1-bb-mdv-d140t1-n1-bb-m\/\",\"url\":\"https:\/\/geoclimate.ge\/fr\/produit\/vrf-system-indoor-unit-ducted-high-static-pressure-duct-2nd-generation-ac-7-1-56-kw-mdv-dt1-n1-bb-mdv-d71t1-n1-bb-mdv-d80t1-n1-bb-mdv-d90t1-n1-bb-mdv-d112t1-n1-bb-mdv-d140t1-n1-bb-m\/\",\"name\":\"Unit\u00e9 int\u00e9rieure DRV gainable Unit\u00e9 gainable haute pression statique, 2e g\u00e9n\u00e9ration, climatisation 7,1 - 56 kW MDV-D**T1\/N1-B(B) MDV-D71T1\/N1-B(B) MDV-D80T1\/N1-B(B) MDV-D90T1\/N1-B(B) MDV-D112T1\/N1-B(B) MDV-D140T1\/N1-B(B) MDV-D160T1\/N1-B(B) MDV-D200T1\/N1-B(B) MDV-D250T1\/N1-B(B) MDV-D280T1\/N1-B(B) MIDEA - GeoClimate.ge\",\"isPartOf\":{\"@id\":\"https:\/\/geoclimate.ge\/#website\"},\"primaryImageOfPage\":{\"@id\":\"https:\/\/geoclimate.ge\/fr\/produit\/vrf-system-indoor-unit-ducted-high-static-pressure-duct-2nd-generation-ac-7-1-56-kw-mdv-dt1-n1-bb-mdv-d71t1-n1-bb-mdv-d80t1-n1-bb-mdv-d90t1-n1-bb-mdv-d112t1-n1-bb-mdv-d140t1-n1-bb-m\/#primaryimage\"},\"image\":{\"@id\":\"https:\/\/geoclimate.ge\/fr\/produit\/vrf-system-indoor-unit-ducted-high-static-pressure-duct-2nd-generation-ac-7-1-56-kw-mdv-dt1-n1-bb-mdv-d71t1-n1-bb-mdv-d80t1-n1-bb-mdv-d90t1-n1-bb-mdv-d112t1-n1-bb-mdv-d140t1-n1-bb-m\/#primaryimage\"},\"thumbnailUrl\":\"https:\/\/geoclimate.ge\/wp-content\/uploads\/2025\/10\/cq5dam.web_.5000.5000-1_c-3.webp\",\"datePublished\":\"2025-10-18T11:25:15+00:00\",\"dateModified\":\"2025-10-18T11:35:40+00:00\",\"breadcrumb\":{\"@id\":\"https:\/\/geoclimate.ge\/fr\/produit\/vrf-system-indoor-unit-ducted-high-static-pressure-duct-2nd-generation-ac-7-1-56-kw-mdv-dt1-n1-bb-mdv-d71t1-n1-bb-mdv-d80t1-n1-bb-mdv-d90t1-n1-bb-mdv-d112t1-n1-bb-mdv-d140t1-n1-bb-m\/#breadcrumb\"},\"inLanguage\":\"fr-FR\",\"potentialAction\":[{\"@type\":\"ReadAction\",\"target\":[\"https:\/\/geoclimate.ge\/fr\/produit\/vrf-system-indoor-unit-ducted-high-static-pressure-duct-2nd-generation-ac-7-1-56-kw-mdv-dt1-n1-bb-mdv-d71t1-n1-bb-mdv-d80t1-n1-bb-mdv-d90t1-n1-bb-mdv-d112t1-n1-bb-mdv-d140t1-n1-bb-m\/\"]}]},{\"@type\":\"ImageObject\",\"inLanguage\":\"fr-FR\",\"@id\":\"https:\/\/geoclimate.ge\/fr\/produit\/vrf-system-indoor-unit-ducted-high-static-pressure-duct-2nd-generation-ac-7-1-56-kw-mdv-dt1-n1-bb-mdv-d71t1-n1-bb-mdv-d80t1-n1-bb-mdv-d90t1-n1-bb-mdv-d112t1-n1-bb-mdv-d140t1-n1-bb-m\/#primaryimage\",\"url\":\"https:\/\/geoclimate.ge\/wp-content\/uploads\/2025\/10\/cq5dam.web_.5000.5000-1_c-3.webp\",\"contentUrl\":\"https:\/\/geoclimate.ge\/wp-content\/uploads\/2025\/10\/cq5dam.web_.5000.5000-1_c-3.webp\",\"width\":768,\"height\":768},{\"@type\":\"BreadcrumbList\",\"@id\":\"https:\/\/geoclimate.ge\/fr\/produit\/vrf-system-indoor-unit-ducted-high-static-pressure-duct-2nd-generation-ac-7-1-56-kw-mdv-dt1-n1-bb-mdv-d71t1-n1-bb-mdv-d80t1-n1-bb-mdv-d90t1-n1-bb-mdv-d112t1-n1-bb-mdv-d140t1-n1-bb-m\/#breadcrumb\",\"itemListElement\":[{\"@type\":\"ListItem\",\"position\":1,\"name\":\"Home\",\"item\":\"https:\/\/geoclimate.ge\/fr\/\"},{\"@type\":\"ListItem\",\"position\":2,\"name\":\"Products\",\"item\":\"https:\/\/geoclimate.ge\/fr\/products\/\"},{\"@type\":\"ListItem\",\"position\":3,\"name\":\"Unit\u00e9 int\u00e9rieure DRV gainable Unit\u00e9 gainable haute pression statique, 2e g\u00e9n\u00e9ration, climatisation 7,1 &#8211; 56 kW MDV-D**T1\/N1-B(B) MDV-D71T1\/N1-B(B) MDV-D80T1\/N1-B(B) MDV-D90T1\/N1-B(B) MDV-D112T1\/N1-B(B) MDV-D140T1\/N1-B(B) MDV-D160T1\/N1-B(B) MDV-D200T1\/N1-B(B) MDV-D250T1\/N1-B(B) MDV-D280T1\/N1-B(B) MIDEA\"}]},{\"@type\":\"WebSite\",\"@id\":\"https:\/\/geoclimate.ge\/#website\",\"url\":\"https:\/\/geoclimate.ge\/\",\"name\":\"GeoClimate\",\"description\":\"\",\"publisher\":{\"@id\":\"https:\/\/geoclimate.ge\/#organization\"},\"potentialAction\":[{\"@type\":\"SearchAction\",\"target\":{\"@type\":\"EntryPoint\",\"urlTemplate\":\"https:\/\/geoclimate.ge\/?s={search_term_string}\"},\"query-input\":{\"@type\":\"PropertyValueSpecification\",\"valueRequired\":true,\"valueName\":\"search_term_string\"}}],\"inLanguage\":\"fr-FR\"},{\"@type\":\"Organization\",\"@id\":\"https:\/\/geoclimate.ge\/#organization\",\"name\":\"GeoClimate\",\"url\":\"https:\/\/geoclimate.ge\/\",\"logo\":{\"@type\":\"ImageObject\",\"inLanguage\":\"fr-FR\",\"@id\":\"https:\/\/geoclimate.ge\/#\/schema\/logo\/image\/\",\"url\":\"https:\/\/geoclimate.ge\/wp-content\/uploads\/2026\/03\/geoclimate-SEO.png\",\"contentUrl\":\"https:\/\/geoclimate.ge\/wp-content\/uploads\/2026\/03\/geoclimate-SEO.png\",\"width\":1536,\"height\":1024,\"caption\":\"GeoClimate\"},\"image\":{\"@id\":\"https:\/\/geoclimate.ge\/#\/schema\/logo\/image\/\"}}]}<\/script>\n<!-- \/ Yoast SEO plugin. -->","yoast_head_json":{"title":"Unit\u00e9 int\u00e9rieure DRV gainable Unit\u00e9 gainable haute pression statique, 2e g\u00e9n\u00e9ration, climatisation 7,1 - 56 kW MDV-D**T1\/N1-B(B) MDV-D71T1\/N1-B(B) MDV-D80T1\/N1-B(B) MDV-D90T1\/N1-B(B) MDV-D112T1\/N1-B(B) MDV-D140T1\/N1-B(B) MDV-D160T1\/N1-B(B) MDV-D200T1\/N1-B(B) MDV-D250T1\/N1-B(B) MDV-D280T1\/N1-B(B) MIDEA - GeoClimate.ge","robots":{"index":"index","follow":"follow","max-snippet":"max-snippet:-1","max-image-preview":"max-image-preview:large","max-video-preview":"max-video-preview:-1"},"canonical":"https:\/\/geoclimate.ge\/fr\/produit\/vrf-system-indoor-unit-ducted-high-static-pressure-duct-2nd-generation-ac-7-1-56-kw-mdv-dt1-n1-bb-mdv-d71t1-n1-bb-mdv-d80t1-n1-bb-mdv-d90t1-n1-bb-mdv-d112t1-n1-bb-mdv-d140t1-n1-bb-m\/","og_locale":"fr_FR","og_type":"article","og_title":"Unit\u00e9 int\u00e9rieure DRV gainable Unit\u00e9 gainable haute pression statique, 2e g\u00e9n\u00e9ration, climatisation 7,1 - 56 kW MDV-D**T1\/N1-B(B) MDV-D71T1\/N1-B(B) MDV-D80T1\/N1-B(B) MDV-D90T1\/N1-B(B) MDV-D112T1\/N1-B(B) MDV-D140T1\/N1-B(B) MDV-D160T1\/N1-B(B) MDV-D200T1\/N1-B(B) MDV-D250T1\/N1-B(B) MDV-D280T1\/N1-B(B) MIDEA - GeoClimate.ge","og_description":"Unit\u00e9 gainable haute pression statique, 2e g\u00e9n\u00e9ration, climatisation Caract\u00e9ristiques du produit  Unit\u00e9 gainable haute pression 2e g\u00e9n\u00e9ration  4 vitesses de ventilation Grand volume d'air et grande capacit\u00e9, pression statique \u00e9lev\u00e9e (jusqu'\u00e0 400 Pa) Reprise d'air par l'arri\u00e8re","og_url":"https:\/\/geoclimate.ge\/fr\/produit\/vrf-system-indoor-unit-ducted-high-static-pressure-duct-2nd-generation-ac-7-1-56-kw-mdv-dt1-n1-bb-mdv-d71t1-n1-bb-mdv-d80t1-n1-bb-mdv-d90t1-n1-bb-mdv-d112t1-n1-bb-mdv-d140t1-n1-bb-m\/","og_site_name":"GeoClimate.ge","article_modified_time":"2025-10-18T11:35:40+00:00","og_image":[{"width":768,"height":768,"url":"https:\/\/geoclimate.ge\/wp-content\/uploads\/2025\/10\/cq5dam.web_.5000.5000-1_c-3.webp","type":"image\/webp"}],"twitter_card":"summary_large_image","schema":{"@context":"https:\/\/schema.org","@graph":[{"@type":"WebPage","@id":"https:\/\/geoclimate.ge\/fr\/produit\/vrf-system-indoor-unit-ducted-high-static-pressure-duct-2nd-generation-ac-7-1-56-kw-mdv-dt1-n1-bb-mdv-d71t1-n1-bb-mdv-d80t1-n1-bb-mdv-d90t1-n1-bb-mdv-d112t1-n1-bb-mdv-d140t1-n1-bb-m\/","url":"https:\/\/geoclimate.ge\/fr\/produit\/vrf-system-indoor-unit-ducted-high-static-pressure-duct-2nd-generation-ac-7-1-56-kw-mdv-dt1-n1-bb-mdv-d71t1-n1-bb-mdv-d80t1-n1-bb-mdv-d90t1-n1-bb-mdv-d112t1-n1-bb-mdv-d140t1-n1-bb-m\/","name":"Unit\u00e9 int\u00e9rieure DRV gainable Unit\u00e9 gainable haute pression statique, 2e g\u00e9n\u00e9ration, climatisation 7,1 - 56 kW MDV-D**T1\/N1-B(B) MDV-D71T1\/N1-B(B) MDV-D80T1\/N1-B(B) MDV-D90T1\/N1-B(B) MDV-D112T1\/N1-B(B) MDV-D140T1\/N1-B(B) MDV-D160T1\/N1-B(B) MDV-D200T1\/N1-B(B) MDV-D250T1\/N1-B(B) MDV-D280T1\/N1-B(B) MIDEA - GeoClimate.ge","isPartOf":{"@id":"https:\/\/geoclimate.ge\/#website"},"primaryImageOfPage":{"@id":"https:\/\/geoclimate.ge\/fr\/produit\/vrf-system-indoor-unit-ducted-high-static-pressure-duct-2nd-generation-ac-7-1-56-kw-mdv-dt1-n1-bb-mdv-d71t1-n1-bb-mdv-d80t1-n1-bb-mdv-d90t1-n1-bb-mdv-d112t1-n1-bb-mdv-d140t1-n1-bb-m\/#primaryimage"},"image":{"@id":"https:\/\/geoclimate.ge\/fr\/produit\/vrf-system-indoor-unit-ducted-high-static-pressure-duct-2nd-generation-ac-7-1-56-kw-mdv-dt1-n1-bb-mdv-d71t1-n1-bb-mdv-d80t1-n1-bb-mdv-d90t1-n1-bb-mdv-d112t1-n1-bb-mdv-d140t1-n1-bb-m\/#primaryimage"},"thumbnailUrl":"https:\/\/geoclimate.ge\/wp-content\/uploads\/2025\/10\/cq5dam.web_.5000.5000-1_c-3.webp","datePublished":"2025-10-18T11:25:15+00:00","dateModified":"2025-10-18T11:35:40+00:00","breadcrumb":{"@id":"https:\/\/geoclimate.ge\/fr\/produit\/vrf-system-indoor-unit-ducted-high-static-pressure-duct-2nd-generation-ac-7-1-56-kw-mdv-dt1-n1-bb-mdv-d71t1-n1-bb-mdv-d80t1-n1-bb-mdv-d90t1-n1-bb-mdv-d112t1-n1-bb-mdv-d140t1-n1-bb-m\/#breadcrumb"},"inLanguage":"fr-FR","potentialAction":[{"@type":"ReadAction","target":["https:\/\/geoclimate.ge\/fr\/produit\/vrf-system-indoor-unit-ducted-high-static-pressure-duct-2nd-generation-ac-7-1-56-kw-mdv-dt1-n1-bb-mdv-d71t1-n1-bb-mdv-d80t1-n1-bb-mdv-d90t1-n1-bb-mdv-d112t1-n1-bb-mdv-d140t1-n1-bb-m\/"]}]},{"@type":"ImageObject","inLanguage":"fr-FR","@id":"https:\/\/geoclimate.ge\/fr\/produit\/vrf-system-indoor-unit-ducted-high-static-pressure-duct-2nd-generation-ac-7-1-56-kw-mdv-dt1-n1-bb-mdv-d71t1-n1-bb-mdv-d80t1-n1-bb-mdv-d90t1-n1-bb-mdv-d112t1-n1-bb-mdv-d140t1-n1-bb-m\/#primaryimage","url":"https:\/\/geoclimate.ge\/wp-content\/uploads\/2025\/10\/cq5dam.web_.5000.5000-1_c-3.webp","contentUrl":"https:\/\/geoclimate.ge\/wp-content\/uploads\/2025\/10\/cq5dam.web_.5000.5000-1_c-3.webp","width":768,"height":768},{"@type":"BreadcrumbList","@id":"https:\/\/geoclimate.ge\/fr\/produit\/vrf-system-indoor-unit-ducted-high-static-pressure-duct-2nd-generation-ac-7-1-56-kw-mdv-dt1-n1-bb-mdv-d71t1-n1-bb-mdv-d80t1-n1-bb-mdv-d90t1-n1-bb-mdv-d112t1-n1-bb-mdv-d140t1-n1-bb-m\/#breadcrumb","itemListElement":[{"@type":"ListItem","position":1,"name":"Home","item":"https:\/\/geoclimate.ge\/fr\/"},{"@type":"ListItem","position":2,"name":"Products","item":"https:\/\/geoclimate.ge\/fr\/products\/"},{"@type":"ListItem","position":3,"name":"Unit\u00e9 int\u00e9rieure DRV gainable Unit\u00e9 gainable haute pression statique, 2e g\u00e9n\u00e9ration, climatisation 7,1 &#8211; 56 kW MDV-D**T1\/N1-B(B) MDV-D71T1\/N1-B(B) MDV-D80T1\/N1-B(B) MDV-D90T1\/N1-B(B) MDV-D112T1\/N1-B(B) MDV-D140T1\/N1-B(B) MDV-D160T1\/N1-B(B) MDV-D200T1\/N1-B(B) MDV-D250T1\/N1-B(B) MDV-D280T1\/N1-B(B) MIDEA"}]},{"@type":"WebSite","@id":"https:\/\/geoclimate.ge\/#website","url":"https:\/\/geoclimate.ge\/","name":"GeoClimate","description":"","publisher":{"@id":"https:\/\/geoclimate.ge\/#organization"},"potentialAction":[{"@type":"SearchAction","target":{"@type":"EntryPoint","urlTemplate":"https:\/\/geoclimate.ge\/?s={search_term_string}"},"query-input":{"@type":"PropertyValueSpecification","valueRequired":true,"valueName":"search_term_string"}}],"inLanguage":"fr-FR"},{"@type":"Organization","@id":"https:\/\/geoclimate.ge\/#organization","name":"GeoClimate","url":"https:\/\/geoclimate.ge\/","logo":{"@type":"ImageObject","inLanguage":"fr-FR","@id":"https:\/\/geoclimate.ge\/#\/schema\/logo\/image\/","url":"https:\/\/geoclimate.ge\/wp-content\/uploads\/2026\/03\/geoclimate-SEO.png","contentUrl":"https:\/\/geoclimate.ge\/wp-content\/uploads\/2026\/03\/geoclimate-SEO.png","width":1536,"height":1024,"caption":"GeoClimate"},"image":{"@id":"https:\/\/geoclimate.ge\/#\/schema\/logo\/image\/"}}]}},"_links":{"self":[{"href":"https:\/\/geoclimate.ge\/fr\/wp-json\/wp\/v2\/product\/43061","targetHints":{"allow":["GET"]}}],"collection":[{"href":"https:\/\/geoclimate.ge\/fr\/wp-json\/wp\/v2\/product"}],"about":[{"href":"https:\/\/geoclimate.ge\/fr\/wp-json\/wp\/v2\/types\/product"}],"wp:featuredmedia":[{"embeddable":true,"href":"https:\/\/geoclimate.ge\/fr\/wp-json\/wp\/v2\/media\/43056"}],"wp:attachment":[{"href":"https:\/\/geoclimate.ge\/fr\/wp-json\/wp\/v2\/media?parent=43061"}],"wp:term":[{"taxonomy":"product_brand","embeddable":true,"href":"https:\/\/geoclimate.ge\/fr\/wp-json\/wp\/v2\/product_brand?post=43061"},{"taxonomy":"product_cat","embeddable":true,"href":"https:\/\/geoclimate.ge\/fr\/wp-json\/wp\/v2\/product_cat?post=43061"},{"taxonomy":"product_tag","embeddable":true,"href":"https:\/\/geoclimate.ge\/fr\/wp-json\/wp\/v2\/product_tag?post=43061"}],"curies":[{"name":"wp","href":"https:\/\/api.w.org\/{rel}","templated":true}]}}