{"id":43306,"date":"2025-10-25T14:31:37","date_gmt":"2025-10-25T10:31:37","guid":{"rendered":"https:\/\/airsystems.ge\/shop\/product\/heat-recovery-ventilator-200-2000-m%c2%b3-h-hrv-da-hrv-d200a-hrv-d300a-hrv-d400a-hrv-d500a-hrv-d800a-hrv-d1000a-hrv-d1500a-hrv-d2000a-midea\/"},"modified":"2025-10-25T14:42:00","modified_gmt":"2025-10-25T10:42:00","slug":"heat-recovery-ventilator-200-2000-m%c2%b3-h-hrv-da-hrv-d200a-hrv-d300a-hrv-d400a-hrv-d500a-hrv-d800a-hrv-d1000a-hrv-d1500a-hrv-d2000a-midea","status":"publish","type":"product","link":"https:\/\/geoclimate.ge\/fr\/produit\/heat-recovery-ventilator-200-2000-m%c2%b3-h-hrv-da-hrv-d200a-hrv-d300a-hrv-d400a-hrv-d500a-hrv-d800a-hrv-d1000a-hrv-d1500a-hrv-d2000a-midea\/","title":{"rendered":"Ventilateur r\u00e9cup\u00e9rateur de chaleur 200 &#8211; 2000 m\u00b3\/h HRV-D***(A) HRV-D200(A) HRV-D300(A) HRV-D400(A) HRV-D500(A) HRV-D800(A) HRV-D1000(A) HRV-D1500(A) HRV-D2000(A) MIDEA"},"content":{"rendered":"","protected":false},"excerpt":{"rendered":"<h1>Ventilateur r\u00e9cup\u00e9rateur de chaleur<\/h1>\n<p>Caract\u00e9ristiques du produit<\/p>\n<p>Unit\u00e9 de r\u00e9cup\u00e9ration de chaleur \u00e0 plaques<\/p>\n<p>Fournit l&rsquo;air frais et l&rsquo;\u00e9vacuation<br \/>\nHaute efficacit\u00e9\u00a0: jusqu&rsquo;\u00e0 83\u00a0%<br \/>\nTechnologie Inverter<br \/>\n4 modes de fonctionnement<br \/>\nFiltre \u00e0 air G4<\/p>\n","protected":false},"featured_media":43289,"template":"","meta":[],"product_brand":[],"product_cat":[1998],"product_tag":[],"class_list":{"0":"post-43306","1":"product","2":"type-product","3":"status-publish","4":"has-post-thumbnail","6":"product_cat-ventilateur-recuperateur-de-chaleur","8":"first","9":"instock","10":"shipping-taxable","11":"product-type-simple"},"yoast_head":"<!-- This site is optimized with the Yoast SEO plugin v27.1.1 - https:\/\/yoast.com\/product\/yoast-seo-wordpress\/ -->\n<title>Ventilateur r\u00e9cup\u00e9rateur de chaleur 200 - 2000 m\u00b3\/h HRV-D***(A) HRV-D200(A) HRV-D300(A) HRV-D400(A) HRV-D500(A) HRV-D800(A) HRV-D1000(A) HRV-D1500(A) HRV-D2000(A) MIDEA - GeoClimate.ge<\/title>\n<meta name=\"robots\" content=\"index, follow, max-snippet:-1, max-image-preview:large, max-video-preview:-1\" \/>\n<link rel=\"canonical\" href=\"https:\/\/geoclimate.ge\/fr\/produit\/heat-recovery-ventilator-200-2000-m\u00b3-h-hrv-da-hrv-d200a-hrv-d300a-hrv-d400a-hrv-d500a-hrv-d800a-hrv-d1000a-hrv-d1500a-hrv-d2000a-midea\/\" \/>\n<meta property=\"og:locale\" content=\"fr_FR\" \/>\n<meta property=\"og:type\" content=\"article\" \/>\n<meta property=\"og:title\" content=\"Ventilateur r\u00e9cup\u00e9rateur de chaleur 200 - 2000 m\u00b3\/h HRV-D***(A) HRV-D200(A) HRV-D300(A) HRV-D400(A) HRV-D500(A) HRV-D800(A) HRV-D1000(A) HRV-D1500(A) HRV-D2000(A) MIDEA - GeoClimate.ge\" \/>\n<meta property=\"og:description\" content=\"Ventilateur r\u00e9cup\u00e9rateur de chaleur Caract\u00e9ristiques du produit  Unit\u00e9 de r\u00e9cup\u00e9ration de chaleur \u00e0 plaques  Fournit l&#039;air frais et l&#039;\u00e9vacuation Haute efficacit\u00e9\u00a0: jusqu&#039;\u00e0 83\u00a0% Technologie Inverter 4 modes de fonctionnement Filtre \u00e0 air G4\" \/>\n<meta property=\"og:url\" content=\"https:\/\/geoclimate.ge\/fr\/produit\/heat-recovery-ventilator-200-2000-m\u00b3-h-hrv-da-hrv-d200a-hrv-d300a-hrv-d400a-hrv-d500a-hrv-d800a-hrv-d1000a-hrv-d1500a-hrv-d2000a-midea\/\" \/>\n<meta property=\"og:site_name\" content=\"GeoClimate.ge\" \/>\n<meta property=\"article:modified_time\" content=\"2025-10-25T10:42:00+00:00\" \/>\n<meta property=\"og:image\" content=\"https:\/\/geoclimate.ge\/wp-content\/uploads\/2025\/10\/HRV-1000_RESULT-1.webp\" \/>\n\t<meta property=\"og:image:width\" content=\"768\" \/>\n\t<meta property=\"og:image:height\" content=\"768\" \/>\n\t<meta property=\"og:image:type\" content=\"image\/webp\" \/>\n<meta name=\"twitter:card\" content=\"summary_large_image\" \/>\n<script type=\"application\/ld+json\" class=\"yoast-schema-graph\">{\"@context\":\"https:\/\/schema.org\",\"@graph\":[{\"@type\":\"WebPage\",\"@id\":\"https:\/\/geoclimate.ge\/fr\/produit\/heat-recovery-ventilator-200-2000-m%c2%b3-h-hrv-da-hrv-d200a-hrv-d300a-hrv-d400a-hrv-d500a-hrv-d800a-hrv-d1000a-hrv-d1500a-hrv-d2000a-midea\/\",\"url\":\"https:\/\/geoclimate.ge\/fr\/produit\/heat-recovery-ventilator-200-2000-m%c2%b3-h-hrv-da-hrv-d200a-hrv-d300a-hrv-d400a-hrv-d500a-hrv-d800a-hrv-d1000a-hrv-d1500a-hrv-d2000a-midea\/\",\"name\":\"Ventilateur r\u00e9cup\u00e9rateur de chaleur 200 - 2000 m\u00b3\/h HRV-D***(A) HRV-D200(A) HRV-D300(A) HRV-D400(A) HRV-D500(A) HRV-D800(A) HRV-D1000(A) HRV-D1500(A) HRV-D2000(A) MIDEA - GeoClimate.ge\",\"isPartOf\":{\"@id\":\"https:\/\/geoclimate.ge\/#website\"},\"primaryImageOfPage\":{\"@id\":\"https:\/\/geoclimate.ge\/fr\/produit\/heat-recovery-ventilator-200-2000-m%c2%b3-h-hrv-da-hrv-d200a-hrv-d300a-hrv-d400a-hrv-d500a-hrv-d800a-hrv-d1000a-hrv-d1500a-hrv-d2000a-midea\/#primaryimage\"},\"image\":{\"@id\":\"https:\/\/geoclimate.ge\/fr\/produit\/heat-recovery-ventilator-200-2000-m%c2%b3-h-hrv-da-hrv-d200a-hrv-d300a-hrv-d400a-hrv-d500a-hrv-d800a-hrv-d1000a-hrv-d1500a-hrv-d2000a-midea\/#primaryimage\"},\"thumbnailUrl\":\"https:\/\/geoclimate.ge\/wp-content\/uploads\/2025\/10\/HRV-1000_RESULT-1.webp\",\"datePublished\":\"2025-10-25T10:31:37+00:00\",\"dateModified\":\"2025-10-25T10:42:00+00:00\",\"breadcrumb\":{\"@id\":\"https:\/\/geoclimate.ge\/fr\/produit\/heat-recovery-ventilator-200-2000-m%c2%b3-h-hrv-da-hrv-d200a-hrv-d300a-hrv-d400a-hrv-d500a-hrv-d800a-hrv-d1000a-hrv-d1500a-hrv-d2000a-midea\/#breadcrumb\"},\"inLanguage\":\"fr-FR\",\"potentialAction\":[{\"@type\":\"ReadAction\",\"target\":[\"https:\/\/geoclimate.ge\/fr\/produit\/heat-recovery-ventilator-200-2000-m%c2%b3-h-hrv-da-hrv-d200a-hrv-d300a-hrv-d400a-hrv-d500a-hrv-d800a-hrv-d1000a-hrv-d1500a-hrv-d2000a-midea\/\"]}]},{\"@type\":\"ImageObject\",\"inLanguage\":\"fr-FR\",\"@id\":\"https:\/\/geoclimate.ge\/fr\/produit\/heat-recovery-ventilator-200-2000-m%c2%b3-h-hrv-da-hrv-d200a-hrv-d300a-hrv-d400a-hrv-d500a-hrv-d800a-hrv-d1000a-hrv-d1500a-hrv-d2000a-midea\/#primaryimage\",\"url\":\"https:\/\/geoclimate.ge\/wp-content\/uploads\/2025\/10\/HRV-1000_RESULT-1.webp\",\"contentUrl\":\"https:\/\/geoclimate.ge\/wp-content\/uploads\/2025\/10\/HRV-1000_RESULT-1.webp\",\"width\":768,\"height\":768},{\"@type\":\"BreadcrumbList\",\"@id\":\"https:\/\/geoclimate.ge\/fr\/produit\/heat-recovery-ventilator-200-2000-m%c2%b3-h-hrv-da-hrv-d200a-hrv-d300a-hrv-d400a-hrv-d500a-hrv-d800a-hrv-d1000a-hrv-d1500a-hrv-d2000a-midea\/#breadcrumb\",\"itemListElement\":[{\"@type\":\"ListItem\",\"position\":1,\"name\":\"Home\",\"item\":\"https:\/\/geoclimate.ge\/fr\/\"},{\"@type\":\"ListItem\",\"position\":2,\"name\":\"Products\",\"item\":\"https:\/\/geoclimate.ge\/fr\/products\/\"},{\"@type\":\"ListItem\",\"position\":3,\"name\":\"Ventilateur r\u00e9cup\u00e9rateur de chaleur 200 &#8211; 2000 m\u00b3\/h HRV-D***(A) HRV-D200(A) HRV-D300(A) HRV-D400(A) HRV-D500(A) HRV-D800(A) HRV-D1000(A) HRV-D1500(A) HRV-D2000(A) MIDEA\"}]},{\"@type\":\"WebSite\",\"@id\":\"https:\/\/geoclimate.ge\/#website\",\"url\":\"https:\/\/geoclimate.ge\/\",\"name\":\"GeoClimate\",\"description\":\"\",\"publisher\":{\"@id\":\"https:\/\/geoclimate.ge\/#organization\"},\"potentialAction\":[{\"@type\":\"SearchAction\",\"target\":{\"@type\":\"EntryPoint\",\"urlTemplate\":\"https:\/\/geoclimate.ge\/?s={search_term_string}\"},\"query-input\":{\"@type\":\"PropertyValueSpecification\",\"valueRequired\":true,\"valueName\":\"search_term_string\"}}],\"inLanguage\":\"fr-FR\"},{\"@type\":\"Organization\",\"@id\":\"https:\/\/geoclimate.ge\/#organization\",\"name\":\"GeoClimate\",\"url\":\"https:\/\/geoclimate.ge\/\",\"logo\":{\"@type\":\"ImageObject\",\"inLanguage\":\"fr-FR\",\"@id\":\"https:\/\/geoclimate.ge\/#\/schema\/logo\/image\/\",\"url\":\"https:\/\/geoclimate.ge\/wp-content\/uploads\/2026\/03\/geoclimate-SEO.png\",\"contentUrl\":\"https:\/\/geoclimate.ge\/wp-content\/uploads\/2026\/03\/geoclimate-SEO.png\",\"width\":1536,\"height\":1024,\"caption\":\"GeoClimate\"},\"image\":{\"@id\":\"https:\/\/geoclimate.ge\/#\/schema\/logo\/image\/\"}}]}<\/script>\n<!-- \/ Yoast SEO plugin. -->","yoast_head_json":{"title":"Ventilateur r\u00e9cup\u00e9rateur de chaleur 200 - 2000 m\u00b3\/h HRV-D***(A) HRV-D200(A) HRV-D300(A) HRV-D400(A) HRV-D500(A) HRV-D800(A) HRV-D1000(A) HRV-D1500(A) HRV-D2000(A) MIDEA - GeoClimate.ge","robots":{"index":"index","follow":"follow","max-snippet":"max-snippet:-1","max-image-preview":"max-image-preview:large","max-video-preview":"max-video-preview:-1"},"canonical":"https:\/\/geoclimate.ge\/fr\/produit\/heat-recovery-ventilator-200-2000-m\u00b3-h-hrv-da-hrv-d200a-hrv-d300a-hrv-d400a-hrv-d500a-hrv-d800a-hrv-d1000a-hrv-d1500a-hrv-d2000a-midea\/","og_locale":"fr_FR","og_type":"article","og_title":"Ventilateur r\u00e9cup\u00e9rateur de chaleur 200 - 2000 m\u00b3\/h HRV-D***(A) HRV-D200(A) HRV-D300(A) HRV-D400(A) HRV-D500(A) HRV-D800(A) HRV-D1000(A) HRV-D1500(A) HRV-D2000(A) MIDEA - GeoClimate.ge","og_description":"Ventilateur r\u00e9cup\u00e9rateur de chaleur Caract\u00e9ristiques du produit  Unit\u00e9 de r\u00e9cup\u00e9ration de chaleur \u00e0 plaques  Fournit l'air frais et l'\u00e9vacuation Haute efficacit\u00e9\u00a0: jusqu'\u00e0 83\u00a0% Technologie Inverter 4 modes de fonctionnement Filtre \u00e0 air G4","og_url":"https:\/\/geoclimate.ge\/fr\/produit\/heat-recovery-ventilator-200-2000-m\u00b3-h-hrv-da-hrv-d200a-hrv-d300a-hrv-d400a-hrv-d500a-hrv-d800a-hrv-d1000a-hrv-d1500a-hrv-d2000a-midea\/","og_site_name":"GeoClimate.ge","article_modified_time":"2025-10-25T10:42:00+00:00","og_image":[{"width":768,"height":768,"url":"https:\/\/geoclimate.ge\/wp-content\/uploads\/2025\/10\/HRV-1000_RESULT-1.webp","type":"image\/webp"}],"twitter_card":"summary_large_image","schema":{"@context":"https:\/\/schema.org","@graph":[{"@type":"WebPage","@id":"https:\/\/geoclimate.ge\/fr\/produit\/heat-recovery-ventilator-200-2000-m%c2%b3-h-hrv-da-hrv-d200a-hrv-d300a-hrv-d400a-hrv-d500a-hrv-d800a-hrv-d1000a-hrv-d1500a-hrv-d2000a-midea\/","url":"https:\/\/geoclimate.ge\/fr\/produit\/heat-recovery-ventilator-200-2000-m%c2%b3-h-hrv-da-hrv-d200a-hrv-d300a-hrv-d400a-hrv-d500a-hrv-d800a-hrv-d1000a-hrv-d1500a-hrv-d2000a-midea\/","name":"Ventilateur r\u00e9cup\u00e9rateur de chaleur 200 - 2000 m\u00b3\/h HRV-D***(A) HRV-D200(A) HRV-D300(A) HRV-D400(A) HRV-D500(A) HRV-D800(A) HRV-D1000(A) HRV-D1500(A) HRV-D2000(A) MIDEA - GeoClimate.ge","isPartOf":{"@id":"https:\/\/geoclimate.ge\/#website"},"primaryImageOfPage":{"@id":"https:\/\/geoclimate.ge\/fr\/produit\/heat-recovery-ventilator-200-2000-m%c2%b3-h-hrv-da-hrv-d200a-hrv-d300a-hrv-d400a-hrv-d500a-hrv-d800a-hrv-d1000a-hrv-d1500a-hrv-d2000a-midea\/#primaryimage"},"image":{"@id":"https:\/\/geoclimate.ge\/fr\/produit\/heat-recovery-ventilator-200-2000-m%c2%b3-h-hrv-da-hrv-d200a-hrv-d300a-hrv-d400a-hrv-d500a-hrv-d800a-hrv-d1000a-hrv-d1500a-hrv-d2000a-midea\/#primaryimage"},"thumbnailUrl":"https:\/\/geoclimate.ge\/wp-content\/uploads\/2025\/10\/HRV-1000_RESULT-1.webp","datePublished":"2025-10-25T10:31:37+00:00","dateModified":"2025-10-25T10:42:00+00:00","breadcrumb":{"@id":"https:\/\/geoclimate.ge\/fr\/produit\/heat-recovery-ventilator-200-2000-m%c2%b3-h-hrv-da-hrv-d200a-hrv-d300a-hrv-d400a-hrv-d500a-hrv-d800a-hrv-d1000a-hrv-d1500a-hrv-d2000a-midea\/#breadcrumb"},"inLanguage":"fr-FR","potentialAction":[{"@type":"ReadAction","target":["https:\/\/geoclimate.ge\/fr\/produit\/heat-recovery-ventilator-200-2000-m%c2%b3-h-hrv-da-hrv-d200a-hrv-d300a-hrv-d400a-hrv-d500a-hrv-d800a-hrv-d1000a-hrv-d1500a-hrv-d2000a-midea\/"]}]},{"@type":"ImageObject","inLanguage":"fr-FR","@id":"https:\/\/geoclimate.ge\/fr\/produit\/heat-recovery-ventilator-200-2000-m%c2%b3-h-hrv-da-hrv-d200a-hrv-d300a-hrv-d400a-hrv-d500a-hrv-d800a-hrv-d1000a-hrv-d1500a-hrv-d2000a-midea\/#primaryimage","url":"https:\/\/geoclimate.ge\/wp-content\/uploads\/2025\/10\/HRV-1000_RESULT-1.webp","contentUrl":"https:\/\/geoclimate.ge\/wp-content\/uploads\/2025\/10\/HRV-1000_RESULT-1.webp","width":768,"height":768},{"@type":"BreadcrumbList","@id":"https:\/\/geoclimate.ge\/fr\/produit\/heat-recovery-ventilator-200-2000-m%c2%b3-h-hrv-da-hrv-d200a-hrv-d300a-hrv-d400a-hrv-d500a-hrv-d800a-hrv-d1000a-hrv-d1500a-hrv-d2000a-midea\/#breadcrumb","itemListElement":[{"@type":"ListItem","position":1,"name":"Home","item":"https:\/\/geoclimate.ge\/fr\/"},{"@type":"ListItem","position":2,"name":"Products","item":"https:\/\/geoclimate.ge\/fr\/products\/"},{"@type":"ListItem","position":3,"name":"Ventilateur r\u00e9cup\u00e9rateur de chaleur 200 &#8211; 2000 m\u00b3\/h HRV-D***(A) HRV-D200(A) HRV-D300(A) HRV-D400(A) HRV-D500(A) HRV-D800(A) HRV-D1000(A) HRV-D1500(A) HRV-D2000(A) MIDEA"}]},{"@type":"WebSite","@id":"https:\/\/geoclimate.ge\/#website","url":"https:\/\/geoclimate.ge\/","name":"GeoClimate","description":"","publisher":{"@id":"https:\/\/geoclimate.ge\/#organization"},"potentialAction":[{"@type":"SearchAction","target":{"@type":"EntryPoint","urlTemplate":"https:\/\/geoclimate.ge\/?s={search_term_string}"},"query-input":{"@type":"PropertyValueSpecification","valueRequired":true,"valueName":"search_term_string"}}],"inLanguage":"fr-FR"},{"@type":"Organization","@id":"https:\/\/geoclimate.ge\/#organization","name":"GeoClimate","url":"https:\/\/geoclimate.ge\/","logo":{"@type":"ImageObject","inLanguage":"fr-FR","@id":"https:\/\/geoclimate.ge\/#\/schema\/logo\/image\/","url":"https:\/\/geoclimate.ge\/wp-content\/uploads\/2026\/03\/geoclimate-SEO.png","contentUrl":"https:\/\/geoclimate.ge\/wp-content\/uploads\/2026\/03\/geoclimate-SEO.png","width":1536,"height":1024,"caption":"GeoClimate"},"image":{"@id":"https:\/\/geoclimate.ge\/#\/schema\/logo\/image\/"}}]}},"_links":{"self":[{"href":"https:\/\/geoclimate.ge\/fr\/wp-json\/wp\/v2\/product\/43306","targetHints":{"allow":["GET"]}}],"collection":[{"href":"https:\/\/geoclimate.ge\/fr\/wp-json\/wp\/v2\/product"}],"about":[{"href":"https:\/\/geoclimate.ge\/fr\/wp-json\/wp\/v2\/types\/product"}],"wp:featuredmedia":[{"embeddable":true,"href":"https:\/\/geoclimate.ge\/fr\/wp-json\/wp\/v2\/media\/43289"}],"wp:attachment":[{"href":"https:\/\/geoclimate.ge\/fr\/wp-json\/wp\/v2\/media?parent=43306"}],"wp:term":[{"taxonomy":"product_brand","embeddable":true,"href":"https:\/\/geoclimate.ge\/fr\/wp-json\/wp\/v2\/product_brand?post=43306"},{"taxonomy":"product_cat","embeddable":true,"href":"https:\/\/geoclimate.ge\/fr\/wp-json\/wp\/v2\/product_cat?post=43306"},{"taxonomy":"product_tag","embeddable":true,"href":"https:\/\/geoclimate.ge\/fr\/wp-json\/wp\/v2\/product_tag?post=43306"}],"curies":[{"name":"wp","href":"https:\/\/api.w.org\/{rel}","templated":true}]}}