{"id":43346,"date":"2025-10-25T17:09:22","date_gmt":"2025-10-25T13:09:22","guid":{"rendered":"https:\/\/airsystems.ge\/shop\/product\/multi-split-ac-outdoor-unit-cirq-hp-series-27-kbtu-m4oa-27hfn8-q%ef%bc%88hru-midea\/"},"modified":"2025-10-25T17:14:26","modified_gmt":"2025-10-25T13:14:26","slug":"multi-split-ac-outdoor-unit-cirq-hp-series-27-kbtu-m4oa-27hfn8-q%ef%bc%88hru-midea","status":"publish","type":"product","link":"https:\/\/geoclimate.ge\/fr\/produit\/multi-split-ac-outdoor-unit-cirq-hp-series-27-kbtu-m4oa-27hfn8-q%ef%bc%88hru-midea\/","title":{"rendered":"Climatiseur multi-split  Unit\u00e9 ext\u00e9rieure  S\u00e9rie CIRQ HP 27 KBTU M4OA-27HFN8-Q (HRU)  MIDEA"},"content":{"rendered":"","protected":false},"excerpt":{"rendered":"<h1>S\u00e9rie CIRQ HP<\/h1>\n<p>Caract\u00e9ristiques du produit<\/p>\n<p>Syst\u00e8me de r\u00e9cup\u00e9ration multi-split assurant le chauffage, la climatisation et la production d&rsquo;eau chaude sanitaire.<\/p>\n<p>Mode climatisation\u00a0: Le syst\u00e8me rafra\u00eechit votre maison sans gaspiller d&rsquo;\u00e9nergie. Il utilise la chaleur extraite lors du refroidissement pour produire gratuitement de l&rsquo;eau chaude sanitaire (ECS).<\/p>\n<p>Mode chauffage\u00a0: En mode chauffage, le syst\u00e8me maintient la temp\u00e9rature de votre maison tout en fournissant en continu de l&rsquo;eau chaude pour vos besoins quotidiens.<\/p>\n<p>R\u00e9servoir d&rsquo;eau chaude sanitaire de 190\u00a0litres<br \/>\nChauffe l&rsquo;eau chaude sanitaire jusqu&rsquo;\u00e0 70\u00a0\u00b0C gr\u00e2ce au chauffage \u00e9lectrique, et jusqu&rsquo;\u00e0 55\u00a0\u00b0C en mode pompe \u00e0 chaleur.<br \/>\nR\u00e9chauffeur \u00e9lectrique suppl\u00e9mentaire de 2\u00a0kW<br \/>\nPermet de connecter jusqu&rsquo;\u00e0 3\u00a0unit\u00e9s int\u00e9rieures et 1\u00a0r\u00e9servoir d&rsquo;eau chaude sanitaire.<br \/>\nTechnologie 3D Full Inverter<br \/>\nEfficace par temps froid<br \/>\nFonctionnement silencieux<\/p>\n","protected":false},"featured_media":43340,"template":"","meta":[],"product_brand":[],"product_cat":[2004],"product_tag":[],"class_list":{"0":"post-43346","1":"product","2":"type-product","3":"status-publish","4":"has-post-thumbnail","6":"product_cat-climatiseur-multi-split","8":"first","9":"instock","10":"shipping-taxable","11":"product-type-simple"},"yoast_head":"<!-- This site is optimized with the Yoast SEO plugin v27.1.1 - https:\/\/yoast.com\/product\/yoast-seo-wordpress\/ -->\n<title>Climatiseur multi-split Unit\u00e9 ext\u00e9rieure S\u00e9rie CIRQ HP 27 KBTU M4OA-27HFN8-Q (HRU) MIDEA - GeoClimate.ge<\/title>\n<meta name=\"robots\" content=\"index, follow, max-snippet:-1, max-image-preview:large, max-video-preview:-1\" \/>\n<link rel=\"canonical\" href=\"https:\/\/geoclimate.ge\/fr\/produit\/multi-split-ac-outdoor-unit-cirq-hp-series-27-kbtu-m4oa-27hfn8-q\uff08hru-midea\/\" \/>\n<meta property=\"og:locale\" content=\"fr_FR\" \/>\n<meta property=\"og:type\" content=\"article\" \/>\n<meta property=\"og:title\" content=\"Climatiseur multi-split Unit\u00e9 ext\u00e9rieure S\u00e9rie CIRQ HP 27 KBTU M4OA-27HFN8-Q (HRU) MIDEA - GeoClimate.ge\" \/>\n<meta property=\"og:description\" content=\"S\u00e9rie CIRQ HP Caract\u00e9ristiques du produit  Syst\u00e8me de r\u00e9cup\u00e9ration multi-split assurant le chauffage, la climatisation et la production d&#039;eau chaude sanitaire.  Mode climatisation\u00a0: Le syst\u00e8me rafra\u00eechit votre maison sans gaspiller d&#039;\u00e9nergie. Il utilise la chaleur extraite lors du refroidissement pour produire gratuitement de l&#039;eau chaude sanitaire (ECS).  Mode chauffage\u00a0: En mode chauffage, le syst\u00e8me maintient la temp\u00e9rature de votre maison tout en fournissant en continu de l&#039;eau chaude pour vos besoins quotidiens.  R\u00e9servoir d&#039;eau chaude sanitaire de 190\u00a0litres Chauffe l&#039;eau chaude sanitaire jusqu&#039;\u00e0 70\u00a0\u00b0C gr\u00e2ce au chauffage \u00e9lectrique, et jusqu&#039;\u00e0 55\u00a0\u00b0C en mode pompe \u00e0 chaleur. R\u00e9chauffeur \u00e9lectrique suppl\u00e9mentaire de 2\u00a0kW Permet de connecter jusqu&#039;\u00e0 3\u00a0unit\u00e9s int\u00e9rieures et 1\u00a0r\u00e9servoir d&#039;eau chaude sanitaire. Technologie 3D Full Inverter Efficace par temps froid Fonctionnement silencieux\" \/>\n<meta property=\"og:url\" content=\"https:\/\/geoclimate.ge\/fr\/produit\/multi-split-ac-outdoor-unit-cirq-hp-series-27-kbtu-m4oa-27hfn8-q\uff08hru-midea\/\" \/>\n<meta property=\"og:site_name\" content=\"GeoClimate.ge\" \/>\n<meta property=\"article:modified_time\" content=\"2025-10-25T13:14:26+00:00\" \/>\n<meta property=\"og:image\" content=\"https:\/\/geoclimate.ge\/wp-content\/uploads\/2025\/10\/CIRQ-SET_OG.webp\" \/>\n\t<meta property=\"og:image:width\" content=\"764\" \/>\n\t<meta property=\"og:image:height\" content=\"724\" \/>\n\t<meta property=\"og:image:type\" content=\"image\/webp\" \/>\n<meta name=\"twitter:card\" content=\"summary_large_image\" \/>\n<script type=\"application\/ld+json\" class=\"yoast-schema-graph\">{\"@context\":\"https:\/\/schema.org\",\"@graph\":[{\"@type\":\"WebPage\",\"@id\":\"https:\/\/geoclimate.ge\/fr\/produit\/multi-split-ac-outdoor-unit-cirq-hp-series-27-kbtu-m4oa-27hfn8-q%ef%bc%88hru-midea\/\",\"url\":\"https:\/\/geoclimate.ge\/fr\/produit\/multi-split-ac-outdoor-unit-cirq-hp-series-27-kbtu-m4oa-27hfn8-q%ef%bc%88hru-midea\/\",\"name\":\"Climatiseur multi-split Unit\u00e9 ext\u00e9rieure S\u00e9rie CIRQ HP 27 KBTU M4OA-27HFN8-Q (HRU) MIDEA - GeoClimate.ge\",\"isPartOf\":{\"@id\":\"https:\/\/geoclimate.ge\/#website\"},\"primaryImageOfPage\":{\"@id\":\"https:\/\/geoclimate.ge\/fr\/produit\/multi-split-ac-outdoor-unit-cirq-hp-series-27-kbtu-m4oa-27hfn8-q%ef%bc%88hru-midea\/#primaryimage\"},\"image\":{\"@id\":\"https:\/\/geoclimate.ge\/fr\/produit\/multi-split-ac-outdoor-unit-cirq-hp-series-27-kbtu-m4oa-27hfn8-q%ef%bc%88hru-midea\/#primaryimage\"},\"thumbnailUrl\":\"https:\/\/geoclimate.ge\/wp-content\/uploads\/2025\/10\/CIRQ-SET_OG.webp\",\"datePublished\":\"2025-10-25T13:09:22+00:00\",\"dateModified\":\"2025-10-25T13:14:26+00:00\",\"breadcrumb\":{\"@id\":\"https:\/\/geoclimate.ge\/fr\/produit\/multi-split-ac-outdoor-unit-cirq-hp-series-27-kbtu-m4oa-27hfn8-q%ef%bc%88hru-midea\/#breadcrumb\"},\"inLanguage\":\"fr-FR\",\"potentialAction\":[{\"@type\":\"ReadAction\",\"target\":[\"https:\/\/geoclimate.ge\/fr\/produit\/multi-split-ac-outdoor-unit-cirq-hp-series-27-kbtu-m4oa-27hfn8-q%ef%bc%88hru-midea\/\"]}]},{\"@type\":\"ImageObject\",\"inLanguage\":\"fr-FR\",\"@id\":\"https:\/\/geoclimate.ge\/fr\/produit\/multi-split-ac-outdoor-unit-cirq-hp-series-27-kbtu-m4oa-27hfn8-q%ef%bc%88hru-midea\/#primaryimage\",\"url\":\"https:\/\/geoclimate.ge\/wp-content\/uploads\/2025\/10\/CIRQ-SET_OG.webp\",\"contentUrl\":\"https:\/\/geoclimate.ge\/wp-content\/uploads\/2025\/10\/CIRQ-SET_OG.webp\",\"width\":764,\"height\":724},{\"@type\":\"BreadcrumbList\",\"@id\":\"https:\/\/geoclimate.ge\/fr\/produit\/multi-split-ac-outdoor-unit-cirq-hp-series-27-kbtu-m4oa-27hfn8-q%ef%bc%88hru-midea\/#breadcrumb\",\"itemListElement\":[{\"@type\":\"ListItem\",\"position\":1,\"name\":\"Home\",\"item\":\"https:\/\/geoclimate.ge\/fr\/\"},{\"@type\":\"ListItem\",\"position\":2,\"name\":\"Products\",\"item\":\"https:\/\/geoclimate.ge\/fr\/products\/\"},{\"@type\":\"ListItem\",\"position\":3,\"name\":\"Climatiseur multi-split Unit\u00e9 ext\u00e9rieure S\u00e9rie CIRQ HP 27 KBTU M4OA-27HFN8-Q (HRU) MIDEA\"}]},{\"@type\":\"WebSite\",\"@id\":\"https:\/\/geoclimate.ge\/#website\",\"url\":\"https:\/\/geoclimate.ge\/\",\"name\":\"GeoClimate\",\"description\":\"\",\"publisher\":{\"@id\":\"https:\/\/geoclimate.ge\/#organization\"},\"potentialAction\":[{\"@type\":\"SearchAction\",\"target\":{\"@type\":\"EntryPoint\",\"urlTemplate\":\"https:\/\/geoclimate.ge\/?s={search_term_string}\"},\"query-input\":{\"@type\":\"PropertyValueSpecification\",\"valueRequired\":true,\"valueName\":\"search_term_string\"}}],\"inLanguage\":\"fr-FR\"},{\"@type\":\"Organization\",\"@id\":\"https:\/\/geoclimate.ge\/#organization\",\"name\":\"GeoClimate\",\"url\":\"https:\/\/geoclimate.ge\/\",\"logo\":{\"@type\":\"ImageObject\",\"inLanguage\":\"fr-FR\",\"@id\":\"https:\/\/geoclimate.ge\/#\/schema\/logo\/image\/\",\"url\":\"https:\/\/geoclimate.ge\/wp-content\/uploads\/2026\/03\/geoclimate-SEO.png\",\"contentUrl\":\"https:\/\/geoclimate.ge\/wp-content\/uploads\/2026\/03\/geoclimate-SEO.png\",\"width\":1536,\"height\":1024,\"caption\":\"GeoClimate\"},\"image\":{\"@id\":\"https:\/\/geoclimate.ge\/#\/schema\/logo\/image\/\"}}]}<\/script>\n<!-- \/ Yoast SEO plugin. -->","yoast_head_json":{"title":"Climatiseur multi-split Unit\u00e9 ext\u00e9rieure S\u00e9rie CIRQ HP 27 KBTU M4OA-27HFN8-Q (HRU) MIDEA - GeoClimate.ge","robots":{"index":"index","follow":"follow","max-snippet":"max-snippet:-1","max-image-preview":"max-image-preview:large","max-video-preview":"max-video-preview:-1"},"canonical":"https:\/\/geoclimate.ge\/fr\/produit\/multi-split-ac-outdoor-unit-cirq-hp-series-27-kbtu-m4oa-27hfn8-q\uff08hru-midea\/","og_locale":"fr_FR","og_type":"article","og_title":"Climatiseur multi-split Unit\u00e9 ext\u00e9rieure S\u00e9rie CIRQ HP 27 KBTU M4OA-27HFN8-Q (HRU) MIDEA - GeoClimate.ge","og_description":"S\u00e9rie CIRQ HP Caract\u00e9ristiques du produit  Syst\u00e8me de r\u00e9cup\u00e9ration multi-split assurant le chauffage, la climatisation et la production d'eau chaude sanitaire.  Mode climatisation\u00a0: Le syst\u00e8me rafra\u00eechit votre maison sans gaspiller d'\u00e9nergie. Il utilise la chaleur extraite lors du refroidissement pour produire gratuitement de l'eau chaude sanitaire (ECS).  Mode chauffage\u00a0: En mode chauffage, le syst\u00e8me maintient la temp\u00e9rature de votre maison tout en fournissant en continu de l'eau chaude pour vos besoins quotidiens.  R\u00e9servoir d'eau chaude sanitaire de 190\u00a0litres Chauffe l'eau chaude sanitaire jusqu'\u00e0 70\u00a0\u00b0C gr\u00e2ce au chauffage \u00e9lectrique, et jusqu'\u00e0 55\u00a0\u00b0C en mode pompe \u00e0 chaleur. R\u00e9chauffeur \u00e9lectrique suppl\u00e9mentaire de 2\u00a0kW Permet de connecter jusqu'\u00e0 3\u00a0unit\u00e9s int\u00e9rieures et 1\u00a0r\u00e9servoir d'eau chaude sanitaire. Technologie 3D Full Inverter Efficace par temps froid Fonctionnement silencieux","og_url":"https:\/\/geoclimate.ge\/fr\/produit\/multi-split-ac-outdoor-unit-cirq-hp-series-27-kbtu-m4oa-27hfn8-q\uff08hru-midea\/","og_site_name":"GeoClimate.ge","article_modified_time":"2025-10-25T13:14:26+00:00","og_image":[{"width":764,"height":724,"url":"https:\/\/geoclimate.ge\/wp-content\/uploads\/2025\/10\/CIRQ-SET_OG.webp","type":"image\/webp"}],"twitter_card":"summary_large_image","schema":{"@context":"https:\/\/schema.org","@graph":[{"@type":"WebPage","@id":"https:\/\/geoclimate.ge\/fr\/produit\/multi-split-ac-outdoor-unit-cirq-hp-series-27-kbtu-m4oa-27hfn8-q%ef%bc%88hru-midea\/","url":"https:\/\/geoclimate.ge\/fr\/produit\/multi-split-ac-outdoor-unit-cirq-hp-series-27-kbtu-m4oa-27hfn8-q%ef%bc%88hru-midea\/","name":"Climatiseur multi-split Unit\u00e9 ext\u00e9rieure S\u00e9rie CIRQ HP 27 KBTU M4OA-27HFN8-Q (HRU) MIDEA - GeoClimate.ge","isPartOf":{"@id":"https:\/\/geoclimate.ge\/#website"},"primaryImageOfPage":{"@id":"https:\/\/geoclimate.ge\/fr\/produit\/multi-split-ac-outdoor-unit-cirq-hp-series-27-kbtu-m4oa-27hfn8-q%ef%bc%88hru-midea\/#primaryimage"},"image":{"@id":"https:\/\/geoclimate.ge\/fr\/produit\/multi-split-ac-outdoor-unit-cirq-hp-series-27-kbtu-m4oa-27hfn8-q%ef%bc%88hru-midea\/#primaryimage"},"thumbnailUrl":"https:\/\/geoclimate.ge\/wp-content\/uploads\/2025\/10\/CIRQ-SET_OG.webp","datePublished":"2025-10-25T13:09:22+00:00","dateModified":"2025-10-25T13:14:26+00:00","breadcrumb":{"@id":"https:\/\/geoclimate.ge\/fr\/produit\/multi-split-ac-outdoor-unit-cirq-hp-series-27-kbtu-m4oa-27hfn8-q%ef%bc%88hru-midea\/#breadcrumb"},"inLanguage":"fr-FR","potentialAction":[{"@type":"ReadAction","target":["https:\/\/geoclimate.ge\/fr\/produit\/multi-split-ac-outdoor-unit-cirq-hp-series-27-kbtu-m4oa-27hfn8-q%ef%bc%88hru-midea\/"]}]},{"@type":"ImageObject","inLanguage":"fr-FR","@id":"https:\/\/geoclimate.ge\/fr\/produit\/multi-split-ac-outdoor-unit-cirq-hp-series-27-kbtu-m4oa-27hfn8-q%ef%bc%88hru-midea\/#primaryimage","url":"https:\/\/geoclimate.ge\/wp-content\/uploads\/2025\/10\/CIRQ-SET_OG.webp","contentUrl":"https:\/\/geoclimate.ge\/wp-content\/uploads\/2025\/10\/CIRQ-SET_OG.webp","width":764,"height":724},{"@type":"BreadcrumbList","@id":"https:\/\/geoclimate.ge\/fr\/produit\/multi-split-ac-outdoor-unit-cirq-hp-series-27-kbtu-m4oa-27hfn8-q%ef%bc%88hru-midea\/#breadcrumb","itemListElement":[{"@type":"ListItem","position":1,"name":"Home","item":"https:\/\/geoclimate.ge\/fr\/"},{"@type":"ListItem","position":2,"name":"Products","item":"https:\/\/geoclimate.ge\/fr\/products\/"},{"@type":"ListItem","position":3,"name":"Climatiseur multi-split Unit\u00e9 ext\u00e9rieure S\u00e9rie CIRQ HP 27 KBTU M4OA-27HFN8-Q (HRU) MIDEA"}]},{"@type":"WebSite","@id":"https:\/\/geoclimate.ge\/#website","url":"https:\/\/geoclimate.ge\/","name":"GeoClimate","description":"","publisher":{"@id":"https:\/\/geoclimate.ge\/#organization"},"potentialAction":[{"@type":"SearchAction","target":{"@type":"EntryPoint","urlTemplate":"https:\/\/geoclimate.ge\/?s={search_term_string}"},"query-input":{"@type":"PropertyValueSpecification","valueRequired":true,"valueName":"search_term_string"}}],"inLanguage":"fr-FR"},{"@type":"Organization","@id":"https:\/\/geoclimate.ge\/#organization","name":"GeoClimate","url":"https:\/\/geoclimate.ge\/","logo":{"@type":"ImageObject","inLanguage":"fr-FR","@id":"https:\/\/geoclimate.ge\/#\/schema\/logo\/image\/","url":"https:\/\/geoclimate.ge\/wp-content\/uploads\/2026\/03\/geoclimate-SEO.png","contentUrl":"https:\/\/geoclimate.ge\/wp-content\/uploads\/2026\/03\/geoclimate-SEO.png","width":1536,"height":1024,"caption":"GeoClimate"},"image":{"@id":"https:\/\/geoclimate.ge\/#\/schema\/logo\/image\/"}}]}},"_links":{"self":[{"href":"https:\/\/geoclimate.ge\/fr\/wp-json\/wp\/v2\/product\/43346","targetHints":{"allow":["GET"]}}],"collection":[{"href":"https:\/\/geoclimate.ge\/fr\/wp-json\/wp\/v2\/product"}],"about":[{"href":"https:\/\/geoclimate.ge\/fr\/wp-json\/wp\/v2\/types\/product"}],"wp:featuredmedia":[{"embeddable":true,"href":"https:\/\/geoclimate.ge\/fr\/wp-json\/wp\/v2\/media\/43340"}],"wp:attachment":[{"href":"https:\/\/geoclimate.ge\/fr\/wp-json\/wp\/v2\/media?parent=43346"}],"wp:term":[{"taxonomy":"product_brand","embeddable":true,"href":"https:\/\/geoclimate.ge\/fr\/wp-json\/wp\/v2\/product_brand?post=43346"},{"taxonomy":"product_cat","embeddable":true,"href":"https:\/\/geoclimate.ge\/fr\/wp-json\/wp\/v2\/product_cat?post=43346"},{"taxonomy":"product_tag","embeddable":true,"href":"https:\/\/geoclimate.ge\/fr\/wp-json\/wp\/v2\/product_tag?post=43346"}],"curies":[{"name":"wp","href":"https:\/\/api.w.org\/{rel}","templated":true}]}}