{"id":43441,"date":"2025-10-25T21:59:16","date_gmt":"2025-10-25T17:59:16","guid":{"rendered":"https:\/\/airsystems.ge\/shop\/product\/multi-split-ac-indoor-unit-ducted-mtj-a7-multi-series-9-18-kbtu-mtj-fnxd1-q-mtj-09fnxd1-q-m-mtj-12fnxd1-q-m-mtj-18fnxd1-q-m-midea\/"},"modified":"2025-10-25T22:03:10","modified_gmt":"2025-10-25T18:03:10","slug":"multi-split-ac-indoor-unit-ducted-mtj-a7-multi-series-9-18-kbtu-mtj-fnxd1-q-mtj-09fnxd1-q-m-mtj-12fnxd1-q-m-mtj-18fnxd1-q-m-midea","status":"publish","type":"product","link":"https:\/\/geoclimate.ge\/fr\/produit\/multi-split-ac-indoor-unit-ducted-mtj-a7-multi-series-9-18-kbtu-mtj-fnxd1-q-mtj-09fnxd1-q-m-mtj-12fnxd1-q-m-mtj-18fnxd1-q-m-midea\/","title":{"rendered":"Climatiseur multi-split  Unit\u00e9 int\u00e9rieure  S\u00e9rie MTJ A7 Multi gainable 9 &#8211; 18 KBTU MTJ-**FNXD1-Q MTJ-09FNXD1-Q (M) MTJ-12FNXD1-Q (M) MTJ-18FNXD1-Q (M)  MIDEA"},"content":{"rendered":"","protected":false},"excerpt":{"rendered":"<h1>S\u00e9rie MTJ A7 Multi gainable<\/h1>\n<p>Caract\u00e9ristiques produit<\/p>\n<p>Unit\u00e9 int\u00e9rieure gainable pour syst\u00e8me multi-split<\/p>\n<p>Technologie Inverter 3 vitesses<br \/>\nDesign fin\u00a0: jusqu&rsquo;\u00e0 24,5\u00a0cm<br \/>\nHauteur de relevage de la pompe de vidange\u00a0: 75\u00a0cm<br \/>\nPrise d&rsquo;air frais\u00a0: jusqu&rsquo;\u00e0 10\u00a0%<br \/>\nContr\u00f4leur mural filaire<br \/>\nCompatible avec deux types de reprise d&rsquo;air\u00a0: arri\u00e8re et inf\u00e9rieure<br \/>\nEfficace par temps froid<br \/>\nFonctionnement silencieux<\/p>\n","protected":false},"featured_media":43435,"template":"","meta":[],"product_brand":[],"product_cat":[2004],"product_tag":[],"class_list":{"0":"post-43441","1":"product","2":"type-product","3":"status-publish","4":"has-post-thumbnail","6":"product_cat-climatiseur-multi-split","8":"first","9":"instock","10":"shipping-taxable","11":"product-type-simple"},"yoast_head":"<!-- This site is optimized with the Yoast SEO plugin v27.1.1 - https:\/\/yoast.com\/product\/yoast-seo-wordpress\/ -->\n<title>Climatiseur multi-split Unit\u00e9 int\u00e9rieure S\u00e9rie MTJ A7 Multi gainable 9 - 18 KBTU MTJ-**FNXD1-Q MTJ-09FNXD1-Q (M) MTJ-12FNXD1-Q (M) MTJ-18FNXD1-Q (M) MIDEA - GeoClimate.ge<\/title>\n<meta name=\"robots\" content=\"index, follow, max-snippet:-1, max-image-preview:large, max-video-preview:-1\" \/>\n<link rel=\"canonical\" href=\"https:\/\/geoclimate.ge\/fr\/produit\/multi-split-ac-indoor-unit-ducted-mtj-a7-multi-series-9-18-kbtu-mtj-fnxd1-q-mtj-09fnxd1-q-m-mtj-12fnxd1-q-m-mtj-18fnxd1-q-m-midea\/\" \/>\n<meta property=\"og:locale\" content=\"fr_FR\" \/>\n<meta property=\"og:type\" content=\"article\" \/>\n<meta property=\"og:title\" content=\"Climatiseur multi-split Unit\u00e9 int\u00e9rieure S\u00e9rie MTJ A7 Multi gainable 9 - 18 KBTU MTJ-**FNXD1-Q MTJ-09FNXD1-Q (M) MTJ-12FNXD1-Q (M) MTJ-18FNXD1-Q (M) MIDEA - GeoClimate.ge\" \/>\n<meta property=\"og:description\" content=\"S\u00e9rie MTJ A7 Multi gainable Caract\u00e9ristiques produit  Unit\u00e9 int\u00e9rieure gainable pour syst\u00e8me multi-split  Technologie Inverter 3 vitesses Design fin\u00a0: jusqu&#039;\u00e0 24,5\u00a0cm Hauteur de relevage de la pompe de vidange\u00a0: 75\u00a0cm Prise d&#039;air frais\u00a0: jusqu&#039;\u00e0 10\u00a0% Contr\u00f4leur mural filaire Compatible avec deux types de reprise d&#039;air\u00a0: arri\u00e8re et inf\u00e9rieure Efficace par temps froid Fonctionnement silencieux\" \/>\n<meta property=\"og:url\" content=\"https:\/\/geoclimate.ge\/fr\/produit\/multi-split-ac-indoor-unit-ducted-mtj-a7-multi-series-9-18-kbtu-mtj-fnxd1-q-mtj-09fnxd1-q-m-mtj-12fnxd1-q-m-mtj-18fnxd1-q-m-midea\/\" \/>\n<meta property=\"og:site_name\" content=\"GeoClimate.ge\" \/>\n<meta property=\"article:modified_time\" content=\"2025-10-25T18:03:10+00:00\" \/>\n<meta property=\"og:image\" content=\"https:\/\/geoclimate.ge\/wp-content\/uploads\/2025\/10\/16_OG.webp\" \/>\n\t<meta property=\"og:image:width\" content=\"764\" \/>\n\t<meta property=\"og:image:height\" content=\"430\" \/>\n\t<meta property=\"og:image:type\" content=\"image\/webp\" \/>\n<meta name=\"twitter:card\" content=\"summary_large_image\" \/>\n<script type=\"application\/ld+json\" class=\"yoast-schema-graph\">{\"@context\":\"https:\/\/schema.org\",\"@graph\":[{\"@type\":\"WebPage\",\"@id\":\"https:\/\/geoclimate.ge\/fr\/produit\/multi-split-ac-indoor-unit-ducted-mtj-a7-multi-series-9-18-kbtu-mtj-fnxd1-q-mtj-09fnxd1-q-m-mtj-12fnxd1-q-m-mtj-18fnxd1-q-m-midea\/\",\"url\":\"https:\/\/geoclimate.ge\/fr\/produit\/multi-split-ac-indoor-unit-ducted-mtj-a7-multi-series-9-18-kbtu-mtj-fnxd1-q-mtj-09fnxd1-q-m-mtj-12fnxd1-q-m-mtj-18fnxd1-q-m-midea\/\",\"name\":\"Climatiseur multi-split Unit\u00e9 int\u00e9rieure S\u00e9rie MTJ A7 Multi gainable 9 - 18 KBTU MTJ-**FNXD1-Q MTJ-09FNXD1-Q (M) MTJ-12FNXD1-Q (M) MTJ-18FNXD1-Q (M) MIDEA - GeoClimate.ge\",\"isPartOf\":{\"@id\":\"https:\/\/geoclimate.ge\/#website\"},\"primaryImageOfPage\":{\"@id\":\"https:\/\/geoclimate.ge\/fr\/produit\/multi-split-ac-indoor-unit-ducted-mtj-a7-multi-series-9-18-kbtu-mtj-fnxd1-q-mtj-09fnxd1-q-m-mtj-12fnxd1-q-m-mtj-18fnxd1-q-m-midea\/#primaryimage\"},\"image\":{\"@id\":\"https:\/\/geoclimate.ge\/fr\/produit\/multi-split-ac-indoor-unit-ducted-mtj-a7-multi-series-9-18-kbtu-mtj-fnxd1-q-mtj-09fnxd1-q-m-mtj-12fnxd1-q-m-mtj-18fnxd1-q-m-midea\/#primaryimage\"},\"thumbnailUrl\":\"https:\/\/geoclimate.ge\/wp-content\/uploads\/2025\/10\/16_OG.webp\",\"datePublished\":\"2025-10-25T17:59:16+00:00\",\"dateModified\":\"2025-10-25T18:03:10+00:00\",\"breadcrumb\":{\"@id\":\"https:\/\/geoclimate.ge\/fr\/produit\/multi-split-ac-indoor-unit-ducted-mtj-a7-multi-series-9-18-kbtu-mtj-fnxd1-q-mtj-09fnxd1-q-m-mtj-12fnxd1-q-m-mtj-18fnxd1-q-m-midea\/#breadcrumb\"},\"inLanguage\":\"fr-FR\",\"potentialAction\":[{\"@type\":\"ReadAction\",\"target\":[\"https:\/\/geoclimate.ge\/fr\/produit\/multi-split-ac-indoor-unit-ducted-mtj-a7-multi-series-9-18-kbtu-mtj-fnxd1-q-mtj-09fnxd1-q-m-mtj-12fnxd1-q-m-mtj-18fnxd1-q-m-midea\/\"]}]},{\"@type\":\"ImageObject\",\"inLanguage\":\"fr-FR\",\"@id\":\"https:\/\/geoclimate.ge\/fr\/produit\/multi-split-ac-indoor-unit-ducted-mtj-a7-multi-series-9-18-kbtu-mtj-fnxd1-q-mtj-09fnxd1-q-m-mtj-12fnxd1-q-m-mtj-18fnxd1-q-m-midea\/#primaryimage\",\"url\":\"https:\/\/geoclimate.ge\/wp-content\/uploads\/2025\/10\/16_OG.webp\",\"contentUrl\":\"https:\/\/geoclimate.ge\/wp-content\/uploads\/2025\/10\/16_OG.webp\",\"width\":764,\"height\":430},{\"@type\":\"BreadcrumbList\",\"@id\":\"https:\/\/geoclimate.ge\/fr\/produit\/multi-split-ac-indoor-unit-ducted-mtj-a7-multi-series-9-18-kbtu-mtj-fnxd1-q-mtj-09fnxd1-q-m-mtj-12fnxd1-q-m-mtj-18fnxd1-q-m-midea\/#breadcrumb\",\"itemListElement\":[{\"@type\":\"ListItem\",\"position\":1,\"name\":\"Home\",\"item\":\"https:\/\/geoclimate.ge\/fr\/\"},{\"@type\":\"ListItem\",\"position\":2,\"name\":\"Products\",\"item\":\"https:\/\/geoclimate.ge\/fr\/products\/\"},{\"@type\":\"ListItem\",\"position\":3,\"name\":\"Climatiseur multi-split Unit\u00e9 int\u00e9rieure S\u00e9rie MTJ A7 Multi gainable 9 &#8211; 18 KBTU MTJ-**FNXD1-Q MTJ-09FNXD1-Q (M) MTJ-12FNXD1-Q (M) MTJ-18FNXD1-Q (M) MIDEA\"}]},{\"@type\":\"WebSite\",\"@id\":\"https:\/\/geoclimate.ge\/#website\",\"url\":\"https:\/\/geoclimate.ge\/\",\"name\":\"GeoClimate\",\"description\":\"\",\"publisher\":{\"@id\":\"https:\/\/geoclimate.ge\/#organization\"},\"potentialAction\":[{\"@type\":\"SearchAction\",\"target\":{\"@type\":\"EntryPoint\",\"urlTemplate\":\"https:\/\/geoclimate.ge\/?s={search_term_string}\"},\"query-input\":{\"@type\":\"PropertyValueSpecification\",\"valueRequired\":true,\"valueName\":\"search_term_string\"}}],\"inLanguage\":\"fr-FR\"},{\"@type\":\"Organization\",\"@id\":\"https:\/\/geoclimate.ge\/#organization\",\"name\":\"GeoClimate\",\"url\":\"https:\/\/geoclimate.ge\/\",\"logo\":{\"@type\":\"ImageObject\",\"inLanguage\":\"fr-FR\",\"@id\":\"https:\/\/geoclimate.ge\/#\/schema\/logo\/image\/\",\"url\":\"https:\/\/geoclimate.ge\/wp-content\/uploads\/2026\/03\/geoclimate-SEO.png\",\"contentUrl\":\"https:\/\/geoclimate.ge\/wp-content\/uploads\/2026\/03\/geoclimate-SEO.png\",\"width\":1536,\"height\":1024,\"caption\":\"GeoClimate\"},\"image\":{\"@id\":\"https:\/\/geoclimate.ge\/#\/schema\/logo\/image\/\"}}]}<\/script>\n<!-- \/ Yoast SEO plugin. -->","yoast_head_json":{"title":"Climatiseur multi-split Unit\u00e9 int\u00e9rieure S\u00e9rie MTJ A7 Multi gainable 9 - 18 KBTU MTJ-**FNXD1-Q MTJ-09FNXD1-Q (M) MTJ-12FNXD1-Q (M) MTJ-18FNXD1-Q (M) MIDEA - GeoClimate.ge","robots":{"index":"index","follow":"follow","max-snippet":"max-snippet:-1","max-image-preview":"max-image-preview:large","max-video-preview":"max-video-preview:-1"},"canonical":"https:\/\/geoclimate.ge\/fr\/produit\/multi-split-ac-indoor-unit-ducted-mtj-a7-multi-series-9-18-kbtu-mtj-fnxd1-q-mtj-09fnxd1-q-m-mtj-12fnxd1-q-m-mtj-18fnxd1-q-m-midea\/","og_locale":"fr_FR","og_type":"article","og_title":"Climatiseur multi-split Unit\u00e9 int\u00e9rieure S\u00e9rie MTJ A7 Multi gainable 9 - 18 KBTU MTJ-**FNXD1-Q MTJ-09FNXD1-Q (M) MTJ-12FNXD1-Q (M) MTJ-18FNXD1-Q (M) MIDEA - GeoClimate.ge","og_description":"S\u00e9rie MTJ A7 Multi gainable Caract\u00e9ristiques produit  Unit\u00e9 int\u00e9rieure gainable pour syst\u00e8me multi-split  Technologie Inverter 3 vitesses Design fin\u00a0: jusqu'\u00e0 24,5\u00a0cm Hauteur de relevage de la pompe de vidange\u00a0: 75\u00a0cm Prise d'air frais\u00a0: jusqu'\u00e0 10\u00a0% Contr\u00f4leur mural filaire Compatible avec deux types de reprise d'air\u00a0: arri\u00e8re et inf\u00e9rieure Efficace par temps froid Fonctionnement silencieux","og_url":"https:\/\/geoclimate.ge\/fr\/produit\/multi-split-ac-indoor-unit-ducted-mtj-a7-multi-series-9-18-kbtu-mtj-fnxd1-q-mtj-09fnxd1-q-m-mtj-12fnxd1-q-m-mtj-18fnxd1-q-m-midea\/","og_site_name":"GeoClimate.ge","article_modified_time":"2025-10-25T18:03:10+00:00","og_image":[{"width":764,"height":430,"url":"https:\/\/geoclimate.ge\/wp-content\/uploads\/2025\/10\/16_OG.webp","type":"image\/webp"}],"twitter_card":"summary_large_image","schema":{"@context":"https:\/\/schema.org","@graph":[{"@type":"WebPage","@id":"https:\/\/geoclimate.ge\/fr\/produit\/multi-split-ac-indoor-unit-ducted-mtj-a7-multi-series-9-18-kbtu-mtj-fnxd1-q-mtj-09fnxd1-q-m-mtj-12fnxd1-q-m-mtj-18fnxd1-q-m-midea\/","url":"https:\/\/geoclimate.ge\/fr\/produit\/multi-split-ac-indoor-unit-ducted-mtj-a7-multi-series-9-18-kbtu-mtj-fnxd1-q-mtj-09fnxd1-q-m-mtj-12fnxd1-q-m-mtj-18fnxd1-q-m-midea\/","name":"Climatiseur multi-split Unit\u00e9 int\u00e9rieure S\u00e9rie MTJ A7 Multi gainable 9 - 18 KBTU MTJ-**FNXD1-Q MTJ-09FNXD1-Q (M) MTJ-12FNXD1-Q (M) MTJ-18FNXD1-Q (M) MIDEA - GeoClimate.ge","isPartOf":{"@id":"https:\/\/geoclimate.ge\/#website"},"primaryImageOfPage":{"@id":"https:\/\/geoclimate.ge\/fr\/produit\/multi-split-ac-indoor-unit-ducted-mtj-a7-multi-series-9-18-kbtu-mtj-fnxd1-q-mtj-09fnxd1-q-m-mtj-12fnxd1-q-m-mtj-18fnxd1-q-m-midea\/#primaryimage"},"image":{"@id":"https:\/\/geoclimate.ge\/fr\/produit\/multi-split-ac-indoor-unit-ducted-mtj-a7-multi-series-9-18-kbtu-mtj-fnxd1-q-mtj-09fnxd1-q-m-mtj-12fnxd1-q-m-mtj-18fnxd1-q-m-midea\/#primaryimage"},"thumbnailUrl":"https:\/\/geoclimate.ge\/wp-content\/uploads\/2025\/10\/16_OG.webp","datePublished":"2025-10-25T17:59:16+00:00","dateModified":"2025-10-25T18:03:10+00:00","breadcrumb":{"@id":"https:\/\/geoclimate.ge\/fr\/produit\/multi-split-ac-indoor-unit-ducted-mtj-a7-multi-series-9-18-kbtu-mtj-fnxd1-q-mtj-09fnxd1-q-m-mtj-12fnxd1-q-m-mtj-18fnxd1-q-m-midea\/#breadcrumb"},"inLanguage":"fr-FR","potentialAction":[{"@type":"ReadAction","target":["https:\/\/geoclimate.ge\/fr\/produit\/multi-split-ac-indoor-unit-ducted-mtj-a7-multi-series-9-18-kbtu-mtj-fnxd1-q-mtj-09fnxd1-q-m-mtj-12fnxd1-q-m-mtj-18fnxd1-q-m-midea\/"]}]},{"@type":"ImageObject","inLanguage":"fr-FR","@id":"https:\/\/geoclimate.ge\/fr\/produit\/multi-split-ac-indoor-unit-ducted-mtj-a7-multi-series-9-18-kbtu-mtj-fnxd1-q-mtj-09fnxd1-q-m-mtj-12fnxd1-q-m-mtj-18fnxd1-q-m-midea\/#primaryimage","url":"https:\/\/geoclimate.ge\/wp-content\/uploads\/2025\/10\/16_OG.webp","contentUrl":"https:\/\/geoclimate.ge\/wp-content\/uploads\/2025\/10\/16_OG.webp","width":764,"height":430},{"@type":"BreadcrumbList","@id":"https:\/\/geoclimate.ge\/fr\/produit\/multi-split-ac-indoor-unit-ducted-mtj-a7-multi-series-9-18-kbtu-mtj-fnxd1-q-mtj-09fnxd1-q-m-mtj-12fnxd1-q-m-mtj-18fnxd1-q-m-midea\/#breadcrumb","itemListElement":[{"@type":"ListItem","position":1,"name":"Home","item":"https:\/\/geoclimate.ge\/fr\/"},{"@type":"ListItem","position":2,"name":"Products","item":"https:\/\/geoclimate.ge\/fr\/products\/"},{"@type":"ListItem","position":3,"name":"Climatiseur multi-split Unit\u00e9 int\u00e9rieure S\u00e9rie MTJ A7 Multi gainable 9 &#8211; 18 KBTU MTJ-**FNXD1-Q MTJ-09FNXD1-Q (M) MTJ-12FNXD1-Q (M) MTJ-18FNXD1-Q (M) MIDEA"}]},{"@type":"WebSite","@id":"https:\/\/geoclimate.ge\/#website","url":"https:\/\/geoclimate.ge\/","name":"GeoClimate","description":"","publisher":{"@id":"https:\/\/geoclimate.ge\/#organization"},"potentialAction":[{"@type":"SearchAction","target":{"@type":"EntryPoint","urlTemplate":"https:\/\/geoclimate.ge\/?s={search_term_string}"},"query-input":{"@type":"PropertyValueSpecification","valueRequired":true,"valueName":"search_term_string"}}],"inLanguage":"fr-FR"},{"@type":"Organization","@id":"https:\/\/geoclimate.ge\/#organization","name":"GeoClimate","url":"https:\/\/geoclimate.ge\/","logo":{"@type":"ImageObject","inLanguage":"fr-FR","@id":"https:\/\/geoclimate.ge\/#\/schema\/logo\/image\/","url":"https:\/\/geoclimate.ge\/wp-content\/uploads\/2026\/03\/geoclimate-SEO.png","contentUrl":"https:\/\/geoclimate.ge\/wp-content\/uploads\/2026\/03\/geoclimate-SEO.png","width":1536,"height":1024,"caption":"GeoClimate"},"image":{"@id":"https:\/\/geoclimate.ge\/#\/schema\/logo\/image\/"}}]}},"_links":{"self":[{"href":"https:\/\/geoclimate.ge\/fr\/wp-json\/wp\/v2\/product\/43441","targetHints":{"allow":["GET"]}}],"collection":[{"href":"https:\/\/geoclimate.ge\/fr\/wp-json\/wp\/v2\/product"}],"about":[{"href":"https:\/\/geoclimate.ge\/fr\/wp-json\/wp\/v2\/types\/product"}],"wp:featuredmedia":[{"embeddable":true,"href":"https:\/\/geoclimate.ge\/fr\/wp-json\/wp\/v2\/media\/43435"}],"wp:attachment":[{"href":"https:\/\/geoclimate.ge\/fr\/wp-json\/wp\/v2\/media?parent=43441"}],"wp:term":[{"taxonomy":"product_brand","embeddable":true,"href":"https:\/\/geoclimate.ge\/fr\/wp-json\/wp\/v2\/product_brand?post=43441"},{"taxonomy":"product_cat","embeddable":true,"href":"https:\/\/geoclimate.ge\/fr\/wp-json\/wp\/v2\/product_cat?post=43441"},{"taxonomy":"product_tag","embeddable":true,"href":"https:\/\/geoclimate.ge\/fr\/wp-json\/wp\/v2\/product_tag?post=43441"}],"curies":[{"name":"wp","href":"https:\/\/api.w.org\/{rel}","templated":true}]}}