{"id":43975,"date":"2026-01-15T23:18:10","date_gmt":"2026-01-15T19:18:10","guid":{"rendered":"https:\/\/airsystems.ge\/shop\/product\/electric-heater-tds-75\/"},"modified":"2026-01-15T23:35:02","modified_gmt":"2026-01-15T19:35:02","slug":"electric-heater-tds-75","status":"publish","type":"product","link":"https:\/\/geoclimate.ge\/fr\/produit\/electric-heater-tds-75\/","title":{"rendered":"Chauffage \u00e9lectrique TDS 75"},"content":{"rendered":"<p><strong>Description du produit<\/strong><br \/>\n5-10-15 au lieu de 08\/15 \u2013 Puissance de chauffage robuste \u00e0 trois niveaux jusqu&rsquo;\u00e0 15 kW !<\/p>\n<p>V\u00e9ritable concentr\u00e9 de puissance, le chauffage soufflant \u00e9lectrique TDS 75 excelle \u00e9galement dans les applications de chauffage de grands volumes. Une performance exclusive Trotec.<\/p>\n<p>Notre logo \u00e9tant appos\u00e9 en relief \u00e0 l&rsquo;ext\u00e9rieur, nous avons \u00e9galement int\u00e9gr\u00e9 des fonctionnalit\u00e9s uniques qui font toute la diff\u00e9rence par rapport aux chauffages soufflants \u00e9lectriques classiques.<\/p>\n<p>Outre des caract\u00e9ristiques classiques telles qu&rsquo;un moteur de ventilateur dot\u00e9 d&rsquo;une protection thermique ou d&rsquo;une protection fiable contre la surchauffe, le radiateur soufflant \u00e9lectrique TDS 75 est \u00e9galement \u00e9quip\u00e9 d&rsquo;\u00e9l\u00e9ments pratiques, comme un d\u00e9flecteur d&rsquo;air int\u00e9gr\u00e9 qui dirige de mani\u00e8re optimale le flux d&rsquo;air chaud vers l&rsquo;ext\u00e9rieur et assure une efficacit\u00e9 maximale, ou encore des poign\u00e9es de transport trap\u00e9zo\u00efdales permettant d&#8217;empiler plusieurs radiateurs soufflants en toute s\u00e9curit\u00e9.<\/p>\n<p>Bien entendu, un thermostat est \u00e9galement inclus de s\u00e9rie, permettant un r\u00e9glage pr\u00e9cis et continu de la temp\u00e9rature de l&rsquo;air chaud produit.<\/p>\n<p>Ce radiateur soufflant \u00e9lectrique exclusif Trotec se distingue non seulement par son logo en relief, mais aussi par ses deux pas de vis lat\u00e9raux. Ces derniers permettent la fixation de supports muraux et de plafond (vendus s\u00e9par\u00e9ment), offrant ainsi une grande flexibilit\u00e9 d&rsquo;installation, que ce soit au sol, au mur ou au plafond. Il est id\u00e9al pour diverses applications de chauffage dans l&rsquo;industrie et le b\u00e2timent.<\/p>\n<p><strong>Caract\u00e9ristiques sp\u00e9ciales :<\/strong><\/p>\n<p>Pr\u00e9paration pour montage mural ou plafond<br \/>\nEmpilage stable et compact<br \/>\nD\u00e9flecteur d&rsquo;air inclus<br \/>\nCommandes encastr\u00e9es<br \/>\nAvantages pratiques :<\/p>\n<p>100 % TROTEC \u2013 d\u00e9veloppement, conception, fabrication<\/p>\n<p>R\u00e9glage de la temp\u00e9rature sur trois niveaux de chauffage<\/p>\n<p>Thermostat int\u00e9gr\u00e9 pour un flux d&rsquo;air chaud constant<br \/>\nFonction ventilation<\/p>\n<p>Protection contre la surchauffe<br \/>\nProtection anti-basculement<br \/>\nIndice de protection : IP24<br \/>\nMoteur du ventilateur avec protection thermique<br \/>\nFonction de refroidissement continu du ventilateur<br \/>\nChaleur sans condensation \u2013 aucune consommation d&rsquo;oxyg\u00e8ne \u2013 id\u00e9al pour le chauffage int\u00e9rieur<br \/>\nMontage mural ou plafond possible \u2013 support disponible en option<br \/>\nD\u00e9flecteur d&rsquo;air int\u00e9gr\u00e9 de s\u00e9rie pour une diffusion optimale de la chaleur (efficacit\u00e9 maximale garantie)<br \/>\nEmpilage compact<br \/>\nDomaines d&rsquo;application :<\/p>\n<p>Conteneurs de chantier<br \/>\nGarages<br \/>\nRestaurants<br \/>\nSerres<br \/>\nMarch\u00e9s<br \/>\nEntrep\u00f4ts et ateliers<br \/>\nHalls \u00e0 bateaux<br \/>\nAteliers<br \/>\nConstruction navale<br \/>\net bien d&rsquo;autres\u2026<\/p>\n<div class=\"flex justify-end items-end md:justify-between mt-10 mb-5 md:mt-0 md:mb-8 font-bold\">\n<h2 class=\"hidden md:block text-heading-xs md:text-heading-2xl font-bold\">Technical data<\/h2>\n<div class=\"flex justify-center items-end cursor-pointer mb-1\"><span class=\"mb-1 text-mdm md:text-1.5xl md:leading-5\">Collapse all<\/span><\/div>\n<\/div>\n<div class=\"product-data-content-tab\">\n<div class=\"table-overflow-wrapper\">\n<table class=\"tech main-data\" cellspacing=\"0\" cellpadding=\"0\">\n<thead><\/thead>\n<tbody>\n<tr class=\"headerrow\">\n<th colspan=\"2\">Master Data<\/th>\n<\/tr>\n<tr class=\"even\">\n<th>item number<\/th>\n<td>1410000025<\/td>\n<\/tr>\n<tr class=\"odd\">\n<th>Length without packaging [mm]<\/th>\n<td>332 mm<\/td>\n<\/tr>\n<tr class=\"even\">\n<th>Length with packaging [mm]<\/th>\n<td>370 mm<\/td>\n<\/tr>\n<tr class=\"odd\">\n<th>Width without packaging [mm]<\/th>\n<td>405 mm<\/td>\n<\/tr>\n<tr class=\"even\">\n<th>Width with packaging [mm]<\/th>\n<td>420 mm<\/td>\n<\/tr>\n<tr class=\"odd\">\n<th>Height without packaging [mm]<\/th>\n<td>540 mm<\/td>\n<\/tr>\n<tr class=\"even\">\n<th>Height with packaging [mm]<\/th>\n<td>560 mm<\/td>\n<\/tr>\n<tr class=\"odd\">\n<th>Weight without packaging [kg]<\/th>\n<td>15 kg<\/td>\n<\/tr>\n<tr class=\"even\">\n<th>Weight including packaging [kg]<\/th>\n<td>16 kg<\/td>\n<\/tr>\n<tr class=\"headerrow\">\n<th colspan=\"2\">Product information<\/th>\n<\/tr>\n<tr class=\"odd\">\n<th>Maximum stacking height<\/th>\n<td>3<\/td>\n<\/tr>\n<tr class=\"headerrow\">\n<th colspan=\"2\">Technical data<\/th>\n<\/tr>\n<tr class=\"even\">\n<th>fan speeds<\/th>\n<td>1<\/td>\n<\/tr>\n<tr class=\"odd\">\n<th>heating element<\/th>\n<td>stainless steel heating coil<\/td>\n<\/tr>\n<tr class=\"headerrow\">\n<th colspan=\"2\">Energy<\/th>\n<\/tr>\n<tr class=\"even\">\n<th>Nominal current consumption A<\/th>\n<td>21.7<\/td>\n<\/tr>\n<tr class=\"odd\">\n<th>Power supply and frequency<\/th>\n<td>400 V, 50 Hz<\/td>\n<\/tr>\n<tr class=\"even\">\n<th>power consumption<\/th>\n<td>15 kW<\/td>\n<\/tr>\n<tr class=\"odd\">\n<th>Recommended protection [A]<\/th>\n<td>32 A<\/td>\n<\/tr>\n<\/tbody>\n<\/table>\n<\/div>\n<div class=\"table-overflow-wrapper\">\n<table class=\"tech multi-select-data\" cellspacing=\"0\" cellpadding=\"0\">\n<thead>\n<tr class=\"headerrow\">\n<th>storage life<\/th>\n<\/tr>\n<\/thead>\n<tbody>\n<tr>\n<th>stackable<\/th>\n<\/tr>\n<\/tbody>\n<\/table>\n<\/div>\n<div class=\"table-overflow-wrapper\">\n<table class=\"tech multi-select-data\" cellspacing=\"0\" cellpadding=\"0\">\n<thead>\n<tr class=\"headerrow\">\n<th>fan type<\/th>\n<\/tr>\n<\/thead>\n<tbody>\n<tr>\n<th>axial<\/th>\n<\/tr>\n<\/tbody>\n<\/table>\n<\/div>\n<div class=\"table-overflow-wrapper\">\n<table class=\"tech multi-select-data\" cellspacing=\"0\" cellpadding=\"0\">\n<thead>\n<tr class=\"headerrow\">\n<th>Features and equipment<\/th>\n<\/tr>\n<\/thead>\n<tbody>\n<tr>\n<th>Auto restart function<\/th>\n<\/tr>\n<tr>\n<th>Fan delay function<\/th>\n<\/tr>\n<tr>\n<th>anti-tip device<\/th>\n<\/tr>\n<\/tbody>\n<\/table>\n<\/div>\n<div class=\"table-overflow-wrapper\">\n<table class=\"tech multi-select-data\" cellspacing=\"0\" cellpadding=\"0\">\n<thead>\n<tr class=\"headerrow\">\n<th>operating principle<\/th>\n<\/tr>\n<\/thead>\n<tbody>\n<tr>\n<th>electrical<\/th>\n<\/tr>\n<\/tbody>\n<\/table>\n<\/div>\n<div class=\"table-overflow-wrapper\">\n<table class=\"tech multi-select-data\" cellspacing=\"0\" cellpadding=\"0\">\n<thead>\n<tr class=\"headerrow\">\n<th>housing design<\/th>\n<\/tr>\n<\/thead>\n<tbody>\n<tr>\n<th>metal<\/th>\n<\/tr>\n<\/tbody>\n<\/table>\n<\/div>\n<div class=\"table-overflow-wrapper\">\n<table class=\"tech entity-data\" cellspacing=\"0\" cellpadding=\"0\">\n<thead>\n<tr class=\"headerrow\">\n<th colspan=\"2\">connector plug<\/th>\n<\/tr>\n<\/thead>\n<tbody>\n<tr>\n<th>Designation<\/th>\n<td><\/td>\n<\/tr>\n<\/tbody>\n<\/table>\n<\/div>\n<div class=\"table-overflow-wrapper\">\n<table class=\"tech entity-data\" cellspacing=\"0\" cellpadding=\"0\">\n<thead>\n<tr class=\"headerrow\">\n<th colspan=\"2\">IP Protection Rating<\/th>\n<\/tr>\n<\/thead>\n<tbody>\n<tr>\n<th>Label<\/th>\n<td><\/td>\n<\/tr>\n<tr>\n<th>Protection towards contact<\/th>\n<td><\/td>\n<\/tr>\n<tr>\n<th>Protection towards water<\/th>\n<td><\/td>\n<\/tr>\n<tr>\n<th>Protection towards foreign matter<\/th>\n<td><\/td>\n<\/tr>\n<\/tbody>\n<\/table>\n<\/div>\n<div class=\"table-overflow-wrapper\">\n<table class=\"tech table-data\" cellspacing=\"0\" cellpadding=\"0\">\n<thead>\n<tr class=\"headerrow\">\n<th colspan=\"3\">Air volume<\/th>\n<\/tr>\n<tr>\n<th>Level\/application<\/th>\n<th>Air volume [m\u00b3\/h]<\/th>\n<th>Air volulme type<\/th>\n<\/tr>\n<\/thead>\n<tbody>\n<tr>\n<td><\/td>\n<td>1293<\/td>\n<td><\/td>\n<\/tr>\n<\/tbody>\n<\/table>\n<\/div>\n<div class=\"table-overflow-wrapper\">\n<table class=\"tech table-data\" cellspacing=\"0\" cellpadding=\"0\">\n<thead>\n<tr class=\"headerrow\">\n<th colspan=\"4\">heating_capacity<\/th>\n<\/tr>\n<tr>\n<th>Level\/application<\/th>\n<th>Heating capacity [kW]<\/th>\n<th>Heating capacity [kcal]<\/th>\n<th>Function<\/th>\n<\/tr>\n<\/thead>\n<tbody>\n<tr>\n<td>1<\/td>\n<td>0<\/td>\n<td><\/td>\n<td><\/td>\n<\/tr>\n<tr>\n<td>2<\/td>\n<td>5<\/td>\n<td><\/td>\n<td><\/td>\n<\/tr>\n<tr>\n<td>3<\/td>\n<td>10<\/td>\n<td><\/td>\n<td><\/td>\n<\/tr>\n<tr>\n<td>4<\/td>\n<td>15<\/td>\n<td><\/td>\n<td><\/td>\n<\/tr>\n<tr>\n<td>Max.<\/td>\n<td>15<\/td>\n<td>12900<\/td>\n<td><\/td>\n<\/tr>\n<\/tbody>\n<\/table>\n<\/div>\n<div class=\"table-overflow-wrapper\">\n<table class=\"tech table-data\" cellspacing=\"0\" cellpadding=\"0\">\n<thead>\n<tr class=\"headerrow\">\n<th colspan=\"3\">temperature_increase<\/th>\n<\/tr>\n<tr>\n<th>Level<\/th>\n<th>Distance [m]<\/th>\n<th>Temperature increase [\u00b0C]<\/th>\n<\/tr>\n<\/thead>\n<tbody>\n<tr>\n<td>Max.<\/td>\n<td><\/td>\n<td>90.5<\/td>\n<\/tr>\n<\/tbody>\n<\/table>\n<\/div>\n<div class=\"table-overflow-wrapper\">\n<table class=\"tech table-data\" cellspacing=\"0\" cellpadding=\"0\">\n<thead>\n<tr class=\"headerrow\">\n<th colspan=\"4\">Sound level<\/th>\n<\/tr>\n<tr>\n<th>Distance [m]<\/th>\n<th>Level\/application<\/th>\n<th>Sound level [dB(A)]<\/th>\n<\/tr>\n<\/thead>\n<tbody>\n<tr>\n<td>1<\/td>\n<td><\/td>\n<td>60<\/td>\n<\/tr>\n<\/tbody>\n<\/table>\n<\/div>\n<p><a class=\"content-tab-shop-image\" href=\"https:\/\/uk.trotec.com\/fileadmin\/downloads\/Beheizung\/tds75-100-120\/TRT-BA-TDS-75-TDS-100-TDS-120-TC-013-EN.pdf\" target=\"_blank\" rel=\"noopener\"><img loading=\"lazy\" decoding=\"async\" src=\"https:\/\/uk.trotec.com\/images\/tx-downloads-c4a1.gif\" alt=\"\" width=\"130\" height=\"184\" \/><\/a><\/p>\n<div class=\"content-tab-shop-text\">\n<h2><\/h2>\n<p class=\"bodytext\">TRT-BA-TDS-75-TDS-100-TDS-120-TC-013-EN.pdf\u00a0(2.49 MB)<\/p>\n<p class=\"bodytext\"><a class=\"buy buy-left\" href=\"https:\/\/uk.trotec.com\/fileadmin\/downloads\/Beheizung\/tds75-100-120\/TRT-BA-TDS-75-TDS-100-TDS-120-TC-013-EN.pdf\" target=\"_blank\" rel=\"noopener\">Download<\/a><\/p>\n<\/div>\n<\/div>\n","protected":false},"excerpt":{"rendered":"<div class=\"font-bold\">\n<p>D\u00e9bit d&rsquo;air : 1293 m\u00b3\/h Puissance de chauffage : 15 kW Niveau de pression acoustique : 60 dB(A)<\/p>\n<p>Fonction de red\u00e9marrage automatique<br \/>\nFonction de refroidissement des composants par le ventilateur<br \/>\nProtection anti-basculement<br \/>\nIndice de protection IP24<br \/>\nD\u00e9flecteur d&rsquo;air pour une dissipation thermique optimale<\/p>\n<\/div>\n","protected":false},"featured_media":43969,"template":"","meta":[],"product_brand":[],"product_cat":[2018],"product_tag":[],"class_list":{"0":"post-43975","1":"product","2":"type-product","3":"status-publish","4":"has-post-thumbnail","6":"product_cat-chauffage-electrique-fr","8":"first","9":"instock","10":"shipping-taxable","11":"purchasable","12":"product-type-simple"},"yoast_head":"<!-- This site is optimized with the Yoast SEO plugin v27.1.1 - https:\/\/yoast.com\/product\/yoast-seo-wordpress\/ -->\n<title>Chauffage \u00e9lectrique TDS 75 - GeoClimate.ge<\/title>\n<meta name=\"robots\" content=\"index, follow, max-snippet:-1, max-image-preview:large, max-video-preview:-1\" \/>\n<link rel=\"canonical\" href=\"https:\/\/geoclimate.ge\/fr\/produit\/electric-heater-tds-75\/\" \/>\n<meta property=\"og:locale\" content=\"fr_FR\" \/>\n<meta property=\"og:type\" content=\"article\" \/>\n<meta property=\"og:title\" content=\"Chauffage \u00e9lectrique TDS 75 - GeoClimate.ge\" \/>\n<meta property=\"og:description\" content=\"D\u00e9bit d&#039;air : 1293 m\u00b3\/h Puissance de chauffage : 15 kW Niveau de pression acoustique : 60 dB(A)  Fonction de red\u00e9marrage automatique Fonction de refroidissement des composants par le ventilateur Protection anti-basculement Indice de protection IP24 D\u00e9flecteur d&#039;air pour une dissipation thermique optimale\" \/>\n<meta property=\"og:url\" content=\"https:\/\/geoclimate.ge\/fr\/produit\/electric-heater-tds-75\/\" \/>\n<meta property=\"og:site_name\" content=\"GeoClimate.ge\" \/>\n<meta property=\"article:modified_time\" content=\"2026-01-15T19:35:02+00:00\" \/>\n<meta property=\"og:image\" content=\"https:\/\/geoclimate.ge\/wp-content\/uploads\/2026\/01\/tds-75-5b76.jpg\" \/>\n\t<meta property=\"og:image:width\" content=\"600\" \/>\n\t<meta property=\"og:image:height\" content=\"600\" \/>\n\t<meta property=\"og:image:type\" content=\"image\/jpeg\" \/>\n<meta name=\"twitter:card\" content=\"summary_large_image\" \/>\n<meta name=\"twitter:label1\" content=\"Dur\u00e9e de lecture estim\u00e9e\" \/>\n\t<meta name=\"twitter:data1\" content=\"3 minutes\" \/>\n<script type=\"application\/ld+json\" class=\"yoast-schema-graph\">{\"@context\":\"https:\/\/schema.org\",\"@graph\":[{\"@type\":\"WebPage\",\"@id\":\"https:\/\/geoclimate.ge\/fr\/produit\/electric-heater-tds-75\/\",\"url\":\"https:\/\/geoclimate.ge\/fr\/produit\/electric-heater-tds-75\/\",\"name\":\"Chauffage \u00e9lectrique TDS 75 - GeoClimate.ge\",\"isPartOf\":{\"@id\":\"https:\/\/geoclimate.ge\/#website\"},\"primaryImageOfPage\":{\"@id\":\"https:\/\/geoclimate.ge\/fr\/produit\/electric-heater-tds-75\/#primaryimage\"},\"image\":{\"@id\":\"https:\/\/geoclimate.ge\/fr\/produit\/electric-heater-tds-75\/#primaryimage\"},\"thumbnailUrl\":\"https:\/\/geoclimate.ge\/wp-content\/uploads\/2026\/01\/tds-75-5b76.jpg\",\"datePublished\":\"2026-01-15T19:18:10+00:00\",\"dateModified\":\"2026-01-15T19:35:02+00:00\",\"breadcrumb\":{\"@id\":\"https:\/\/geoclimate.ge\/fr\/produit\/electric-heater-tds-75\/#breadcrumb\"},\"inLanguage\":\"fr-FR\",\"potentialAction\":[{\"@type\":\"ReadAction\",\"target\":[\"https:\/\/geoclimate.ge\/fr\/produit\/electric-heater-tds-75\/\"]}]},{\"@type\":\"ImageObject\",\"inLanguage\":\"fr-FR\",\"@id\":\"https:\/\/geoclimate.ge\/fr\/produit\/electric-heater-tds-75\/#primaryimage\",\"url\":\"https:\/\/geoclimate.ge\/wp-content\/uploads\/2026\/01\/tds-75-5b76.jpg\",\"contentUrl\":\"https:\/\/geoclimate.ge\/wp-content\/uploads\/2026\/01\/tds-75-5b76.jpg\",\"width\":600,\"height\":600},{\"@type\":\"BreadcrumbList\",\"@id\":\"https:\/\/geoclimate.ge\/fr\/produit\/electric-heater-tds-75\/#breadcrumb\",\"itemListElement\":[{\"@type\":\"ListItem\",\"position\":1,\"name\":\"Home\",\"item\":\"https:\/\/geoclimate.ge\/fr\/\"},{\"@type\":\"ListItem\",\"position\":2,\"name\":\"Products\",\"item\":\"https:\/\/geoclimate.ge\/fr\/products\/\"},{\"@type\":\"ListItem\",\"position\":3,\"name\":\"Chauffage \u00e9lectrique TDS 75\"}]},{\"@type\":\"WebSite\",\"@id\":\"https:\/\/geoclimate.ge\/#website\",\"url\":\"https:\/\/geoclimate.ge\/\",\"name\":\"GeoClimate\",\"description\":\"\",\"publisher\":{\"@id\":\"https:\/\/geoclimate.ge\/#organization\"},\"potentialAction\":[{\"@type\":\"SearchAction\",\"target\":{\"@type\":\"EntryPoint\",\"urlTemplate\":\"https:\/\/geoclimate.ge\/?s={search_term_string}\"},\"query-input\":{\"@type\":\"PropertyValueSpecification\",\"valueRequired\":true,\"valueName\":\"search_term_string\"}}],\"inLanguage\":\"fr-FR\"},{\"@type\":\"Organization\",\"@id\":\"https:\/\/geoclimate.ge\/#organization\",\"name\":\"GeoClimate\",\"url\":\"https:\/\/geoclimate.ge\/\",\"logo\":{\"@type\":\"ImageObject\",\"inLanguage\":\"fr-FR\",\"@id\":\"https:\/\/geoclimate.ge\/#\/schema\/logo\/image\/\",\"url\":\"https:\/\/geoclimate.ge\/wp-content\/uploads\/2026\/03\/geoclimate-SEO.png\",\"contentUrl\":\"https:\/\/geoclimate.ge\/wp-content\/uploads\/2026\/03\/geoclimate-SEO.png\",\"width\":1536,\"height\":1024,\"caption\":\"GeoClimate\"},\"image\":{\"@id\":\"https:\/\/geoclimate.ge\/#\/schema\/logo\/image\/\"}}]}<\/script>\n<!-- \/ Yoast SEO plugin. -->","yoast_head_json":{"title":"Chauffage \u00e9lectrique TDS 75 - GeoClimate.ge","robots":{"index":"index","follow":"follow","max-snippet":"max-snippet:-1","max-image-preview":"max-image-preview:large","max-video-preview":"max-video-preview:-1"},"canonical":"https:\/\/geoclimate.ge\/fr\/produit\/electric-heater-tds-75\/","og_locale":"fr_FR","og_type":"article","og_title":"Chauffage \u00e9lectrique TDS 75 - GeoClimate.ge","og_description":"D\u00e9bit d'air : 1293 m\u00b3\/h Puissance de chauffage : 15 kW Niveau de pression acoustique : 60 dB(A)  Fonction de red\u00e9marrage automatique Fonction de refroidissement des composants par le ventilateur Protection anti-basculement Indice de protection IP24 D\u00e9flecteur d'air pour une dissipation thermique optimale","og_url":"https:\/\/geoclimate.ge\/fr\/produit\/electric-heater-tds-75\/","og_site_name":"GeoClimate.ge","article_modified_time":"2026-01-15T19:35:02+00:00","og_image":[{"width":600,"height":600,"url":"https:\/\/geoclimate.ge\/wp-content\/uploads\/2026\/01\/tds-75-5b76.jpg","type":"image\/jpeg"}],"twitter_card":"summary_large_image","twitter_misc":{"Dur\u00e9e de lecture estim\u00e9e":"3 minutes"},"schema":{"@context":"https:\/\/schema.org","@graph":[{"@type":"WebPage","@id":"https:\/\/geoclimate.ge\/fr\/produit\/electric-heater-tds-75\/","url":"https:\/\/geoclimate.ge\/fr\/produit\/electric-heater-tds-75\/","name":"Chauffage \u00e9lectrique TDS 75 - GeoClimate.ge","isPartOf":{"@id":"https:\/\/geoclimate.ge\/#website"},"primaryImageOfPage":{"@id":"https:\/\/geoclimate.ge\/fr\/produit\/electric-heater-tds-75\/#primaryimage"},"image":{"@id":"https:\/\/geoclimate.ge\/fr\/produit\/electric-heater-tds-75\/#primaryimage"},"thumbnailUrl":"https:\/\/geoclimate.ge\/wp-content\/uploads\/2026\/01\/tds-75-5b76.jpg","datePublished":"2026-01-15T19:18:10+00:00","dateModified":"2026-01-15T19:35:02+00:00","breadcrumb":{"@id":"https:\/\/geoclimate.ge\/fr\/produit\/electric-heater-tds-75\/#breadcrumb"},"inLanguage":"fr-FR","potentialAction":[{"@type":"ReadAction","target":["https:\/\/geoclimate.ge\/fr\/produit\/electric-heater-tds-75\/"]}]},{"@type":"ImageObject","inLanguage":"fr-FR","@id":"https:\/\/geoclimate.ge\/fr\/produit\/electric-heater-tds-75\/#primaryimage","url":"https:\/\/geoclimate.ge\/wp-content\/uploads\/2026\/01\/tds-75-5b76.jpg","contentUrl":"https:\/\/geoclimate.ge\/wp-content\/uploads\/2026\/01\/tds-75-5b76.jpg","width":600,"height":600},{"@type":"BreadcrumbList","@id":"https:\/\/geoclimate.ge\/fr\/produit\/electric-heater-tds-75\/#breadcrumb","itemListElement":[{"@type":"ListItem","position":1,"name":"Home","item":"https:\/\/geoclimate.ge\/fr\/"},{"@type":"ListItem","position":2,"name":"Products","item":"https:\/\/geoclimate.ge\/fr\/products\/"},{"@type":"ListItem","position":3,"name":"Chauffage \u00e9lectrique TDS 75"}]},{"@type":"WebSite","@id":"https:\/\/geoclimate.ge\/#website","url":"https:\/\/geoclimate.ge\/","name":"GeoClimate","description":"","publisher":{"@id":"https:\/\/geoclimate.ge\/#organization"},"potentialAction":[{"@type":"SearchAction","target":{"@type":"EntryPoint","urlTemplate":"https:\/\/geoclimate.ge\/?s={search_term_string}"},"query-input":{"@type":"PropertyValueSpecification","valueRequired":true,"valueName":"search_term_string"}}],"inLanguage":"fr-FR"},{"@type":"Organization","@id":"https:\/\/geoclimate.ge\/#organization","name":"GeoClimate","url":"https:\/\/geoclimate.ge\/","logo":{"@type":"ImageObject","inLanguage":"fr-FR","@id":"https:\/\/geoclimate.ge\/#\/schema\/logo\/image\/","url":"https:\/\/geoclimate.ge\/wp-content\/uploads\/2026\/03\/geoclimate-SEO.png","contentUrl":"https:\/\/geoclimate.ge\/wp-content\/uploads\/2026\/03\/geoclimate-SEO.png","width":1536,"height":1024,"caption":"GeoClimate"},"image":{"@id":"https:\/\/geoclimate.ge\/#\/schema\/logo\/image\/"}}]}},"_links":{"self":[{"href":"https:\/\/geoclimate.ge\/fr\/wp-json\/wp\/v2\/product\/43975","targetHints":{"allow":["GET"]}}],"collection":[{"href":"https:\/\/geoclimate.ge\/fr\/wp-json\/wp\/v2\/product"}],"about":[{"href":"https:\/\/geoclimate.ge\/fr\/wp-json\/wp\/v2\/types\/product"}],"wp:featuredmedia":[{"embeddable":true,"href":"https:\/\/geoclimate.ge\/fr\/wp-json\/wp\/v2\/media\/43969"}],"wp:attachment":[{"href":"https:\/\/geoclimate.ge\/fr\/wp-json\/wp\/v2\/media?parent=43975"}],"wp:term":[{"taxonomy":"product_brand","embeddable":true,"href":"https:\/\/geoclimate.ge\/fr\/wp-json\/wp\/v2\/product_brand?post=43975"},{"taxonomy":"product_cat","embeddable":true,"href":"https:\/\/geoclimate.ge\/fr\/wp-json\/wp\/v2\/product_cat?post=43975"},{"taxonomy":"product_tag","embeddable":true,"href":"https:\/\/geoclimate.ge\/fr\/wp-json\/wp\/v2\/product_tag?post=43975"}],"curies":[{"name":"wp","href":"https:\/\/api.w.org\/{rel}","templated":true}]}}